{"id":50413,"date":"2025-05-16T11:55:41","date_gmt":"2025-05-16T08:55:41","guid":{"rendered":"https:\/\/test.micasa.lv\/?post_type=product&#038;p=50413"},"modified":"2025-06-13T10:45:52","modified_gmt":"2025-06-13T07:45:52","slug":"tamponu-un-higienisko-salvesu-dozators-nerusejosa-terauda-melns","status":"publish","type":"product","link":"https:\/\/micasa.lv\/lv\/tamponu-un-higienisko-salvesu-dozators-nerusejosa-terauda-melns\/","title":{"rendered":"Tamponu un higi\u0113nisko salve\u0161u dozators, ner\u016bs\u0113jo\u0161\u0101 t\u0113rauda, melns"},"content":{"rendered":"<p>Ner\u016bs\u0113jo\u0161\u0101 t\u0113rauda tualetes piederumu papl\u0101te \u013cauj tamponus un higi\u0113nisk\u0101s paketes br\u012bvi lietot ikvienam, kam t\u0101s nepiecie\u0161amas. Ide\u0101ls risin\u0101jums skol\u0101m, uz\u0146\u0113mumiem un sabiedrisk\u0101m viet\u0101m. Katr\u0101 papl\u0101t\u0113 ietilpst 25\u201330 atsevi\u0161\u0137i paketes un 100 standarta izm\u0113ra tamponi. \u0160auri caurumi papl\u0101tes s\u0101nos \u013cauj viegli redz\u0113t, vai saturs ir j\u0101uzpilda. Lai uzpild\u012btu, vienk\u0101r\u0161i atblo\u0137\u0113jiet papl\u0101ti ar atsl\u0113gu, izvelciet to un uzpildiet saturu.<\/p>\n","protected":false},"excerpt":{"rendered":"<p>Ner\u016bs\u0113jo\u0161\u0101 t\u0113rauda tualetes piederumu papl\u0101te \u013cauj tamponus un higi\u0113nisk\u0101s paketes br\u012bvi lietot ikvienam, kam t\u0101s nepiecie\u0161amas. Ide\u0101ls risin\u0101jums skol\u0101m, uz\u0146\u0113mumiem<\/p>\n","protected":false},"featured_media":49197,"template":"","meta":[],"product_brand":[],"product_cat":[1863,1528],"product_tag":[],"class_list":{"0":"post-50413","1":"product","2":"type-product","3":"status-publish","4":"has-post-thumbnail","6":"product_cat-tamponu-dozatori","7":"product_cat-vannas-istabas-aksesuari","8":"pa_brand-bemeta-lv","10":"first","11":"instock","12":"taxable","13":"shipping-taxable","14":"purchasable","15":"product-type-simple"},"yoast_head":"<!-- This site is optimized with the Yoast SEO plugin v27.4 - https:\/\/yoast.com\/product\/yoast-seo-wordpress\/ -->\n<title>Tamponu un higi\u0113nisko salve\u0161u dozators, ner\u016bs\u0113jo\u0161\u0101 t\u0113rauda, melns - Micasa<\/title>\n<meta name=\"robots\" content=\"index, follow, max-snippet:-1, max-image-preview:large, max-video-preview:-1\" \/>\n<link rel=\"canonical\" href=\"https:\/\/micasa.lv\/lv\/tamponu-un-higienisko-salvesu-dozators-nerusejosa-terauda-melns\/\" \/>\n<meta property=\"og:locale\" content=\"lv_LV\" \/>\n<meta property=\"og:type\" content=\"article\" \/>\n<meta property=\"og:title\" content=\"Tamponu un higi\u0113nisko salve\u0161u dozators, ner\u016bs\u0113jo\u0161\u0101 t\u0113rauda, melns - Micasa\" \/>\n<meta property=\"og:description\" content=\"Ner\u016bs\u0113jo\u0161\u0101 t\u0113rauda tualetes piederumu papl\u0101te \u013cauj tamponus un higi\u0113nisk\u0101s paketes br\u012bvi lietot ikvienam, kam t\u0101s nepiecie\u0161amas. Ide\u0101ls risin\u0101jums skol\u0101m, uz\u0146\u0113mumiem\" \/>\n<meta property=\"og:url\" content=\"https:\/\/micasa.lv\/lv\/tamponu-un-higienisko-salvesu-dozators-nerusejosa-terauda-melns\/\" \/>\n<meta property=\"og:site_name\" content=\"Micasa\" \/>\n<meta property=\"article:modified_time\" content=\"2025-06-13T07:45:52+00:00\" \/>\n<meta property=\"og:image\" content=\"https:\/\/micasa.lv\/wp-content\/uploads\/2025\/05\/7f67c54e763deae1f73e773e51c01ed6_101403276-velky.jpg\" \/>\n\t<meta property=\"og:image:width\" content=\"600\" \/>\n\t<meta property=\"og:image:height\" content=\"600\" \/>\n\t<meta property=\"og:image:type\" content=\"image\/jpeg\" \/>\n<meta name=\"twitter:card\" content=\"summary_large_image\" \/>\n<script type=\"application\/ld+json\" class=\"yoast-schema-graph\">{\"@context\":\"https:\\\/\\\/schema.org\",\"@graph\":[{\"@type\":\"WebPage\",\"@id\":\"https:\\\/\\\/micasa.lv\\\/lv\\\/tamponu-un-higienisko-salvesu-dozators-nerusejosa-terauda-melns\\\/\",\"url\":\"https:\\\/\\\/micasa.lv\\\/lv\\\/tamponu-un-higienisko-salvesu-dozators-nerusejosa-terauda-melns\\\/\",\"name\":\"Tamponu un higi\u0113nisko salve\u0161u dozators, ner\u016bs\u0113jo\u0161\u0101 t\u0113rauda, melns - Micasa\",\"isPartOf\":{\"@id\":\"https:\\\/\\\/micasa.lv\\\/lv\\\/#website\"},\"primaryImageOfPage\":{\"@id\":\"https:\\\/\\\/micasa.lv\\\/lv\\\/tamponu-un-higienisko-salvesu-dozators-nerusejosa-terauda-melns\\\/#primaryimage\"},\"image\":{\"@id\":\"https:\\\/\\\/micasa.lv\\\/lv\\\/tamponu-un-higienisko-salvesu-dozators-nerusejosa-terauda-melns\\\/#primaryimage\"},\"thumbnailUrl\":\"https:\\\/\\\/micasa.lv\\\/wp-content\\\/uploads\\\/2025\\\/05\\\/7f67c54e763deae1f73e773e51c01ed6_101403276-velky.jpg\",\"datePublished\":\"2025-05-16T08:55:41+00:00\",\"dateModified\":\"2025-06-13T07:45:52+00:00\",\"breadcrumb\":{\"@id\":\"https:\\\/\\\/micasa.lv\\\/lv\\\/tamponu-un-higienisko-salvesu-dozators-nerusejosa-terauda-melns\\\/#breadcrumb\"},\"inLanguage\":\"lv-LV\",\"potentialAction\":[{\"@type\":\"ReadAction\",\"target\":[\"https:\\\/\\\/micasa.lv\\\/lv\\\/tamponu-un-higienisko-salvesu-dozators-nerusejosa-terauda-melns\\\/\"]}]},{\"@type\":\"ImageObject\",\"inLanguage\":\"lv-LV\",\"@id\":\"https:\\\/\\\/micasa.lv\\\/lv\\\/tamponu-un-higienisko-salvesu-dozators-nerusejosa-terauda-melns\\\/#primaryimage\",\"url\":\"https:\\\/\\\/micasa.lv\\\/wp-content\\\/uploads\\\/2025\\\/05\\\/7f67c54e763deae1f73e773e51c01ed6_101403276-velky.jpg\",\"contentUrl\":\"https:\\\/\\\/micasa.lv\\\/wp-content\\\/uploads\\\/2025\\\/05\\\/7f67c54e763deae1f73e773e51c01ed6_101403276-velky.jpg\",\"width\":600,\"height\":600},{\"@type\":\"BreadcrumbList\",\"@id\":\"https:\\\/\\\/micasa.lv\\\/lv\\\/tamponu-un-higienisko-salvesu-dozators-nerusejosa-terauda-melns\\\/#breadcrumb\",\"itemListElement\":[{\"@type\":\"ListItem\",\"position\":1,\"name\":\"S\u0101kums\",\"item\":\"https:\\\/\\\/micasa.lv\\\/lv\\\/micasa\\\/\"},{\"@type\":\"ListItem\",\"position\":2,\"name\":\"Shop\",\"item\":\"https:\\\/\\\/micasa.lv\\\/lv\\\/shop\\\/\"},{\"@type\":\"ListItem\",\"position\":3,\"name\":\"Tamponu un higi\u0113nisko salve\u0161u dozators, ner\u016bs\u0113jo\u0161\u0101 t\u0113rauda, melns\"}]},{\"@type\":\"WebSite\",\"@id\":\"https:\\\/\\\/micasa.lv\\\/lv\\\/#website\",\"url\":\"https:\\\/\\\/micasa.lv\\\/lv\\\/\",\"name\":\"Micasa\",\"description\":\"\",\"potentialAction\":[{\"@type\":\"SearchAction\",\"target\":{\"@type\":\"EntryPoint\",\"urlTemplate\":\"https:\\\/\\\/micasa.lv\\\/lv\\\/?s={search_term_string}\"},\"query-input\":{\"@type\":\"PropertyValueSpecification\",\"valueRequired\":true,\"valueName\":\"search_term_string\"}}],\"inLanguage\":\"lv-LV\"}]}<\/script>\n<!-- \/ Yoast SEO plugin. -->","yoast_head_json":{"title":"Tamponu un higi\u0113nisko salve\u0161u dozators, ner\u016bs\u0113jo\u0161\u0101 t\u0113rauda, melns - Micasa","robots":{"index":"index","follow":"follow","max-snippet":"max-snippet:-1","max-image-preview":"max-image-preview:large","max-video-preview":"max-video-preview:-1"},"canonical":"https:\/\/micasa.lv\/lv\/tamponu-un-higienisko-salvesu-dozators-nerusejosa-terauda-melns\/","og_locale":"lv_LV","og_type":"article","og_title":"Tamponu un higi\u0113nisko salve\u0161u dozators, ner\u016bs\u0113jo\u0161\u0101 t\u0113rauda, melns - Micasa","og_description":"Ner\u016bs\u0113jo\u0161\u0101 t\u0113rauda tualetes piederumu papl\u0101te \u013cauj tamponus un higi\u0113nisk\u0101s paketes br\u012bvi lietot ikvienam, kam t\u0101s nepiecie\u0161amas. Ide\u0101ls risin\u0101jums skol\u0101m, uz\u0146\u0113mumiem","og_url":"https:\/\/micasa.lv\/lv\/tamponu-un-higienisko-salvesu-dozators-nerusejosa-terauda-melns\/","og_site_name":"Micasa","article_modified_time":"2025-06-13T07:45:52+00:00","og_image":[{"width":600,"height":600,"url":"https:\/\/micasa.lv\/wp-content\/uploads\/2025\/05\/7f67c54e763deae1f73e773e51c01ed6_101403276-velky.jpg","type":"image\/jpeg"}],"twitter_card":"summary_large_image","schema":{"@context":"https:\/\/schema.org","@graph":[{"@type":"WebPage","@id":"https:\/\/micasa.lv\/lv\/tamponu-un-higienisko-salvesu-dozators-nerusejosa-terauda-melns\/","url":"https:\/\/micasa.lv\/lv\/tamponu-un-higienisko-salvesu-dozators-nerusejosa-terauda-melns\/","name":"Tamponu un higi\u0113nisko salve\u0161u dozators, ner\u016bs\u0113jo\u0161\u0101 t\u0113rauda, melns - Micasa","isPartOf":{"@id":"https:\/\/micasa.lv\/lv\/#website"},"primaryImageOfPage":{"@id":"https:\/\/micasa.lv\/lv\/tamponu-un-higienisko-salvesu-dozators-nerusejosa-terauda-melns\/#primaryimage"},"image":{"@id":"https:\/\/micasa.lv\/lv\/tamponu-un-higienisko-salvesu-dozators-nerusejosa-terauda-melns\/#primaryimage"},"thumbnailUrl":"https:\/\/micasa.lv\/wp-content\/uploads\/2025\/05\/7f67c54e763deae1f73e773e51c01ed6_101403276-velky.jpg","datePublished":"2025-05-16T08:55:41+00:00","dateModified":"2025-06-13T07:45:52+00:00","breadcrumb":{"@id":"https:\/\/micasa.lv\/lv\/tamponu-un-higienisko-salvesu-dozators-nerusejosa-terauda-melns\/#breadcrumb"},"inLanguage":"lv-LV","potentialAction":[{"@type":"ReadAction","target":["https:\/\/micasa.lv\/lv\/tamponu-un-higienisko-salvesu-dozators-nerusejosa-terauda-melns\/"]}]},{"@type":"ImageObject","inLanguage":"lv-LV","@id":"https:\/\/micasa.lv\/lv\/tamponu-un-higienisko-salvesu-dozators-nerusejosa-terauda-melns\/#primaryimage","url":"https:\/\/micasa.lv\/wp-content\/uploads\/2025\/05\/7f67c54e763deae1f73e773e51c01ed6_101403276-velky.jpg","contentUrl":"https:\/\/micasa.lv\/wp-content\/uploads\/2025\/05\/7f67c54e763deae1f73e773e51c01ed6_101403276-velky.jpg","width":600,"height":600},{"@type":"BreadcrumbList","@id":"https:\/\/micasa.lv\/lv\/tamponu-un-higienisko-salvesu-dozators-nerusejosa-terauda-melns\/#breadcrumb","itemListElement":[{"@type":"ListItem","position":1,"name":"S\u0101kums","item":"https:\/\/micasa.lv\/lv\/micasa\/"},{"@type":"ListItem","position":2,"name":"Shop","item":"https:\/\/micasa.lv\/lv\/shop\/"},{"@type":"ListItem","position":3,"name":"Tamponu un higi\u0113nisko salve\u0161u dozators, ner\u016bs\u0113jo\u0161\u0101 t\u0113rauda, melns"}]},{"@type":"WebSite","@id":"https:\/\/micasa.lv\/lv\/#website","url":"https:\/\/micasa.lv\/lv\/","name":"Micasa","description":"","potentialAction":[{"@type":"SearchAction","target":{"@type":"EntryPoint","urlTemplate":"https:\/\/micasa.lv\/lv\/?s={search_term_string}"},"query-input":{"@type":"PropertyValueSpecification","valueRequired":true,"valueName":"search_term_string"}}],"inLanguage":"lv-LV"}]}},"wcpa_form_fields":null,"_links":{"self":[{"href":"https:\/\/micasa.lv\/lv\/wp-json\/wp\/v2\/product\/50413","targetHints":{"allow":["GET"]}}],"collection":[{"href":"https:\/\/micasa.lv\/lv\/wp-json\/wp\/v2\/product"}],"about":[{"href":"https:\/\/micasa.lv\/lv\/wp-json\/wp\/v2\/types\/product"}],"version-history":[{"count":1,"href":"https:\/\/micasa.lv\/lv\/wp-json\/wp\/v2\/product\/50413\/revisions"}],"predecessor-version":[{"id":50443,"href":"https:\/\/micasa.lv\/lv\/wp-json\/wp\/v2\/product\/50413\/revisions\/50443"}],"wp:featuredmedia":[{"embeddable":true,"href":"https:\/\/micasa.lv\/lv\/wp-json\/wp\/v2\/media\/49197"}],"wp:attachment":[{"href":"https:\/\/micasa.lv\/lv\/wp-json\/wp\/v2\/media?parent=50413"}],"wp:term":[{"taxonomy":"product_brand","embeddable":true,"href":"https:\/\/micasa.lv\/lv\/wp-json\/wp\/v2\/product_brand?post=50413"},{"taxonomy":"product_cat","embeddable":true,"href":"https:\/\/micasa.lv\/lv\/wp-json\/wp\/v2\/product_cat?post=50413"},{"taxonomy":"product_tag","embeddable":true,"href":"https:\/\/micasa.lv\/lv\/wp-json\/wp\/v2\/product_tag?post=50413"}],"curies":[{"name":"wp","href":"https:\/\/api.w.org\/{rel}","templated":true}]}}