{"id":50422,"date":"2025-05-16T11:55:43","date_gmt":"2025-05-16T08:55:43","guid":{"rendered":"https:\/\/test.micasa.lv\/?post_type=product&#038;p=50422"},"modified":"2025-06-13T10:45:54","modified_gmt":"2025-06-13T07:45:54","slug":"apsildams-dvielu-zavetajs-1180-mm-stienis-30-w-nerusejosais-terauds-melns","status":"publish","type":"product","link":"https:\/\/micasa.lv\/lv\/apsildams-dvielu-zavetajs-1180-mm-stienis-30-w-nerusejosais-terauds-melns\/","title":{"rendered":"Apsild\u0101ms dvie\u013cu \u017e\u0101v\u0113t\u0101js 1180 mm, stienis, 30 W, ner\u016bs\u0113jo\u0161ais t\u0113rauds, melns"},"content":{"rendered":"<p>Minim\u0101lisma dizaina cien\u012bt\u0101jiem pied\u0101v\u0101jam elegantu sild\u012b\u0161anas stieni ar garumu 1180 mm, kas pie\u0161\u0137irs j\u016bsu vannas istabai modernu izskatu un ir pieejams vair\u0101k\u0101s elegant\u0101s kr\u0101s\u0101s. \u0160ie \u017e\u0101v\u0113\u0161anas stat\u012bvi ir apr\u012bkoti ar displeju temperat\u016bras un sild\u012b\u0161anas laika iestat\u012b\u0161anai, un tos var papildin\u0101t ar\u012b ar \u0113rtu pakaramo, ne tikai hal\u0101ta \u017e\u0101v\u0113\u0161anai (nav iek\u013cauts komplekt\u0101). Pateicoties elast\u012bgajai uzst\u0101d\u012b\u0161anas metodei &#8211; vai nu piesl\u0113dzot kontaktligzdai, vai izmantojot adapteri tie\u0161i sien\u0101 -, j\u016bs varat izv\u0113l\u0113ties risin\u0101jumu, kas vislab\u0101k atbilst j\u016bsu vajadz\u012bb\u0101m. TEHNISK\u0100S SPECIFIK\u0100CIJAS Izm\u0113ri: 1180 mm Jauda: 30 W Dzi\u013cums: 90 mm Svars: 1021 kg Materi\u0101ls: ner\u016bs\u0113jo\u0161ais t\u0113rauds Pieejam\u0101s kr\u0101sas: pul\u0113ts sudrabs, balta, pul\u0113ts zelts, mat\u0113ts zelts, pul\u0113ts var\u0161 zelts, mat\u0113ts var\u0161 zelts, graf\u012bts, melna Aizsardz\u012bbas pak\u0101pe (IP): IPx4 Kabe\u013ca garums: 1300 mm UZST\u0100D\u012a\u0160ANA UN PIESL\u0112G\u0160ANA Mont\u0101\u017eas metode: mont\u0101\u017ea pie sienas Savienojuma veids: \u2013 pie elektr\u012bbas kontaktligzdas: \u017e\u0101v\u0113t\u0101js ir apr\u012bkots ar 130 cm garu baro\u0161anas kabeli ar spraudni pievieno\u0161anai kontaktligzdai \u2013 Fiks\u0113ts savienojums ar sienas vadu: ar adaptera pal\u012bdz\u012bbu ir iesp\u0113jams fiks\u0113ts savienojums ar vadu. Adapteris nav iek\u013cauts komplekt\u0101 un j\u0101ieg\u0101d\u0101jas atsevi\u0161\u0137i. Adapteris ir pieejams t\u0101d\u0101s pa\u0161\u0101s kr\u0101s\u0101s k\u0101 elektriskie \u017e\u0101v\u0113t\u0101ji. VAD\u012aBAS ELEMENTI UN FUNKCIJAS Digit\u0101lais termostats Temperat\u016bras kontrole: 45 \u00b0C, 50 \u00b0C un 55 \u00b0C Taimeris: 1\u20139 stundas (regul\u0113jams pa stund\u0101m) Ilgi nospie\u017eot iesl\u0113g\u0161anas\/izsl\u0113g\u0161anas pogu, ier\u012bce tiek iesl\u0113gta vai izsl\u0113gta GARANTIJAS NOSAC\u012aJUMI 2 gadu funkcion\u0101l\u0101 garantija 2 gadi apdarei<\/p>\n","protected":false},"excerpt":{"rendered":"<p>Minim\u0101lisma dizaina cien\u012bt\u0101jiem pied\u0101v\u0101jam elegantu sild\u012b\u0161anas stieni ar garumu 1180 mm, kas pie\u0161\u0137irs j\u016bsu vannas istabai modernu izskatu un ir<\/p>\n","protected":false},"featured_media":49221,"template":"","meta":[],"product_brand":[],"product_cat":[1833,1528],"product_tag":[],"class_list":{"0":"post-50422","1":"product","2":"type-product","3":"status-publish","4":"has-post-thumbnail","6":"product_cat-elektriskais-dvielu-zavetajs","7":"product_cat-vannas-istabas-aksesuari","8":"pa_brand-bemeta-lv","10":"first","11":"instock","12":"taxable","13":"shipping-taxable","14":"purchasable","15":"product-type-simple"},"yoast_head":"<!-- This site is optimized with the Yoast SEO plugin v27.4 - https:\/\/yoast.com\/product\/yoast-seo-wordpress\/ -->\n<title>Apsild\u0101ms dvie\u013cu \u017e\u0101v\u0113t\u0101js 1180 mm, stienis, 30 W, ner\u016bs\u0113jo\u0161ais t\u0113rauds, melns - Micasa<\/title>\n<meta name=\"robots\" content=\"index, follow, max-snippet:-1, max-image-preview:large, max-video-preview:-1\" \/>\n<link rel=\"canonical\" href=\"https:\/\/micasa.lv\/lv\/apsildams-dvielu-zavetajs-1180-mm-stienis-30-w-nerusejosais-terauds-melns\/\" \/>\n<meta property=\"og:locale\" content=\"lv_LV\" \/>\n<meta property=\"og:type\" content=\"article\" \/>\n<meta property=\"og:title\" content=\"Apsild\u0101ms dvie\u013cu \u017e\u0101v\u0113t\u0101js 1180 mm, stienis, 30 W, ner\u016bs\u0113jo\u0161ais t\u0113rauds, melns - Micasa\" \/>\n<meta property=\"og:description\" content=\"Minim\u0101lisma dizaina cien\u012bt\u0101jiem pied\u0101v\u0101jam elegantu sild\u012b\u0161anas stieni ar garumu 1180 mm, kas pie\u0161\u0137irs j\u016bsu vannas istabai modernu izskatu un ir\" \/>\n<meta property=\"og:url\" content=\"https:\/\/micasa.lv\/lv\/apsildams-dvielu-zavetajs-1180-mm-stienis-30-w-nerusejosais-terauds-melns\/\" \/>\n<meta property=\"og:site_name\" content=\"Micasa\" \/>\n<meta property=\"article:modified_time\" content=\"2025-06-13T07:45:54+00:00\" \/>\n<meta property=\"og:image\" content=\"https:\/\/micasa.lv\/wp-content\/uploads\/2025\/05\/46c0aed12f2d04853de1f97e69be8e83_704151010-velky.jpg\" \/>\n\t<meta property=\"og:image:width\" content=\"500\" \/>\n\t<meta property=\"og:image:height\" content=\"500\" \/>\n\t<meta property=\"og:image:type\" content=\"image\/jpeg\" \/>\n<meta name=\"twitter:card\" content=\"summary_large_image\" \/>\n<meta name=\"twitter:label1\" content=\"Est. reading time\" \/>\n\t<meta name=\"twitter:data1\" content=\"2 minutes\" \/>\n<script type=\"application\/ld+json\" class=\"yoast-schema-graph\">{\"@context\":\"https:\\\/\\\/schema.org\",\"@graph\":[{\"@type\":\"WebPage\",\"@id\":\"https:\\\/\\\/micasa.lv\\\/lv\\\/apsildams-dvielu-zavetajs-1180-mm-stienis-30-w-nerusejosais-terauds-melns\\\/\",\"url\":\"https:\\\/\\\/micasa.lv\\\/lv\\\/apsildams-dvielu-zavetajs-1180-mm-stienis-30-w-nerusejosais-terauds-melns\\\/\",\"name\":\"Apsild\u0101ms dvie\u013cu \u017e\u0101v\u0113t\u0101js 1180 mm, stienis, 30 W, ner\u016bs\u0113jo\u0161ais t\u0113rauds, melns - Micasa\",\"isPartOf\":{\"@id\":\"https:\\\/\\\/micasa.lv\\\/lv\\\/#website\"},\"primaryImageOfPage\":{\"@id\":\"https:\\\/\\\/micasa.lv\\\/lv\\\/apsildams-dvielu-zavetajs-1180-mm-stienis-30-w-nerusejosais-terauds-melns\\\/#primaryimage\"},\"image\":{\"@id\":\"https:\\\/\\\/micasa.lv\\\/lv\\\/apsildams-dvielu-zavetajs-1180-mm-stienis-30-w-nerusejosais-terauds-melns\\\/#primaryimage\"},\"thumbnailUrl\":\"https:\\\/\\\/micasa.lv\\\/wp-content\\\/uploads\\\/2025\\\/05\\\/46c0aed12f2d04853de1f97e69be8e83_704151010-velky.jpg\",\"datePublished\":\"2025-05-16T08:55:43+00:00\",\"dateModified\":\"2025-06-13T07:45:54+00:00\",\"breadcrumb\":{\"@id\":\"https:\\\/\\\/micasa.lv\\\/lv\\\/apsildams-dvielu-zavetajs-1180-mm-stienis-30-w-nerusejosais-terauds-melns\\\/#breadcrumb\"},\"inLanguage\":\"lv-LV\",\"potentialAction\":[{\"@type\":\"ReadAction\",\"target\":[\"https:\\\/\\\/micasa.lv\\\/lv\\\/apsildams-dvielu-zavetajs-1180-mm-stienis-30-w-nerusejosais-terauds-melns\\\/\"]}]},{\"@type\":\"ImageObject\",\"inLanguage\":\"lv-LV\",\"@id\":\"https:\\\/\\\/micasa.lv\\\/lv\\\/apsildams-dvielu-zavetajs-1180-mm-stienis-30-w-nerusejosais-terauds-melns\\\/#primaryimage\",\"url\":\"https:\\\/\\\/micasa.lv\\\/wp-content\\\/uploads\\\/2025\\\/05\\\/46c0aed12f2d04853de1f97e69be8e83_704151010-velky.jpg\",\"contentUrl\":\"https:\\\/\\\/micasa.lv\\\/wp-content\\\/uploads\\\/2025\\\/05\\\/46c0aed12f2d04853de1f97e69be8e83_704151010-velky.jpg\",\"width\":500,\"height\":500},{\"@type\":\"BreadcrumbList\",\"@id\":\"https:\\\/\\\/micasa.lv\\\/lv\\\/apsildams-dvielu-zavetajs-1180-mm-stienis-30-w-nerusejosais-terauds-melns\\\/#breadcrumb\",\"itemListElement\":[{\"@type\":\"ListItem\",\"position\":1,\"name\":\"S\u0101kums\",\"item\":\"https:\\\/\\\/micasa.lv\\\/lv\\\/micasa\\\/\"},{\"@type\":\"ListItem\",\"position\":2,\"name\":\"Shop\",\"item\":\"https:\\\/\\\/micasa.lv\\\/lv\\\/shop\\\/\"},{\"@type\":\"ListItem\",\"position\":3,\"name\":\"Apsild\u0101ms dvie\u013cu \u017e\u0101v\u0113t\u0101js 1180 mm, stienis, 30 W, ner\u016bs\u0113jo\u0161ais t\u0113rauds, melns\"}]},{\"@type\":\"WebSite\",\"@id\":\"https:\\\/\\\/micasa.lv\\\/lv\\\/#website\",\"url\":\"https:\\\/\\\/micasa.lv\\\/lv\\\/\",\"name\":\"Micasa\",\"description\":\"\",\"potentialAction\":[{\"@type\":\"SearchAction\",\"target\":{\"@type\":\"EntryPoint\",\"urlTemplate\":\"https:\\\/\\\/micasa.lv\\\/lv\\\/?s={search_term_string}\"},\"query-input\":{\"@type\":\"PropertyValueSpecification\",\"valueRequired\":true,\"valueName\":\"search_term_string\"}}],\"inLanguage\":\"lv-LV\"}]}<\/script>\n<!-- \/ Yoast SEO plugin. -->","yoast_head_json":{"title":"Apsild\u0101ms dvie\u013cu \u017e\u0101v\u0113t\u0101js 1180 mm, stienis, 30 W, ner\u016bs\u0113jo\u0161ais t\u0113rauds, melns - Micasa","robots":{"index":"index","follow":"follow","max-snippet":"max-snippet:-1","max-image-preview":"max-image-preview:large","max-video-preview":"max-video-preview:-1"},"canonical":"https:\/\/micasa.lv\/lv\/apsildams-dvielu-zavetajs-1180-mm-stienis-30-w-nerusejosais-terauds-melns\/","og_locale":"lv_LV","og_type":"article","og_title":"Apsild\u0101ms dvie\u013cu \u017e\u0101v\u0113t\u0101js 1180 mm, stienis, 30 W, ner\u016bs\u0113jo\u0161ais t\u0113rauds, melns - Micasa","og_description":"Minim\u0101lisma dizaina cien\u012bt\u0101jiem pied\u0101v\u0101jam elegantu sild\u012b\u0161anas stieni ar garumu 1180 mm, kas pie\u0161\u0137irs j\u016bsu vannas istabai modernu izskatu un ir","og_url":"https:\/\/micasa.lv\/lv\/apsildams-dvielu-zavetajs-1180-mm-stienis-30-w-nerusejosais-terauds-melns\/","og_site_name":"Micasa","article_modified_time":"2025-06-13T07:45:54+00:00","og_image":[{"width":500,"height":500,"url":"https:\/\/micasa.lv\/wp-content\/uploads\/2025\/05\/46c0aed12f2d04853de1f97e69be8e83_704151010-velky.jpg","type":"image\/jpeg"}],"twitter_card":"summary_large_image","twitter_misc":{"Est. reading time":"2 minutes"},"schema":{"@context":"https:\/\/schema.org","@graph":[{"@type":"WebPage","@id":"https:\/\/micasa.lv\/lv\/apsildams-dvielu-zavetajs-1180-mm-stienis-30-w-nerusejosais-terauds-melns\/","url":"https:\/\/micasa.lv\/lv\/apsildams-dvielu-zavetajs-1180-mm-stienis-30-w-nerusejosais-terauds-melns\/","name":"Apsild\u0101ms dvie\u013cu \u017e\u0101v\u0113t\u0101js 1180 mm, stienis, 30 W, ner\u016bs\u0113jo\u0161ais t\u0113rauds, melns - Micasa","isPartOf":{"@id":"https:\/\/micasa.lv\/lv\/#website"},"primaryImageOfPage":{"@id":"https:\/\/micasa.lv\/lv\/apsildams-dvielu-zavetajs-1180-mm-stienis-30-w-nerusejosais-terauds-melns\/#primaryimage"},"image":{"@id":"https:\/\/micasa.lv\/lv\/apsildams-dvielu-zavetajs-1180-mm-stienis-30-w-nerusejosais-terauds-melns\/#primaryimage"},"thumbnailUrl":"https:\/\/micasa.lv\/wp-content\/uploads\/2025\/05\/46c0aed12f2d04853de1f97e69be8e83_704151010-velky.jpg","datePublished":"2025-05-16T08:55:43+00:00","dateModified":"2025-06-13T07:45:54+00:00","breadcrumb":{"@id":"https:\/\/micasa.lv\/lv\/apsildams-dvielu-zavetajs-1180-mm-stienis-30-w-nerusejosais-terauds-melns\/#breadcrumb"},"inLanguage":"lv-LV","potentialAction":[{"@type":"ReadAction","target":["https:\/\/micasa.lv\/lv\/apsildams-dvielu-zavetajs-1180-mm-stienis-30-w-nerusejosais-terauds-melns\/"]}]},{"@type":"ImageObject","inLanguage":"lv-LV","@id":"https:\/\/micasa.lv\/lv\/apsildams-dvielu-zavetajs-1180-mm-stienis-30-w-nerusejosais-terauds-melns\/#primaryimage","url":"https:\/\/micasa.lv\/wp-content\/uploads\/2025\/05\/46c0aed12f2d04853de1f97e69be8e83_704151010-velky.jpg","contentUrl":"https:\/\/micasa.lv\/wp-content\/uploads\/2025\/05\/46c0aed12f2d04853de1f97e69be8e83_704151010-velky.jpg","width":500,"height":500},{"@type":"BreadcrumbList","@id":"https:\/\/micasa.lv\/lv\/apsildams-dvielu-zavetajs-1180-mm-stienis-30-w-nerusejosais-terauds-melns\/#breadcrumb","itemListElement":[{"@type":"ListItem","position":1,"name":"S\u0101kums","item":"https:\/\/micasa.lv\/lv\/micasa\/"},{"@type":"ListItem","position":2,"name":"Shop","item":"https:\/\/micasa.lv\/lv\/shop\/"},{"@type":"ListItem","position":3,"name":"Apsild\u0101ms dvie\u013cu \u017e\u0101v\u0113t\u0101js 1180 mm, stienis, 30 W, ner\u016bs\u0113jo\u0161ais t\u0113rauds, melns"}]},{"@type":"WebSite","@id":"https:\/\/micasa.lv\/lv\/#website","url":"https:\/\/micasa.lv\/lv\/","name":"Micasa","description":"","potentialAction":[{"@type":"SearchAction","target":{"@type":"EntryPoint","urlTemplate":"https:\/\/micasa.lv\/lv\/?s={search_term_string}"},"query-input":{"@type":"PropertyValueSpecification","valueRequired":true,"valueName":"search_term_string"}}],"inLanguage":"lv-LV"}]}},"wcpa_form_fields":null,"_links":{"self":[{"href":"https:\/\/micasa.lv\/lv\/wp-json\/wp\/v2\/product\/50422","targetHints":{"allow":["GET"]}}],"collection":[{"href":"https:\/\/micasa.lv\/lv\/wp-json\/wp\/v2\/product"}],"about":[{"href":"https:\/\/micasa.lv\/lv\/wp-json\/wp\/v2\/types\/product"}],"version-history":[{"count":1,"href":"https:\/\/micasa.lv\/lv\/wp-json\/wp\/v2\/product\/50422\/revisions"}],"predecessor-version":[{"id":50449,"href":"https:\/\/micasa.lv\/lv\/wp-json\/wp\/v2\/product\/50422\/revisions\/50449"}],"wp:featuredmedia":[{"embeddable":true,"href":"https:\/\/micasa.lv\/lv\/wp-json\/wp\/v2\/media\/49221"}],"wp:attachment":[{"href":"https:\/\/micasa.lv\/lv\/wp-json\/wp\/v2\/media?parent=50422"}],"wp:term":[{"taxonomy":"product_brand","embeddable":true,"href":"https:\/\/micasa.lv\/lv\/wp-json\/wp\/v2\/product_brand?post=50422"},{"taxonomy":"product_cat","embeddable":true,"href":"https:\/\/micasa.lv\/lv\/wp-json\/wp\/v2\/product_cat?post=50422"},{"taxonomy":"product_tag","embeddable":true,"href":"https:\/\/micasa.lv\/lv\/wp-json\/wp\/v2\/product_tag?post=50422"}],"curies":[{"name":"wp","href":"https:\/\/api.w.org\/{rel}","templated":true}]}}