{"id":50430,"date":"2025-05-16T11:55:45","date_gmt":"2025-05-16T08:55:45","guid":{"rendered":"https:\/\/test.micasa.lv\/?post_type=product&#038;p=50430"},"modified":"2025-06-13T10:45:57","modified_gmt":"2025-06-13T07:45:57","slug":"spilventinu-dozators-nerusejosais-terauds-pulets","status":"publish","type":"product","link":"https:\/\/micasa.lv\/lv\/spilventinu-dozators-nerusejosais-terauds-pulets\/","title":{"rendered":"Spilventi\u0146u dozators, ner\u016bs\u0113jo\u0161ais t\u0113rauds, pul\u0113ts"},"content":{"rendered":"<p>Ner\u016bs\u0113jo\u0161\u0101 t\u0113rauda tualetes piederumu papl\u0101te \u013cauj ikvienam, kam t\u0101 nepiecie\u0161ama, br\u012bvi lietot higi\u0113nisk\u0101s paketes. Ide\u0101ls risin\u0101jums skol\u0101m, uz\u0146\u0113mumiem un sabiedrisk\u0101m viet\u0101m. Katr\u0101 papl\u0101t\u0113 ietilpst 55\u201360 standarta izm\u0113ra atsevi\u0161\u0137i paketes. \u0160auri caurumi papl\u0101tes s\u0101nos \u013cauj viegli redz\u0113t, vai saturs ir j\u0101uzpilda. Lai uzpild\u012btu, vienk\u0101r\u0161i atblo\u0137\u0113jiet papl\u0101ti ar atsl\u0113gu, izvelciet to un uzpildiet saturu.<\/p>\n","protected":false},"excerpt":{"rendered":"<p>Ner\u016bs\u0113jo\u0161\u0101 t\u0113rauda tualetes piederumu papl\u0101te \u013cauj ikvienam, kam t\u0101 nepiecie\u0161ama, br\u012bvi lietot higi\u0113nisk\u0101s paketes. Ide\u0101ls risin\u0101jums skol\u0101m, uz\u0146\u0113mumiem un sabiedrisk\u0101m<\/p>\n","protected":false},"featured_media":49158,"template":"","meta":[],"product_brand":[],"product_cat":[1863,1528],"product_tag":[],"class_list":{"0":"post-50430","1":"product","2":"type-product","3":"status-publish","4":"has-post-thumbnail","6":"product_cat-tamponu-dozatori","7":"product_cat-vannas-istabas-aksesuari","8":"pa_brand-bemeta-lv","10":"first","11":"instock","12":"taxable","13":"shipping-taxable","14":"purchasable","15":"product-type-simple"},"yoast_head":"<!-- This site is optimized with the Yoast SEO plugin v27.4 - https:\/\/yoast.com\/product\/yoast-seo-wordpress\/ -->\n<title>Spilventi\u0146u dozators, ner\u016bs\u0113jo\u0161ais t\u0113rauds, pul\u0113ts - Micasa<\/title>\n<meta name=\"robots\" content=\"index, follow, max-snippet:-1, max-image-preview:large, max-video-preview:-1\" \/>\n<link rel=\"canonical\" href=\"https:\/\/micasa.lv\/lv\/spilventinu-dozators-nerusejosais-terauds-pulets\/\" \/>\n<meta property=\"og:locale\" content=\"lv_LV\" \/>\n<meta property=\"og:type\" content=\"article\" \/>\n<meta property=\"og:title\" content=\"Spilventi\u0146u dozators, ner\u016bs\u0113jo\u0161ais t\u0113rauds, pul\u0113ts - Micasa\" \/>\n<meta property=\"og:description\" content=\"Ner\u016bs\u0113jo\u0161\u0101 t\u0113rauda tualetes piederumu papl\u0101te \u013cauj ikvienam, kam t\u0101 nepiecie\u0161ama, br\u012bvi lietot higi\u0113nisk\u0101s paketes. Ide\u0101ls risin\u0101jums skol\u0101m, uz\u0146\u0113mumiem un sabiedrisk\u0101m\" \/>\n<meta property=\"og:url\" content=\"https:\/\/micasa.lv\/lv\/spilventinu-dozators-nerusejosais-terauds-pulets\/\" \/>\n<meta property=\"og:site_name\" content=\"Micasa\" \/>\n<meta property=\"article:modified_time\" content=\"2025-06-13T07:45:57+00:00\" \/>\n<meta property=\"og:image\" content=\"https:\/\/micasa.lv\/wp-content\/uploads\/2025\/05\/3eecee3f92c449fe682a3cc5737e32f3_101403285-velky.jpg\" \/>\n\t<meta property=\"og:image:width\" content=\"500\" \/>\n\t<meta property=\"og:image:height\" content=\"500\" \/>\n\t<meta property=\"og:image:type\" content=\"image\/jpeg\" \/>\n<meta name=\"twitter:card\" content=\"summary_large_image\" \/>\n<script type=\"application\/ld+json\" class=\"yoast-schema-graph\">{\"@context\":\"https:\\\/\\\/schema.org\",\"@graph\":[{\"@type\":\"WebPage\",\"@id\":\"https:\\\/\\\/micasa.lv\\\/lv\\\/spilventinu-dozators-nerusejosais-terauds-pulets\\\/\",\"url\":\"https:\\\/\\\/micasa.lv\\\/lv\\\/spilventinu-dozators-nerusejosais-terauds-pulets\\\/\",\"name\":\"Spilventi\u0146u dozators, ner\u016bs\u0113jo\u0161ais t\u0113rauds, pul\u0113ts - Micasa\",\"isPartOf\":{\"@id\":\"https:\\\/\\\/micasa.lv\\\/lv\\\/#website\"},\"primaryImageOfPage\":{\"@id\":\"https:\\\/\\\/micasa.lv\\\/lv\\\/spilventinu-dozators-nerusejosais-terauds-pulets\\\/#primaryimage\"},\"image\":{\"@id\":\"https:\\\/\\\/micasa.lv\\\/lv\\\/spilventinu-dozators-nerusejosais-terauds-pulets\\\/#primaryimage\"},\"thumbnailUrl\":\"https:\\\/\\\/micasa.lv\\\/wp-content\\\/uploads\\\/2025\\\/05\\\/3eecee3f92c449fe682a3cc5737e32f3_101403285-velky.jpg\",\"datePublished\":\"2025-05-16T08:55:45+00:00\",\"dateModified\":\"2025-06-13T07:45:57+00:00\",\"breadcrumb\":{\"@id\":\"https:\\\/\\\/micasa.lv\\\/lv\\\/spilventinu-dozators-nerusejosais-terauds-pulets\\\/#breadcrumb\"},\"inLanguage\":\"lv-LV\",\"potentialAction\":[{\"@type\":\"ReadAction\",\"target\":[\"https:\\\/\\\/micasa.lv\\\/lv\\\/spilventinu-dozators-nerusejosais-terauds-pulets\\\/\"]}]},{\"@type\":\"ImageObject\",\"inLanguage\":\"lv-LV\",\"@id\":\"https:\\\/\\\/micasa.lv\\\/lv\\\/spilventinu-dozators-nerusejosais-terauds-pulets\\\/#primaryimage\",\"url\":\"https:\\\/\\\/micasa.lv\\\/wp-content\\\/uploads\\\/2025\\\/05\\\/3eecee3f92c449fe682a3cc5737e32f3_101403285-velky.jpg\",\"contentUrl\":\"https:\\\/\\\/micasa.lv\\\/wp-content\\\/uploads\\\/2025\\\/05\\\/3eecee3f92c449fe682a3cc5737e32f3_101403285-velky.jpg\",\"width\":500,\"height\":500},{\"@type\":\"BreadcrumbList\",\"@id\":\"https:\\\/\\\/micasa.lv\\\/lv\\\/spilventinu-dozators-nerusejosais-terauds-pulets\\\/#breadcrumb\",\"itemListElement\":[{\"@type\":\"ListItem\",\"position\":1,\"name\":\"S\u0101kums\",\"item\":\"https:\\\/\\\/micasa.lv\\\/lv\\\/micasa\\\/\"},{\"@type\":\"ListItem\",\"position\":2,\"name\":\"Shop\",\"item\":\"https:\\\/\\\/micasa.lv\\\/lv\\\/shop\\\/\"},{\"@type\":\"ListItem\",\"position\":3,\"name\":\"Spilventi\u0146u dozators, ner\u016bs\u0113jo\u0161ais t\u0113rauds, pul\u0113ts\"}]},{\"@type\":\"WebSite\",\"@id\":\"https:\\\/\\\/micasa.lv\\\/lv\\\/#website\",\"url\":\"https:\\\/\\\/micasa.lv\\\/lv\\\/\",\"name\":\"Micasa\",\"description\":\"\",\"potentialAction\":[{\"@type\":\"SearchAction\",\"target\":{\"@type\":\"EntryPoint\",\"urlTemplate\":\"https:\\\/\\\/micasa.lv\\\/lv\\\/?s={search_term_string}\"},\"query-input\":{\"@type\":\"PropertyValueSpecification\",\"valueRequired\":true,\"valueName\":\"search_term_string\"}}],\"inLanguage\":\"lv-LV\"}]}<\/script>\n<!-- \/ Yoast SEO plugin. -->","yoast_head_json":{"title":"Spilventi\u0146u dozators, ner\u016bs\u0113jo\u0161ais t\u0113rauds, pul\u0113ts - Micasa","robots":{"index":"index","follow":"follow","max-snippet":"max-snippet:-1","max-image-preview":"max-image-preview:large","max-video-preview":"max-video-preview:-1"},"canonical":"https:\/\/micasa.lv\/lv\/spilventinu-dozators-nerusejosais-terauds-pulets\/","og_locale":"lv_LV","og_type":"article","og_title":"Spilventi\u0146u dozators, ner\u016bs\u0113jo\u0161ais t\u0113rauds, pul\u0113ts - Micasa","og_description":"Ner\u016bs\u0113jo\u0161\u0101 t\u0113rauda tualetes piederumu papl\u0101te \u013cauj ikvienam, kam t\u0101 nepiecie\u0161ama, br\u012bvi lietot higi\u0113nisk\u0101s paketes. Ide\u0101ls risin\u0101jums skol\u0101m, uz\u0146\u0113mumiem un sabiedrisk\u0101m","og_url":"https:\/\/micasa.lv\/lv\/spilventinu-dozators-nerusejosais-terauds-pulets\/","og_site_name":"Micasa","article_modified_time":"2025-06-13T07:45:57+00:00","og_image":[{"width":500,"height":500,"url":"https:\/\/micasa.lv\/wp-content\/uploads\/2025\/05\/3eecee3f92c449fe682a3cc5737e32f3_101403285-velky.jpg","type":"image\/jpeg"}],"twitter_card":"summary_large_image","schema":{"@context":"https:\/\/schema.org","@graph":[{"@type":"WebPage","@id":"https:\/\/micasa.lv\/lv\/spilventinu-dozators-nerusejosais-terauds-pulets\/","url":"https:\/\/micasa.lv\/lv\/spilventinu-dozators-nerusejosais-terauds-pulets\/","name":"Spilventi\u0146u dozators, ner\u016bs\u0113jo\u0161ais t\u0113rauds, pul\u0113ts - Micasa","isPartOf":{"@id":"https:\/\/micasa.lv\/lv\/#website"},"primaryImageOfPage":{"@id":"https:\/\/micasa.lv\/lv\/spilventinu-dozators-nerusejosais-terauds-pulets\/#primaryimage"},"image":{"@id":"https:\/\/micasa.lv\/lv\/spilventinu-dozators-nerusejosais-terauds-pulets\/#primaryimage"},"thumbnailUrl":"https:\/\/micasa.lv\/wp-content\/uploads\/2025\/05\/3eecee3f92c449fe682a3cc5737e32f3_101403285-velky.jpg","datePublished":"2025-05-16T08:55:45+00:00","dateModified":"2025-06-13T07:45:57+00:00","breadcrumb":{"@id":"https:\/\/micasa.lv\/lv\/spilventinu-dozators-nerusejosais-terauds-pulets\/#breadcrumb"},"inLanguage":"lv-LV","potentialAction":[{"@type":"ReadAction","target":["https:\/\/micasa.lv\/lv\/spilventinu-dozators-nerusejosais-terauds-pulets\/"]}]},{"@type":"ImageObject","inLanguage":"lv-LV","@id":"https:\/\/micasa.lv\/lv\/spilventinu-dozators-nerusejosais-terauds-pulets\/#primaryimage","url":"https:\/\/micasa.lv\/wp-content\/uploads\/2025\/05\/3eecee3f92c449fe682a3cc5737e32f3_101403285-velky.jpg","contentUrl":"https:\/\/micasa.lv\/wp-content\/uploads\/2025\/05\/3eecee3f92c449fe682a3cc5737e32f3_101403285-velky.jpg","width":500,"height":500},{"@type":"BreadcrumbList","@id":"https:\/\/micasa.lv\/lv\/spilventinu-dozators-nerusejosais-terauds-pulets\/#breadcrumb","itemListElement":[{"@type":"ListItem","position":1,"name":"S\u0101kums","item":"https:\/\/micasa.lv\/lv\/micasa\/"},{"@type":"ListItem","position":2,"name":"Shop","item":"https:\/\/micasa.lv\/lv\/shop\/"},{"@type":"ListItem","position":3,"name":"Spilventi\u0146u dozators, ner\u016bs\u0113jo\u0161ais t\u0113rauds, pul\u0113ts"}]},{"@type":"WebSite","@id":"https:\/\/micasa.lv\/lv\/#website","url":"https:\/\/micasa.lv\/lv\/","name":"Micasa","description":"","potentialAction":[{"@type":"SearchAction","target":{"@type":"EntryPoint","urlTemplate":"https:\/\/micasa.lv\/lv\/?s={search_term_string}"},"query-input":{"@type":"PropertyValueSpecification","valueRequired":true,"valueName":"search_term_string"}}],"inLanguage":"lv-LV"}]}},"wcpa_form_fields":null,"_links":{"self":[{"href":"https:\/\/micasa.lv\/lv\/wp-json\/wp\/v2\/product\/50430","targetHints":{"allow":["GET"]}}],"collection":[{"href":"https:\/\/micasa.lv\/lv\/wp-json\/wp\/v2\/product"}],"about":[{"href":"https:\/\/micasa.lv\/lv\/wp-json\/wp\/v2\/types\/product"}],"version-history":[{"count":1,"href":"https:\/\/micasa.lv\/lv\/wp-json\/wp\/v2\/product\/50430\/revisions"}],"predecessor-version":[{"id":50457,"href":"https:\/\/micasa.lv\/lv\/wp-json\/wp\/v2\/product\/50430\/revisions\/50457"}],"wp:featuredmedia":[{"embeddable":true,"href":"https:\/\/micasa.lv\/lv\/wp-json\/wp\/v2\/media\/49158"}],"wp:attachment":[{"href":"https:\/\/micasa.lv\/lv\/wp-json\/wp\/v2\/media?parent=50430"}],"wp:term":[{"taxonomy":"product_brand","embeddable":true,"href":"https:\/\/micasa.lv\/lv\/wp-json\/wp\/v2\/product_brand?post=50430"},{"taxonomy":"product_cat","embeddable":true,"href":"https:\/\/micasa.lv\/lv\/wp-json\/wp\/v2\/product_cat?post=50430"},{"taxonomy":"product_tag","embeddable":true,"href":"https:\/\/micasa.lv\/lv\/wp-json\/wp\/v2\/product_tag?post=50430"}],"curies":[{"name":"wp","href":"https:\/\/api.w.org\/{rel}","templated":true}]}}