{"id":50434,"date":"2025-05-16T11:55:58","date_gmt":"2025-05-16T08:55:58","guid":{"rendered":"https:\/\/test.micasa.lv\/?post_type=product&#038;p=50434"},"modified":"2025-06-13T10:45:58","modified_gmt":"2025-06-13T07:45:58","slug":"home-piktogramma-nesmeket-aplis-matets","status":"publish","type":"product","link":"https:\/\/micasa.lv\/lv\/home-piktogramma-nesmeket-aplis-matets\/","title":{"rendered":"HOME: Piktogramma \u2014 nesm\u0113\u0137\u0113t, aplis, mat\u0113ts"},"content":{"rendered":"<p>Produktu l\u012bnija HOME, kas Jums patiks. Ne tikai t\u0101s meistar\u012bbas, bet ar\u012b praktiskuma un ori\u0123inalit\u0101tes d\u0113\u013c. J\u016bs varat izv\u0113l\u0113ties no vair\u0101kiem materi\u0101liem, form\u0101m un izm\u0113riem. \u0160eit atrad\u012bsiet ner\u016bs\u0113jo\u0161\u0101 t\u0113rauda, melnas mat\u0113tas, pul\u0113tas vai sp\u012bd\u012bgas vannas istabas aksesu\u0101rus. Izv\u0113ln\u0113 varat izv\u0113l\u0113ties pakaramos, vannas istabas aksesu\u0101ru komplektus, k\u0101 ar\u012b grozus vai pla\u0161u ikonu izv\u0113li, ko pied\u0101v\u0101jam grav\u0113t\u0101 versij\u0101 vai simbola form\u0101. Ikonas var piel\u012bm\u0113t jebkur, izmantojot l\u012bmlenti, kas atrodas aizmugur\u0113, un atsevi\u0161\u0137i ieg\u0101d\u0101jamo paliktni. Ikonas ir lieliski piem\u0113rotas telpas atz\u012bm\u0113\u0161anai uz durv\u012bm vai jebkur citur, ko vien varat iedom\u0101ties.<\/p>\n","protected":false},"excerpt":{"rendered":"<p>Produktu l\u012bnija HOME, kas Jums patiks. Ne tikai t\u0101s meistar\u012bbas, bet ar\u012b praktiskuma un ori\u0123inalit\u0101tes d\u0113\u013c. J\u016bs varat izv\u0113l\u0113ties no<\/p>\n","protected":false},"featured_media":49107,"template":"","meta":[],"product_brand":[],"product_cat":[1873,1528],"product_tag":[],"class_list":{"0":"post-50434","1":"product","2":"type-product","3":"status-publish","4":"has-post-thumbnail","6":"product_cat-informacijas-piktogrammas","7":"product_cat-vannas-istabas-aksesuari","8":"pa_brand-bemeta-lv","10":"first","11":"instock","12":"taxable","13":"shipping-taxable","14":"purchasable","15":"product-type-simple"},"yoast_head":"<!-- This site is optimized with the Yoast SEO plugin v27.4 - https:\/\/yoast.com\/product\/yoast-seo-wordpress\/ -->\n<title>HOME: Piktogramma \u2014 nesm\u0113\u0137\u0113t, aplis, mat\u0113ts - Micasa<\/title>\n<meta name=\"robots\" content=\"index, follow, max-snippet:-1, max-image-preview:large, max-video-preview:-1\" \/>\n<link rel=\"canonical\" href=\"https:\/\/micasa.lv\/lv\/home-piktogramma-nesmeket-aplis-matets\/\" \/>\n<meta property=\"og:locale\" content=\"lv_LV\" \/>\n<meta property=\"og:type\" content=\"article\" \/>\n<meta property=\"og:title\" content=\"HOME: Piktogramma \u2014 nesm\u0113\u0137\u0113t, aplis, mat\u0113ts - Micasa\" \/>\n<meta property=\"og:description\" content=\"Produktu l\u012bnija HOME, kas Jums patiks. Ne tikai t\u0101s meistar\u012bbas, bet ar\u012b praktiskuma un ori\u0123inalit\u0101tes d\u0113\u013c. J\u016bs varat izv\u0113l\u0113ties no\" \/>\n<meta property=\"og:url\" content=\"https:\/\/micasa.lv\/lv\/home-piktogramma-nesmeket-aplis-matets\/\" \/>\n<meta property=\"og:site_name\" content=\"Micasa\" \/>\n<meta property=\"article:modified_time\" content=\"2025-06-13T07:45:58+00:00\" \/>\n<meta property=\"og:image\" content=\"https:\/\/micasa.lv\/wp-content\/uploads\/2025\/05\/e375a1e69db13de97a0982a9c59a86c7_111055022-velky.jpg\" \/>\n\t<meta property=\"og:image:width\" content=\"500\" \/>\n\t<meta property=\"og:image:height\" content=\"500\" \/>\n\t<meta property=\"og:image:type\" content=\"image\/jpeg\" \/>\n<meta name=\"twitter:card\" content=\"summary_large_image\" \/>\n<meta name=\"twitter:label1\" content=\"Est. reading time\" \/>\n\t<meta name=\"twitter:data1\" content=\"1 minute\" \/>\n<script type=\"application\/ld+json\" class=\"yoast-schema-graph\">{\"@context\":\"https:\\\/\\\/schema.org\",\"@graph\":[{\"@type\":\"WebPage\",\"@id\":\"https:\\\/\\\/micasa.lv\\\/lv\\\/home-piktogramma-nesmeket-aplis-matets\\\/\",\"url\":\"https:\\\/\\\/micasa.lv\\\/lv\\\/home-piktogramma-nesmeket-aplis-matets\\\/\",\"name\":\"HOME: Piktogramma \u2014 nesm\u0113\u0137\u0113t, aplis, mat\u0113ts - Micasa\",\"isPartOf\":{\"@id\":\"https:\\\/\\\/micasa.lv\\\/lv\\\/#website\"},\"primaryImageOfPage\":{\"@id\":\"https:\\\/\\\/micasa.lv\\\/lv\\\/home-piktogramma-nesmeket-aplis-matets\\\/#primaryimage\"},\"image\":{\"@id\":\"https:\\\/\\\/micasa.lv\\\/lv\\\/home-piktogramma-nesmeket-aplis-matets\\\/#primaryimage\"},\"thumbnailUrl\":\"https:\\\/\\\/micasa.lv\\\/wp-content\\\/uploads\\\/2025\\\/05\\\/e375a1e69db13de97a0982a9c59a86c7_111055022-velky.jpg\",\"datePublished\":\"2025-05-16T08:55:58+00:00\",\"dateModified\":\"2025-06-13T07:45:58+00:00\",\"breadcrumb\":{\"@id\":\"https:\\\/\\\/micasa.lv\\\/lv\\\/home-piktogramma-nesmeket-aplis-matets\\\/#breadcrumb\"},\"inLanguage\":\"lv-LV\",\"potentialAction\":[{\"@type\":\"ReadAction\",\"target\":[\"https:\\\/\\\/micasa.lv\\\/lv\\\/home-piktogramma-nesmeket-aplis-matets\\\/\"]}]},{\"@type\":\"ImageObject\",\"inLanguage\":\"lv-LV\",\"@id\":\"https:\\\/\\\/micasa.lv\\\/lv\\\/home-piktogramma-nesmeket-aplis-matets\\\/#primaryimage\",\"url\":\"https:\\\/\\\/micasa.lv\\\/wp-content\\\/uploads\\\/2025\\\/05\\\/e375a1e69db13de97a0982a9c59a86c7_111055022-velky.jpg\",\"contentUrl\":\"https:\\\/\\\/micasa.lv\\\/wp-content\\\/uploads\\\/2025\\\/05\\\/e375a1e69db13de97a0982a9c59a86c7_111055022-velky.jpg\",\"width\":500,\"height\":500},{\"@type\":\"BreadcrumbList\",\"@id\":\"https:\\\/\\\/micasa.lv\\\/lv\\\/home-piktogramma-nesmeket-aplis-matets\\\/#breadcrumb\",\"itemListElement\":[{\"@type\":\"ListItem\",\"position\":1,\"name\":\"S\u0101kums\",\"item\":\"https:\\\/\\\/micasa.lv\\\/lv\\\/micasa\\\/\"},{\"@type\":\"ListItem\",\"position\":2,\"name\":\"Shop\",\"item\":\"https:\\\/\\\/micasa.lv\\\/lv\\\/shop\\\/\"},{\"@type\":\"ListItem\",\"position\":3,\"name\":\"HOME: Piktogramma \u2014 nesm\u0113\u0137\u0113t, aplis, mat\u0113ts\"}]},{\"@type\":\"WebSite\",\"@id\":\"https:\\\/\\\/micasa.lv\\\/lv\\\/#website\",\"url\":\"https:\\\/\\\/micasa.lv\\\/lv\\\/\",\"name\":\"Micasa\",\"description\":\"\",\"potentialAction\":[{\"@type\":\"SearchAction\",\"target\":{\"@type\":\"EntryPoint\",\"urlTemplate\":\"https:\\\/\\\/micasa.lv\\\/lv\\\/?s={search_term_string}\"},\"query-input\":{\"@type\":\"PropertyValueSpecification\",\"valueRequired\":true,\"valueName\":\"search_term_string\"}}],\"inLanguage\":\"lv-LV\"}]}<\/script>\n<!-- \/ Yoast SEO plugin. -->","yoast_head_json":{"title":"HOME: Piktogramma \u2014 nesm\u0113\u0137\u0113t, aplis, mat\u0113ts - Micasa","robots":{"index":"index","follow":"follow","max-snippet":"max-snippet:-1","max-image-preview":"max-image-preview:large","max-video-preview":"max-video-preview:-1"},"canonical":"https:\/\/micasa.lv\/lv\/home-piktogramma-nesmeket-aplis-matets\/","og_locale":"lv_LV","og_type":"article","og_title":"HOME: Piktogramma \u2014 nesm\u0113\u0137\u0113t, aplis, mat\u0113ts - Micasa","og_description":"Produktu l\u012bnija HOME, kas Jums patiks. Ne tikai t\u0101s meistar\u012bbas, bet ar\u012b praktiskuma un ori\u0123inalit\u0101tes d\u0113\u013c. J\u016bs varat izv\u0113l\u0113ties no","og_url":"https:\/\/micasa.lv\/lv\/home-piktogramma-nesmeket-aplis-matets\/","og_site_name":"Micasa","article_modified_time":"2025-06-13T07:45:58+00:00","og_image":[{"width":500,"height":500,"url":"https:\/\/micasa.lv\/wp-content\/uploads\/2025\/05\/e375a1e69db13de97a0982a9c59a86c7_111055022-velky.jpg","type":"image\/jpeg"}],"twitter_card":"summary_large_image","twitter_misc":{"Est. reading time":"1 minute"},"schema":{"@context":"https:\/\/schema.org","@graph":[{"@type":"WebPage","@id":"https:\/\/micasa.lv\/lv\/home-piktogramma-nesmeket-aplis-matets\/","url":"https:\/\/micasa.lv\/lv\/home-piktogramma-nesmeket-aplis-matets\/","name":"HOME: Piktogramma \u2014 nesm\u0113\u0137\u0113t, aplis, mat\u0113ts - Micasa","isPartOf":{"@id":"https:\/\/micasa.lv\/lv\/#website"},"primaryImageOfPage":{"@id":"https:\/\/micasa.lv\/lv\/home-piktogramma-nesmeket-aplis-matets\/#primaryimage"},"image":{"@id":"https:\/\/micasa.lv\/lv\/home-piktogramma-nesmeket-aplis-matets\/#primaryimage"},"thumbnailUrl":"https:\/\/micasa.lv\/wp-content\/uploads\/2025\/05\/e375a1e69db13de97a0982a9c59a86c7_111055022-velky.jpg","datePublished":"2025-05-16T08:55:58+00:00","dateModified":"2025-06-13T07:45:58+00:00","breadcrumb":{"@id":"https:\/\/micasa.lv\/lv\/home-piktogramma-nesmeket-aplis-matets\/#breadcrumb"},"inLanguage":"lv-LV","potentialAction":[{"@type":"ReadAction","target":["https:\/\/micasa.lv\/lv\/home-piktogramma-nesmeket-aplis-matets\/"]}]},{"@type":"ImageObject","inLanguage":"lv-LV","@id":"https:\/\/micasa.lv\/lv\/home-piktogramma-nesmeket-aplis-matets\/#primaryimage","url":"https:\/\/micasa.lv\/wp-content\/uploads\/2025\/05\/e375a1e69db13de97a0982a9c59a86c7_111055022-velky.jpg","contentUrl":"https:\/\/micasa.lv\/wp-content\/uploads\/2025\/05\/e375a1e69db13de97a0982a9c59a86c7_111055022-velky.jpg","width":500,"height":500},{"@type":"BreadcrumbList","@id":"https:\/\/micasa.lv\/lv\/home-piktogramma-nesmeket-aplis-matets\/#breadcrumb","itemListElement":[{"@type":"ListItem","position":1,"name":"S\u0101kums","item":"https:\/\/micasa.lv\/lv\/micasa\/"},{"@type":"ListItem","position":2,"name":"Shop","item":"https:\/\/micasa.lv\/lv\/shop\/"},{"@type":"ListItem","position":3,"name":"HOME: Piktogramma \u2014 nesm\u0113\u0137\u0113t, aplis, mat\u0113ts"}]},{"@type":"WebSite","@id":"https:\/\/micasa.lv\/lv\/#website","url":"https:\/\/micasa.lv\/lv\/","name":"Micasa","description":"","potentialAction":[{"@type":"SearchAction","target":{"@type":"EntryPoint","urlTemplate":"https:\/\/micasa.lv\/lv\/?s={search_term_string}"},"query-input":{"@type":"PropertyValueSpecification","valueRequired":true,"valueName":"search_term_string"}}],"inLanguage":"lv-LV"}]}},"wcpa_form_fields":null,"_links":{"self":[{"href":"https:\/\/micasa.lv\/lv\/wp-json\/wp\/v2\/product\/50434","targetHints":{"allow":["GET"]}}],"collection":[{"href":"https:\/\/micasa.lv\/lv\/wp-json\/wp\/v2\/product"}],"about":[{"href":"https:\/\/micasa.lv\/lv\/wp-json\/wp\/v2\/types\/product"}],"version-history":[{"count":1,"href":"https:\/\/micasa.lv\/lv\/wp-json\/wp\/v2\/product\/50434\/revisions"}],"predecessor-version":[{"id":50461,"href":"https:\/\/micasa.lv\/lv\/wp-json\/wp\/v2\/product\/50434\/revisions\/50461"}],"wp:featuredmedia":[{"embeddable":true,"href":"https:\/\/micasa.lv\/lv\/wp-json\/wp\/v2\/media\/49107"}],"wp:attachment":[{"href":"https:\/\/micasa.lv\/lv\/wp-json\/wp\/v2\/media?parent=50434"}],"wp:term":[{"taxonomy":"product_brand","embeddable":true,"href":"https:\/\/micasa.lv\/lv\/wp-json\/wp\/v2\/product_brand?post=50434"},{"taxonomy":"product_cat","embeddable":true,"href":"https:\/\/micasa.lv\/lv\/wp-json\/wp\/v2\/product_cat?post=50434"},{"taxonomy":"product_tag","embeddable":true,"href":"https:\/\/micasa.lv\/lv\/wp-json\/wp\/v2\/product_tag?post=50434"}],"curies":[{"name":"wp","href":"https:\/\/api.w.org\/{rel}","templated":true}]}}