{"id":50437,"date":"2025-05-16T11:55:58","date_gmt":"2025-05-16T08:55:58","guid":{"rendered":"https:\/\/test.micasa.lv\/?post_type=product&#038;p=50437"},"modified":"2025-06-13T10:45:59","modified_gmt":"2025-06-13T07:45:59","slug":"papira-dvielu-dozators-245-mm-nerusejosa-terauda-balts","status":"publish","type":"product","link":"https:\/\/micasa.lv\/lv\/papira-dvielu-dozators-245-mm-nerusejosa-terauda-balts\/","title":{"rendered":"Pap\u012bra dvie\u013cu dozators, 245 mm, ner\u016bs\u0113jo\u0161\u0101 t\u0113rauda, balts"},"content":{"rendered":"<p>M\u0113s ra\u017eojam papl\u0101tes no ner\u016bs\u0113jo\u0161\u0101 t\u0113rauda, j\u016bs varat izv\u0113l\u0113ties sp\u012bd\u012bgu ner\u016bs\u0113jo\u0161o t\u0113raudu, birst\u0113tu ner\u016bs\u0113jo\u0161o t\u0113raudu vai baltu ner\u016bs\u0113jo\u0161o t\u0113raudu. Sanit\u0101rtehnikas izstr\u0101d\u0101jumu ietilp\u012bba ir individu\u0101la atkar\u012bb\u0101 no konkr\u0113t\u0101 produkta.<\/p>\n","protected":false},"excerpt":{"rendered":"<p>M\u0113s ra\u017eojam papl\u0101tes no ner\u016bs\u0113jo\u0161\u0101 t\u0113rauda, j\u016bs varat izv\u0113l\u0113ties sp\u012bd\u012bgu ner\u016bs\u0113jo\u0161o t\u0113raudu, birst\u0113tu ner\u016bs\u0113jo\u0161o t\u0113raudu vai baltu ner\u016bs\u0113jo\u0161o t\u0113raudu. Sanit\u0101rtehnikas<\/p>\n","protected":false},"featured_media":49125,"template":"","meta":[],"product_brand":[],"product_cat":[1875,1528],"product_tag":[],"class_list":{"0":"post-50437","1":"product","2":"type-product","3":"status-publish","4":"has-post-thumbnail","6":"product_cat-papira-dvielu-dozatori","7":"product_cat-vannas-istabas-aksesuari","8":"pa_brand-bemeta-lv","10":"first","11":"instock","12":"taxable","13":"shipping-taxable","14":"purchasable","15":"product-type-simple"},"yoast_head":"<!-- This site is optimized with the Yoast SEO plugin v27.4 - https:\/\/yoast.com\/product\/yoast-seo-wordpress\/ -->\n<title>Pap\u012bra dvie\u013cu dozators, 245 mm, ner\u016bs\u0113jo\u0161\u0101 t\u0113rauda, balts - Micasa<\/title>\n<meta name=\"robots\" content=\"index, follow, max-snippet:-1, max-image-preview:large, max-video-preview:-1\" \/>\n<link rel=\"canonical\" href=\"https:\/\/micasa.lv\/lv\/papira-dvielu-dozators-245-mm-nerusejosa-terauda-balts\/\" \/>\n<meta property=\"og:locale\" content=\"lv_LV\" \/>\n<meta property=\"og:type\" content=\"article\" \/>\n<meta property=\"og:title\" content=\"Pap\u012bra dvie\u013cu dozators, 245 mm, ner\u016bs\u0113jo\u0161\u0101 t\u0113rauda, balts - Micasa\" \/>\n<meta property=\"og:description\" content=\"M\u0113s ra\u017eojam papl\u0101tes no ner\u016bs\u0113jo\u0161\u0101 t\u0113rauda, j\u016bs varat izv\u0113l\u0113ties sp\u012bd\u012bgu ner\u016bs\u0113jo\u0161o t\u0113raudu, birst\u0113tu ner\u016bs\u0113jo\u0161o t\u0113raudu vai baltu ner\u016bs\u0113jo\u0161o t\u0113raudu. Sanit\u0101rtehnikas\" \/>\n<meta property=\"og:url\" content=\"https:\/\/micasa.lv\/lv\/papira-dvielu-dozators-245-mm-nerusejosa-terauda-balts\/\" \/>\n<meta property=\"og:site_name\" content=\"Micasa\" \/>\n<meta property=\"article:modified_time\" content=\"2025-06-13T07:45:59+00:00\" \/>\n<meta property=\"og:image\" content=\"https:\/\/micasa.lv\/wp-content\/uploads\/2025\/05\/f4e410ff4643c859e9cc5f02aedb2126_113103034-velky.jpg\" \/>\n\t<meta property=\"og:image:width\" content=\"500\" \/>\n\t<meta property=\"og:image:height\" content=\"500\" \/>\n\t<meta property=\"og:image:type\" content=\"image\/jpeg\" \/>\n<meta name=\"twitter:card\" content=\"summary_large_image\" \/>\n<script type=\"application\/ld+json\" class=\"yoast-schema-graph\">{\"@context\":\"https:\\\/\\\/schema.org\",\"@graph\":[{\"@type\":\"WebPage\",\"@id\":\"https:\\\/\\\/micasa.lv\\\/lv\\\/papira-dvielu-dozators-245-mm-nerusejosa-terauda-balts\\\/\",\"url\":\"https:\\\/\\\/micasa.lv\\\/lv\\\/papira-dvielu-dozators-245-mm-nerusejosa-terauda-balts\\\/\",\"name\":\"Pap\u012bra dvie\u013cu dozators, 245 mm, ner\u016bs\u0113jo\u0161\u0101 t\u0113rauda, balts - Micasa\",\"isPartOf\":{\"@id\":\"https:\\\/\\\/micasa.lv\\\/lv\\\/#website\"},\"primaryImageOfPage\":{\"@id\":\"https:\\\/\\\/micasa.lv\\\/lv\\\/papira-dvielu-dozators-245-mm-nerusejosa-terauda-balts\\\/#primaryimage\"},\"image\":{\"@id\":\"https:\\\/\\\/micasa.lv\\\/lv\\\/papira-dvielu-dozators-245-mm-nerusejosa-terauda-balts\\\/#primaryimage\"},\"thumbnailUrl\":\"https:\\\/\\\/micasa.lv\\\/wp-content\\\/uploads\\\/2025\\\/05\\\/f4e410ff4643c859e9cc5f02aedb2126_113103034-velky.jpg\",\"datePublished\":\"2025-05-16T08:55:58+00:00\",\"dateModified\":\"2025-06-13T07:45:59+00:00\",\"breadcrumb\":{\"@id\":\"https:\\\/\\\/micasa.lv\\\/lv\\\/papira-dvielu-dozators-245-mm-nerusejosa-terauda-balts\\\/#breadcrumb\"},\"inLanguage\":\"lv-LV\",\"potentialAction\":[{\"@type\":\"ReadAction\",\"target\":[\"https:\\\/\\\/micasa.lv\\\/lv\\\/papira-dvielu-dozators-245-mm-nerusejosa-terauda-balts\\\/\"]}]},{\"@type\":\"ImageObject\",\"inLanguage\":\"lv-LV\",\"@id\":\"https:\\\/\\\/micasa.lv\\\/lv\\\/papira-dvielu-dozators-245-mm-nerusejosa-terauda-balts\\\/#primaryimage\",\"url\":\"https:\\\/\\\/micasa.lv\\\/wp-content\\\/uploads\\\/2025\\\/05\\\/f4e410ff4643c859e9cc5f02aedb2126_113103034-velky.jpg\",\"contentUrl\":\"https:\\\/\\\/micasa.lv\\\/wp-content\\\/uploads\\\/2025\\\/05\\\/f4e410ff4643c859e9cc5f02aedb2126_113103034-velky.jpg\",\"width\":500,\"height\":500},{\"@type\":\"BreadcrumbList\",\"@id\":\"https:\\\/\\\/micasa.lv\\\/lv\\\/papira-dvielu-dozators-245-mm-nerusejosa-terauda-balts\\\/#breadcrumb\",\"itemListElement\":[{\"@type\":\"ListItem\",\"position\":1,\"name\":\"S\u0101kums\",\"item\":\"https:\\\/\\\/micasa.lv\\\/lv\\\/micasa\\\/\"},{\"@type\":\"ListItem\",\"position\":2,\"name\":\"Shop\",\"item\":\"https:\\\/\\\/micasa.lv\\\/lv\\\/shop\\\/\"},{\"@type\":\"ListItem\",\"position\":3,\"name\":\"Pap\u012bra dvie\u013cu dozators, 245 mm, ner\u016bs\u0113jo\u0161\u0101 t\u0113rauda, balts\"}]},{\"@type\":\"WebSite\",\"@id\":\"https:\\\/\\\/micasa.lv\\\/lv\\\/#website\",\"url\":\"https:\\\/\\\/micasa.lv\\\/lv\\\/\",\"name\":\"Micasa\",\"description\":\"\",\"potentialAction\":[{\"@type\":\"SearchAction\",\"target\":{\"@type\":\"EntryPoint\",\"urlTemplate\":\"https:\\\/\\\/micasa.lv\\\/lv\\\/?s={search_term_string}\"},\"query-input\":{\"@type\":\"PropertyValueSpecification\",\"valueRequired\":true,\"valueName\":\"search_term_string\"}}],\"inLanguage\":\"lv-LV\"}]}<\/script>\n<!-- \/ Yoast SEO plugin. -->","yoast_head_json":{"title":"Pap\u012bra dvie\u013cu dozators, 245 mm, ner\u016bs\u0113jo\u0161\u0101 t\u0113rauda, balts - Micasa","robots":{"index":"index","follow":"follow","max-snippet":"max-snippet:-1","max-image-preview":"max-image-preview:large","max-video-preview":"max-video-preview:-1"},"canonical":"https:\/\/micasa.lv\/lv\/papira-dvielu-dozators-245-mm-nerusejosa-terauda-balts\/","og_locale":"lv_LV","og_type":"article","og_title":"Pap\u012bra dvie\u013cu dozators, 245 mm, ner\u016bs\u0113jo\u0161\u0101 t\u0113rauda, balts - Micasa","og_description":"M\u0113s ra\u017eojam papl\u0101tes no ner\u016bs\u0113jo\u0161\u0101 t\u0113rauda, j\u016bs varat izv\u0113l\u0113ties sp\u012bd\u012bgu ner\u016bs\u0113jo\u0161o t\u0113raudu, birst\u0113tu ner\u016bs\u0113jo\u0161o t\u0113raudu vai baltu ner\u016bs\u0113jo\u0161o t\u0113raudu. Sanit\u0101rtehnikas","og_url":"https:\/\/micasa.lv\/lv\/papira-dvielu-dozators-245-mm-nerusejosa-terauda-balts\/","og_site_name":"Micasa","article_modified_time":"2025-06-13T07:45:59+00:00","og_image":[{"width":500,"height":500,"url":"https:\/\/micasa.lv\/wp-content\/uploads\/2025\/05\/f4e410ff4643c859e9cc5f02aedb2126_113103034-velky.jpg","type":"image\/jpeg"}],"twitter_card":"summary_large_image","schema":{"@context":"https:\/\/schema.org","@graph":[{"@type":"WebPage","@id":"https:\/\/micasa.lv\/lv\/papira-dvielu-dozators-245-mm-nerusejosa-terauda-balts\/","url":"https:\/\/micasa.lv\/lv\/papira-dvielu-dozators-245-mm-nerusejosa-terauda-balts\/","name":"Pap\u012bra dvie\u013cu dozators, 245 mm, ner\u016bs\u0113jo\u0161\u0101 t\u0113rauda, balts - Micasa","isPartOf":{"@id":"https:\/\/micasa.lv\/lv\/#website"},"primaryImageOfPage":{"@id":"https:\/\/micasa.lv\/lv\/papira-dvielu-dozators-245-mm-nerusejosa-terauda-balts\/#primaryimage"},"image":{"@id":"https:\/\/micasa.lv\/lv\/papira-dvielu-dozators-245-mm-nerusejosa-terauda-balts\/#primaryimage"},"thumbnailUrl":"https:\/\/micasa.lv\/wp-content\/uploads\/2025\/05\/f4e410ff4643c859e9cc5f02aedb2126_113103034-velky.jpg","datePublished":"2025-05-16T08:55:58+00:00","dateModified":"2025-06-13T07:45:59+00:00","breadcrumb":{"@id":"https:\/\/micasa.lv\/lv\/papira-dvielu-dozators-245-mm-nerusejosa-terauda-balts\/#breadcrumb"},"inLanguage":"lv-LV","potentialAction":[{"@type":"ReadAction","target":["https:\/\/micasa.lv\/lv\/papira-dvielu-dozators-245-mm-nerusejosa-terauda-balts\/"]}]},{"@type":"ImageObject","inLanguage":"lv-LV","@id":"https:\/\/micasa.lv\/lv\/papira-dvielu-dozators-245-mm-nerusejosa-terauda-balts\/#primaryimage","url":"https:\/\/micasa.lv\/wp-content\/uploads\/2025\/05\/f4e410ff4643c859e9cc5f02aedb2126_113103034-velky.jpg","contentUrl":"https:\/\/micasa.lv\/wp-content\/uploads\/2025\/05\/f4e410ff4643c859e9cc5f02aedb2126_113103034-velky.jpg","width":500,"height":500},{"@type":"BreadcrumbList","@id":"https:\/\/micasa.lv\/lv\/papira-dvielu-dozators-245-mm-nerusejosa-terauda-balts\/#breadcrumb","itemListElement":[{"@type":"ListItem","position":1,"name":"S\u0101kums","item":"https:\/\/micasa.lv\/lv\/micasa\/"},{"@type":"ListItem","position":2,"name":"Shop","item":"https:\/\/micasa.lv\/lv\/shop\/"},{"@type":"ListItem","position":3,"name":"Pap\u012bra dvie\u013cu dozators, 245 mm, ner\u016bs\u0113jo\u0161\u0101 t\u0113rauda, balts"}]},{"@type":"WebSite","@id":"https:\/\/micasa.lv\/lv\/#website","url":"https:\/\/micasa.lv\/lv\/","name":"Micasa","description":"","potentialAction":[{"@type":"SearchAction","target":{"@type":"EntryPoint","urlTemplate":"https:\/\/micasa.lv\/lv\/?s={search_term_string}"},"query-input":{"@type":"PropertyValueSpecification","valueRequired":true,"valueName":"search_term_string"}}],"inLanguage":"lv-LV"}]}},"wcpa_form_fields":null,"_links":{"self":[{"href":"https:\/\/micasa.lv\/lv\/wp-json\/wp\/v2\/product\/50437","targetHints":{"allow":["GET"]}}],"collection":[{"href":"https:\/\/micasa.lv\/lv\/wp-json\/wp\/v2\/product"}],"about":[{"href":"https:\/\/micasa.lv\/lv\/wp-json\/wp\/v2\/types\/product"}],"version-history":[{"count":1,"href":"https:\/\/micasa.lv\/lv\/wp-json\/wp\/v2\/product\/50437\/revisions"}],"predecessor-version":[{"id":50464,"href":"https:\/\/micasa.lv\/lv\/wp-json\/wp\/v2\/product\/50437\/revisions\/50464"}],"wp:featuredmedia":[{"embeddable":true,"href":"https:\/\/micasa.lv\/lv\/wp-json\/wp\/v2\/media\/49125"}],"wp:attachment":[{"href":"https:\/\/micasa.lv\/lv\/wp-json\/wp\/v2\/media?parent=50437"}],"wp:term":[{"taxonomy":"product_brand","embeddable":true,"href":"https:\/\/micasa.lv\/lv\/wp-json\/wp\/v2\/product_brand?post=50437"},{"taxonomy":"product_cat","embeddable":true,"href":"https:\/\/micasa.lv\/lv\/wp-json\/wp\/v2\/product_cat?post=50437"},{"taxonomy":"product_tag","embeddable":true,"href":"https:\/\/micasa.lv\/lv\/wp-json\/wp\/v2\/product_tag?post=50437"}],"curies":[{"name":"wp","href":"https:\/\/api.w.org\/{rel}","templated":true}]}}