{"id":50469,"date":"2025-05-16T11:55:59","date_gmt":"2025-05-16T08:55:59","guid":{"rendered":"https:\/\/test.micasa.lv\/?post_type=product&#038;p=50469"},"modified":"2025-06-13T10:46:01","modified_gmt":"2025-06-13T07:46:01","slug":"pie-sienas-stiprinams-atkritumu-konteiners-5-l-nerusejosa-terauda-balta","status":"publish","type":"product","link":"https:\/\/micasa.lv\/lv\/pie-sienas-stiprinams-atkritumu-konteiners-5-l-nerusejosa-terauda-balta\/","title":{"rendered":"Pie sienas stiprin\u0101ms atkritumu konteiners, 5 l, ner\u016bs\u0113jo\u0161\u0101 t\u0113rauda, balta"},"content":{"rendered":"<p>Atkritumu tvertnes ir izgatavotas no ner\u016bs\u0113jo\u0161\u0101 t\u0113rauda, j\u016bs varat izv\u0113l\u0113ties sp\u012bd\u012bgu ner\u016bs\u0113jo\u0161o t\u0113raudu, birst\u0113tu ner\u016bs\u0113jo\u0161o t\u0113raudu vai baltu ner\u016bs\u0113jo\u0161o t\u0113raudu.<\/p>\n","protected":false},"excerpt":{"rendered":"<p>Atkritumu tvertnes ir izgatavotas no ner\u016bs\u0113jo\u0161\u0101 t\u0113rauda, j\u016bs varat izv\u0113l\u0113ties sp\u012bd\u012bgu ner\u016bs\u0113jo\u0161o t\u0113raudu, birst\u0113tu ner\u016bs\u0113jo\u0161o t\u0113raudu vai baltu ner\u016bs\u0113jo\u0161o t\u0113raudu.<\/p>\n","protected":false},"featured_media":49356,"template":"","meta":[],"product_brand":[],"product_cat":[1879,1528],"product_tag":[],"class_list":{"0":"post-50469","1":"product","2":"type-product","3":"status-publish","4":"has-post-thumbnail","6":"product_cat-atkritumu-tvertnes","7":"product_cat-vannas-istabas-aksesuari","8":"pa_brand-bemeta-lv","10":"first","11":"instock","12":"taxable","13":"shipping-taxable","14":"purchasable","15":"product-type-simple"},"yoast_head":"<!-- This site is optimized with the Yoast SEO plugin v27.4 - https:\/\/yoast.com\/product\/yoast-seo-wordpress\/ -->\n<title>Pie sienas stiprin\u0101ms atkritumu konteiners, 5 l, ner\u016bs\u0113jo\u0161\u0101 t\u0113rauda, balta - Micasa<\/title>\n<meta name=\"robots\" content=\"index, follow, max-snippet:-1, max-image-preview:large, max-video-preview:-1\" \/>\n<link rel=\"canonical\" href=\"https:\/\/micasa.lv\/lv\/pie-sienas-stiprinams-atkritumu-konteiners-5-l-nerusejosa-terauda-balta\/\" \/>\n<meta property=\"og:locale\" content=\"lv_LV\" \/>\n<meta property=\"og:type\" content=\"article\" \/>\n<meta property=\"og:title\" content=\"Pie sienas stiprin\u0101ms atkritumu konteiners, 5 l, ner\u016bs\u0113jo\u0161\u0101 t\u0113rauda, balta - Micasa\" \/>\n<meta property=\"og:description\" content=\"Atkritumu tvertnes ir izgatavotas no ner\u016bs\u0113jo\u0161\u0101 t\u0113rauda, j\u016bs varat izv\u0113l\u0113ties sp\u012bd\u012bgu ner\u016bs\u0113jo\u0161o t\u0113raudu, birst\u0113tu ner\u016bs\u0113jo\u0161o t\u0113raudu vai baltu ner\u016bs\u0113jo\u0161o t\u0113raudu.\" \/>\n<meta property=\"og:url\" content=\"https:\/\/micasa.lv\/lv\/pie-sienas-stiprinams-atkritumu-konteiners-5-l-nerusejosa-terauda-balta\/\" \/>\n<meta property=\"og:site_name\" content=\"Micasa\" \/>\n<meta property=\"article:modified_time\" content=\"2025-06-13T07:46:01+00:00\" \/>\n<meta property=\"og:image\" content=\"https:\/\/micasa.lv\/wp-content\/uploads\/2025\/05\/ba0fd2843446d7a4b3b19e513a87e872_105115054-velky.jpg\" \/>\n\t<meta property=\"og:image:width\" content=\"500\" \/>\n\t<meta property=\"og:image:height\" content=\"500\" \/>\n\t<meta property=\"og:image:type\" content=\"image\/jpeg\" \/>\n<meta name=\"twitter:card\" content=\"summary_large_image\" \/>\n<script type=\"application\/ld+json\" class=\"yoast-schema-graph\">{\"@context\":\"https:\\\/\\\/schema.org\",\"@graph\":[{\"@type\":\"WebPage\",\"@id\":\"https:\\\/\\\/micasa.lv\\\/lv\\\/pie-sienas-stiprinams-atkritumu-konteiners-5-l-nerusejosa-terauda-balta\\\/\",\"url\":\"https:\\\/\\\/micasa.lv\\\/lv\\\/pie-sienas-stiprinams-atkritumu-konteiners-5-l-nerusejosa-terauda-balta\\\/\",\"name\":\"Pie sienas stiprin\u0101ms atkritumu konteiners, 5 l, ner\u016bs\u0113jo\u0161\u0101 t\u0113rauda, balta - Micasa\",\"isPartOf\":{\"@id\":\"https:\\\/\\\/micasa.lv\\\/lv\\\/#website\"},\"primaryImageOfPage\":{\"@id\":\"https:\\\/\\\/micasa.lv\\\/lv\\\/pie-sienas-stiprinams-atkritumu-konteiners-5-l-nerusejosa-terauda-balta\\\/#primaryimage\"},\"image\":{\"@id\":\"https:\\\/\\\/micasa.lv\\\/lv\\\/pie-sienas-stiprinams-atkritumu-konteiners-5-l-nerusejosa-terauda-balta\\\/#primaryimage\"},\"thumbnailUrl\":\"https:\\\/\\\/micasa.lv\\\/wp-content\\\/uploads\\\/2025\\\/05\\\/ba0fd2843446d7a4b3b19e513a87e872_105115054-velky.jpg\",\"datePublished\":\"2025-05-16T08:55:59+00:00\",\"dateModified\":\"2025-06-13T07:46:01+00:00\",\"breadcrumb\":{\"@id\":\"https:\\\/\\\/micasa.lv\\\/lv\\\/pie-sienas-stiprinams-atkritumu-konteiners-5-l-nerusejosa-terauda-balta\\\/#breadcrumb\"},\"inLanguage\":\"lv-LV\",\"potentialAction\":[{\"@type\":\"ReadAction\",\"target\":[\"https:\\\/\\\/micasa.lv\\\/lv\\\/pie-sienas-stiprinams-atkritumu-konteiners-5-l-nerusejosa-terauda-balta\\\/\"]}]},{\"@type\":\"ImageObject\",\"inLanguage\":\"lv-LV\",\"@id\":\"https:\\\/\\\/micasa.lv\\\/lv\\\/pie-sienas-stiprinams-atkritumu-konteiners-5-l-nerusejosa-terauda-balta\\\/#primaryimage\",\"url\":\"https:\\\/\\\/micasa.lv\\\/wp-content\\\/uploads\\\/2025\\\/05\\\/ba0fd2843446d7a4b3b19e513a87e872_105115054-velky.jpg\",\"contentUrl\":\"https:\\\/\\\/micasa.lv\\\/wp-content\\\/uploads\\\/2025\\\/05\\\/ba0fd2843446d7a4b3b19e513a87e872_105115054-velky.jpg\",\"width\":500,\"height\":500},{\"@type\":\"BreadcrumbList\",\"@id\":\"https:\\\/\\\/micasa.lv\\\/lv\\\/pie-sienas-stiprinams-atkritumu-konteiners-5-l-nerusejosa-terauda-balta\\\/#breadcrumb\",\"itemListElement\":[{\"@type\":\"ListItem\",\"position\":1,\"name\":\"S\u0101kums\",\"item\":\"https:\\\/\\\/micasa.lv\\\/lv\\\/micasa\\\/\"},{\"@type\":\"ListItem\",\"position\":2,\"name\":\"Shop\",\"item\":\"https:\\\/\\\/micasa.lv\\\/lv\\\/shop\\\/\"},{\"@type\":\"ListItem\",\"position\":3,\"name\":\"Pie sienas stiprin\u0101ms atkritumu konteiners, 5 l, ner\u016bs\u0113jo\u0161\u0101 t\u0113rauda, balta\"}]},{\"@type\":\"WebSite\",\"@id\":\"https:\\\/\\\/micasa.lv\\\/lv\\\/#website\",\"url\":\"https:\\\/\\\/micasa.lv\\\/lv\\\/\",\"name\":\"Micasa\",\"description\":\"\",\"potentialAction\":[{\"@type\":\"SearchAction\",\"target\":{\"@type\":\"EntryPoint\",\"urlTemplate\":\"https:\\\/\\\/micasa.lv\\\/lv\\\/?s={search_term_string}\"},\"query-input\":{\"@type\":\"PropertyValueSpecification\",\"valueRequired\":true,\"valueName\":\"search_term_string\"}}],\"inLanguage\":\"lv-LV\"}]}<\/script>\n<!-- \/ Yoast SEO plugin. -->","yoast_head_json":{"title":"Pie sienas stiprin\u0101ms atkritumu konteiners, 5 l, ner\u016bs\u0113jo\u0161\u0101 t\u0113rauda, balta - Micasa","robots":{"index":"index","follow":"follow","max-snippet":"max-snippet:-1","max-image-preview":"max-image-preview:large","max-video-preview":"max-video-preview:-1"},"canonical":"https:\/\/micasa.lv\/lv\/pie-sienas-stiprinams-atkritumu-konteiners-5-l-nerusejosa-terauda-balta\/","og_locale":"lv_LV","og_type":"article","og_title":"Pie sienas stiprin\u0101ms atkritumu konteiners, 5 l, ner\u016bs\u0113jo\u0161\u0101 t\u0113rauda, balta - Micasa","og_description":"Atkritumu tvertnes ir izgatavotas no ner\u016bs\u0113jo\u0161\u0101 t\u0113rauda, j\u016bs varat izv\u0113l\u0113ties sp\u012bd\u012bgu ner\u016bs\u0113jo\u0161o t\u0113raudu, birst\u0113tu ner\u016bs\u0113jo\u0161o t\u0113raudu vai baltu ner\u016bs\u0113jo\u0161o t\u0113raudu.","og_url":"https:\/\/micasa.lv\/lv\/pie-sienas-stiprinams-atkritumu-konteiners-5-l-nerusejosa-terauda-balta\/","og_site_name":"Micasa","article_modified_time":"2025-06-13T07:46:01+00:00","og_image":[{"width":500,"height":500,"url":"https:\/\/micasa.lv\/wp-content\/uploads\/2025\/05\/ba0fd2843446d7a4b3b19e513a87e872_105115054-velky.jpg","type":"image\/jpeg"}],"twitter_card":"summary_large_image","schema":{"@context":"https:\/\/schema.org","@graph":[{"@type":"WebPage","@id":"https:\/\/micasa.lv\/lv\/pie-sienas-stiprinams-atkritumu-konteiners-5-l-nerusejosa-terauda-balta\/","url":"https:\/\/micasa.lv\/lv\/pie-sienas-stiprinams-atkritumu-konteiners-5-l-nerusejosa-terauda-balta\/","name":"Pie sienas stiprin\u0101ms atkritumu konteiners, 5 l, ner\u016bs\u0113jo\u0161\u0101 t\u0113rauda, balta - Micasa","isPartOf":{"@id":"https:\/\/micasa.lv\/lv\/#website"},"primaryImageOfPage":{"@id":"https:\/\/micasa.lv\/lv\/pie-sienas-stiprinams-atkritumu-konteiners-5-l-nerusejosa-terauda-balta\/#primaryimage"},"image":{"@id":"https:\/\/micasa.lv\/lv\/pie-sienas-stiprinams-atkritumu-konteiners-5-l-nerusejosa-terauda-balta\/#primaryimage"},"thumbnailUrl":"https:\/\/micasa.lv\/wp-content\/uploads\/2025\/05\/ba0fd2843446d7a4b3b19e513a87e872_105115054-velky.jpg","datePublished":"2025-05-16T08:55:59+00:00","dateModified":"2025-06-13T07:46:01+00:00","breadcrumb":{"@id":"https:\/\/micasa.lv\/lv\/pie-sienas-stiprinams-atkritumu-konteiners-5-l-nerusejosa-terauda-balta\/#breadcrumb"},"inLanguage":"lv-LV","potentialAction":[{"@type":"ReadAction","target":["https:\/\/micasa.lv\/lv\/pie-sienas-stiprinams-atkritumu-konteiners-5-l-nerusejosa-terauda-balta\/"]}]},{"@type":"ImageObject","inLanguage":"lv-LV","@id":"https:\/\/micasa.lv\/lv\/pie-sienas-stiprinams-atkritumu-konteiners-5-l-nerusejosa-terauda-balta\/#primaryimage","url":"https:\/\/micasa.lv\/wp-content\/uploads\/2025\/05\/ba0fd2843446d7a4b3b19e513a87e872_105115054-velky.jpg","contentUrl":"https:\/\/micasa.lv\/wp-content\/uploads\/2025\/05\/ba0fd2843446d7a4b3b19e513a87e872_105115054-velky.jpg","width":500,"height":500},{"@type":"BreadcrumbList","@id":"https:\/\/micasa.lv\/lv\/pie-sienas-stiprinams-atkritumu-konteiners-5-l-nerusejosa-terauda-balta\/#breadcrumb","itemListElement":[{"@type":"ListItem","position":1,"name":"S\u0101kums","item":"https:\/\/micasa.lv\/lv\/micasa\/"},{"@type":"ListItem","position":2,"name":"Shop","item":"https:\/\/micasa.lv\/lv\/shop\/"},{"@type":"ListItem","position":3,"name":"Pie sienas stiprin\u0101ms atkritumu konteiners, 5 l, ner\u016bs\u0113jo\u0161\u0101 t\u0113rauda, balta"}]},{"@type":"WebSite","@id":"https:\/\/micasa.lv\/lv\/#website","url":"https:\/\/micasa.lv\/lv\/","name":"Micasa","description":"","potentialAction":[{"@type":"SearchAction","target":{"@type":"EntryPoint","urlTemplate":"https:\/\/micasa.lv\/lv\/?s={search_term_string}"},"query-input":{"@type":"PropertyValueSpecification","valueRequired":true,"valueName":"search_term_string"}}],"inLanguage":"lv-LV"}]}},"wcpa_form_fields":null,"_links":{"self":[{"href":"https:\/\/micasa.lv\/lv\/wp-json\/wp\/v2\/product\/50469","targetHints":{"allow":["GET"]}}],"collection":[{"href":"https:\/\/micasa.lv\/lv\/wp-json\/wp\/v2\/product"}],"about":[{"href":"https:\/\/micasa.lv\/lv\/wp-json\/wp\/v2\/types\/product"}],"version-history":[{"count":1,"href":"https:\/\/micasa.lv\/lv\/wp-json\/wp\/v2\/product\/50469\/revisions"}],"predecessor-version":[{"id":50499,"href":"https:\/\/micasa.lv\/lv\/wp-json\/wp\/v2\/product\/50469\/revisions\/50499"}],"wp:featuredmedia":[{"embeddable":true,"href":"https:\/\/micasa.lv\/lv\/wp-json\/wp\/v2\/media\/49356"}],"wp:attachment":[{"href":"https:\/\/micasa.lv\/lv\/wp-json\/wp\/v2\/media?parent=50469"}],"wp:term":[{"taxonomy":"product_brand","embeddable":true,"href":"https:\/\/micasa.lv\/lv\/wp-json\/wp\/v2\/product_brand?post=50469"},{"taxonomy":"product_cat","embeddable":true,"href":"https:\/\/micasa.lv\/lv\/wp-json\/wp\/v2\/product_cat?post=50469"},{"taxonomy":"product_tag","embeddable":true,"href":"https:\/\/micasa.lv\/lv\/wp-json\/wp\/v2\/product_tag?post=50469"}],"curies":[{"name":"wp","href":"https:\/\/api.w.org\/{rel}","templated":true}]}}