{"id":50472,"date":"2025-05-16T11:56:00","date_gmt":"2025-05-16T08:56:00","guid":{"rendered":"https:\/\/test.micasa.lv\/?post_type=product&#038;p=50472"},"modified":"2025-06-13T10:46:02","modified_gmt":"2025-06-13T07:46:02","slug":"quadra-komplekts-3-gab","status":"publish","type":"product","link":"https:\/\/micasa.lv\/lv\/quadra-komplekts-3-gab\/","title":{"rendered":"QUADRA KOMPLEKTS, 3 gab."},"content":{"rendered":"<p>Apa\u013co formu apvienojums ar kvadr\u0101tveida deta\u013c\u0101m un skaidr\u0101m l\u012bnij\u0101m ienes harmonisku k\u0101rt\u012bbu jebkur\u0101 vannas istab\u0101. Lieliska izv\u0113le minim\u0101lisma un \u0123eometrisku sp\u0113\u013cu cien\u012bt\u0101jiem, kas pie\u0161\u0137ir jebkurai telpai t\u012bru skaistumu! M\u0113s jau zin\u0101m, ka QUADRA kl\u0101sts k\u013c\u016bs par m\u016b\u017e\u012bgu klasiku ar m\u016b\u017e\u012bgu stilu.<\/p>\n","protected":false},"excerpt":{"rendered":"<p>Apa\u013co formu apvienojums ar kvadr\u0101tveida deta\u013c\u0101m un skaidr\u0101m l\u012bnij\u0101m ienes harmonisku k\u0101rt\u012bbu jebkur\u0101 vannas istab\u0101. Lieliska izv\u0113le minim\u0101lisma un \u0123eometrisku<\/p>\n","protected":false},"featured_media":49116,"template":"","meta":[],"product_brand":[],"product_cat":[1528],"product_tag":[],"class_list":{"0":"post-50472","1":"product","2":"type-product","3":"status-publish","4":"has-post-thumbnail","6":"product_cat-vannas-istabas-aksesuari","7":"pa_brand-bemeta-lv","9":"first","10":"instock","11":"taxable","12":"shipping-taxable","13":"purchasable","14":"product-type-simple"},"yoast_head":"<!-- This site is optimized with the Yoast SEO plugin v27.4 - https:\/\/yoast.com\/product\/yoast-seo-wordpress\/ -->\n<title>QUADRA KOMPLEKTS, 3 gab. - Micasa<\/title>\n<meta name=\"robots\" content=\"index, follow, max-snippet:-1, max-image-preview:large, max-video-preview:-1\" \/>\n<link rel=\"canonical\" href=\"https:\/\/micasa.lv\/lv\/quadra-komplekts-3-gab\/\" \/>\n<meta property=\"og:locale\" content=\"lv_LV\" \/>\n<meta property=\"og:type\" content=\"article\" \/>\n<meta property=\"og:title\" content=\"QUADRA KOMPLEKTS, 3 gab. - Micasa\" \/>\n<meta property=\"og:description\" content=\"Apa\u013co formu apvienojums ar kvadr\u0101tveida deta\u013c\u0101m un skaidr\u0101m l\u012bnij\u0101m ienes harmonisku k\u0101rt\u012bbu jebkur\u0101 vannas istab\u0101. Lieliska izv\u0113le minim\u0101lisma un \u0123eometrisku\" \/>\n<meta property=\"og:url\" content=\"https:\/\/micasa.lv\/lv\/quadra-komplekts-3-gab\/\" \/>\n<meta property=\"og:site_name\" content=\"Micasa\" \/>\n<meta property=\"article:modified_time\" content=\"2025-06-13T07:46:02+00:00\" \/>\n<meta property=\"og:image\" content=\"https:\/\/micasa.lv\/wp-content\/uploads\/2025\/05\/ec8bedf97086415ea61c8bc245ea48c2_204693-velky.jpg\" \/>\n\t<meta property=\"og:image:width\" content=\"500\" \/>\n\t<meta property=\"og:image:height\" content=\"500\" \/>\n\t<meta property=\"og:image:type\" content=\"image\/jpeg\" \/>\n<meta name=\"twitter:card\" content=\"summary_large_image\" \/>\n<script type=\"application\/ld+json\" class=\"yoast-schema-graph\">{\"@context\":\"https:\\\/\\\/schema.org\",\"@graph\":[{\"@type\":\"WebPage\",\"@id\":\"https:\\\/\\\/micasa.lv\\\/lv\\\/quadra-komplekts-3-gab\\\/\",\"url\":\"https:\\\/\\\/micasa.lv\\\/lv\\\/quadra-komplekts-3-gab\\\/\",\"name\":\"QUADRA KOMPLEKTS, 3 gab. - Micasa\",\"isPartOf\":{\"@id\":\"https:\\\/\\\/micasa.lv\\\/lv\\\/#website\"},\"primaryImageOfPage\":{\"@id\":\"https:\\\/\\\/micasa.lv\\\/lv\\\/quadra-komplekts-3-gab\\\/#primaryimage\"},\"image\":{\"@id\":\"https:\\\/\\\/micasa.lv\\\/lv\\\/quadra-komplekts-3-gab\\\/#primaryimage\"},\"thumbnailUrl\":\"https:\\\/\\\/micasa.lv\\\/wp-content\\\/uploads\\\/2025\\\/05\\\/ec8bedf97086415ea61c8bc245ea48c2_204693-velky.jpg\",\"datePublished\":\"2025-05-16T08:56:00+00:00\",\"dateModified\":\"2025-06-13T07:46:02+00:00\",\"breadcrumb\":{\"@id\":\"https:\\\/\\\/micasa.lv\\\/lv\\\/quadra-komplekts-3-gab\\\/#breadcrumb\"},\"inLanguage\":\"lv-LV\",\"potentialAction\":[{\"@type\":\"ReadAction\",\"target\":[\"https:\\\/\\\/micasa.lv\\\/lv\\\/quadra-komplekts-3-gab\\\/\"]}]},{\"@type\":\"ImageObject\",\"inLanguage\":\"lv-LV\",\"@id\":\"https:\\\/\\\/micasa.lv\\\/lv\\\/quadra-komplekts-3-gab\\\/#primaryimage\",\"url\":\"https:\\\/\\\/micasa.lv\\\/wp-content\\\/uploads\\\/2025\\\/05\\\/ec8bedf97086415ea61c8bc245ea48c2_204693-velky.jpg\",\"contentUrl\":\"https:\\\/\\\/micasa.lv\\\/wp-content\\\/uploads\\\/2025\\\/05\\\/ec8bedf97086415ea61c8bc245ea48c2_204693-velky.jpg\",\"width\":500,\"height\":500},{\"@type\":\"BreadcrumbList\",\"@id\":\"https:\\\/\\\/micasa.lv\\\/lv\\\/quadra-komplekts-3-gab\\\/#breadcrumb\",\"itemListElement\":[{\"@type\":\"ListItem\",\"position\":1,\"name\":\"S\u0101kums\",\"item\":\"https:\\\/\\\/micasa.lv\\\/lv\\\/micasa\\\/\"},{\"@type\":\"ListItem\",\"position\":2,\"name\":\"Shop\",\"item\":\"https:\\\/\\\/micasa.lv\\\/lv\\\/shop\\\/\"},{\"@type\":\"ListItem\",\"position\":3,\"name\":\"QUADRA KOMPLEKTS, 3 gab.\"}]},{\"@type\":\"WebSite\",\"@id\":\"https:\\\/\\\/micasa.lv\\\/lv\\\/#website\",\"url\":\"https:\\\/\\\/micasa.lv\\\/lv\\\/\",\"name\":\"Micasa\",\"description\":\"\",\"potentialAction\":[{\"@type\":\"SearchAction\",\"target\":{\"@type\":\"EntryPoint\",\"urlTemplate\":\"https:\\\/\\\/micasa.lv\\\/lv\\\/?s={search_term_string}\"},\"query-input\":{\"@type\":\"PropertyValueSpecification\",\"valueRequired\":true,\"valueName\":\"search_term_string\"}}],\"inLanguage\":\"lv-LV\"}]}<\/script>\n<!-- \/ Yoast SEO plugin. -->","yoast_head_json":{"title":"QUADRA KOMPLEKTS, 3 gab. - Micasa","robots":{"index":"index","follow":"follow","max-snippet":"max-snippet:-1","max-image-preview":"max-image-preview:large","max-video-preview":"max-video-preview:-1"},"canonical":"https:\/\/micasa.lv\/lv\/quadra-komplekts-3-gab\/","og_locale":"lv_LV","og_type":"article","og_title":"QUADRA KOMPLEKTS, 3 gab. - Micasa","og_description":"Apa\u013co formu apvienojums ar kvadr\u0101tveida deta\u013c\u0101m un skaidr\u0101m l\u012bnij\u0101m ienes harmonisku k\u0101rt\u012bbu jebkur\u0101 vannas istab\u0101. Lieliska izv\u0113le minim\u0101lisma un \u0123eometrisku","og_url":"https:\/\/micasa.lv\/lv\/quadra-komplekts-3-gab\/","og_site_name":"Micasa","article_modified_time":"2025-06-13T07:46:02+00:00","og_image":[{"width":500,"height":500,"url":"https:\/\/micasa.lv\/wp-content\/uploads\/2025\/05\/ec8bedf97086415ea61c8bc245ea48c2_204693-velky.jpg","type":"image\/jpeg"}],"twitter_card":"summary_large_image","schema":{"@context":"https:\/\/schema.org","@graph":[{"@type":"WebPage","@id":"https:\/\/micasa.lv\/lv\/quadra-komplekts-3-gab\/","url":"https:\/\/micasa.lv\/lv\/quadra-komplekts-3-gab\/","name":"QUADRA KOMPLEKTS, 3 gab. - Micasa","isPartOf":{"@id":"https:\/\/micasa.lv\/lv\/#website"},"primaryImageOfPage":{"@id":"https:\/\/micasa.lv\/lv\/quadra-komplekts-3-gab\/#primaryimage"},"image":{"@id":"https:\/\/micasa.lv\/lv\/quadra-komplekts-3-gab\/#primaryimage"},"thumbnailUrl":"https:\/\/micasa.lv\/wp-content\/uploads\/2025\/05\/ec8bedf97086415ea61c8bc245ea48c2_204693-velky.jpg","datePublished":"2025-05-16T08:56:00+00:00","dateModified":"2025-06-13T07:46:02+00:00","breadcrumb":{"@id":"https:\/\/micasa.lv\/lv\/quadra-komplekts-3-gab\/#breadcrumb"},"inLanguage":"lv-LV","potentialAction":[{"@type":"ReadAction","target":["https:\/\/micasa.lv\/lv\/quadra-komplekts-3-gab\/"]}]},{"@type":"ImageObject","inLanguage":"lv-LV","@id":"https:\/\/micasa.lv\/lv\/quadra-komplekts-3-gab\/#primaryimage","url":"https:\/\/micasa.lv\/wp-content\/uploads\/2025\/05\/ec8bedf97086415ea61c8bc245ea48c2_204693-velky.jpg","contentUrl":"https:\/\/micasa.lv\/wp-content\/uploads\/2025\/05\/ec8bedf97086415ea61c8bc245ea48c2_204693-velky.jpg","width":500,"height":500},{"@type":"BreadcrumbList","@id":"https:\/\/micasa.lv\/lv\/quadra-komplekts-3-gab\/#breadcrumb","itemListElement":[{"@type":"ListItem","position":1,"name":"S\u0101kums","item":"https:\/\/micasa.lv\/lv\/micasa\/"},{"@type":"ListItem","position":2,"name":"Shop","item":"https:\/\/micasa.lv\/lv\/shop\/"},{"@type":"ListItem","position":3,"name":"QUADRA KOMPLEKTS, 3 gab."}]},{"@type":"WebSite","@id":"https:\/\/micasa.lv\/lv\/#website","url":"https:\/\/micasa.lv\/lv\/","name":"Micasa","description":"","potentialAction":[{"@type":"SearchAction","target":{"@type":"EntryPoint","urlTemplate":"https:\/\/micasa.lv\/lv\/?s={search_term_string}"},"query-input":{"@type":"PropertyValueSpecification","valueRequired":true,"valueName":"search_term_string"}}],"inLanguage":"lv-LV"}]}},"wcpa_form_fields":null,"_links":{"self":[{"href":"https:\/\/micasa.lv\/lv\/wp-json\/wp\/v2\/product\/50472","targetHints":{"allow":["GET"]}}],"collection":[{"href":"https:\/\/micasa.lv\/lv\/wp-json\/wp\/v2\/product"}],"about":[{"href":"https:\/\/micasa.lv\/lv\/wp-json\/wp\/v2\/types\/product"}],"version-history":[{"count":1,"href":"https:\/\/micasa.lv\/lv\/wp-json\/wp\/v2\/product\/50472\/revisions"}],"predecessor-version":[{"id":50502,"href":"https:\/\/micasa.lv\/lv\/wp-json\/wp\/v2\/product\/50472\/revisions\/50502"}],"wp:featuredmedia":[{"embeddable":true,"href":"https:\/\/micasa.lv\/lv\/wp-json\/wp\/v2\/media\/49116"}],"wp:attachment":[{"href":"https:\/\/micasa.lv\/lv\/wp-json\/wp\/v2\/media?parent=50472"}],"wp:term":[{"taxonomy":"product_brand","embeddable":true,"href":"https:\/\/micasa.lv\/lv\/wp-json\/wp\/v2\/product_brand?post=50472"},{"taxonomy":"product_cat","embeddable":true,"href":"https:\/\/micasa.lv\/lv\/wp-json\/wp\/v2\/product_cat?post=50472"},{"taxonomy":"product_tag","embeddable":true,"href":"https:\/\/micasa.lv\/lv\/wp-json\/wp\/v2\/product_tag?post=50472"}],"curies":[{"name":"wp","href":"https:\/\/api.w.org\/{rel}","templated":true}]}}