{"id":50485,"date":"2025-05-16T11:56:03","date_gmt":"2025-05-16T08:56:03","guid":{"rendered":"https:\/\/test.micasa.lv\/?post_type=product&#038;p=50485"},"modified":"2025-06-13T10:46:07","modified_gmt":"2025-06-13T07:46:07","slug":"living-plauktu-grozs-400-mm-nerusejosais-terauds-melns","status":"publish","type":"product","link":"https:\/\/micasa.lv\/lv\/living-plauktu-grozs-400-mm-nerusejosais-terauds-melns\/","title":{"rendered":"LIVING: Plauktu grozs, 400 mm, ner\u016bs\u0113jo\u0161ais t\u0113rauds, melns"},"content":{"rendered":"<p>M\u016bsu ekskluz\u012bv\u0101 LIVING kolekcija apvieno minim\u0101lismu ar industri\u0101lu dizainu, pie\u0161\u0137irot j\u016bsu vannas istabai m\u016b\u017e\u012bgu izskatu. \u0160\u012b kolekcija ir izgatavota no augstas kvalit\u0101tes ner\u016bs\u0113jo\u0161\u0101 t\u0113rauda ar modernu mat\u0113tu melnu apdari. T\u0101s iztur\u012bba un stil\u012bgais dizains padara to ide\u0101li piem\u0113rotu gan m\u0101j\u0101m, gan viesn\u012bc\u0101m un restor\u0101niem.<\/p>\n","protected":false},"excerpt":{"rendered":"<p>M\u016bsu ekskluz\u012bv\u0101 LIVING kolekcija apvieno minim\u0101lismu ar industri\u0101lu dizainu, pie\u0161\u0137irot j\u016bsu vannas istabai m\u016b\u017e\u012bgu izskatu. \u0160\u012b kolekcija ir izgatavota no<\/p>\n","protected":false},"featured_media":49410,"template":"","meta":[],"product_brand":[],"product_cat":[1528],"product_tag":[],"delivery_time":[],"class_list":{"0":"post-50485","1":"product","2":"type-product","3":"status-publish","4":"has-post-thumbnail","6":"product_cat-vannas-istabas-aksesuari","7":"pa_brand-bemeta-lv","9":"first","10":"instock","11":"taxable","12":"shipping-taxable","13":"purchasable","14":"product-type-simple"},"yoast_head":"<!-- This site is optimized with the Yoast SEO plugin v27.4 - https:\/\/yoast.com\/product\/yoast-seo-wordpress\/ -->\n<title>LIVING: Plauktu grozs, 400 mm, ner\u016bs\u0113jo\u0161ais t\u0113rauds, melns - Micasa<\/title>\n<meta name=\"robots\" content=\"index, follow, max-snippet:-1, max-image-preview:large, max-video-preview:-1\" \/>\n<link rel=\"canonical\" href=\"https:\/\/micasa.lv\/lv\/living-plauktu-grozs-400-mm-nerusejosais-terauds-melns\/\" \/>\n<meta property=\"og:locale\" content=\"lv_LV\" \/>\n<meta property=\"og:type\" content=\"article\" \/>\n<meta property=\"og:title\" content=\"LIVING: Plauktu grozs, 400 mm, ner\u016bs\u0113jo\u0161ais t\u0113rauds, melns - Micasa\" \/>\n<meta property=\"og:description\" content=\"M\u016bsu ekskluz\u012bv\u0101 LIVING kolekcija apvieno minim\u0101lismu ar industri\u0101lu dizainu, pie\u0161\u0137irot j\u016bsu vannas istabai m\u016b\u017e\u012bgu izskatu. \u0160\u012b kolekcija ir izgatavota no\" \/>\n<meta property=\"og:url\" content=\"https:\/\/micasa.lv\/lv\/living-plauktu-grozs-400-mm-nerusejosais-terauds-melns\/\" \/>\n<meta property=\"og:site_name\" content=\"Micasa\" \/>\n<meta property=\"article:modified_time\" content=\"2025-06-13T07:46:07+00:00\" \/>\n<meta property=\"og:image\" content=\"https:\/\/micasa.lv\/wp-content\/uploads\/2025\/05\/acda2b0ba5c0642711a7142ded285174_101502420-velky.jpg\" \/>\n\t<meta property=\"og:image:width\" content=\"500\" \/>\n\t<meta property=\"og:image:height\" content=\"500\" \/>\n\t<meta property=\"og:image:type\" content=\"image\/jpeg\" \/>\n<meta name=\"twitter:card\" content=\"summary_large_image\" \/>\n<script type=\"application\/ld+json\" class=\"yoast-schema-graph\">{\"@context\":\"https:\\\/\\\/schema.org\",\"@graph\":[{\"@type\":\"WebPage\",\"@id\":\"https:\\\/\\\/micasa.lv\\\/lv\\\/living-plauktu-grozs-400-mm-nerusejosais-terauds-melns\\\/\",\"url\":\"https:\\\/\\\/micasa.lv\\\/lv\\\/living-plauktu-grozs-400-mm-nerusejosais-terauds-melns\\\/\",\"name\":\"LIVING: Plauktu grozs, 400 mm, ner\u016bs\u0113jo\u0161ais t\u0113rauds, melns - Micasa\",\"isPartOf\":{\"@id\":\"https:\\\/\\\/micasa.lv\\\/lv\\\/#website\"},\"primaryImageOfPage\":{\"@id\":\"https:\\\/\\\/micasa.lv\\\/lv\\\/living-plauktu-grozs-400-mm-nerusejosais-terauds-melns\\\/#primaryimage\"},\"image\":{\"@id\":\"https:\\\/\\\/micasa.lv\\\/lv\\\/living-plauktu-grozs-400-mm-nerusejosais-terauds-melns\\\/#primaryimage\"},\"thumbnailUrl\":\"https:\\\/\\\/micasa.lv\\\/wp-content\\\/uploads\\\/2025\\\/05\\\/acda2b0ba5c0642711a7142ded285174_101502420-velky.jpg\",\"datePublished\":\"2025-05-16T08:56:03+00:00\",\"dateModified\":\"2025-06-13T07:46:07+00:00\",\"breadcrumb\":{\"@id\":\"https:\\\/\\\/micasa.lv\\\/lv\\\/living-plauktu-grozs-400-mm-nerusejosais-terauds-melns\\\/#breadcrumb\"},\"inLanguage\":\"lv-LV\",\"potentialAction\":[{\"@type\":\"ReadAction\",\"target\":[\"https:\\\/\\\/micasa.lv\\\/lv\\\/living-plauktu-grozs-400-mm-nerusejosais-terauds-melns\\\/\"]}]},{\"@type\":\"ImageObject\",\"inLanguage\":\"lv-LV\",\"@id\":\"https:\\\/\\\/micasa.lv\\\/lv\\\/living-plauktu-grozs-400-mm-nerusejosais-terauds-melns\\\/#primaryimage\",\"url\":\"https:\\\/\\\/micasa.lv\\\/wp-content\\\/uploads\\\/2025\\\/05\\\/acda2b0ba5c0642711a7142ded285174_101502420-velky.jpg\",\"contentUrl\":\"https:\\\/\\\/micasa.lv\\\/wp-content\\\/uploads\\\/2025\\\/05\\\/acda2b0ba5c0642711a7142ded285174_101502420-velky.jpg\",\"width\":500,\"height\":500},{\"@type\":\"BreadcrumbList\",\"@id\":\"https:\\\/\\\/micasa.lv\\\/lv\\\/living-plauktu-grozs-400-mm-nerusejosais-terauds-melns\\\/#breadcrumb\",\"itemListElement\":[{\"@type\":\"ListItem\",\"position\":1,\"name\":\"S\u0101kums\",\"item\":\"https:\\\/\\\/micasa.lv\\\/lv\\\/micasa\\\/\"},{\"@type\":\"ListItem\",\"position\":2,\"name\":\"Shop\",\"item\":\"https:\\\/\\\/micasa.lv\\\/lv\\\/shop\\\/\"},{\"@type\":\"ListItem\",\"position\":3,\"name\":\"LIVING: Plauktu grozs, 400 mm, ner\u016bs\u0113jo\u0161ais t\u0113rauds, melns\"}]},{\"@type\":\"WebSite\",\"@id\":\"https:\\\/\\\/micasa.lv\\\/lv\\\/#website\",\"url\":\"https:\\\/\\\/micasa.lv\\\/lv\\\/\",\"name\":\"Micasa\",\"description\":\"\",\"potentialAction\":[{\"@type\":\"SearchAction\",\"target\":{\"@type\":\"EntryPoint\",\"urlTemplate\":\"https:\\\/\\\/micasa.lv\\\/lv\\\/?s={search_term_string}\"},\"query-input\":{\"@type\":\"PropertyValueSpecification\",\"valueRequired\":true,\"valueName\":\"search_term_string\"}}],\"inLanguage\":\"lv-LV\"}]}<\/script>\n<!-- \/ Yoast SEO plugin. -->","yoast_head_json":{"title":"LIVING: Plauktu grozs, 400 mm, ner\u016bs\u0113jo\u0161ais t\u0113rauds, melns - Micasa","robots":{"index":"index","follow":"follow","max-snippet":"max-snippet:-1","max-image-preview":"max-image-preview:large","max-video-preview":"max-video-preview:-1"},"canonical":"https:\/\/micasa.lv\/lv\/living-plauktu-grozs-400-mm-nerusejosais-terauds-melns\/","og_locale":"lv_LV","og_type":"article","og_title":"LIVING: Plauktu grozs, 400 mm, ner\u016bs\u0113jo\u0161ais t\u0113rauds, melns - Micasa","og_description":"M\u016bsu ekskluz\u012bv\u0101 LIVING kolekcija apvieno minim\u0101lismu ar industri\u0101lu dizainu, pie\u0161\u0137irot j\u016bsu vannas istabai m\u016b\u017e\u012bgu izskatu. \u0160\u012b kolekcija ir izgatavota no","og_url":"https:\/\/micasa.lv\/lv\/living-plauktu-grozs-400-mm-nerusejosais-terauds-melns\/","og_site_name":"Micasa","article_modified_time":"2025-06-13T07:46:07+00:00","og_image":[{"width":500,"height":500,"url":"https:\/\/micasa.lv\/wp-content\/uploads\/2025\/05\/acda2b0ba5c0642711a7142ded285174_101502420-velky.jpg","type":"image\/jpeg"}],"twitter_card":"summary_large_image","schema":{"@context":"https:\/\/schema.org","@graph":[{"@type":"WebPage","@id":"https:\/\/micasa.lv\/lv\/living-plauktu-grozs-400-mm-nerusejosais-terauds-melns\/","url":"https:\/\/micasa.lv\/lv\/living-plauktu-grozs-400-mm-nerusejosais-terauds-melns\/","name":"LIVING: Plauktu grozs, 400 mm, ner\u016bs\u0113jo\u0161ais t\u0113rauds, melns - Micasa","isPartOf":{"@id":"https:\/\/micasa.lv\/lv\/#website"},"primaryImageOfPage":{"@id":"https:\/\/micasa.lv\/lv\/living-plauktu-grozs-400-mm-nerusejosais-terauds-melns\/#primaryimage"},"image":{"@id":"https:\/\/micasa.lv\/lv\/living-plauktu-grozs-400-mm-nerusejosais-terauds-melns\/#primaryimage"},"thumbnailUrl":"https:\/\/micasa.lv\/wp-content\/uploads\/2025\/05\/acda2b0ba5c0642711a7142ded285174_101502420-velky.jpg","datePublished":"2025-05-16T08:56:03+00:00","dateModified":"2025-06-13T07:46:07+00:00","breadcrumb":{"@id":"https:\/\/micasa.lv\/lv\/living-plauktu-grozs-400-mm-nerusejosais-terauds-melns\/#breadcrumb"},"inLanguage":"lv-LV","potentialAction":[{"@type":"ReadAction","target":["https:\/\/micasa.lv\/lv\/living-plauktu-grozs-400-mm-nerusejosais-terauds-melns\/"]}]},{"@type":"ImageObject","inLanguage":"lv-LV","@id":"https:\/\/micasa.lv\/lv\/living-plauktu-grozs-400-mm-nerusejosais-terauds-melns\/#primaryimage","url":"https:\/\/micasa.lv\/wp-content\/uploads\/2025\/05\/acda2b0ba5c0642711a7142ded285174_101502420-velky.jpg","contentUrl":"https:\/\/micasa.lv\/wp-content\/uploads\/2025\/05\/acda2b0ba5c0642711a7142ded285174_101502420-velky.jpg","width":500,"height":500},{"@type":"BreadcrumbList","@id":"https:\/\/micasa.lv\/lv\/living-plauktu-grozs-400-mm-nerusejosais-terauds-melns\/#breadcrumb","itemListElement":[{"@type":"ListItem","position":1,"name":"S\u0101kums","item":"https:\/\/micasa.lv\/lv\/micasa\/"},{"@type":"ListItem","position":2,"name":"Shop","item":"https:\/\/micasa.lv\/lv\/shop\/"},{"@type":"ListItem","position":3,"name":"LIVING: Plauktu grozs, 400 mm, ner\u016bs\u0113jo\u0161ais t\u0113rauds, melns"}]},{"@type":"WebSite","@id":"https:\/\/micasa.lv\/lv\/#website","url":"https:\/\/micasa.lv\/lv\/","name":"Micasa","description":"","potentialAction":[{"@type":"SearchAction","target":{"@type":"EntryPoint","urlTemplate":"https:\/\/micasa.lv\/lv\/?s={search_term_string}"},"query-input":{"@type":"PropertyValueSpecification","valueRequired":true,"valueName":"search_term_string"}}],"inLanguage":"lv-LV"}]}},"wcpa_form_fields":null,"_links":{"self":[{"href":"https:\/\/micasa.lv\/lv\/wp-json\/wp\/v2\/product\/50485","targetHints":{"allow":["GET"]}}],"collection":[{"href":"https:\/\/micasa.lv\/lv\/wp-json\/wp\/v2\/product"}],"about":[{"href":"https:\/\/micasa.lv\/lv\/wp-json\/wp\/v2\/types\/product"}],"version-history":[{"count":1,"href":"https:\/\/micasa.lv\/lv\/wp-json\/wp\/v2\/product\/50485\/revisions"}],"predecessor-version":[{"id":50515,"href":"https:\/\/micasa.lv\/lv\/wp-json\/wp\/v2\/product\/50485\/revisions\/50515"}],"wp:featuredmedia":[{"embeddable":true,"href":"https:\/\/micasa.lv\/lv\/wp-json\/wp\/v2\/media\/49410"}],"wp:attachment":[{"href":"https:\/\/micasa.lv\/lv\/wp-json\/wp\/v2\/media?parent=50485"}],"wp:term":[{"taxonomy":"product_brand","embeddable":true,"href":"https:\/\/micasa.lv\/lv\/wp-json\/wp\/v2\/product_brand?post=50485"},{"taxonomy":"product_cat","embeddable":true,"href":"https:\/\/micasa.lv\/lv\/wp-json\/wp\/v2\/product_cat?post=50485"},{"taxonomy":"product_tag","embeddable":true,"href":"https:\/\/micasa.lv\/lv\/wp-json\/wp\/v2\/product_tag?post=50485"},{"taxonomy":"delivery_time","embeddable":true,"href":"https:\/\/micasa.lv\/lv\/wp-json\/wp\/v2\/delivery_time?post=50485"}],"curies":[{"name":"wp","href":"https:\/\/api.w.org\/{rel}","templated":true}]}}