{"id":50531,"date":"2025-05-16T11:56:20","date_gmt":"2025-05-16T08:56:20","guid":{"rendered":"https:\/\/test.micasa.lv\/?post_type=product&#038;p=50531"},"modified":"2025-06-13T10:46:12","modified_gmt":"2025-06-13T07:46:12","slug":"organic-black-dubultais-ziepju-dozators-2x200-ml-nerusejosais-terauds-stikls","status":"publish","type":"product","link":"https:\/\/micasa.lv\/lv\/organic-black-dubultais-ziepju-dozators-2x200-ml-nerusejosais-terauds-stikls\/","title":{"rendered":"ORGANIC BLACK: Dubultais ziepju dozators, 2&#215;200 ml, ner\u016bs\u0113jo\u0161ais t\u0113rauds, stikls"},"content":{"rendered":"<p>ORGANIC produktu l\u012bnija meln\u0101 kr\u0101s\u0101! Iepaz\u012bstieties ar vannas istabas aksesu\u0101ru pasauli, kas iedvesmota no organisk\u0101m dabas form\u0101m. Jaunums ar\u012b hroma apdar\u0113 ar melnu kr\u0101sojumu. Oblig\u0101ts pirkums visiem augst\u0101k\u0101s klases dizaina cien\u012bt\u0101jiem!<\/p>\n","protected":false},"excerpt":{"rendered":"<p>ORGANIC produktu l\u012bnija meln\u0101 kr\u0101s\u0101! Iepaz\u012bstieties ar vannas istabas aksesu\u0101ru pasauli, kas iedvesmota no organisk\u0101m dabas form\u0101m. Jaunums ar\u012b hroma<\/p>\n","protected":false},"featured_media":49551,"template":"","meta":[],"product_brand":[],"product_cat":[1851,1528],"product_tag":[],"class_list":{"0":"post-50531","1":"product","2":"type-product","3":"status-publish","4":"has-post-thumbnail","6":"product_cat-skidro-ziepju-dozatori","7":"product_cat-vannas-istabas-aksesuari","8":"pa_brand-bemeta-lv","10":"first","11":"instock","12":"taxable","13":"shipping-taxable","14":"purchasable","15":"product-type-simple"},"yoast_head":"<!-- This site is optimized with the Yoast SEO plugin v27.4 - https:\/\/yoast.com\/product\/yoast-seo-wordpress\/ -->\n<title>ORGANIC BLACK: Dubultais ziepju dozators, 2x200 ml, ner\u016bs\u0113jo\u0161ais t\u0113rauds, stikls - Micasa<\/title>\n<meta name=\"robots\" content=\"index, follow, max-snippet:-1, max-image-preview:large, max-video-preview:-1\" \/>\n<link rel=\"canonical\" href=\"https:\/\/micasa.lv\/lv\/organic-black-dubultais-ziepju-dozators-2x200-ml-nerusejosais-terauds-stikls\/\" \/>\n<meta property=\"og:locale\" content=\"lv_LV\" \/>\n<meta property=\"og:type\" content=\"article\" \/>\n<meta property=\"og:title\" content=\"ORGANIC BLACK: Dubultais ziepju dozators, 2x200 ml, ner\u016bs\u0113jo\u0161ais t\u0113rauds, stikls - Micasa\" \/>\n<meta property=\"og:description\" content=\"ORGANIC produktu l\u012bnija meln\u0101 kr\u0101s\u0101! Iepaz\u012bstieties ar vannas istabas aksesu\u0101ru pasauli, kas iedvesmota no organisk\u0101m dabas form\u0101m. Jaunums ar\u012b hroma\" \/>\n<meta property=\"og:url\" content=\"https:\/\/micasa.lv\/lv\/organic-black-dubultais-ziepju-dozators-2x200-ml-nerusejosais-terauds-stikls\/\" \/>\n<meta property=\"og:site_name\" content=\"Micasa\" \/>\n<meta property=\"article:modified_time\" content=\"2025-06-13T07:46:12+00:00\" \/>\n<meta property=\"og:image\" content=\"https:\/\/micasa.lv\/wp-content\/uploads\/2025\/05\/3859c48483c08e1ad0f3eac4047cbd15_167109470-velky.jpg\" \/>\n\t<meta property=\"og:image:width\" content=\"600\" \/>\n\t<meta property=\"og:image:height\" content=\"600\" \/>\n\t<meta property=\"og:image:type\" content=\"image\/jpeg\" \/>\n<meta name=\"twitter:card\" content=\"summary_large_image\" \/>\n<script type=\"application\/ld+json\" class=\"yoast-schema-graph\">{\"@context\":\"https:\\\/\\\/schema.org\",\"@graph\":[{\"@type\":\"WebPage\",\"@id\":\"https:\\\/\\\/micasa.lv\\\/lv\\\/organic-black-dubultais-ziepju-dozators-2x200-ml-nerusejosais-terauds-stikls\\\/\",\"url\":\"https:\\\/\\\/micasa.lv\\\/lv\\\/organic-black-dubultais-ziepju-dozators-2x200-ml-nerusejosais-terauds-stikls\\\/\",\"name\":\"ORGANIC BLACK: Dubultais ziepju dozators, 2x200 ml, ner\u016bs\u0113jo\u0161ais t\u0113rauds, stikls - Micasa\",\"isPartOf\":{\"@id\":\"https:\\\/\\\/micasa.lv\\\/lv\\\/#website\"},\"primaryImageOfPage\":{\"@id\":\"https:\\\/\\\/micasa.lv\\\/lv\\\/organic-black-dubultais-ziepju-dozators-2x200-ml-nerusejosais-terauds-stikls\\\/#primaryimage\"},\"image\":{\"@id\":\"https:\\\/\\\/micasa.lv\\\/lv\\\/organic-black-dubultais-ziepju-dozators-2x200-ml-nerusejosais-terauds-stikls\\\/#primaryimage\"},\"thumbnailUrl\":\"https:\\\/\\\/micasa.lv\\\/wp-content\\\/uploads\\\/2025\\\/05\\\/3859c48483c08e1ad0f3eac4047cbd15_167109470-velky.jpg\",\"datePublished\":\"2025-05-16T08:56:20+00:00\",\"dateModified\":\"2025-06-13T07:46:12+00:00\",\"breadcrumb\":{\"@id\":\"https:\\\/\\\/micasa.lv\\\/lv\\\/organic-black-dubultais-ziepju-dozators-2x200-ml-nerusejosais-terauds-stikls\\\/#breadcrumb\"},\"inLanguage\":\"lv-LV\",\"potentialAction\":[{\"@type\":\"ReadAction\",\"target\":[\"https:\\\/\\\/micasa.lv\\\/lv\\\/organic-black-dubultais-ziepju-dozators-2x200-ml-nerusejosais-terauds-stikls\\\/\"]}]},{\"@type\":\"ImageObject\",\"inLanguage\":\"lv-LV\",\"@id\":\"https:\\\/\\\/micasa.lv\\\/lv\\\/organic-black-dubultais-ziepju-dozators-2x200-ml-nerusejosais-terauds-stikls\\\/#primaryimage\",\"url\":\"https:\\\/\\\/micasa.lv\\\/wp-content\\\/uploads\\\/2025\\\/05\\\/3859c48483c08e1ad0f3eac4047cbd15_167109470-velky.jpg\",\"contentUrl\":\"https:\\\/\\\/micasa.lv\\\/wp-content\\\/uploads\\\/2025\\\/05\\\/3859c48483c08e1ad0f3eac4047cbd15_167109470-velky.jpg\",\"width\":600,\"height\":600},{\"@type\":\"BreadcrumbList\",\"@id\":\"https:\\\/\\\/micasa.lv\\\/lv\\\/organic-black-dubultais-ziepju-dozators-2x200-ml-nerusejosais-terauds-stikls\\\/#breadcrumb\",\"itemListElement\":[{\"@type\":\"ListItem\",\"position\":1,\"name\":\"S\u0101kums\",\"item\":\"https:\\\/\\\/micasa.lv\\\/lv\\\/micasa\\\/\"},{\"@type\":\"ListItem\",\"position\":2,\"name\":\"Shop\",\"item\":\"https:\\\/\\\/micasa.lv\\\/lv\\\/shop\\\/\"},{\"@type\":\"ListItem\",\"position\":3,\"name\":\"ORGANIC BLACK: Dubultais ziepju dozators, 2&#215;200 ml, ner\u016bs\u0113jo\u0161ais t\u0113rauds, stikls\"}]},{\"@type\":\"WebSite\",\"@id\":\"https:\\\/\\\/micasa.lv\\\/lv\\\/#website\",\"url\":\"https:\\\/\\\/micasa.lv\\\/lv\\\/\",\"name\":\"Micasa\",\"description\":\"\",\"potentialAction\":[{\"@type\":\"SearchAction\",\"target\":{\"@type\":\"EntryPoint\",\"urlTemplate\":\"https:\\\/\\\/micasa.lv\\\/lv\\\/?s={search_term_string}\"},\"query-input\":{\"@type\":\"PropertyValueSpecification\",\"valueRequired\":true,\"valueName\":\"search_term_string\"}}],\"inLanguage\":\"lv-LV\"}]}<\/script>\n<!-- \/ Yoast SEO plugin. -->","yoast_head_json":{"title":"ORGANIC BLACK: Dubultais ziepju dozators, 2x200 ml, ner\u016bs\u0113jo\u0161ais t\u0113rauds, stikls - Micasa","robots":{"index":"index","follow":"follow","max-snippet":"max-snippet:-1","max-image-preview":"max-image-preview:large","max-video-preview":"max-video-preview:-1"},"canonical":"https:\/\/micasa.lv\/lv\/organic-black-dubultais-ziepju-dozators-2x200-ml-nerusejosais-terauds-stikls\/","og_locale":"lv_LV","og_type":"article","og_title":"ORGANIC BLACK: Dubultais ziepju dozators, 2x200 ml, ner\u016bs\u0113jo\u0161ais t\u0113rauds, stikls - Micasa","og_description":"ORGANIC produktu l\u012bnija meln\u0101 kr\u0101s\u0101! Iepaz\u012bstieties ar vannas istabas aksesu\u0101ru pasauli, kas iedvesmota no organisk\u0101m dabas form\u0101m. Jaunums ar\u012b hroma","og_url":"https:\/\/micasa.lv\/lv\/organic-black-dubultais-ziepju-dozators-2x200-ml-nerusejosais-terauds-stikls\/","og_site_name":"Micasa","article_modified_time":"2025-06-13T07:46:12+00:00","og_image":[{"width":600,"height":600,"url":"https:\/\/micasa.lv\/wp-content\/uploads\/2025\/05\/3859c48483c08e1ad0f3eac4047cbd15_167109470-velky.jpg","type":"image\/jpeg"}],"twitter_card":"summary_large_image","schema":{"@context":"https:\/\/schema.org","@graph":[{"@type":"WebPage","@id":"https:\/\/micasa.lv\/lv\/organic-black-dubultais-ziepju-dozators-2x200-ml-nerusejosais-terauds-stikls\/","url":"https:\/\/micasa.lv\/lv\/organic-black-dubultais-ziepju-dozators-2x200-ml-nerusejosais-terauds-stikls\/","name":"ORGANIC BLACK: Dubultais ziepju dozators, 2x200 ml, ner\u016bs\u0113jo\u0161ais t\u0113rauds, stikls - Micasa","isPartOf":{"@id":"https:\/\/micasa.lv\/lv\/#website"},"primaryImageOfPage":{"@id":"https:\/\/micasa.lv\/lv\/organic-black-dubultais-ziepju-dozators-2x200-ml-nerusejosais-terauds-stikls\/#primaryimage"},"image":{"@id":"https:\/\/micasa.lv\/lv\/organic-black-dubultais-ziepju-dozators-2x200-ml-nerusejosais-terauds-stikls\/#primaryimage"},"thumbnailUrl":"https:\/\/micasa.lv\/wp-content\/uploads\/2025\/05\/3859c48483c08e1ad0f3eac4047cbd15_167109470-velky.jpg","datePublished":"2025-05-16T08:56:20+00:00","dateModified":"2025-06-13T07:46:12+00:00","breadcrumb":{"@id":"https:\/\/micasa.lv\/lv\/organic-black-dubultais-ziepju-dozators-2x200-ml-nerusejosais-terauds-stikls\/#breadcrumb"},"inLanguage":"lv-LV","potentialAction":[{"@type":"ReadAction","target":["https:\/\/micasa.lv\/lv\/organic-black-dubultais-ziepju-dozators-2x200-ml-nerusejosais-terauds-stikls\/"]}]},{"@type":"ImageObject","inLanguage":"lv-LV","@id":"https:\/\/micasa.lv\/lv\/organic-black-dubultais-ziepju-dozators-2x200-ml-nerusejosais-terauds-stikls\/#primaryimage","url":"https:\/\/micasa.lv\/wp-content\/uploads\/2025\/05\/3859c48483c08e1ad0f3eac4047cbd15_167109470-velky.jpg","contentUrl":"https:\/\/micasa.lv\/wp-content\/uploads\/2025\/05\/3859c48483c08e1ad0f3eac4047cbd15_167109470-velky.jpg","width":600,"height":600},{"@type":"BreadcrumbList","@id":"https:\/\/micasa.lv\/lv\/organic-black-dubultais-ziepju-dozators-2x200-ml-nerusejosais-terauds-stikls\/#breadcrumb","itemListElement":[{"@type":"ListItem","position":1,"name":"S\u0101kums","item":"https:\/\/micasa.lv\/lv\/micasa\/"},{"@type":"ListItem","position":2,"name":"Shop","item":"https:\/\/micasa.lv\/lv\/shop\/"},{"@type":"ListItem","position":3,"name":"ORGANIC BLACK: Dubultais ziepju dozators, 2&#215;200 ml, ner\u016bs\u0113jo\u0161ais t\u0113rauds, stikls"}]},{"@type":"WebSite","@id":"https:\/\/micasa.lv\/lv\/#website","url":"https:\/\/micasa.lv\/lv\/","name":"Micasa","description":"","potentialAction":[{"@type":"SearchAction","target":{"@type":"EntryPoint","urlTemplate":"https:\/\/micasa.lv\/lv\/?s={search_term_string}"},"query-input":{"@type":"PropertyValueSpecification","valueRequired":true,"valueName":"search_term_string"}}],"inLanguage":"lv-LV"}]}},"wcpa_form_fields":null,"_links":{"self":[{"href":"https:\/\/micasa.lv\/lv\/wp-json\/wp\/v2\/product\/50531","targetHints":{"allow":["GET"]}}],"collection":[{"href":"https:\/\/micasa.lv\/lv\/wp-json\/wp\/v2\/product"}],"about":[{"href":"https:\/\/micasa.lv\/lv\/wp-json\/wp\/v2\/types\/product"}],"version-history":[{"count":1,"href":"https:\/\/micasa.lv\/lv\/wp-json\/wp\/v2\/product\/50531\/revisions"}],"predecessor-version":[{"id":50561,"href":"https:\/\/micasa.lv\/lv\/wp-json\/wp\/v2\/product\/50531\/revisions\/50561"}],"wp:featuredmedia":[{"embeddable":true,"href":"https:\/\/micasa.lv\/lv\/wp-json\/wp\/v2\/media\/49551"}],"wp:attachment":[{"href":"https:\/\/micasa.lv\/lv\/wp-json\/wp\/v2\/media?parent=50531"}],"wp:term":[{"taxonomy":"product_brand","embeddable":true,"href":"https:\/\/micasa.lv\/lv\/wp-json\/wp\/v2\/product_brand?post=50531"},{"taxonomy":"product_cat","embeddable":true,"href":"https:\/\/micasa.lv\/lv\/wp-json\/wp\/v2\/product_cat?post=50531"},{"taxonomy":"product_tag","embeddable":true,"href":"https:\/\/micasa.lv\/lv\/wp-json\/wp\/v2\/product_tag?post=50531"}],"curies":[{"name":"wp","href":"https:\/\/api.w.org\/{rel}","templated":true}]}}