{"id":50557,"date":"2025-05-16T11:56:36","date_gmt":"2025-05-16T08:56:36","guid":{"rendered":"https:\/\/test.micasa.lv\/?post_type=product&#038;p=50557"},"modified":"2025-06-13T10:46:20","modified_gmt":"2025-06-13T07:46:20","slug":"help-noliecams-spogulis-ar-led-apgaismojumu-skarienjutigu-sensoru-600-x-600-mm-balts","status":"publish","type":"product","link":"https:\/\/micasa.lv\/lv\/help-noliecams-spogulis-ar-led-apgaismojumu-skarienjutigu-sensoru-600-x-600-mm-balts\/","title":{"rendered":"HELP: Noliecams spogulis ar LED apgaismojumu, sk\u0101rienjut\u012bgu sensoru, 600 x 600 mm, balts"},"content":{"rendered":"<p>Vannas istabas dizains bez robe\u017e\u0101m un ierobe\u017eojumiem! HELP kl\u0101sts sniedz pal\u012bdz\u012bgu roku ikvienam, kur\u0161 v\u0113las vannas istabu bez barjer\u0101m, kur katra kust\u012bba ir p\u0101rliecin\u0101ta. Vannas istabai bez barjer\u0101m m\u0113s pied\u0101v\u0101jam ar\u012b augstas kvalit\u0101tes nolok\u0101mus spogu\u013cus ar LED apgaismojumu un sk\u0101riensensoru. Spogu\u013ci ir pieejami da\u017e\u0101dos izm\u0113ros un dizainos. P\u0113c piepras\u012bjuma m\u0113s varam ar\u012b izgatavot spogu\u013cus atbilsto\u0161i klienta vajadz\u012bb\u0101m.<\/p>\n","protected":false},"excerpt":{"rendered":"<p>Vannas istabas dizains bez robe\u017e\u0101m un ierobe\u017eojumiem! HELP kl\u0101sts sniedz pal\u012bdz\u012bgu roku ikvienam, kur\u0161 v\u0113las vannas istabu bez barjer\u0101m, kur<\/p>\n","protected":false},"featured_media":49542,"template":"","meta":[],"product_brand":[],"product_cat":[1885,1528],"product_tag":[],"class_list":{"0":"post-50557","1":"product","2":"type-product","3":"status-publish","4":"has-post-thumbnail","6":"product_cat-palidzibas-spoguli-help-spoguli","7":"product_cat-vannas-istabas-aksesuari","8":"pa_brand-bemeta-lv","10":"first","11":"instock","12":"taxable","13":"shipping-taxable","14":"purchasable","15":"product-type-simple"},"yoast_head":"<!-- This site is optimized with the Yoast SEO plugin v27.4 - https:\/\/yoast.com\/product\/yoast-seo-wordpress\/ -->\n<title>HELP: Noliecams spogulis ar LED apgaismojumu, sk\u0101rienjut\u012bgu sensoru, 600 x 600 mm, balts - Micasa<\/title>\n<meta name=\"robots\" content=\"index, follow, max-snippet:-1, max-image-preview:large, max-video-preview:-1\" \/>\n<link rel=\"canonical\" href=\"https:\/\/micasa.lv\/lv\/help-noliecams-spogulis-ar-led-apgaismojumu-skarienjutigu-sensoru-600-x-600-mm-balts\/\" \/>\n<meta property=\"og:locale\" content=\"lv_LV\" \/>\n<meta property=\"og:type\" content=\"article\" \/>\n<meta property=\"og:title\" content=\"HELP: Noliecams spogulis ar LED apgaismojumu, sk\u0101rienjut\u012bgu sensoru, 600 x 600 mm, balts - Micasa\" \/>\n<meta property=\"og:description\" content=\"Vannas istabas dizains bez robe\u017e\u0101m un ierobe\u017eojumiem! HELP kl\u0101sts sniedz pal\u012bdz\u012bgu roku ikvienam, kur\u0161 v\u0113las vannas istabu bez barjer\u0101m, kur\" \/>\n<meta property=\"og:url\" content=\"https:\/\/micasa.lv\/lv\/help-noliecams-spogulis-ar-led-apgaismojumu-skarienjutigu-sensoru-600-x-600-mm-balts\/\" \/>\n<meta property=\"og:site_name\" content=\"Micasa\" \/>\n<meta property=\"article:modified_time\" content=\"2025-06-13T07:46:20+00:00\" \/>\n<meta property=\"og:image\" content=\"https:\/\/micasa.lv\/wp-content\/uploads\/2025\/05\/1745f41860d08ea097637f8cf88730b7_301201044-velky.jpg\" \/>\n\t<meta property=\"og:image:width\" content=\"500\" \/>\n\t<meta property=\"og:image:height\" content=\"500\" \/>\n\t<meta property=\"og:image:type\" content=\"image\/jpeg\" \/>\n<meta name=\"twitter:card\" content=\"summary_large_image\" \/>\n<script type=\"application\/ld+json\" class=\"yoast-schema-graph\">{\"@context\":\"https:\\\/\\\/schema.org\",\"@graph\":[{\"@type\":\"WebPage\",\"@id\":\"https:\\\/\\\/micasa.lv\\\/lv\\\/help-noliecams-spogulis-ar-led-apgaismojumu-skarienjutigu-sensoru-600-x-600-mm-balts\\\/\",\"url\":\"https:\\\/\\\/micasa.lv\\\/lv\\\/help-noliecams-spogulis-ar-led-apgaismojumu-skarienjutigu-sensoru-600-x-600-mm-balts\\\/\",\"name\":\"HELP: Noliecams spogulis ar LED apgaismojumu, sk\u0101rienjut\u012bgu sensoru, 600 x 600 mm, balts - Micasa\",\"isPartOf\":{\"@id\":\"https:\\\/\\\/micasa.lv\\\/lv\\\/#website\"},\"primaryImageOfPage\":{\"@id\":\"https:\\\/\\\/micasa.lv\\\/lv\\\/help-noliecams-spogulis-ar-led-apgaismojumu-skarienjutigu-sensoru-600-x-600-mm-balts\\\/#primaryimage\"},\"image\":{\"@id\":\"https:\\\/\\\/micasa.lv\\\/lv\\\/help-noliecams-spogulis-ar-led-apgaismojumu-skarienjutigu-sensoru-600-x-600-mm-balts\\\/#primaryimage\"},\"thumbnailUrl\":\"https:\\\/\\\/micasa.lv\\\/wp-content\\\/uploads\\\/2025\\\/05\\\/1745f41860d08ea097637f8cf88730b7_301201044-velky.jpg\",\"datePublished\":\"2025-05-16T08:56:36+00:00\",\"dateModified\":\"2025-06-13T07:46:20+00:00\",\"breadcrumb\":{\"@id\":\"https:\\\/\\\/micasa.lv\\\/lv\\\/help-noliecams-spogulis-ar-led-apgaismojumu-skarienjutigu-sensoru-600-x-600-mm-balts\\\/#breadcrumb\"},\"inLanguage\":\"lv-LV\",\"potentialAction\":[{\"@type\":\"ReadAction\",\"target\":[\"https:\\\/\\\/micasa.lv\\\/lv\\\/help-noliecams-spogulis-ar-led-apgaismojumu-skarienjutigu-sensoru-600-x-600-mm-balts\\\/\"]}]},{\"@type\":\"ImageObject\",\"inLanguage\":\"lv-LV\",\"@id\":\"https:\\\/\\\/micasa.lv\\\/lv\\\/help-noliecams-spogulis-ar-led-apgaismojumu-skarienjutigu-sensoru-600-x-600-mm-balts\\\/#primaryimage\",\"url\":\"https:\\\/\\\/micasa.lv\\\/wp-content\\\/uploads\\\/2025\\\/05\\\/1745f41860d08ea097637f8cf88730b7_301201044-velky.jpg\",\"contentUrl\":\"https:\\\/\\\/micasa.lv\\\/wp-content\\\/uploads\\\/2025\\\/05\\\/1745f41860d08ea097637f8cf88730b7_301201044-velky.jpg\",\"width\":500,\"height\":500},{\"@type\":\"BreadcrumbList\",\"@id\":\"https:\\\/\\\/micasa.lv\\\/lv\\\/help-noliecams-spogulis-ar-led-apgaismojumu-skarienjutigu-sensoru-600-x-600-mm-balts\\\/#breadcrumb\",\"itemListElement\":[{\"@type\":\"ListItem\",\"position\":1,\"name\":\"S\u0101kums\",\"item\":\"https:\\\/\\\/micasa.lv\\\/lv\\\/micasa\\\/\"},{\"@type\":\"ListItem\",\"position\":2,\"name\":\"Shop\",\"item\":\"https:\\\/\\\/micasa.lv\\\/lv\\\/shop\\\/\"},{\"@type\":\"ListItem\",\"position\":3,\"name\":\"HELP: Noliecams spogulis ar LED apgaismojumu, sk\u0101rienjut\u012bgu sensoru, 600 x 600 mm, balts\"}]},{\"@type\":\"WebSite\",\"@id\":\"https:\\\/\\\/micasa.lv\\\/lv\\\/#website\",\"url\":\"https:\\\/\\\/micasa.lv\\\/lv\\\/\",\"name\":\"Micasa\",\"description\":\"\",\"potentialAction\":[{\"@type\":\"SearchAction\",\"target\":{\"@type\":\"EntryPoint\",\"urlTemplate\":\"https:\\\/\\\/micasa.lv\\\/lv\\\/?s={search_term_string}\"},\"query-input\":{\"@type\":\"PropertyValueSpecification\",\"valueRequired\":true,\"valueName\":\"search_term_string\"}}],\"inLanguage\":\"lv-LV\"}]}<\/script>\n<!-- \/ Yoast SEO plugin. -->","yoast_head_json":{"title":"HELP: Noliecams spogulis ar LED apgaismojumu, sk\u0101rienjut\u012bgu sensoru, 600 x 600 mm, balts - Micasa","robots":{"index":"index","follow":"follow","max-snippet":"max-snippet:-1","max-image-preview":"max-image-preview:large","max-video-preview":"max-video-preview:-1"},"canonical":"https:\/\/micasa.lv\/lv\/help-noliecams-spogulis-ar-led-apgaismojumu-skarienjutigu-sensoru-600-x-600-mm-balts\/","og_locale":"lv_LV","og_type":"article","og_title":"HELP: Noliecams spogulis ar LED apgaismojumu, sk\u0101rienjut\u012bgu sensoru, 600 x 600 mm, balts - Micasa","og_description":"Vannas istabas dizains bez robe\u017e\u0101m un ierobe\u017eojumiem! HELP kl\u0101sts sniedz pal\u012bdz\u012bgu roku ikvienam, kur\u0161 v\u0113las vannas istabu bez barjer\u0101m, kur","og_url":"https:\/\/micasa.lv\/lv\/help-noliecams-spogulis-ar-led-apgaismojumu-skarienjutigu-sensoru-600-x-600-mm-balts\/","og_site_name":"Micasa","article_modified_time":"2025-06-13T07:46:20+00:00","og_image":[{"width":500,"height":500,"url":"https:\/\/micasa.lv\/wp-content\/uploads\/2025\/05\/1745f41860d08ea097637f8cf88730b7_301201044-velky.jpg","type":"image\/jpeg"}],"twitter_card":"summary_large_image","schema":{"@context":"https:\/\/schema.org","@graph":[{"@type":"WebPage","@id":"https:\/\/micasa.lv\/lv\/help-noliecams-spogulis-ar-led-apgaismojumu-skarienjutigu-sensoru-600-x-600-mm-balts\/","url":"https:\/\/micasa.lv\/lv\/help-noliecams-spogulis-ar-led-apgaismojumu-skarienjutigu-sensoru-600-x-600-mm-balts\/","name":"HELP: Noliecams spogulis ar LED apgaismojumu, sk\u0101rienjut\u012bgu sensoru, 600 x 600 mm, balts - Micasa","isPartOf":{"@id":"https:\/\/micasa.lv\/lv\/#website"},"primaryImageOfPage":{"@id":"https:\/\/micasa.lv\/lv\/help-noliecams-spogulis-ar-led-apgaismojumu-skarienjutigu-sensoru-600-x-600-mm-balts\/#primaryimage"},"image":{"@id":"https:\/\/micasa.lv\/lv\/help-noliecams-spogulis-ar-led-apgaismojumu-skarienjutigu-sensoru-600-x-600-mm-balts\/#primaryimage"},"thumbnailUrl":"https:\/\/micasa.lv\/wp-content\/uploads\/2025\/05\/1745f41860d08ea097637f8cf88730b7_301201044-velky.jpg","datePublished":"2025-05-16T08:56:36+00:00","dateModified":"2025-06-13T07:46:20+00:00","breadcrumb":{"@id":"https:\/\/micasa.lv\/lv\/help-noliecams-spogulis-ar-led-apgaismojumu-skarienjutigu-sensoru-600-x-600-mm-balts\/#breadcrumb"},"inLanguage":"lv-LV","potentialAction":[{"@type":"ReadAction","target":["https:\/\/micasa.lv\/lv\/help-noliecams-spogulis-ar-led-apgaismojumu-skarienjutigu-sensoru-600-x-600-mm-balts\/"]}]},{"@type":"ImageObject","inLanguage":"lv-LV","@id":"https:\/\/micasa.lv\/lv\/help-noliecams-spogulis-ar-led-apgaismojumu-skarienjutigu-sensoru-600-x-600-mm-balts\/#primaryimage","url":"https:\/\/micasa.lv\/wp-content\/uploads\/2025\/05\/1745f41860d08ea097637f8cf88730b7_301201044-velky.jpg","contentUrl":"https:\/\/micasa.lv\/wp-content\/uploads\/2025\/05\/1745f41860d08ea097637f8cf88730b7_301201044-velky.jpg","width":500,"height":500},{"@type":"BreadcrumbList","@id":"https:\/\/micasa.lv\/lv\/help-noliecams-spogulis-ar-led-apgaismojumu-skarienjutigu-sensoru-600-x-600-mm-balts\/#breadcrumb","itemListElement":[{"@type":"ListItem","position":1,"name":"S\u0101kums","item":"https:\/\/micasa.lv\/lv\/micasa\/"},{"@type":"ListItem","position":2,"name":"Shop","item":"https:\/\/micasa.lv\/lv\/shop\/"},{"@type":"ListItem","position":3,"name":"HELP: Noliecams spogulis ar LED apgaismojumu, sk\u0101rienjut\u012bgu sensoru, 600 x 600 mm, balts"}]},{"@type":"WebSite","@id":"https:\/\/micasa.lv\/lv\/#website","url":"https:\/\/micasa.lv\/lv\/","name":"Micasa","description":"","potentialAction":[{"@type":"SearchAction","target":{"@type":"EntryPoint","urlTemplate":"https:\/\/micasa.lv\/lv\/?s={search_term_string}"},"query-input":{"@type":"PropertyValueSpecification","valueRequired":true,"valueName":"search_term_string"}}],"inLanguage":"lv-LV"}]}},"wcpa_form_fields":null,"_links":{"self":[{"href":"https:\/\/micasa.lv\/lv\/wp-json\/wp\/v2\/product\/50557","targetHints":{"allow":["GET"]}}],"collection":[{"href":"https:\/\/micasa.lv\/lv\/wp-json\/wp\/v2\/product"}],"about":[{"href":"https:\/\/micasa.lv\/lv\/wp-json\/wp\/v2\/types\/product"}],"version-history":[{"count":1,"href":"https:\/\/micasa.lv\/lv\/wp-json\/wp\/v2\/product\/50557\/revisions"}],"predecessor-version":[{"id":50586,"href":"https:\/\/micasa.lv\/lv\/wp-json\/wp\/v2\/product\/50557\/revisions\/50586"}],"wp:featuredmedia":[{"embeddable":true,"href":"https:\/\/micasa.lv\/lv\/wp-json\/wp\/v2\/media\/49542"}],"wp:attachment":[{"href":"https:\/\/micasa.lv\/lv\/wp-json\/wp\/v2\/media?parent=50557"}],"wp:term":[{"taxonomy":"product_brand","embeddable":true,"href":"https:\/\/micasa.lv\/lv\/wp-json\/wp\/v2\/product_brand?post=50557"},{"taxonomy":"product_cat","embeddable":true,"href":"https:\/\/micasa.lv\/lv\/wp-json\/wp\/v2\/product_cat?post=50557"},{"taxonomy":"product_tag","embeddable":true,"href":"https:\/\/micasa.lv\/lv\/wp-json\/wp\/v2\/product_tag?post=50557"}],"curies":[{"name":"wp","href":"https:\/\/api.w.org\/{rel}","templated":true}]}}