{"id":50598,"date":"2025-05-16T11:56:39","date_gmt":"2025-05-16T08:56:39","guid":{"rendered":"https:\/\/test.micasa.lv\/?post_type=product&#038;p=50598"},"modified":"2025-06-13T10:46:24","modified_gmt":"2025-06-13T07:46:24","slug":"apsildams-dvielu-zavetajs-560x90x370mm-63w-nerusejosa-terauda-melns","status":"publish","type":"product","link":"https:\/\/micasa.lv\/lv\/apsildams-dvielu-zavetajs-560x90x370mm-63w-nerusejosa-terauda-melns\/","title":{"rendered":"Apsild\u0101ms dvie\u013cu \u017e\u0101v\u0113t\u0101js 560x90x370mm, 63W, ner\u016bs\u0113jo\u0161\u0101 t\u0113rauda, melns"},"content":{"rendered":"","protected":false},"excerpt":{"rendered":"","protected":false},"featured_media":0,"template":"","meta":[],"product_brand":[],"product_cat":[1528],"product_tag":[],"class_list":{"0":"post-50598","1":"product","2":"type-product","3":"status-publish","5":"product_cat-vannas-istabas-aksesuari","6":"pa_brand-bemeta-lv","8":"first","9":"instock","10":"taxable","11":"shipping-taxable","12":"purchasable","13":"product-type-simple"},"yoast_head":"<!-- This site is optimized with the Yoast SEO plugin v27.4 - https:\/\/yoast.com\/product\/yoast-seo-wordpress\/ -->\n<title>Apsild\u0101ms dvie\u013cu \u017e\u0101v\u0113t\u0101js 560x90x370mm, 63W, ner\u016bs\u0113jo\u0161\u0101 t\u0113rauda, melns - Micasa<\/title>\n<meta name=\"robots\" content=\"index, follow, max-snippet:-1, max-image-preview:large, max-video-preview:-1\" \/>\n<link rel=\"canonical\" href=\"https:\/\/micasa.lv\/lv\/apsildams-dvielu-zavetajs-560x90x370mm-63w-nerusejosa-terauda-melns\/\" \/>\n<meta property=\"og:locale\" content=\"lv_LV\" \/>\n<meta property=\"og:type\" content=\"article\" \/>\n<meta property=\"og:title\" content=\"Apsild\u0101ms dvie\u013cu \u017e\u0101v\u0113t\u0101js 560x90x370mm, 63W, ner\u016bs\u0113jo\u0161\u0101 t\u0113rauda, melns - Micasa\" \/>\n<meta property=\"og:url\" content=\"https:\/\/micasa.lv\/lv\/apsildams-dvielu-zavetajs-560x90x370mm-63w-nerusejosa-terauda-melns\/\" \/>\n<meta property=\"og:site_name\" content=\"Micasa\" \/>\n<meta property=\"article:modified_time\" content=\"2025-06-13T07:46:24+00:00\" \/>\n<meta name=\"twitter:card\" content=\"summary_large_image\" \/>\n<script type=\"application\/ld+json\" class=\"yoast-schema-graph\">{\"@context\":\"https:\\\/\\\/schema.org\",\"@graph\":[{\"@type\":\"WebPage\",\"@id\":\"https:\\\/\\\/micasa.lv\\\/lv\\\/apsildams-dvielu-zavetajs-560x90x370mm-63w-nerusejosa-terauda-melns\\\/\",\"url\":\"https:\\\/\\\/micasa.lv\\\/lv\\\/apsildams-dvielu-zavetajs-560x90x370mm-63w-nerusejosa-terauda-melns\\\/\",\"name\":\"Apsild\u0101ms dvie\u013cu \u017e\u0101v\u0113t\u0101js 560x90x370mm, 63W, ner\u016bs\u0113jo\u0161\u0101 t\u0113rauda, melns - Micasa\",\"isPartOf\":{\"@id\":\"https:\\\/\\\/micasa.lv\\\/lv\\\/#website\"},\"datePublished\":\"2025-05-16T08:56:39+00:00\",\"dateModified\":\"2025-06-13T07:46:24+00:00\",\"breadcrumb\":{\"@id\":\"https:\\\/\\\/micasa.lv\\\/lv\\\/apsildams-dvielu-zavetajs-560x90x370mm-63w-nerusejosa-terauda-melns\\\/#breadcrumb\"},\"inLanguage\":\"lv-LV\",\"potentialAction\":[{\"@type\":\"ReadAction\",\"target\":[\"https:\\\/\\\/micasa.lv\\\/lv\\\/apsildams-dvielu-zavetajs-560x90x370mm-63w-nerusejosa-terauda-melns\\\/\"]}]},{\"@type\":\"BreadcrumbList\",\"@id\":\"https:\\\/\\\/micasa.lv\\\/lv\\\/apsildams-dvielu-zavetajs-560x90x370mm-63w-nerusejosa-terauda-melns\\\/#breadcrumb\",\"itemListElement\":[{\"@type\":\"ListItem\",\"position\":1,\"name\":\"S\u0101kums\",\"item\":\"https:\\\/\\\/micasa.lv\\\/lv\\\/micasa\\\/\"},{\"@type\":\"ListItem\",\"position\":2,\"name\":\"Shop\",\"item\":\"https:\\\/\\\/micasa.lv\\\/lv\\\/shop\\\/\"},{\"@type\":\"ListItem\",\"position\":3,\"name\":\"Apsild\u0101ms dvie\u013cu \u017e\u0101v\u0113t\u0101js 560x90x370mm, 63W, ner\u016bs\u0113jo\u0161\u0101 t\u0113rauda, melns\"}]},{\"@type\":\"WebSite\",\"@id\":\"https:\\\/\\\/micasa.lv\\\/lv\\\/#website\",\"url\":\"https:\\\/\\\/micasa.lv\\\/lv\\\/\",\"name\":\"Micasa\",\"description\":\"\",\"potentialAction\":[{\"@type\":\"SearchAction\",\"target\":{\"@type\":\"EntryPoint\",\"urlTemplate\":\"https:\\\/\\\/micasa.lv\\\/lv\\\/?s={search_term_string}\"},\"query-input\":{\"@type\":\"PropertyValueSpecification\",\"valueRequired\":true,\"valueName\":\"search_term_string\"}}],\"inLanguage\":\"lv-LV\"}]}<\/script>\n<!-- \/ Yoast SEO plugin. -->","yoast_head_json":{"title":"Apsild\u0101ms dvie\u013cu \u017e\u0101v\u0113t\u0101js 560x90x370mm, 63W, ner\u016bs\u0113jo\u0161\u0101 t\u0113rauda, melns - Micasa","robots":{"index":"index","follow":"follow","max-snippet":"max-snippet:-1","max-image-preview":"max-image-preview:large","max-video-preview":"max-video-preview:-1"},"canonical":"https:\/\/micasa.lv\/lv\/apsildams-dvielu-zavetajs-560x90x370mm-63w-nerusejosa-terauda-melns\/","og_locale":"lv_LV","og_type":"article","og_title":"Apsild\u0101ms dvie\u013cu \u017e\u0101v\u0113t\u0101js 560x90x370mm, 63W, ner\u016bs\u0113jo\u0161\u0101 t\u0113rauda, melns - Micasa","og_url":"https:\/\/micasa.lv\/lv\/apsildams-dvielu-zavetajs-560x90x370mm-63w-nerusejosa-terauda-melns\/","og_site_name":"Micasa","article_modified_time":"2025-06-13T07:46:24+00:00","twitter_card":"summary_large_image","schema":{"@context":"https:\/\/schema.org","@graph":[{"@type":"WebPage","@id":"https:\/\/micasa.lv\/lv\/apsildams-dvielu-zavetajs-560x90x370mm-63w-nerusejosa-terauda-melns\/","url":"https:\/\/micasa.lv\/lv\/apsildams-dvielu-zavetajs-560x90x370mm-63w-nerusejosa-terauda-melns\/","name":"Apsild\u0101ms dvie\u013cu \u017e\u0101v\u0113t\u0101js 560x90x370mm, 63W, ner\u016bs\u0113jo\u0161\u0101 t\u0113rauda, melns - Micasa","isPartOf":{"@id":"https:\/\/micasa.lv\/lv\/#website"},"datePublished":"2025-05-16T08:56:39+00:00","dateModified":"2025-06-13T07:46:24+00:00","breadcrumb":{"@id":"https:\/\/micasa.lv\/lv\/apsildams-dvielu-zavetajs-560x90x370mm-63w-nerusejosa-terauda-melns\/#breadcrumb"},"inLanguage":"lv-LV","potentialAction":[{"@type":"ReadAction","target":["https:\/\/micasa.lv\/lv\/apsildams-dvielu-zavetajs-560x90x370mm-63w-nerusejosa-terauda-melns\/"]}]},{"@type":"BreadcrumbList","@id":"https:\/\/micasa.lv\/lv\/apsildams-dvielu-zavetajs-560x90x370mm-63w-nerusejosa-terauda-melns\/#breadcrumb","itemListElement":[{"@type":"ListItem","position":1,"name":"S\u0101kums","item":"https:\/\/micasa.lv\/lv\/micasa\/"},{"@type":"ListItem","position":2,"name":"Shop","item":"https:\/\/micasa.lv\/lv\/shop\/"},{"@type":"ListItem","position":3,"name":"Apsild\u0101ms dvie\u013cu \u017e\u0101v\u0113t\u0101js 560x90x370mm, 63W, ner\u016bs\u0113jo\u0161\u0101 t\u0113rauda, melns"}]},{"@type":"WebSite","@id":"https:\/\/micasa.lv\/lv\/#website","url":"https:\/\/micasa.lv\/lv\/","name":"Micasa","description":"","potentialAction":[{"@type":"SearchAction","target":{"@type":"EntryPoint","urlTemplate":"https:\/\/micasa.lv\/lv\/?s={search_term_string}"},"query-input":{"@type":"PropertyValueSpecification","valueRequired":true,"valueName":"search_term_string"}}],"inLanguage":"lv-LV"}]}},"wcpa_form_fields":null,"_links":{"self":[{"href":"https:\/\/micasa.lv\/lv\/wp-json\/wp\/v2\/product\/50598","targetHints":{"allow":["GET"]}}],"collection":[{"href":"https:\/\/micasa.lv\/lv\/wp-json\/wp\/v2\/product"}],"about":[{"href":"https:\/\/micasa.lv\/lv\/wp-json\/wp\/v2\/types\/product"}],"version-history":[{"count":1,"href":"https:\/\/micasa.lv\/lv\/wp-json\/wp\/v2\/product\/50598\/revisions"}],"predecessor-version":[{"id":50628,"href":"https:\/\/micasa.lv\/lv\/wp-json\/wp\/v2\/product\/50598\/revisions\/50628"}],"wp:attachment":[{"href":"https:\/\/micasa.lv\/lv\/wp-json\/wp\/v2\/media?parent=50598"}],"wp:term":[{"taxonomy":"product_brand","embeddable":true,"href":"https:\/\/micasa.lv\/lv\/wp-json\/wp\/v2\/product_brand?post=50598"},{"taxonomy":"product_cat","embeddable":true,"href":"https:\/\/micasa.lv\/lv\/wp-json\/wp\/v2\/product_cat?post=50598"},{"taxonomy":"product_tag","embeddable":true,"href":"https:\/\/micasa.lv\/lv\/wp-json\/wp\/v2\/product_tag?post=50598"}],"curies":[{"name":"wp","href":"https:\/\/api.w.org\/{rel}","templated":true}]}}