{"id":53883,"date":"2025-06-18T11:49:37","date_gmt":"2025-06-18T08:49:37","guid":{"rendered":"https:\/\/test.micasa.lv\/product\/1-l-type-noseg-profils-koka-gridam\/"},"modified":"2025-06-18T12:10:11","modified_gmt":"2025-06-18T09:10:11","slug":"1-l-type-noseg-profils-koka-gridam","status":"publish","type":"product","link":"https:\/\/micasa.lv\/lv\/1-l-type-noseg-profils-koka-gridam\/","title":{"rendered":"1.L.TYPE Noseg-profils koka gr\u012bd\u0101m"},"content":{"rendered":"<p>Info: \u0160is st\u016br\u012btis tiek izmantots kop\u0101 ar 1.2type un 1.3type \u0113nu profilu. Tas ir ide\u0101ls risin\u0101jums gad\u012bjumos, kad gr\u012bdas (parkets, lamin\u0101ts u.c.), kuras mitruma ietekm\u0113 var papla\u0161in\u0101ties, tiek iekl\u0101tas p\u0113d\u0113j\u0101 remonta etap\u0101. Ar \u0161o profilu ir iesp\u0113jams aizsegt tuk\u0161o \u0161uvi starp gr\u012bdu un sienu 5\u20137 mm.;<\/p>\n<p>Pielietojuma varianti:<br \/>\nstarp gr\u012bdu un sienu;<\/p>\n","protected":false},"excerpt":{"rendered":"<p>Info: \u0160is st\u016br\u012btis tiek izmantots kop\u0101 ar 1.2type un 1.3type \u0113nu profilu. Tas ir ide\u0101ls risin\u0101jums gad\u012bjumos, kad gr\u012bdas (parkets,<\/p>\n","protected":false},"featured_media":53865,"template":"","meta":[],"product_brand":[],"product_cat":[1937,1941],"product_tag":[],"class_list":{"0":"post-53883","1":"product","2":"type-product","3":"status-publish","4":"has-post-thumbnail","6":"product_cat-gridas-profili","7":"product_cat-gridlistes","8":"pa_brand-shadowgap-lv","10":"first","11":"instock","12":"taxable","13":"shipping-taxable","14":"purchasable","15":"product-type-simple"},"yoast_head":"<!-- This site is optimized with the Yoast SEO plugin v27.4 - https:\/\/yoast.com\/product\/yoast-seo-wordpress\/ -->\n<title>1.L.TYPE Noseg-profils koka gr\u012bd\u0101m - Micasa<\/title>\n<meta name=\"robots\" content=\"index, follow, max-snippet:-1, max-image-preview:large, max-video-preview:-1\" \/>\n<link rel=\"canonical\" href=\"https:\/\/micasa.lv\/lv\/1-l-type-noseg-profils-koka-gridam\/\" \/>\n<meta property=\"og:locale\" content=\"lv_LV\" \/>\n<meta property=\"og:type\" content=\"article\" \/>\n<meta property=\"og:title\" content=\"1.L.TYPE Noseg-profils koka gr\u012bd\u0101m - Micasa\" \/>\n<meta property=\"og:description\" content=\"Info: \u0160is st\u016br\u012btis tiek izmantots kop\u0101 ar 1.2type un 1.3type \u0113nu profilu. Tas ir ide\u0101ls risin\u0101jums gad\u012bjumos, kad gr\u012bdas (parkets,\" \/>\n<meta property=\"og:url\" content=\"https:\/\/micasa.lv\/lv\/1-l-type-noseg-profils-koka-gridam\/\" \/>\n<meta property=\"og:site_name\" content=\"Micasa\" \/>\n<meta property=\"article:modified_time\" content=\"2025-06-18T09:10:11+00:00\" \/>\n<meta property=\"og:image\" content=\"https:\/\/micasa.lv\/wp-content\/uploads\/2025\/06\/1ltype_1-700x696-1.jpg\" \/>\n\t<meta property=\"og:image:width\" content=\"700\" \/>\n\t<meta property=\"og:image:height\" content=\"696\" \/>\n\t<meta property=\"og:image:type\" content=\"image\/jpeg\" \/>\n<meta name=\"twitter:card\" content=\"summary_large_image\" \/>\n<script type=\"application\/ld+json\" class=\"yoast-schema-graph\">{\"@context\":\"https:\\\/\\\/schema.org\",\"@graph\":[{\"@type\":\"WebPage\",\"@id\":\"https:\\\/\\\/micasa.lv\\\/lv\\\/1-l-type-noseg-profils-koka-gridam\\\/\",\"url\":\"https:\\\/\\\/micasa.lv\\\/lv\\\/1-l-type-noseg-profils-koka-gridam\\\/\",\"name\":\"1.L.TYPE Noseg-profils koka gr\u012bd\u0101m - Micasa\",\"isPartOf\":{\"@id\":\"https:\\\/\\\/micasa.lv\\\/lv\\\/#website\"},\"primaryImageOfPage\":{\"@id\":\"https:\\\/\\\/micasa.lv\\\/lv\\\/1-l-type-noseg-profils-koka-gridam\\\/#primaryimage\"},\"image\":{\"@id\":\"https:\\\/\\\/micasa.lv\\\/lv\\\/1-l-type-noseg-profils-koka-gridam\\\/#primaryimage\"},\"thumbnailUrl\":\"https:\\\/\\\/micasa.lv\\\/wp-content\\\/uploads\\\/2025\\\/06\\\/1ltype_1-700x696-1.jpg\",\"datePublished\":\"2025-06-18T08:49:37+00:00\",\"dateModified\":\"2025-06-18T09:10:11+00:00\",\"breadcrumb\":{\"@id\":\"https:\\\/\\\/micasa.lv\\\/lv\\\/1-l-type-noseg-profils-koka-gridam\\\/#breadcrumb\"},\"inLanguage\":\"lv-LV\",\"potentialAction\":[{\"@type\":\"ReadAction\",\"target\":[\"https:\\\/\\\/micasa.lv\\\/lv\\\/1-l-type-noseg-profils-koka-gridam\\\/\"]}]},{\"@type\":\"ImageObject\",\"inLanguage\":\"lv-LV\",\"@id\":\"https:\\\/\\\/micasa.lv\\\/lv\\\/1-l-type-noseg-profils-koka-gridam\\\/#primaryimage\",\"url\":\"https:\\\/\\\/micasa.lv\\\/wp-content\\\/uploads\\\/2025\\\/06\\\/1ltype_1-700x696-1.jpg\",\"contentUrl\":\"https:\\\/\\\/micasa.lv\\\/wp-content\\\/uploads\\\/2025\\\/06\\\/1ltype_1-700x696-1.jpg\",\"width\":700,\"height\":696},{\"@type\":\"BreadcrumbList\",\"@id\":\"https:\\\/\\\/micasa.lv\\\/lv\\\/1-l-type-noseg-profils-koka-gridam\\\/#breadcrumb\",\"itemListElement\":[{\"@type\":\"ListItem\",\"position\":1,\"name\":\"S\u0101kums\",\"item\":\"https:\\\/\\\/micasa.lv\\\/lv\\\/micasa\\\/\"},{\"@type\":\"ListItem\",\"position\":2,\"name\":\"Shop\",\"item\":\"https:\\\/\\\/micasa.lv\\\/lv\\\/shop\\\/\"},{\"@type\":\"ListItem\",\"position\":3,\"name\":\"1.L.TYPE Noseg-profils koka gr\u012bd\u0101m\"}]},{\"@type\":\"WebSite\",\"@id\":\"https:\\\/\\\/micasa.lv\\\/lv\\\/#website\",\"url\":\"https:\\\/\\\/micasa.lv\\\/lv\\\/\",\"name\":\"Micasa\",\"description\":\"\",\"potentialAction\":[{\"@type\":\"SearchAction\",\"target\":{\"@type\":\"EntryPoint\",\"urlTemplate\":\"https:\\\/\\\/micasa.lv\\\/lv\\\/?s={search_term_string}\"},\"query-input\":{\"@type\":\"PropertyValueSpecification\",\"valueRequired\":true,\"valueName\":\"search_term_string\"}}],\"inLanguage\":\"lv-LV\"}]}<\/script>\n<!-- \/ Yoast SEO plugin. -->","yoast_head_json":{"title":"1.L.TYPE Noseg-profils koka gr\u012bd\u0101m - Micasa","robots":{"index":"index","follow":"follow","max-snippet":"max-snippet:-1","max-image-preview":"max-image-preview:large","max-video-preview":"max-video-preview:-1"},"canonical":"https:\/\/micasa.lv\/lv\/1-l-type-noseg-profils-koka-gridam\/","og_locale":"lv_LV","og_type":"article","og_title":"1.L.TYPE Noseg-profils koka gr\u012bd\u0101m - Micasa","og_description":"Info: \u0160is st\u016br\u012btis tiek izmantots kop\u0101 ar 1.2type un 1.3type \u0113nu profilu. Tas ir ide\u0101ls risin\u0101jums gad\u012bjumos, kad gr\u012bdas (parkets,","og_url":"https:\/\/micasa.lv\/lv\/1-l-type-noseg-profils-koka-gridam\/","og_site_name":"Micasa","article_modified_time":"2025-06-18T09:10:11+00:00","og_image":[{"width":700,"height":696,"url":"https:\/\/micasa.lv\/wp-content\/uploads\/2025\/06\/1ltype_1-700x696-1.jpg","type":"image\/jpeg"}],"twitter_card":"summary_large_image","schema":{"@context":"https:\/\/schema.org","@graph":[{"@type":"WebPage","@id":"https:\/\/micasa.lv\/lv\/1-l-type-noseg-profils-koka-gridam\/","url":"https:\/\/micasa.lv\/lv\/1-l-type-noseg-profils-koka-gridam\/","name":"1.L.TYPE Noseg-profils koka gr\u012bd\u0101m - Micasa","isPartOf":{"@id":"https:\/\/micasa.lv\/lv\/#website"},"primaryImageOfPage":{"@id":"https:\/\/micasa.lv\/lv\/1-l-type-noseg-profils-koka-gridam\/#primaryimage"},"image":{"@id":"https:\/\/micasa.lv\/lv\/1-l-type-noseg-profils-koka-gridam\/#primaryimage"},"thumbnailUrl":"https:\/\/micasa.lv\/wp-content\/uploads\/2025\/06\/1ltype_1-700x696-1.jpg","datePublished":"2025-06-18T08:49:37+00:00","dateModified":"2025-06-18T09:10:11+00:00","breadcrumb":{"@id":"https:\/\/micasa.lv\/lv\/1-l-type-noseg-profils-koka-gridam\/#breadcrumb"},"inLanguage":"lv-LV","potentialAction":[{"@type":"ReadAction","target":["https:\/\/micasa.lv\/lv\/1-l-type-noseg-profils-koka-gridam\/"]}]},{"@type":"ImageObject","inLanguage":"lv-LV","@id":"https:\/\/micasa.lv\/lv\/1-l-type-noseg-profils-koka-gridam\/#primaryimage","url":"https:\/\/micasa.lv\/wp-content\/uploads\/2025\/06\/1ltype_1-700x696-1.jpg","contentUrl":"https:\/\/micasa.lv\/wp-content\/uploads\/2025\/06\/1ltype_1-700x696-1.jpg","width":700,"height":696},{"@type":"BreadcrumbList","@id":"https:\/\/micasa.lv\/lv\/1-l-type-noseg-profils-koka-gridam\/#breadcrumb","itemListElement":[{"@type":"ListItem","position":1,"name":"S\u0101kums","item":"https:\/\/micasa.lv\/lv\/micasa\/"},{"@type":"ListItem","position":2,"name":"Shop","item":"https:\/\/micasa.lv\/lv\/shop\/"},{"@type":"ListItem","position":3,"name":"1.L.TYPE Noseg-profils koka gr\u012bd\u0101m"}]},{"@type":"WebSite","@id":"https:\/\/micasa.lv\/lv\/#website","url":"https:\/\/micasa.lv\/lv\/","name":"Micasa","description":"","potentialAction":[{"@type":"SearchAction","target":{"@type":"EntryPoint","urlTemplate":"https:\/\/micasa.lv\/lv\/?s={search_term_string}"},"query-input":{"@type":"PropertyValueSpecification","valueRequired":true,"valueName":"search_term_string"}}],"inLanguage":"lv-LV"}]}},"wcpa_form_fields":null,"_links":{"self":[{"href":"https:\/\/micasa.lv\/lv\/wp-json\/wp\/v2\/product\/53883","targetHints":{"allow":["GET"]}}],"collection":[{"href":"https:\/\/micasa.lv\/lv\/wp-json\/wp\/v2\/product"}],"about":[{"href":"https:\/\/micasa.lv\/lv\/wp-json\/wp\/v2\/types\/product"}],"version-history":[{"count":1,"href":"https:\/\/micasa.lv\/lv\/wp-json\/wp\/v2\/product\/53883\/revisions"}],"predecessor-version":[{"id":53907,"href":"https:\/\/micasa.lv\/lv\/wp-json\/wp\/v2\/product\/53883\/revisions\/53907"}],"wp:featuredmedia":[{"embeddable":true,"href":"https:\/\/micasa.lv\/lv\/wp-json\/wp\/v2\/media\/53865"}],"wp:attachment":[{"href":"https:\/\/micasa.lv\/lv\/wp-json\/wp\/v2\/media?parent=53883"}],"wp:term":[{"taxonomy":"product_brand","embeddable":true,"href":"https:\/\/micasa.lv\/lv\/wp-json\/wp\/v2\/product_brand?post=53883"},{"taxonomy":"product_cat","embeddable":true,"href":"https:\/\/micasa.lv\/lv\/wp-json\/wp\/v2\/product_cat?post=53883"},{"taxonomy":"product_tag","embeddable":true,"href":"https:\/\/micasa.lv\/lv\/wp-json\/wp\/v2\/product_tag?post=53883"}],"curies":[{"name":"wp","href":"https:\/\/api.w.org\/{rel}","templated":true}]}}