{"id":53949,"date":"2025-06-18T13:15:33","date_gmt":"2025-06-18T10:15:33","guid":{"rendered":"https:\/\/test.micasa.lv\/product\/minileiste-al10x5-aluminija-gridlistes\/"},"modified":"2025-12-09T12:32:47","modified_gmt":"2025-12-09T09:32:47","slug":"minileiste-al10x5-aluminija-gridlistes","status":"publish","type":"product","link":"https:\/\/micasa.lv\/lv\/minileiste-al10x5-aluminija-gridlistes\/","title":{"rendered":"Minileiste AL10X5 alum\u012bnija gr\u012bdl\u012bstes"},"content":{"rendered":"<p>AL10X5 gala profils rada diskr\u0113tu un inovat\u012bvu apdari no gr\u012bdas seguma l\u012bdz sienai, logam (r\u0101mim) vai k\u0101p\u0146u pak\u0101pienam \u2013 tur, kur konstrukcijas apsv\u0113rumu d\u0113\u013c j\u0101saglab\u0101 savienojuma un deform\u0101cijas \u0161uves. Piem\u0113rots parketam, lamin\u0101tam, dizaina gr\u012bd\u0101m un fl\u012bz\u0113m \u2013 no gr\u012bdas biezuma 5 mm<\/p>\n","protected":false},"excerpt":{"rendered":"<p>AL10X5 gala profils rada diskr\u0113tu un inovat\u012bvu apdari no gr\u012bdas seguma l\u012bdz sienai, logam (r\u0101mim) vai k\u0101p\u0146u pak\u0101pienam \u2013 tur,<\/p>\n","protected":false},"featured_media":53926,"template":"","meta":[],"product_brand":[],"product_cat":[1941],"product_tag":[],"class_list":{"0":"post-53949","1":"product","2":"type-product","3":"status-publish","4":"has-post-thumbnail","6":"product_cat-gridlistes","7":"pa_brand-minileiste-lv","9":"first","10":"instock","11":"taxable","12":"shipping-taxable","13":"purchasable","14":"product-type-variable"},"yoast_head":"<!-- This site is optimized with the Yoast SEO plugin v27.4 - https:\/\/yoast.com\/product\/yoast-seo-wordpress\/ -->\n<title>Minileiste AL10X5 alum\u012bnija gr\u012bdl\u012bstes - Micasa<\/title>\n<meta name=\"robots\" content=\"index, follow, max-snippet:-1, max-image-preview:large, max-video-preview:-1\" \/>\n<link rel=\"canonical\" href=\"https:\/\/micasa.lv\/lv\/minileiste-al10x5-aluminija-gridlistes\/\" \/>\n<meta property=\"og:locale\" content=\"lv_LV\" \/>\n<meta property=\"og:type\" content=\"article\" \/>\n<meta property=\"og:title\" content=\"Minileiste AL10X5 alum\u012bnija gr\u012bdl\u012bstes - Micasa\" \/>\n<meta property=\"og:description\" content=\"AL10X5 gala profils rada diskr\u0113tu un inovat\u012bvu apdari no gr\u012bdas seguma l\u012bdz sienai, logam (r\u0101mim) vai k\u0101p\u0146u pak\u0101pienam \u2013 tur,\" \/>\n<meta property=\"og:url\" content=\"https:\/\/micasa.lv\/lv\/minileiste-al10x5-aluminija-gridlistes\/\" \/>\n<meta property=\"og:site_name\" content=\"Micasa\" \/>\n<meta property=\"article:modified_time\" content=\"2025-12-09T09:32:47+00:00\" \/>\n<meta property=\"og:image\" content=\"https:\/\/micasa.lv\/wp-content\/uploads\/2025\/06\/al10x5_black_satin.jpg\" \/>\n\t<meta property=\"og:image:width\" content=\"660\" \/>\n\t<meta property=\"og:image:height\" content=\"660\" \/>\n\t<meta property=\"og:image:type\" content=\"image\/jpeg\" \/>\n<meta name=\"twitter:card\" content=\"summary_large_image\" \/>\n<meta name=\"twitter:label1\" content=\"Est. reading time\" \/>\n\t<meta name=\"twitter:data1\" content=\"1 minute\" \/>\n<script type=\"application\/ld+json\" class=\"yoast-schema-graph\">{\"@context\":\"https:\\\/\\\/schema.org\",\"@graph\":[{\"@type\":\"WebPage\",\"@id\":\"https:\\\/\\\/micasa.lv\\\/lv\\\/minileiste-al10x5-aluminija-gridlistes\\\/\",\"url\":\"https:\\\/\\\/micasa.lv\\\/lv\\\/minileiste-al10x5-aluminija-gridlistes\\\/\",\"name\":\"Minileiste AL10X5 alum\u012bnija gr\u012bdl\u012bstes - Micasa\",\"isPartOf\":{\"@id\":\"https:\\\/\\\/micasa.lv\\\/lv\\\/#website\"},\"primaryImageOfPage\":{\"@id\":\"https:\\\/\\\/micasa.lv\\\/lv\\\/minileiste-al10x5-aluminija-gridlistes\\\/#primaryimage\"},\"image\":{\"@id\":\"https:\\\/\\\/micasa.lv\\\/lv\\\/minileiste-al10x5-aluminija-gridlistes\\\/#primaryimage\"},\"thumbnailUrl\":\"https:\\\/\\\/micasa.lv\\\/wp-content\\\/uploads\\\/2025\\\/06\\\/al10x5_black_satin.jpg\",\"datePublished\":\"2025-06-18T10:15:33+00:00\",\"dateModified\":\"2025-12-09T09:32:47+00:00\",\"breadcrumb\":{\"@id\":\"https:\\\/\\\/micasa.lv\\\/lv\\\/minileiste-al10x5-aluminija-gridlistes\\\/#breadcrumb\"},\"inLanguage\":\"lv-LV\",\"potentialAction\":[{\"@type\":\"ReadAction\",\"target\":[\"https:\\\/\\\/micasa.lv\\\/lv\\\/minileiste-al10x5-aluminija-gridlistes\\\/\"]}]},{\"@type\":\"ImageObject\",\"inLanguage\":\"lv-LV\",\"@id\":\"https:\\\/\\\/micasa.lv\\\/lv\\\/minileiste-al10x5-aluminija-gridlistes\\\/#primaryimage\",\"url\":\"https:\\\/\\\/micasa.lv\\\/wp-content\\\/uploads\\\/2025\\\/06\\\/al10x5_black_satin.jpg\",\"contentUrl\":\"https:\\\/\\\/micasa.lv\\\/wp-content\\\/uploads\\\/2025\\\/06\\\/al10x5_black_satin.jpg\",\"width\":660,\"height\":660},{\"@type\":\"BreadcrumbList\",\"@id\":\"https:\\\/\\\/micasa.lv\\\/lv\\\/minileiste-al10x5-aluminija-gridlistes\\\/#breadcrumb\",\"itemListElement\":[{\"@type\":\"ListItem\",\"position\":1,\"name\":\"S\u0101kums\",\"item\":\"https:\\\/\\\/micasa.lv\\\/lv\\\/micasa\\\/\"},{\"@type\":\"ListItem\",\"position\":2,\"name\":\"Shop\",\"item\":\"https:\\\/\\\/micasa.lv\\\/lv\\\/shop\\\/\"},{\"@type\":\"ListItem\",\"position\":3,\"name\":\"Minileiste AL10X5 alum\u012bnija gr\u012bdl\u012bstes\"}]},{\"@type\":\"WebSite\",\"@id\":\"https:\\\/\\\/micasa.lv\\\/lv\\\/#website\",\"url\":\"https:\\\/\\\/micasa.lv\\\/lv\\\/\",\"name\":\"Micasa\",\"description\":\"\",\"potentialAction\":[{\"@type\":\"SearchAction\",\"target\":{\"@type\":\"EntryPoint\",\"urlTemplate\":\"https:\\\/\\\/micasa.lv\\\/lv\\\/?s={search_term_string}\"},\"query-input\":{\"@type\":\"PropertyValueSpecification\",\"valueRequired\":true,\"valueName\":\"search_term_string\"}}],\"inLanguage\":\"lv-LV\"}]}<\/script>\n<!-- \/ Yoast SEO plugin. -->","yoast_head_json":{"title":"Minileiste AL10X5 alum\u012bnija gr\u012bdl\u012bstes - Micasa","robots":{"index":"index","follow":"follow","max-snippet":"max-snippet:-1","max-image-preview":"max-image-preview:large","max-video-preview":"max-video-preview:-1"},"canonical":"https:\/\/micasa.lv\/lv\/minileiste-al10x5-aluminija-gridlistes\/","og_locale":"lv_LV","og_type":"article","og_title":"Minileiste AL10X5 alum\u012bnija gr\u012bdl\u012bstes - Micasa","og_description":"AL10X5 gala profils rada diskr\u0113tu un inovat\u012bvu apdari no gr\u012bdas seguma l\u012bdz sienai, logam (r\u0101mim) vai k\u0101p\u0146u pak\u0101pienam \u2013 tur,","og_url":"https:\/\/micasa.lv\/lv\/minileiste-al10x5-aluminija-gridlistes\/","og_site_name":"Micasa","article_modified_time":"2025-12-09T09:32:47+00:00","og_image":[{"width":660,"height":660,"url":"https:\/\/micasa.lv\/wp-content\/uploads\/2025\/06\/al10x5_black_satin.jpg","type":"image\/jpeg"}],"twitter_card":"summary_large_image","twitter_misc":{"Est. reading time":"1 minute"},"schema":{"@context":"https:\/\/schema.org","@graph":[{"@type":"WebPage","@id":"https:\/\/micasa.lv\/lv\/minileiste-al10x5-aluminija-gridlistes\/","url":"https:\/\/micasa.lv\/lv\/minileiste-al10x5-aluminija-gridlistes\/","name":"Minileiste AL10X5 alum\u012bnija gr\u012bdl\u012bstes - Micasa","isPartOf":{"@id":"https:\/\/micasa.lv\/lv\/#website"},"primaryImageOfPage":{"@id":"https:\/\/micasa.lv\/lv\/minileiste-al10x5-aluminija-gridlistes\/#primaryimage"},"image":{"@id":"https:\/\/micasa.lv\/lv\/minileiste-al10x5-aluminija-gridlistes\/#primaryimage"},"thumbnailUrl":"https:\/\/micasa.lv\/wp-content\/uploads\/2025\/06\/al10x5_black_satin.jpg","datePublished":"2025-06-18T10:15:33+00:00","dateModified":"2025-12-09T09:32:47+00:00","breadcrumb":{"@id":"https:\/\/micasa.lv\/lv\/minileiste-al10x5-aluminija-gridlistes\/#breadcrumb"},"inLanguage":"lv-LV","potentialAction":[{"@type":"ReadAction","target":["https:\/\/micasa.lv\/lv\/minileiste-al10x5-aluminija-gridlistes\/"]}]},{"@type":"ImageObject","inLanguage":"lv-LV","@id":"https:\/\/micasa.lv\/lv\/minileiste-al10x5-aluminija-gridlistes\/#primaryimage","url":"https:\/\/micasa.lv\/wp-content\/uploads\/2025\/06\/al10x5_black_satin.jpg","contentUrl":"https:\/\/micasa.lv\/wp-content\/uploads\/2025\/06\/al10x5_black_satin.jpg","width":660,"height":660},{"@type":"BreadcrumbList","@id":"https:\/\/micasa.lv\/lv\/minileiste-al10x5-aluminija-gridlistes\/#breadcrumb","itemListElement":[{"@type":"ListItem","position":1,"name":"S\u0101kums","item":"https:\/\/micasa.lv\/lv\/micasa\/"},{"@type":"ListItem","position":2,"name":"Shop","item":"https:\/\/micasa.lv\/lv\/shop\/"},{"@type":"ListItem","position":3,"name":"Minileiste AL10X5 alum\u012bnija gr\u012bdl\u012bstes"}]},{"@type":"WebSite","@id":"https:\/\/micasa.lv\/lv\/#website","url":"https:\/\/micasa.lv\/lv\/","name":"Micasa","description":"","potentialAction":[{"@type":"SearchAction","target":{"@type":"EntryPoint","urlTemplate":"https:\/\/micasa.lv\/lv\/?s={search_term_string}"},"query-input":{"@type":"PropertyValueSpecification","valueRequired":true,"valueName":"search_term_string"}}],"inLanguage":"lv-LV"}]}},"wcpa_form_fields":null,"_links":{"self":[{"href":"https:\/\/micasa.lv\/lv\/wp-json\/wp\/v2\/product\/53949","targetHints":{"allow":["GET"]}}],"collection":[{"href":"https:\/\/micasa.lv\/lv\/wp-json\/wp\/v2\/product"}],"about":[{"href":"https:\/\/micasa.lv\/lv\/wp-json\/wp\/v2\/types\/product"}],"version-history":[{"count":1,"href":"https:\/\/micasa.lv\/lv\/wp-json\/wp\/v2\/product\/53949\/revisions"}],"predecessor-version":[{"id":53961,"href":"https:\/\/micasa.lv\/lv\/wp-json\/wp\/v2\/product\/53949\/revisions\/53961"}],"wp:featuredmedia":[{"embeddable":true,"href":"https:\/\/micasa.lv\/lv\/wp-json\/wp\/v2\/media\/53926"}],"wp:attachment":[{"href":"https:\/\/micasa.lv\/lv\/wp-json\/wp\/v2\/media?parent=53949"}],"wp:term":[{"taxonomy":"product_brand","embeddable":true,"href":"https:\/\/micasa.lv\/lv\/wp-json\/wp\/v2\/product_brand?post=53949"},{"taxonomy":"product_cat","embeddable":true,"href":"https:\/\/micasa.lv\/lv\/wp-json\/wp\/v2\/product_cat?post=53949"},{"taxonomy":"product_tag","embeddable":true,"href":"https:\/\/micasa.lv\/lv\/wp-json\/wp\/v2\/product_tag?post=53949"}],"curies":[{"name":"wp","href":"https:\/\/api.w.org\/{rel}","templated":true}]}}