{"id":54067,"date":"2025-06-18T15:01:40","date_gmt":"2025-06-18T12:01:40","guid":{"rendered":"https:\/\/test.micasa.lv\/product\/minileiste-sl16x5-aluminija-gridliste\/"},"modified":"2025-12-09T13:00:57","modified_gmt":"2025-12-09T10:00:57","slug":"minileiste-sl16x5-aluminija-gridliste","status":"publish","type":"product","link":"https:\/\/micasa.lv\/lv\/minileiste-sl16x5-aluminija-gridliste\/","title":{"rendered":"Minileiste SL16X5 alum\u012bnija gr\u012bdl\u012bste"},"content":{"rendered":"<p>Minim\u0101lisms, k\u0101rt\u012bgums un est\u0113tika<br \/>\nVienk\u0101r\u0161a un \u0101tra mont\u0101\u017ea \u2013 bez instrumentiem un net\u012brumiem. Vien\u012bgais, kas nepiecie\u0161ams, lai uzst\u0101d\u012btu \u0161o gr\u012bdl\u012bsti gr\u012bd\u0101, ir abpus\u0113ja uzst\u0101d\u012b\u0161anas uzl\u012bme. Tas lieliski sader ar koka un betona virsm\u0101m, parketiem un fl\u012bz\u0113m.<br \/>\nIzgatavots no alum\u012bnija, kas nodro\u0161ina iztur\u012bbu, \u016bdensiztur\u012bbu un nov\u0113r\u0161 uzbrie\u0161anu.<br \/>\nUnivers\u0101ls dizains \u2013 smalks papildin\u0101jums jebkuram interjeram.<br \/>\nAugsta iztur\u012bba pret skr\u0101p\u0113jumiem \u2013 var izmantot m\u0101jas un komerci\u0101l\u0101s telp\u0101s.<br \/>\nProdukts ir pieejams 5 kr\u0101s\u0101s.<\/p>\n","protected":false},"excerpt":{"rendered":"<p>Minim\u0101lisms, k\u0101rt\u012bgums un est\u0113tika Vienk\u0101r\u0161a un \u0101tra mont\u0101\u017ea \u2013 bez instrumentiem un net\u012brumiem. Vien\u012bgais, kas nepiecie\u0161ams, lai uzst\u0101d\u012btu \u0161o gr\u012bdl\u012bsti<\/p>\n","protected":false},"featured_media":54061,"template":"","meta":[],"product_brand":[],"product_cat":[1941],"product_tag":[],"class_list":{"0":"post-54067","1":"product","2":"type-product","3":"status-publish","4":"has-post-thumbnail","6":"product_cat-gridlistes","7":"pa_brand-minileiste-lv","9":"first","10":"instock","11":"taxable","12":"shipping-taxable","13":"purchasable","14":"product-type-variable"},"yoast_head":"<!-- This site is optimized with the Yoast SEO plugin v27.4 - https:\/\/yoast.com\/product\/yoast-seo-wordpress\/ -->\n<title>Minileiste SL16X5 alum\u012bnija gr\u012bdl\u012bste - Micasa<\/title>\n<meta name=\"robots\" content=\"index, follow, max-snippet:-1, max-image-preview:large, max-video-preview:-1\" \/>\n<link rel=\"canonical\" href=\"https:\/\/micasa.lv\/lv\/minileiste-sl16x5-aluminija-gridliste\/\" \/>\n<meta property=\"og:locale\" content=\"lv_LV\" \/>\n<meta property=\"og:type\" content=\"article\" \/>\n<meta property=\"og:title\" content=\"Minileiste SL16X5 alum\u012bnija gr\u012bdl\u012bste - Micasa\" \/>\n<meta property=\"og:description\" content=\"Minim\u0101lisms, k\u0101rt\u012bgums un est\u0113tika Vienk\u0101r\u0161a un \u0101tra mont\u0101\u017ea \u2013 bez instrumentiem un net\u012brumiem. Vien\u012bgais, kas nepiecie\u0161ams, lai uzst\u0101d\u012btu \u0161o gr\u012bdl\u012bsti\" \/>\n<meta property=\"og:url\" content=\"https:\/\/micasa.lv\/lv\/minileiste-sl16x5-aluminija-gridliste\/\" \/>\n<meta property=\"og:site_name\" content=\"Micasa\" \/>\n<meta property=\"article:modified_time\" content=\"2025-12-09T10:00:57+00:00\" \/>\n<meta property=\"og:image\" content=\"https:\/\/micasa.lv\/wp-content\/uploads\/2025\/06\/sl16x5_titanium.jpg\" \/>\n\t<meta property=\"og:image:width\" content=\"661\" \/>\n\t<meta property=\"og:image:height\" content=\"660\" \/>\n\t<meta property=\"og:image:type\" content=\"image\/jpeg\" \/>\n<meta name=\"twitter:card\" content=\"summary_large_image\" \/>\n<meta name=\"twitter:label1\" content=\"Est. reading time\" \/>\n\t<meta name=\"twitter:data1\" content=\"1 minute\" \/>\n<script type=\"application\/ld+json\" class=\"yoast-schema-graph\">{\"@context\":\"https:\\\/\\\/schema.org\",\"@graph\":[{\"@type\":\"WebPage\",\"@id\":\"https:\\\/\\\/micasa.lv\\\/lv\\\/minileiste-sl16x5-aluminija-gridliste\\\/\",\"url\":\"https:\\\/\\\/micasa.lv\\\/lv\\\/minileiste-sl16x5-aluminija-gridliste\\\/\",\"name\":\"Minileiste SL16X5 alum\u012bnija gr\u012bdl\u012bste - Micasa\",\"isPartOf\":{\"@id\":\"https:\\\/\\\/micasa.lv\\\/lv\\\/#website\"},\"primaryImageOfPage\":{\"@id\":\"https:\\\/\\\/micasa.lv\\\/lv\\\/minileiste-sl16x5-aluminija-gridliste\\\/#primaryimage\"},\"image\":{\"@id\":\"https:\\\/\\\/micasa.lv\\\/lv\\\/minileiste-sl16x5-aluminija-gridliste\\\/#primaryimage\"},\"thumbnailUrl\":\"https:\\\/\\\/micasa.lv\\\/wp-content\\\/uploads\\\/2025\\\/06\\\/sl16x5_titanium.jpg\",\"datePublished\":\"2025-06-18T12:01:40+00:00\",\"dateModified\":\"2025-12-09T10:00:57+00:00\",\"breadcrumb\":{\"@id\":\"https:\\\/\\\/micasa.lv\\\/lv\\\/minileiste-sl16x5-aluminija-gridliste\\\/#breadcrumb\"},\"inLanguage\":\"lv-LV\",\"potentialAction\":[{\"@type\":\"ReadAction\",\"target\":[\"https:\\\/\\\/micasa.lv\\\/lv\\\/minileiste-sl16x5-aluminija-gridliste\\\/\"]}]},{\"@type\":\"ImageObject\",\"inLanguage\":\"lv-LV\",\"@id\":\"https:\\\/\\\/micasa.lv\\\/lv\\\/minileiste-sl16x5-aluminija-gridliste\\\/#primaryimage\",\"url\":\"https:\\\/\\\/micasa.lv\\\/wp-content\\\/uploads\\\/2025\\\/06\\\/sl16x5_titanium.jpg\",\"contentUrl\":\"https:\\\/\\\/micasa.lv\\\/wp-content\\\/uploads\\\/2025\\\/06\\\/sl16x5_titanium.jpg\",\"width\":661,\"height\":660},{\"@type\":\"BreadcrumbList\",\"@id\":\"https:\\\/\\\/micasa.lv\\\/lv\\\/minileiste-sl16x5-aluminija-gridliste\\\/#breadcrumb\",\"itemListElement\":[{\"@type\":\"ListItem\",\"position\":1,\"name\":\"S\u0101kums\",\"item\":\"https:\\\/\\\/micasa.lv\\\/lv\\\/micasa\\\/\"},{\"@type\":\"ListItem\",\"position\":2,\"name\":\"Shop\",\"item\":\"https:\\\/\\\/micasa.lv\\\/lv\\\/shop\\\/\"},{\"@type\":\"ListItem\",\"position\":3,\"name\":\"Minileiste SL16X5 alum\u012bnija gr\u012bdl\u012bste\"}]},{\"@type\":\"WebSite\",\"@id\":\"https:\\\/\\\/micasa.lv\\\/lv\\\/#website\",\"url\":\"https:\\\/\\\/micasa.lv\\\/lv\\\/\",\"name\":\"Micasa\",\"description\":\"\",\"potentialAction\":[{\"@type\":\"SearchAction\",\"target\":{\"@type\":\"EntryPoint\",\"urlTemplate\":\"https:\\\/\\\/micasa.lv\\\/lv\\\/?s={search_term_string}\"},\"query-input\":{\"@type\":\"PropertyValueSpecification\",\"valueRequired\":true,\"valueName\":\"search_term_string\"}}],\"inLanguage\":\"lv-LV\"}]}<\/script>\n<!-- \/ Yoast SEO plugin. -->","yoast_head_json":{"title":"Minileiste SL16X5 alum\u012bnija gr\u012bdl\u012bste - Micasa","robots":{"index":"index","follow":"follow","max-snippet":"max-snippet:-1","max-image-preview":"max-image-preview:large","max-video-preview":"max-video-preview:-1"},"canonical":"https:\/\/micasa.lv\/lv\/minileiste-sl16x5-aluminija-gridliste\/","og_locale":"lv_LV","og_type":"article","og_title":"Minileiste SL16X5 alum\u012bnija gr\u012bdl\u012bste - Micasa","og_description":"Minim\u0101lisms, k\u0101rt\u012bgums un est\u0113tika Vienk\u0101r\u0161a un \u0101tra mont\u0101\u017ea \u2013 bez instrumentiem un net\u012brumiem. Vien\u012bgais, kas nepiecie\u0161ams, lai uzst\u0101d\u012btu \u0161o gr\u012bdl\u012bsti","og_url":"https:\/\/micasa.lv\/lv\/minileiste-sl16x5-aluminija-gridliste\/","og_site_name":"Micasa","article_modified_time":"2025-12-09T10:00:57+00:00","og_image":[{"width":661,"height":660,"url":"https:\/\/micasa.lv\/wp-content\/uploads\/2025\/06\/sl16x5_titanium.jpg","type":"image\/jpeg"}],"twitter_card":"summary_large_image","twitter_misc":{"Est. reading time":"1 minute"},"schema":{"@context":"https:\/\/schema.org","@graph":[{"@type":"WebPage","@id":"https:\/\/micasa.lv\/lv\/minileiste-sl16x5-aluminija-gridliste\/","url":"https:\/\/micasa.lv\/lv\/minileiste-sl16x5-aluminija-gridliste\/","name":"Minileiste SL16X5 alum\u012bnija gr\u012bdl\u012bste - Micasa","isPartOf":{"@id":"https:\/\/micasa.lv\/lv\/#website"},"primaryImageOfPage":{"@id":"https:\/\/micasa.lv\/lv\/minileiste-sl16x5-aluminija-gridliste\/#primaryimage"},"image":{"@id":"https:\/\/micasa.lv\/lv\/minileiste-sl16x5-aluminija-gridliste\/#primaryimage"},"thumbnailUrl":"https:\/\/micasa.lv\/wp-content\/uploads\/2025\/06\/sl16x5_titanium.jpg","datePublished":"2025-06-18T12:01:40+00:00","dateModified":"2025-12-09T10:00:57+00:00","breadcrumb":{"@id":"https:\/\/micasa.lv\/lv\/minileiste-sl16x5-aluminija-gridliste\/#breadcrumb"},"inLanguage":"lv-LV","potentialAction":[{"@type":"ReadAction","target":["https:\/\/micasa.lv\/lv\/minileiste-sl16x5-aluminija-gridliste\/"]}]},{"@type":"ImageObject","inLanguage":"lv-LV","@id":"https:\/\/micasa.lv\/lv\/minileiste-sl16x5-aluminija-gridliste\/#primaryimage","url":"https:\/\/micasa.lv\/wp-content\/uploads\/2025\/06\/sl16x5_titanium.jpg","contentUrl":"https:\/\/micasa.lv\/wp-content\/uploads\/2025\/06\/sl16x5_titanium.jpg","width":661,"height":660},{"@type":"BreadcrumbList","@id":"https:\/\/micasa.lv\/lv\/minileiste-sl16x5-aluminija-gridliste\/#breadcrumb","itemListElement":[{"@type":"ListItem","position":1,"name":"S\u0101kums","item":"https:\/\/micasa.lv\/lv\/micasa\/"},{"@type":"ListItem","position":2,"name":"Shop","item":"https:\/\/micasa.lv\/lv\/shop\/"},{"@type":"ListItem","position":3,"name":"Minileiste SL16X5 alum\u012bnija gr\u012bdl\u012bste"}]},{"@type":"WebSite","@id":"https:\/\/micasa.lv\/lv\/#website","url":"https:\/\/micasa.lv\/lv\/","name":"Micasa","description":"","potentialAction":[{"@type":"SearchAction","target":{"@type":"EntryPoint","urlTemplate":"https:\/\/micasa.lv\/lv\/?s={search_term_string}"},"query-input":{"@type":"PropertyValueSpecification","valueRequired":true,"valueName":"search_term_string"}}],"inLanguage":"lv-LV"}]}},"wcpa_form_fields":null,"_links":{"self":[{"href":"https:\/\/micasa.lv\/lv\/wp-json\/wp\/v2\/product\/54067","targetHints":{"allow":["GET"]}}],"collection":[{"href":"https:\/\/micasa.lv\/lv\/wp-json\/wp\/v2\/product"}],"about":[{"href":"https:\/\/micasa.lv\/lv\/wp-json\/wp\/v2\/types\/product"}],"version-history":[{"count":1,"href":"https:\/\/micasa.lv\/lv\/wp-json\/wp\/v2\/product\/54067\/revisions"}],"predecessor-version":[{"id":54085,"href":"https:\/\/micasa.lv\/lv\/wp-json\/wp\/v2\/product\/54067\/revisions\/54085"}],"wp:featuredmedia":[{"embeddable":true,"href":"https:\/\/micasa.lv\/lv\/wp-json\/wp\/v2\/media\/54061"}],"wp:attachment":[{"href":"https:\/\/micasa.lv\/lv\/wp-json\/wp\/v2\/media?parent=54067"}],"wp:term":[{"taxonomy":"product_brand","embeddable":true,"href":"https:\/\/micasa.lv\/lv\/wp-json\/wp\/v2\/product_brand?post=54067"},{"taxonomy":"product_cat","embeddable":true,"href":"https:\/\/micasa.lv\/lv\/wp-json\/wp\/v2\/product_cat?post=54067"},{"taxonomy":"product_tag","embeddable":true,"href":"https:\/\/micasa.lv\/lv\/wp-json\/wp\/v2\/product_tag?post=54067"}],"curies":[{"name":"wp","href":"https:\/\/api.w.org\/{rel}","templated":true}]}}