{"id":54274,"date":"2025-06-20T16:34:34","date_gmt":"2025-06-20T13:34:34","guid":{"rendered":"https:\/\/test.micasa.lv\/product\/3-3-type-enu-profils-griestiem-bez-apgaismojuma-15-mm\/"},"modified":"2025-07-03T14:48:50","modified_gmt":"2025-07-03T11:48:50","slug":"3-3-type-enu-profils-griestiem-bez-apgaismojuma-15-mm","status":"publish","type":"product","link":"https:\/\/micasa.lv\/lv\/3-3-type-enu-profils-griestiem-bez-apgaismojuma-15-mm\/","title":{"rendered":"3.3.TYPE \u0112nu profils griestiem bez apgaismojuma, 15 mm"},"content":{"rendered":"<p>Materi\u0101ls: Anod\u0113ts alum\u012bnijs (RAL 9005);<br \/>\nProfila garums: 2.0 m;<br \/>\n\u0112nu ni\u0161as platums: 15 mm;<br \/>\nSader\u012bgs ar: \u0122ip\u0161kartona l\u012bsti 12.5 mm;<br \/>\nUzst\u0101d\u012b\u0161ana: Tiek stiprin\u0101ts uz sienas knauf stringer viet\u0101;<br \/>\n*Nav nepiecie\u0161ami papildus stiprin\u0101jumi;<br \/>\n*Nodro\u0161ina lai starp sien\u0101m un griestiem neveidotos plaisas.;<br \/>\nPielietojuma varianti: starp griestiem un sienu;<\/p>\n","protected":false},"excerpt":{"rendered":"<p>Materi\u0101ls: Anod\u0113ts alum\u012bnijs (RAL 9005); Profila garums: 2.0 m; \u0112nu ni\u0161as platums: 15 mm; Sader\u012bgs ar: \u0122ip\u0161kartona l\u012bsti 12.5 mm;<\/p>\n","protected":false},"featured_media":54259,"template":"","meta":[],"product_brand":[],"product_cat":[1935],"product_tag":[],"class_list":{"0":"post-54274","1":"product","2":"type-product","3":"status-publish","4":"has-post-thumbnail","6":"product_cat-griestu-karnizes","7":"pa_brand-shadowgap-lv","9":"first","10":"instock","11":"taxable","12":"shipping-taxable","13":"purchasable","14":"product-type-simple"},"yoast_head":"<!-- This site is optimized with the Yoast SEO plugin v27.4 - https:\/\/yoast.com\/product\/yoast-seo-wordpress\/ -->\n<title>3.3.TYPE \u0112nu profils griestiem bez apgaismojuma, 15 mm - Micasa<\/title>\n<meta name=\"robots\" content=\"index, follow, max-snippet:-1, max-image-preview:large, max-video-preview:-1\" \/>\n<link rel=\"canonical\" href=\"https:\/\/micasa.lv\/lv\/3-3-type-enu-profils-griestiem-bez-apgaismojuma-15-mm\/\" \/>\n<meta property=\"og:locale\" content=\"lv_LV\" \/>\n<meta property=\"og:type\" content=\"article\" \/>\n<meta property=\"og:title\" content=\"3.3.TYPE \u0112nu profils griestiem bez apgaismojuma, 15 mm - Micasa\" \/>\n<meta property=\"og:description\" content=\"Materi\u0101ls: Anod\u0113ts alum\u012bnijs (RAL 9005); Profila garums: 2.0 m; \u0112nu ni\u0161as platums: 15 mm; Sader\u012bgs ar: \u0122ip\u0161kartona l\u012bsti 12.5 mm;\" \/>\n<meta property=\"og:url\" content=\"https:\/\/micasa.lv\/lv\/3-3-type-enu-profils-griestiem-bez-apgaismojuma-15-mm\/\" \/>\n<meta property=\"og:site_name\" content=\"Micasa\" \/>\n<meta property=\"article:modified_time\" content=\"2025-07-03T11:48:50+00:00\" \/>\n<meta property=\"og:image\" content=\"https:\/\/micasa.lv\/wp-content\/uploads\/2025\/06\/3.3type_1.jpg\" \/>\n\t<meta property=\"og:image:width\" content=\"610\" \/>\n\t<meta property=\"og:image:height\" content=\"608\" \/>\n\t<meta property=\"og:image:type\" content=\"image\/jpeg\" \/>\n<meta name=\"twitter:card\" content=\"summary_large_image\" \/>\n<meta name=\"twitter:label1\" content=\"Est. reading time\" \/>\n\t<meta name=\"twitter:data1\" content=\"1 minute\" \/>\n<script type=\"application\/ld+json\" class=\"yoast-schema-graph\">{\"@context\":\"https:\\\/\\\/schema.org\",\"@graph\":[{\"@type\":\"WebPage\",\"@id\":\"https:\\\/\\\/micasa.lv\\\/lv\\\/3-3-type-enu-profils-griestiem-bez-apgaismojuma-15-mm\\\/\",\"url\":\"https:\\\/\\\/micasa.lv\\\/lv\\\/3-3-type-enu-profils-griestiem-bez-apgaismojuma-15-mm\\\/\",\"name\":\"3.3.TYPE \u0112nu profils griestiem bez apgaismojuma, 15 mm - Micasa\",\"isPartOf\":{\"@id\":\"https:\\\/\\\/micasa.lv\\\/lv\\\/#website\"},\"primaryImageOfPage\":{\"@id\":\"https:\\\/\\\/micasa.lv\\\/lv\\\/3-3-type-enu-profils-griestiem-bez-apgaismojuma-15-mm\\\/#primaryimage\"},\"image\":{\"@id\":\"https:\\\/\\\/micasa.lv\\\/lv\\\/3-3-type-enu-profils-griestiem-bez-apgaismojuma-15-mm\\\/#primaryimage\"},\"thumbnailUrl\":\"https:\\\/\\\/micasa.lv\\\/wp-content\\\/uploads\\\/2025\\\/06\\\/3.3type_1.jpg\",\"datePublished\":\"2025-06-20T13:34:34+00:00\",\"dateModified\":\"2025-07-03T11:48:50+00:00\",\"breadcrumb\":{\"@id\":\"https:\\\/\\\/micasa.lv\\\/lv\\\/3-3-type-enu-profils-griestiem-bez-apgaismojuma-15-mm\\\/#breadcrumb\"},\"inLanguage\":\"lv-LV\",\"potentialAction\":[{\"@type\":\"ReadAction\",\"target\":[\"https:\\\/\\\/micasa.lv\\\/lv\\\/3-3-type-enu-profils-griestiem-bez-apgaismojuma-15-mm\\\/\"]}]},{\"@type\":\"ImageObject\",\"inLanguage\":\"lv-LV\",\"@id\":\"https:\\\/\\\/micasa.lv\\\/lv\\\/3-3-type-enu-profils-griestiem-bez-apgaismojuma-15-mm\\\/#primaryimage\",\"url\":\"https:\\\/\\\/micasa.lv\\\/wp-content\\\/uploads\\\/2025\\\/06\\\/3.3type_1.jpg\",\"contentUrl\":\"https:\\\/\\\/micasa.lv\\\/wp-content\\\/uploads\\\/2025\\\/06\\\/3.3type_1.jpg\",\"width\":610,\"height\":608},{\"@type\":\"BreadcrumbList\",\"@id\":\"https:\\\/\\\/micasa.lv\\\/lv\\\/3-3-type-enu-profils-griestiem-bez-apgaismojuma-15-mm\\\/#breadcrumb\",\"itemListElement\":[{\"@type\":\"ListItem\",\"position\":1,\"name\":\"S\u0101kums\",\"item\":\"https:\\\/\\\/micasa.lv\\\/lv\\\/micasa\\\/\"},{\"@type\":\"ListItem\",\"position\":2,\"name\":\"Shop\",\"item\":\"https:\\\/\\\/micasa.lv\\\/lv\\\/shop\\\/\"},{\"@type\":\"ListItem\",\"position\":3,\"name\":\"3.3.TYPE \u0112nu profils griestiem bez apgaismojuma, 15 mm\"}]},{\"@type\":\"WebSite\",\"@id\":\"https:\\\/\\\/micasa.lv\\\/lv\\\/#website\",\"url\":\"https:\\\/\\\/micasa.lv\\\/lv\\\/\",\"name\":\"Micasa\",\"description\":\"\",\"potentialAction\":[{\"@type\":\"SearchAction\",\"target\":{\"@type\":\"EntryPoint\",\"urlTemplate\":\"https:\\\/\\\/micasa.lv\\\/lv\\\/?s={search_term_string}\"},\"query-input\":{\"@type\":\"PropertyValueSpecification\",\"valueRequired\":true,\"valueName\":\"search_term_string\"}}],\"inLanguage\":\"lv-LV\"}]}<\/script>\n<!-- \/ Yoast SEO plugin. -->","yoast_head_json":{"title":"3.3.TYPE \u0112nu profils griestiem bez apgaismojuma, 15 mm - Micasa","robots":{"index":"index","follow":"follow","max-snippet":"max-snippet:-1","max-image-preview":"max-image-preview:large","max-video-preview":"max-video-preview:-1"},"canonical":"https:\/\/micasa.lv\/lv\/3-3-type-enu-profils-griestiem-bez-apgaismojuma-15-mm\/","og_locale":"lv_LV","og_type":"article","og_title":"3.3.TYPE \u0112nu profils griestiem bez apgaismojuma, 15 mm - Micasa","og_description":"Materi\u0101ls: Anod\u0113ts alum\u012bnijs (RAL 9005); Profila garums: 2.0 m; \u0112nu ni\u0161as platums: 15 mm; Sader\u012bgs ar: \u0122ip\u0161kartona l\u012bsti 12.5 mm;","og_url":"https:\/\/micasa.lv\/lv\/3-3-type-enu-profils-griestiem-bez-apgaismojuma-15-mm\/","og_site_name":"Micasa","article_modified_time":"2025-07-03T11:48:50+00:00","og_image":[{"width":610,"height":608,"url":"https:\/\/micasa.lv\/wp-content\/uploads\/2025\/06\/3.3type_1.jpg","type":"image\/jpeg"}],"twitter_card":"summary_large_image","twitter_misc":{"Est. reading time":"1 minute"},"schema":{"@context":"https:\/\/schema.org","@graph":[{"@type":"WebPage","@id":"https:\/\/micasa.lv\/lv\/3-3-type-enu-profils-griestiem-bez-apgaismojuma-15-mm\/","url":"https:\/\/micasa.lv\/lv\/3-3-type-enu-profils-griestiem-bez-apgaismojuma-15-mm\/","name":"3.3.TYPE \u0112nu profils griestiem bez apgaismojuma, 15 mm - Micasa","isPartOf":{"@id":"https:\/\/micasa.lv\/lv\/#website"},"primaryImageOfPage":{"@id":"https:\/\/micasa.lv\/lv\/3-3-type-enu-profils-griestiem-bez-apgaismojuma-15-mm\/#primaryimage"},"image":{"@id":"https:\/\/micasa.lv\/lv\/3-3-type-enu-profils-griestiem-bez-apgaismojuma-15-mm\/#primaryimage"},"thumbnailUrl":"https:\/\/micasa.lv\/wp-content\/uploads\/2025\/06\/3.3type_1.jpg","datePublished":"2025-06-20T13:34:34+00:00","dateModified":"2025-07-03T11:48:50+00:00","breadcrumb":{"@id":"https:\/\/micasa.lv\/lv\/3-3-type-enu-profils-griestiem-bez-apgaismojuma-15-mm\/#breadcrumb"},"inLanguage":"lv-LV","potentialAction":[{"@type":"ReadAction","target":["https:\/\/micasa.lv\/lv\/3-3-type-enu-profils-griestiem-bez-apgaismojuma-15-mm\/"]}]},{"@type":"ImageObject","inLanguage":"lv-LV","@id":"https:\/\/micasa.lv\/lv\/3-3-type-enu-profils-griestiem-bez-apgaismojuma-15-mm\/#primaryimage","url":"https:\/\/micasa.lv\/wp-content\/uploads\/2025\/06\/3.3type_1.jpg","contentUrl":"https:\/\/micasa.lv\/wp-content\/uploads\/2025\/06\/3.3type_1.jpg","width":610,"height":608},{"@type":"BreadcrumbList","@id":"https:\/\/micasa.lv\/lv\/3-3-type-enu-profils-griestiem-bez-apgaismojuma-15-mm\/#breadcrumb","itemListElement":[{"@type":"ListItem","position":1,"name":"S\u0101kums","item":"https:\/\/micasa.lv\/lv\/micasa\/"},{"@type":"ListItem","position":2,"name":"Shop","item":"https:\/\/micasa.lv\/lv\/shop\/"},{"@type":"ListItem","position":3,"name":"3.3.TYPE \u0112nu profils griestiem bez apgaismojuma, 15 mm"}]},{"@type":"WebSite","@id":"https:\/\/micasa.lv\/lv\/#website","url":"https:\/\/micasa.lv\/lv\/","name":"Micasa","description":"","potentialAction":[{"@type":"SearchAction","target":{"@type":"EntryPoint","urlTemplate":"https:\/\/micasa.lv\/lv\/?s={search_term_string}"},"query-input":{"@type":"PropertyValueSpecification","valueRequired":true,"valueName":"search_term_string"}}],"inLanguage":"lv-LV"}]}},"wcpa_form_fields":null,"_links":{"self":[{"href":"https:\/\/micasa.lv\/lv\/wp-json\/wp\/v2\/product\/54274","targetHints":{"allow":["GET"]}}],"collection":[{"href":"https:\/\/micasa.lv\/lv\/wp-json\/wp\/v2\/product"}],"about":[{"href":"https:\/\/micasa.lv\/lv\/wp-json\/wp\/v2\/types\/product"}],"version-history":[{"count":1,"href":"https:\/\/micasa.lv\/lv\/wp-json\/wp\/v2\/product\/54274\/revisions"}],"predecessor-version":[{"id":54277,"href":"https:\/\/micasa.lv\/lv\/wp-json\/wp\/v2\/product\/54274\/revisions\/54277"}],"wp:featuredmedia":[{"embeddable":true,"href":"https:\/\/micasa.lv\/lv\/wp-json\/wp\/v2\/media\/54259"}],"wp:attachment":[{"href":"https:\/\/micasa.lv\/lv\/wp-json\/wp\/v2\/media?parent=54274"}],"wp:term":[{"taxonomy":"product_brand","embeddable":true,"href":"https:\/\/micasa.lv\/lv\/wp-json\/wp\/v2\/product_brand?post=54274"},{"taxonomy":"product_cat","embeddable":true,"href":"https:\/\/micasa.lv\/lv\/wp-json\/wp\/v2\/product_cat?post=54274"},{"taxonomy":"product_tag","embeddable":true,"href":"https:\/\/micasa.lv\/lv\/wp-json\/wp\/v2\/product_tag?post=54274"}],"curies":[{"name":"wp","href":"https:\/\/api.w.org\/{rel}","templated":true}]}}