{"id":54298,"date":"2025-06-20T16:44:51","date_gmt":"2025-06-20T13:44:51","guid":{"rendered":"https:\/\/test.micasa.lv\/product\/4-1-type-enu-profils-griestiem-ar-nisu-apgaismojumam-1-regipsa-kartai\/"},"modified":"2025-07-03T14:49:18","modified_gmt":"2025-07-03T11:49:18","slug":"4-1-type-enu-profils-griestiem-ar-nisu-apgaismojumam-1-regipsa-kartai","status":"publish","type":"product","link":"https:\/\/micasa.lv\/lv\/4-1-type-enu-profils-griestiem-ar-nisu-apgaismojumam-1-regipsa-kartai\/","title":{"rendered":"4.1.TYPE \u0112nu profils griestiem ar ni\u0161u apgaismojumam, 1 re\u0123ip\u0161a k\u0101rtai"},"content":{"rendered":"<p>*Cen\u0101 nav iek\u013cauts gaismas izklied\u0113t\u0101js.<\/p>\n<p>\u0112nu ni\u0161as platums: 15,7 mm;<br \/>\nSader\u012bgs ar: 1 \u0122ip\u0161kartona l\u012bsti 12.5 mm;<br \/>\n\u012apa\u0161\u012bbas: Speci\u0101la platforma led lentes mont\u0101\u017eai. Nosedz pa\u0161u gaismas avotu;<\/p>\n<p>*Nav nepiecie\u0161ami papildus stiprin\u0101jumi;<br \/>\n*Nodro\u0161ina lai starp sien\u0101m un griestiem neveidotos plaisas;<br \/>\n*Rada augstas kvalit\u0101tes line\u0101ro sienas apgaismojumu;<br \/>\n* Led lentei ir j\u0101b\u016bt ar platumu maz\u0101ku par 11 mm;<\/p>\n<p>Pielietojuma varianti:<\/p>\n<p>starp griestiem un sienu;<\/p>\n","protected":false},"excerpt":{"rendered":"<p>*Cen\u0101 nav iek\u013cauts gaismas izklied\u0113t\u0101js. \u0112nu ni\u0161as platums: 15,7 mm; Sader\u012bgs ar: 1 \u0122ip\u0161kartona l\u012bsti 12.5 mm; \u012apa\u0161\u012bbas: Speci\u0101la platforma<\/p>\n","protected":false},"featured_media":54280,"template":"","meta":[],"product_brand":[],"product_cat":[1935],"product_tag":[],"class_list":{"0":"post-54298","1":"product","2":"type-product","3":"status-publish","4":"has-post-thumbnail","6":"product_cat-griestu-karnizes","7":"pa_brand-shadowgap-lv","9":"first","10":"instock","11":"taxable","12":"shipping-taxable","13":"purchasable","14":"product-type-simple"},"yoast_head":"<!-- This site is optimized with the Yoast SEO plugin v27.4 - https:\/\/yoast.com\/product\/yoast-seo-wordpress\/ -->\n<title>4.1.TYPE \u0112nu profils griestiem ar ni\u0161u apgaismojumam, 1 re\u0123ip\u0161a k\u0101rtai - Micasa<\/title>\n<meta name=\"robots\" content=\"index, follow, max-snippet:-1, max-image-preview:large, max-video-preview:-1\" \/>\n<link rel=\"canonical\" href=\"https:\/\/micasa.lv\/lv\/4-1-type-enu-profils-griestiem-ar-nisu-apgaismojumam-1-regipsa-kartai\/\" \/>\n<meta property=\"og:locale\" content=\"lv_LV\" \/>\n<meta property=\"og:type\" content=\"article\" \/>\n<meta property=\"og:title\" content=\"4.1.TYPE \u0112nu profils griestiem ar ni\u0161u apgaismojumam, 1 re\u0123ip\u0161a k\u0101rtai - Micasa\" \/>\n<meta property=\"og:description\" content=\"*Cen\u0101 nav iek\u013cauts gaismas izklied\u0113t\u0101js. \u0112nu ni\u0161as platums: 15,7 mm; Sader\u012bgs ar: 1 \u0122ip\u0161kartona l\u012bsti 12.5 mm; \u012apa\u0161\u012bbas: Speci\u0101la platforma\" \/>\n<meta property=\"og:url\" content=\"https:\/\/micasa.lv\/lv\/4-1-type-enu-profils-griestiem-ar-nisu-apgaismojumam-1-regipsa-kartai\/\" \/>\n<meta property=\"og:site_name\" content=\"Micasa\" \/>\n<meta property=\"article:modified_time\" content=\"2025-07-03T11:49:18+00:00\" \/>\n<meta property=\"og:image\" content=\"https:\/\/micasa.lv\/wp-content\/uploads\/2025\/06\/4.1type_1.jpg\" \/>\n\t<meta property=\"og:image:width\" content=\"610\" \/>\n\t<meta property=\"og:image:height\" content=\"609\" \/>\n\t<meta property=\"og:image:type\" content=\"image\/jpeg\" \/>\n<meta name=\"twitter:card\" content=\"summary_large_image\" \/>\n<meta name=\"twitter:label1\" content=\"Est. reading time\" \/>\n\t<meta name=\"twitter:data1\" content=\"1 minute\" \/>\n<script type=\"application\/ld+json\" class=\"yoast-schema-graph\">{\"@context\":\"https:\\\/\\\/schema.org\",\"@graph\":[{\"@type\":\"WebPage\",\"@id\":\"https:\\\/\\\/micasa.lv\\\/lv\\\/4-1-type-enu-profils-griestiem-ar-nisu-apgaismojumam-1-regipsa-kartai\\\/\",\"url\":\"https:\\\/\\\/micasa.lv\\\/lv\\\/4-1-type-enu-profils-griestiem-ar-nisu-apgaismojumam-1-regipsa-kartai\\\/\",\"name\":\"4.1.TYPE \u0112nu profils griestiem ar ni\u0161u apgaismojumam, 1 re\u0123ip\u0161a k\u0101rtai - Micasa\",\"isPartOf\":{\"@id\":\"https:\\\/\\\/micasa.lv\\\/lv\\\/#website\"},\"primaryImageOfPage\":{\"@id\":\"https:\\\/\\\/micasa.lv\\\/lv\\\/4-1-type-enu-profils-griestiem-ar-nisu-apgaismojumam-1-regipsa-kartai\\\/#primaryimage\"},\"image\":{\"@id\":\"https:\\\/\\\/micasa.lv\\\/lv\\\/4-1-type-enu-profils-griestiem-ar-nisu-apgaismojumam-1-regipsa-kartai\\\/#primaryimage\"},\"thumbnailUrl\":\"https:\\\/\\\/micasa.lv\\\/wp-content\\\/uploads\\\/2025\\\/06\\\/4.1type_1.jpg\",\"datePublished\":\"2025-06-20T13:44:51+00:00\",\"dateModified\":\"2025-07-03T11:49:18+00:00\",\"breadcrumb\":{\"@id\":\"https:\\\/\\\/micasa.lv\\\/lv\\\/4-1-type-enu-profils-griestiem-ar-nisu-apgaismojumam-1-regipsa-kartai\\\/#breadcrumb\"},\"inLanguage\":\"lv-LV\",\"potentialAction\":[{\"@type\":\"ReadAction\",\"target\":[\"https:\\\/\\\/micasa.lv\\\/lv\\\/4-1-type-enu-profils-griestiem-ar-nisu-apgaismojumam-1-regipsa-kartai\\\/\"]}]},{\"@type\":\"ImageObject\",\"inLanguage\":\"lv-LV\",\"@id\":\"https:\\\/\\\/micasa.lv\\\/lv\\\/4-1-type-enu-profils-griestiem-ar-nisu-apgaismojumam-1-regipsa-kartai\\\/#primaryimage\",\"url\":\"https:\\\/\\\/micasa.lv\\\/wp-content\\\/uploads\\\/2025\\\/06\\\/4.1type_1.jpg\",\"contentUrl\":\"https:\\\/\\\/micasa.lv\\\/wp-content\\\/uploads\\\/2025\\\/06\\\/4.1type_1.jpg\",\"width\":610,\"height\":609},{\"@type\":\"BreadcrumbList\",\"@id\":\"https:\\\/\\\/micasa.lv\\\/lv\\\/4-1-type-enu-profils-griestiem-ar-nisu-apgaismojumam-1-regipsa-kartai\\\/#breadcrumb\",\"itemListElement\":[{\"@type\":\"ListItem\",\"position\":1,\"name\":\"S\u0101kums\",\"item\":\"https:\\\/\\\/micasa.lv\\\/lv\\\/micasa\\\/\"},{\"@type\":\"ListItem\",\"position\":2,\"name\":\"Shop\",\"item\":\"https:\\\/\\\/micasa.lv\\\/lv\\\/shop\\\/\"},{\"@type\":\"ListItem\",\"position\":3,\"name\":\"4.1.TYPE \u0112nu profils griestiem ar ni\u0161u apgaismojumam, 1 re\u0123ip\u0161a k\u0101rtai\"}]},{\"@type\":\"WebSite\",\"@id\":\"https:\\\/\\\/micasa.lv\\\/lv\\\/#website\",\"url\":\"https:\\\/\\\/micasa.lv\\\/lv\\\/\",\"name\":\"Micasa\",\"description\":\"\",\"potentialAction\":[{\"@type\":\"SearchAction\",\"target\":{\"@type\":\"EntryPoint\",\"urlTemplate\":\"https:\\\/\\\/micasa.lv\\\/lv\\\/?s={search_term_string}\"},\"query-input\":{\"@type\":\"PropertyValueSpecification\",\"valueRequired\":true,\"valueName\":\"search_term_string\"}}],\"inLanguage\":\"lv-LV\"}]}<\/script>\n<!-- \/ Yoast SEO plugin. -->","yoast_head_json":{"title":"4.1.TYPE \u0112nu profils griestiem ar ni\u0161u apgaismojumam, 1 re\u0123ip\u0161a k\u0101rtai - Micasa","robots":{"index":"index","follow":"follow","max-snippet":"max-snippet:-1","max-image-preview":"max-image-preview:large","max-video-preview":"max-video-preview:-1"},"canonical":"https:\/\/micasa.lv\/lv\/4-1-type-enu-profils-griestiem-ar-nisu-apgaismojumam-1-regipsa-kartai\/","og_locale":"lv_LV","og_type":"article","og_title":"4.1.TYPE \u0112nu profils griestiem ar ni\u0161u apgaismojumam, 1 re\u0123ip\u0161a k\u0101rtai - Micasa","og_description":"*Cen\u0101 nav iek\u013cauts gaismas izklied\u0113t\u0101js. \u0112nu ni\u0161as platums: 15,7 mm; Sader\u012bgs ar: 1 \u0122ip\u0161kartona l\u012bsti 12.5 mm; \u012apa\u0161\u012bbas: Speci\u0101la platforma","og_url":"https:\/\/micasa.lv\/lv\/4-1-type-enu-profils-griestiem-ar-nisu-apgaismojumam-1-regipsa-kartai\/","og_site_name":"Micasa","article_modified_time":"2025-07-03T11:49:18+00:00","og_image":[{"width":610,"height":609,"url":"https:\/\/micasa.lv\/wp-content\/uploads\/2025\/06\/4.1type_1.jpg","type":"image\/jpeg"}],"twitter_card":"summary_large_image","twitter_misc":{"Est. reading time":"1 minute"},"schema":{"@context":"https:\/\/schema.org","@graph":[{"@type":"WebPage","@id":"https:\/\/micasa.lv\/lv\/4-1-type-enu-profils-griestiem-ar-nisu-apgaismojumam-1-regipsa-kartai\/","url":"https:\/\/micasa.lv\/lv\/4-1-type-enu-profils-griestiem-ar-nisu-apgaismojumam-1-regipsa-kartai\/","name":"4.1.TYPE \u0112nu profils griestiem ar ni\u0161u apgaismojumam, 1 re\u0123ip\u0161a k\u0101rtai - Micasa","isPartOf":{"@id":"https:\/\/micasa.lv\/lv\/#website"},"primaryImageOfPage":{"@id":"https:\/\/micasa.lv\/lv\/4-1-type-enu-profils-griestiem-ar-nisu-apgaismojumam-1-regipsa-kartai\/#primaryimage"},"image":{"@id":"https:\/\/micasa.lv\/lv\/4-1-type-enu-profils-griestiem-ar-nisu-apgaismojumam-1-regipsa-kartai\/#primaryimage"},"thumbnailUrl":"https:\/\/micasa.lv\/wp-content\/uploads\/2025\/06\/4.1type_1.jpg","datePublished":"2025-06-20T13:44:51+00:00","dateModified":"2025-07-03T11:49:18+00:00","breadcrumb":{"@id":"https:\/\/micasa.lv\/lv\/4-1-type-enu-profils-griestiem-ar-nisu-apgaismojumam-1-regipsa-kartai\/#breadcrumb"},"inLanguage":"lv-LV","potentialAction":[{"@type":"ReadAction","target":["https:\/\/micasa.lv\/lv\/4-1-type-enu-profils-griestiem-ar-nisu-apgaismojumam-1-regipsa-kartai\/"]}]},{"@type":"ImageObject","inLanguage":"lv-LV","@id":"https:\/\/micasa.lv\/lv\/4-1-type-enu-profils-griestiem-ar-nisu-apgaismojumam-1-regipsa-kartai\/#primaryimage","url":"https:\/\/micasa.lv\/wp-content\/uploads\/2025\/06\/4.1type_1.jpg","contentUrl":"https:\/\/micasa.lv\/wp-content\/uploads\/2025\/06\/4.1type_1.jpg","width":610,"height":609},{"@type":"BreadcrumbList","@id":"https:\/\/micasa.lv\/lv\/4-1-type-enu-profils-griestiem-ar-nisu-apgaismojumam-1-regipsa-kartai\/#breadcrumb","itemListElement":[{"@type":"ListItem","position":1,"name":"S\u0101kums","item":"https:\/\/micasa.lv\/lv\/micasa\/"},{"@type":"ListItem","position":2,"name":"Shop","item":"https:\/\/micasa.lv\/lv\/shop\/"},{"@type":"ListItem","position":3,"name":"4.1.TYPE \u0112nu profils griestiem ar ni\u0161u apgaismojumam, 1 re\u0123ip\u0161a k\u0101rtai"}]},{"@type":"WebSite","@id":"https:\/\/micasa.lv\/lv\/#website","url":"https:\/\/micasa.lv\/lv\/","name":"Micasa","description":"","potentialAction":[{"@type":"SearchAction","target":{"@type":"EntryPoint","urlTemplate":"https:\/\/micasa.lv\/lv\/?s={search_term_string}"},"query-input":{"@type":"PropertyValueSpecification","valueRequired":true,"valueName":"search_term_string"}}],"inLanguage":"lv-LV"}]}},"wcpa_form_fields":null,"_links":{"self":[{"href":"https:\/\/micasa.lv\/lv\/wp-json\/wp\/v2\/product\/54298","targetHints":{"allow":["GET"]}}],"collection":[{"href":"https:\/\/micasa.lv\/lv\/wp-json\/wp\/v2\/product"}],"about":[{"href":"https:\/\/micasa.lv\/lv\/wp-json\/wp\/v2\/types\/product"}],"version-history":[{"count":1,"href":"https:\/\/micasa.lv\/lv\/wp-json\/wp\/v2\/product\/54298\/revisions"}],"predecessor-version":[{"id":54301,"href":"https:\/\/micasa.lv\/lv\/wp-json\/wp\/v2\/product\/54298\/revisions\/54301"}],"wp:featuredmedia":[{"embeddable":true,"href":"https:\/\/micasa.lv\/lv\/wp-json\/wp\/v2\/media\/54280"}],"wp:attachment":[{"href":"https:\/\/micasa.lv\/lv\/wp-json\/wp\/v2\/media?parent=54298"}],"wp:term":[{"taxonomy":"product_brand","embeddable":true,"href":"https:\/\/micasa.lv\/lv\/wp-json\/wp\/v2\/product_brand?post=54298"},{"taxonomy":"product_cat","embeddable":true,"href":"https:\/\/micasa.lv\/lv\/wp-json\/wp\/v2\/product_cat?post=54298"},{"taxonomy":"product_tag","embeddable":true,"href":"https:\/\/micasa.lv\/lv\/wp-json\/wp\/v2\/product_tag?post=54298"}],"curies":[{"name":"wp","href":"https:\/\/api.w.org\/{rel}","templated":true}]}}