{"id":54526,"date":"2025-04-09T13:41:24","date_gmt":"2025-04-09T10:41:24","guid":{"rendered":"https:\/\/test.micasa.lv\/product\/klik-klak-varsts-allure-futurbath\/"},"modified":"2026-01-15T13:48:38","modified_gmt":"2026-01-15T11:48:38","slug":"klik-klak-varsts-allure-futurbath","status":"publish","type":"product","link":"https:\/\/micasa.lv\/lv\/klik-klak-varsts-allure-futurbath\/","title":{"rendered":"Click\/Clack v\u0101rsts Allure FuturBath"},"content":{"rendered":"<ul>\n<li>Click\/Clack v\u0101rsts 1&#8243; 1\/4, piem\u0113rots izlietn\u0113m ar p\u0101rpl\u016bdi un bez t\u0101s<\/li>\n<li>Misi\u0146a korpuss<\/li>\n<li>G1\/4\u201d savienojums<\/li>\n<\/ul>\n","protected":false},"excerpt":{"rendered":"<p>Click\/Clack v\u0101rsts 1&#8243; 1\/4, piem\u0113rots izlietn\u0113m ar p\u0101rpl\u016bdi un bez t\u0101s Misi\u0146a korpuss G1\/4\u201d savienojums<\/p>\n","protected":false},"featured_media":26187,"template":"","meta":[],"product_brand":[],"product_cat":[571,1528],"product_tag":[],"class_list":{"0":"post-54526","1":"product","2":"type-product","3":"status-publish","4":"has-post-thumbnail","6":"product_cat-sifoni-un-aksesuari","7":"product_cat-vannas-istabas-aksesuari","8":"pa_brand-futurbath-lv","10":"first","11":"instock","12":"taxable","13":"shipping-taxable","14":"purchasable","15":"product-type-variable"},"yoast_head":"<!-- This site is optimized with the Yoast SEO plugin v27.4 - https:\/\/yoast.com\/product\/yoast-seo-wordpress\/ -->\n<title>Click\/Clack v\u0101rsts Allure FuturBath - Micasa<\/title>\n<meta name=\"robots\" content=\"index, follow, max-snippet:-1, max-image-preview:large, max-video-preview:-1\" \/>\n<link rel=\"canonical\" href=\"https:\/\/micasa.lv\/lv\/klik-klak-varsts-allure-futurbath\/\" \/>\n<meta property=\"og:locale\" content=\"lv_LV\" \/>\n<meta property=\"og:type\" content=\"article\" \/>\n<meta property=\"og:title\" content=\"Click\/Clack v\u0101rsts Allure FuturBath - Micasa\" \/>\n<meta property=\"og:description\" content=\"Click\/Clack v\u0101rsts 1&#8243; 1\/4, piem\u0113rots izlietn\u0113m ar p\u0101rpl\u016bdi un bez t\u0101s Misi\u0146a korpuss G1\/4\u201d savienojums\" \/>\n<meta property=\"og:url\" content=\"https:\/\/micasa.lv\/lv\/klik-klak-varsts-allure-futurbath\/\" \/>\n<meta property=\"og:site_name\" content=\"Micasa\" \/>\n<meta property=\"article:modified_time\" content=\"2026-01-15T11:48:38+00:00\" \/>\n<meta property=\"og:image\" content=\"https:\/\/micasa.lv\/wp-content\/uploads\/2025\/04\/spcb1005.png\" \/>\n\t<meta property=\"og:image:width\" content=\"1200\" \/>\n\t<meta property=\"og:image:height\" content=\"1200\" \/>\n\t<meta property=\"og:image:type\" content=\"image\/png\" \/>\n<meta name=\"twitter:card\" content=\"summary_large_image\" \/>\n<script type=\"application\/ld+json\" class=\"yoast-schema-graph\">{\"@context\":\"https:\\\/\\\/schema.org\",\"@graph\":[{\"@type\":\"WebPage\",\"@id\":\"https:\\\/\\\/micasa.lv\\\/lv\\\/klik-klak-varsts-allure-futurbath\\\/\",\"url\":\"https:\\\/\\\/micasa.lv\\\/lv\\\/klik-klak-varsts-allure-futurbath\\\/\",\"name\":\"Click\\\/Clack v\u0101rsts Allure FuturBath - Micasa\",\"isPartOf\":{\"@id\":\"https:\\\/\\\/micasa.lv\\\/lv\\\/#website\"},\"primaryImageOfPage\":{\"@id\":\"https:\\\/\\\/micasa.lv\\\/lv\\\/klik-klak-varsts-allure-futurbath\\\/#primaryimage\"},\"image\":{\"@id\":\"https:\\\/\\\/micasa.lv\\\/lv\\\/klik-klak-varsts-allure-futurbath\\\/#primaryimage\"},\"thumbnailUrl\":\"https:\\\/\\\/micasa.lv\\\/wp-content\\\/uploads\\\/2025\\\/04\\\/spcb1005.png\",\"datePublished\":\"2025-04-09T10:41:24+00:00\",\"dateModified\":\"2026-01-15T11:48:38+00:00\",\"breadcrumb\":{\"@id\":\"https:\\\/\\\/micasa.lv\\\/lv\\\/klik-klak-varsts-allure-futurbath\\\/#breadcrumb\"},\"inLanguage\":\"lv-LV\",\"potentialAction\":[{\"@type\":\"ReadAction\",\"target\":[\"https:\\\/\\\/micasa.lv\\\/lv\\\/klik-klak-varsts-allure-futurbath\\\/\"]}]},{\"@type\":\"ImageObject\",\"inLanguage\":\"lv-LV\",\"@id\":\"https:\\\/\\\/micasa.lv\\\/lv\\\/klik-klak-varsts-allure-futurbath\\\/#primaryimage\",\"url\":\"https:\\\/\\\/micasa.lv\\\/wp-content\\\/uploads\\\/2025\\\/04\\\/spcb1005.png\",\"contentUrl\":\"https:\\\/\\\/micasa.lv\\\/wp-content\\\/uploads\\\/2025\\\/04\\\/spcb1005.png\",\"width\":1200,\"height\":1200},{\"@type\":\"BreadcrumbList\",\"@id\":\"https:\\\/\\\/micasa.lv\\\/lv\\\/klik-klak-varsts-allure-futurbath\\\/#breadcrumb\",\"itemListElement\":[{\"@type\":\"ListItem\",\"position\":1,\"name\":\"S\u0101kums\",\"item\":\"https:\\\/\\\/micasa.lv\\\/lv\\\/micasa\\\/\"},{\"@type\":\"ListItem\",\"position\":2,\"name\":\"Shop\",\"item\":\"https:\\\/\\\/micasa.lv\\\/lv\\\/shop\\\/\"},{\"@type\":\"ListItem\",\"position\":3,\"name\":\"Click\\\/Clack v\u0101rsts Allure FuturBath\"}]},{\"@type\":\"WebSite\",\"@id\":\"https:\\\/\\\/micasa.lv\\\/lv\\\/#website\",\"url\":\"https:\\\/\\\/micasa.lv\\\/lv\\\/\",\"name\":\"Micasa\",\"description\":\"\",\"potentialAction\":[{\"@type\":\"SearchAction\",\"target\":{\"@type\":\"EntryPoint\",\"urlTemplate\":\"https:\\\/\\\/micasa.lv\\\/lv\\\/?s={search_term_string}\"},\"query-input\":{\"@type\":\"PropertyValueSpecification\",\"valueRequired\":true,\"valueName\":\"search_term_string\"}}],\"inLanguage\":\"lv-LV\"}]}<\/script>\n<!-- \/ Yoast SEO plugin. -->","yoast_head_json":{"title":"Click\/Clack v\u0101rsts Allure FuturBath - Micasa","robots":{"index":"index","follow":"follow","max-snippet":"max-snippet:-1","max-image-preview":"max-image-preview:large","max-video-preview":"max-video-preview:-1"},"canonical":"https:\/\/micasa.lv\/lv\/klik-klak-varsts-allure-futurbath\/","og_locale":"lv_LV","og_type":"article","og_title":"Click\/Clack v\u0101rsts Allure FuturBath - Micasa","og_description":"Click\/Clack v\u0101rsts 1&#8243; 1\/4, piem\u0113rots izlietn\u0113m ar p\u0101rpl\u016bdi un bez t\u0101s Misi\u0146a korpuss G1\/4\u201d savienojums","og_url":"https:\/\/micasa.lv\/lv\/klik-klak-varsts-allure-futurbath\/","og_site_name":"Micasa","article_modified_time":"2026-01-15T11:48:38+00:00","og_image":[{"width":1200,"height":1200,"url":"https:\/\/micasa.lv\/wp-content\/uploads\/2025\/04\/spcb1005.png","type":"image\/png"}],"twitter_card":"summary_large_image","schema":{"@context":"https:\/\/schema.org","@graph":[{"@type":"WebPage","@id":"https:\/\/micasa.lv\/lv\/klik-klak-varsts-allure-futurbath\/","url":"https:\/\/micasa.lv\/lv\/klik-klak-varsts-allure-futurbath\/","name":"Click\/Clack v\u0101rsts Allure FuturBath - Micasa","isPartOf":{"@id":"https:\/\/micasa.lv\/lv\/#website"},"primaryImageOfPage":{"@id":"https:\/\/micasa.lv\/lv\/klik-klak-varsts-allure-futurbath\/#primaryimage"},"image":{"@id":"https:\/\/micasa.lv\/lv\/klik-klak-varsts-allure-futurbath\/#primaryimage"},"thumbnailUrl":"https:\/\/micasa.lv\/wp-content\/uploads\/2025\/04\/spcb1005.png","datePublished":"2025-04-09T10:41:24+00:00","dateModified":"2026-01-15T11:48:38+00:00","breadcrumb":{"@id":"https:\/\/micasa.lv\/lv\/klik-klak-varsts-allure-futurbath\/#breadcrumb"},"inLanguage":"lv-LV","potentialAction":[{"@type":"ReadAction","target":["https:\/\/micasa.lv\/lv\/klik-klak-varsts-allure-futurbath\/"]}]},{"@type":"ImageObject","inLanguage":"lv-LV","@id":"https:\/\/micasa.lv\/lv\/klik-klak-varsts-allure-futurbath\/#primaryimage","url":"https:\/\/micasa.lv\/wp-content\/uploads\/2025\/04\/spcb1005.png","contentUrl":"https:\/\/micasa.lv\/wp-content\/uploads\/2025\/04\/spcb1005.png","width":1200,"height":1200},{"@type":"BreadcrumbList","@id":"https:\/\/micasa.lv\/lv\/klik-klak-varsts-allure-futurbath\/#breadcrumb","itemListElement":[{"@type":"ListItem","position":1,"name":"S\u0101kums","item":"https:\/\/micasa.lv\/lv\/micasa\/"},{"@type":"ListItem","position":2,"name":"Shop","item":"https:\/\/micasa.lv\/lv\/shop\/"},{"@type":"ListItem","position":3,"name":"Click\/Clack v\u0101rsts Allure FuturBath"}]},{"@type":"WebSite","@id":"https:\/\/micasa.lv\/lv\/#website","url":"https:\/\/micasa.lv\/lv\/","name":"Micasa","description":"","potentialAction":[{"@type":"SearchAction","target":{"@type":"EntryPoint","urlTemplate":"https:\/\/micasa.lv\/lv\/?s={search_term_string}"},"query-input":{"@type":"PropertyValueSpecification","valueRequired":true,"valueName":"search_term_string"}}],"inLanguage":"lv-LV"}]}},"wcpa_form_fields":null,"_links":{"self":[{"href":"https:\/\/micasa.lv\/lv\/wp-json\/wp\/v2\/product\/54526","targetHints":{"allow":["GET"]}}],"collection":[{"href":"https:\/\/micasa.lv\/lv\/wp-json\/wp\/v2\/product"}],"about":[{"href":"https:\/\/micasa.lv\/lv\/wp-json\/wp\/v2\/types\/product"}],"version-history":[{"count":2,"href":"https:\/\/micasa.lv\/lv\/wp-json\/wp\/v2\/product\/54526\/revisions"}],"predecessor-version":[{"id":66207,"href":"https:\/\/micasa.lv\/lv\/wp-json\/wp\/v2\/product\/54526\/revisions\/66207"}],"wp:featuredmedia":[{"embeddable":true,"href":"https:\/\/micasa.lv\/lv\/wp-json\/wp\/v2\/media\/26187"}],"wp:attachment":[{"href":"https:\/\/micasa.lv\/lv\/wp-json\/wp\/v2\/media?parent=54526"}],"wp:term":[{"taxonomy":"product_brand","embeddable":true,"href":"https:\/\/micasa.lv\/lv\/wp-json\/wp\/v2\/product_brand?post=54526"},{"taxonomy":"product_cat","embeddable":true,"href":"https:\/\/micasa.lv\/lv\/wp-json\/wp\/v2\/product_cat?post=54526"},{"taxonomy":"product_tag","embeddable":true,"href":"https:\/\/micasa.lv\/lv\/wp-json\/wp\/v2\/product_tag?post=54526"}],"curies":[{"name":"wp","href":"https:\/\/api.w.org\/{rel}","templated":true}]}}