{"id":54787,"date":"2025-04-14T10:46:20","date_gmt":"2025-04-14T08:46:20","guid":{"rendered":"https:\/\/test.micasa.lv\/product\/roma-kolekcijas-sienas-piestiprinamais-tualetes-pods-futurbath\/"},"modified":"2025-04-14T10:46:20","modified_gmt":"2025-04-14T07:46:20","slug":"roma-kolekcijas-sienas-piestiprinamais-tualetes-pods-futurbath","status":"publish","type":"product","link":"https:\/\/micasa.lv\/lv\/roma-kolekcijas-sienas-piestiprinamais-tualetes-pods-futurbath\/","title":{"rendered":"Roma kolekcijas sienas piestiprin\u0101mais tualetes pods FuturBath"},"content":{"rendered":"<p>515x355x365 mm<br \/>\nBez malu sienas piestiprin\u0101mais tualetes pods<br \/>\n(Sl\u0113pta uzst\u0101d\u012b\u0161ana)<br \/>\nKomplekt\u0101 m\u012bksti aizverams UF termodura v\u0101ks ar s\u0113dekli, viegli no\u0146emams<br \/>\nP-traps: 180 mm <\/p>\n","protected":false},"excerpt":{"rendered":"<p>515x355x365 mm Bez malu sienas piestiprin\u0101mais tualetes pods (Sl\u0113pta uzst\u0101d\u012b\u0161ana) Komplekt\u0101 m\u012bksti aizverams UF termodura v\u0101ks ar s\u0113dekli, viegli no\u0146emams<\/p>\n","protected":false},"featured_media":27034,"template":"","meta":[],"product_brand":[],"product_cat":[1920],"product_tag":[],"class_list":{"0":"post-54787","1":"product","2":"type-product","3":"status-publish","4":"has-post-thumbnail","6":"product_cat-podi-un-bide","7":"pa_brand-futurbath-lv","9":"first","10":"instock","11":"taxable","12":"shipping-taxable","13":"purchasable","14":"product-type-simple"},"yoast_head":"<!-- This site is optimized with the Yoast SEO plugin v27.4 - https:\/\/yoast.com\/product\/yoast-seo-wordpress\/ -->\n<title>Roma kolekcijas sienas piestiprin\u0101mais tualetes pods FuturBath - Micasa<\/title>\n<meta name=\"robots\" content=\"index, follow, max-snippet:-1, max-image-preview:large, max-video-preview:-1\" \/>\n<link rel=\"canonical\" href=\"https:\/\/micasa.lv\/lv\/roma-kolekcijas-sienas-piestiprinamais-tualetes-pods-futurbath\/\" \/>\n<meta property=\"og:locale\" content=\"lv_LV\" \/>\n<meta property=\"og:type\" content=\"article\" \/>\n<meta property=\"og:title\" content=\"Roma kolekcijas sienas piestiprin\u0101mais tualetes pods FuturBath - Micasa\" \/>\n<meta property=\"og:description\" content=\"515x355x365 mm Bez malu sienas piestiprin\u0101mais tualetes pods (Sl\u0113pta uzst\u0101d\u012b\u0161ana) Komplekt\u0101 m\u012bksti aizverams UF termodura v\u0101ks ar s\u0113dekli, viegli no\u0146emams\" \/>\n<meta property=\"og:url\" content=\"https:\/\/micasa.lv\/lv\/roma-kolekcijas-sienas-piestiprinamais-tualetes-pods-futurbath\/\" \/>\n<meta property=\"og:site_name\" content=\"Micasa\" \/>\n<meta property=\"og:image\" content=\"https:\/\/micasa.lv\/wp-content\/uploads\/2025\/04\/w-roma-s.png\" \/>\n\t<meta property=\"og:image:width\" content=\"360\" \/>\n\t<meta property=\"og:image:height\" content=\"360\" \/>\n\t<meta property=\"og:image:type\" content=\"image\/png\" \/>\n<meta name=\"twitter:card\" content=\"summary_large_image\" \/>\n<script type=\"application\/ld+json\" class=\"yoast-schema-graph\">{\"@context\":\"https:\\\/\\\/schema.org\",\"@graph\":[{\"@type\":\"WebPage\",\"@id\":\"https:\\\/\\\/micasa.lv\\\/lv\\\/roma-kolekcijas-sienas-piestiprinamais-tualetes-pods-futurbath\\\/\",\"url\":\"https:\\\/\\\/micasa.lv\\\/lv\\\/roma-kolekcijas-sienas-piestiprinamais-tualetes-pods-futurbath\\\/\",\"name\":\"Roma kolekcijas sienas piestiprin\u0101mais tualetes pods FuturBath - Micasa\",\"isPartOf\":{\"@id\":\"https:\\\/\\\/micasa.lv\\\/lv\\\/#website\"},\"primaryImageOfPage\":{\"@id\":\"https:\\\/\\\/micasa.lv\\\/lv\\\/roma-kolekcijas-sienas-piestiprinamais-tualetes-pods-futurbath\\\/#primaryimage\"},\"image\":{\"@id\":\"https:\\\/\\\/micasa.lv\\\/lv\\\/roma-kolekcijas-sienas-piestiprinamais-tualetes-pods-futurbath\\\/#primaryimage\"},\"thumbnailUrl\":\"https:\\\/\\\/micasa.lv\\\/wp-content\\\/uploads\\\/2025\\\/04\\\/w-roma-s.png\",\"datePublished\":\"2025-04-14T08:46:20+00:00\",\"breadcrumb\":{\"@id\":\"https:\\\/\\\/micasa.lv\\\/lv\\\/roma-kolekcijas-sienas-piestiprinamais-tualetes-pods-futurbath\\\/#breadcrumb\"},\"inLanguage\":\"lv-LV\",\"potentialAction\":[{\"@type\":\"ReadAction\",\"target\":[\"https:\\\/\\\/micasa.lv\\\/lv\\\/roma-kolekcijas-sienas-piestiprinamais-tualetes-pods-futurbath\\\/\"]}]},{\"@type\":\"ImageObject\",\"inLanguage\":\"lv-LV\",\"@id\":\"https:\\\/\\\/micasa.lv\\\/lv\\\/roma-kolekcijas-sienas-piestiprinamais-tualetes-pods-futurbath\\\/#primaryimage\",\"url\":\"https:\\\/\\\/micasa.lv\\\/wp-content\\\/uploads\\\/2025\\\/04\\\/w-roma-s.png\",\"contentUrl\":\"https:\\\/\\\/micasa.lv\\\/wp-content\\\/uploads\\\/2025\\\/04\\\/w-roma-s.png\",\"width\":360,\"height\":360},{\"@type\":\"BreadcrumbList\",\"@id\":\"https:\\\/\\\/micasa.lv\\\/lv\\\/roma-kolekcijas-sienas-piestiprinamais-tualetes-pods-futurbath\\\/#breadcrumb\",\"itemListElement\":[{\"@type\":\"ListItem\",\"position\":1,\"name\":\"S\u0101kums\",\"item\":\"https:\\\/\\\/micasa.lv\\\/lv\\\/micasa\\\/\"},{\"@type\":\"ListItem\",\"position\":2,\"name\":\"Shop\",\"item\":\"https:\\\/\\\/micasa.lv\\\/lv\\\/shop\\\/\"},{\"@type\":\"ListItem\",\"position\":3,\"name\":\"Roma kolekcijas sienas piestiprin\u0101mais tualetes pods FuturBath\"}]},{\"@type\":\"WebSite\",\"@id\":\"https:\\\/\\\/micasa.lv\\\/lv\\\/#website\",\"url\":\"https:\\\/\\\/micasa.lv\\\/lv\\\/\",\"name\":\"Micasa\",\"description\":\"\",\"potentialAction\":[{\"@type\":\"SearchAction\",\"target\":{\"@type\":\"EntryPoint\",\"urlTemplate\":\"https:\\\/\\\/micasa.lv\\\/lv\\\/?s={search_term_string}\"},\"query-input\":{\"@type\":\"PropertyValueSpecification\",\"valueRequired\":true,\"valueName\":\"search_term_string\"}}],\"inLanguage\":\"lv-LV\"}]}<\/script>\n<!-- \/ Yoast SEO plugin. -->","yoast_head_json":{"title":"Roma kolekcijas sienas piestiprin\u0101mais tualetes pods FuturBath - Micasa","robots":{"index":"index","follow":"follow","max-snippet":"max-snippet:-1","max-image-preview":"max-image-preview:large","max-video-preview":"max-video-preview:-1"},"canonical":"https:\/\/micasa.lv\/lv\/roma-kolekcijas-sienas-piestiprinamais-tualetes-pods-futurbath\/","og_locale":"lv_LV","og_type":"article","og_title":"Roma kolekcijas sienas piestiprin\u0101mais tualetes pods FuturBath - Micasa","og_description":"515x355x365 mm Bez malu sienas piestiprin\u0101mais tualetes pods (Sl\u0113pta uzst\u0101d\u012b\u0161ana) Komplekt\u0101 m\u012bksti aizverams UF termodura v\u0101ks ar s\u0113dekli, viegli no\u0146emams","og_url":"https:\/\/micasa.lv\/lv\/roma-kolekcijas-sienas-piestiprinamais-tualetes-pods-futurbath\/","og_site_name":"Micasa","og_image":[{"width":360,"height":360,"url":"https:\/\/micasa.lv\/wp-content\/uploads\/2025\/04\/w-roma-s.png","type":"image\/png"}],"twitter_card":"summary_large_image","schema":{"@context":"https:\/\/schema.org","@graph":[{"@type":"WebPage","@id":"https:\/\/micasa.lv\/lv\/roma-kolekcijas-sienas-piestiprinamais-tualetes-pods-futurbath\/","url":"https:\/\/micasa.lv\/lv\/roma-kolekcijas-sienas-piestiprinamais-tualetes-pods-futurbath\/","name":"Roma kolekcijas sienas piestiprin\u0101mais tualetes pods FuturBath - Micasa","isPartOf":{"@id":"https:\/\/micasa.lv\/lv\/#website"},"primaryImageOfPage":{"@id":"https:\/\/micasa.lv\/lv\/roma-kolekcijas-sienas-piestiprinamais-tualetes-pods-futurbath\/#primaryimage"},"image":{"@id":"https:\/\/micasa.lv\/lv\/roma-kolekcijas-sienas-piestiprinamais-tualetes-pods-futurbath\/#primaryimage"},"thumbnailUrl":"https:\/\/micasa.lv\/wp-content\/uploads\/2025\/04\/w-roma-s.png","datePublished":"2025-04-14T08:46:20+00:00","breadcrumb":{"@id":"https:\/\/micasa.lv\/lv\/roma-kolekcijas-sienas-piestiprinamais-tualetes-pods-futurbath\/#breadcrumb"},"inLanguage":"lv-LV","potentialAction":[{"@type":"ReadAction","target":["https:\/\/micasa.lv\/lv\/roma-kolekcijas-sienas-piestiprinamais-tualetes-pods-futurbath\/"]}]},{"@type":"ImageObject","inLanguage":"lv-LV","@id":"https:\/\/micasa.lv\/lv\/roma-kolekcijas-sienas-piestiprinamais-tualetes-pods-futurbath\/#primaryimage","url":"https:\/\/micasa.lv\/wp-content\/uploads\/2025\/04\/w-roma-s.png","contentUrl":"https:\/\/micasa.lv\/wp-content\/uploads\/2025\/04\/w-roma-s.png","width":360,"height":360},{"@type":"BreadcrumbList","@id":"https:\/\/micasa.lv\/lv\/roma-kolekcijas-sienas-piestiprinamais-tualetes-pods-futurbath\/#breadcrumb","itemListElement":[{"@type":"ListItem","position":1,"name":"S\u0101kums","item":"https:\/\/micasa.lv\/lv\/micasa\/"},{"@type":"ListItem","position":2,"name":"Shop","item":"https:\/\/micasa.lv\/lv\/shop\/"},{"@type":"ListItem","position":3,"name":"Roma kolekcijas sienas piestiprin\u0101mais tualetes pods FuturBath"}]},{"@type":"WebSite","@id":"https:\/\/micasa.lv\/lv\/#website","url":"https:\/\/micasa.lv\/lv\/","name":"Micasa","description":"","potentialAction":[{"@type":"SearchAction","target":{"@type":"EntryPoint","urlTemplate":"https:\/\/micasa.lv\/lv\/?s={search_term_string}"},"query-input":{"@type":"PropertyValueSpecification","valueRequired":true,"valueName":"search_term_string"}}],"inLanguage":"lv-LV"}]}},"wcpa_form_fields":null,"_links":{"self":[{"href":"https:\/\/micasa.lv\/lv\/wp-json\/wp\/v2\/product\/54787","targetHints":{"allow":["GET"]}}],"collection":[{"href":"https:\/\/micasa.lv\/lv\/wp-json\/wp\/v2\/product"}],"about":[{"href":"https:\/\/micasa.lv\/lv\/wp-json\/wp\/v2\/types\/product"}],"version-history":[{"count":0,"href":"https:\/\/micasa.lv\/lv\/wp-json\/wp\/v2\/product\/54787\/revisions"}],"wp:featuredmedia":[{"embeddable":true,"href":"https:\/\/micasa.lv\/lv\/wp-json\/wp\/v2\/media\/27034"}],"wp:attachment":[{"href":"https:\/\/micasa.lv\/lv\/wp-json\/wp\/v2\/media?parent=54787"}],"wp:term":[{"taxonomy":"product_brand","embeddable":true,"href":"https:\/\/micasa.lv\/lv\/wp-json\/wp\/v2\/product_brand?post=54787"},{"taxonomy":"product_cat","embeddable":true,"href":"https:\/\/micasa.lv\/lv\/wp-json\/wp\/v2\/product_cat?post=54787"},{"taxonomy":"product_tag","embeddable":true,"href":"https:\/\/micasa.lv\/lv\/wp-json\/wp\/v2\/product_tag?post=54787"}],"curies":[{"name":"wp","href":"https:\/\/api.w.org\/{rel}","templated":true}]}}