{"id":55033,"date":"2025-04-14T14:44:16","date_gmt":"2025-04-14T12:44:16","guid":{"rendered":"https:\/\/test.micasa.lv\/product\/izlietne-bogota-epbm-futurbath\/"},"modified":"2025-08-11T00:11:03","modified_gmt":"2025-08-10T21:11:03","slug":"izlietne-bogota-epbm-futurbath","status":"publish","type":"product","link":"https:\/\/micasa.lv\/lv\/izlietne-bogota-epbm-futurbath\/","title":{"rendered":"Izlietne BOGOTA EPBM FuturBath"},"content":{"rendered":"<p>Apdare: Mat\u0113ta balta \/ mat\u0113ta melna<br \/>\nMateri\u0101ls: Porcel\u0101na fajanss (vitroseramika)<br \/>\nDzi\u013cums: 46 cm<br \/>\nBiezums: 1,5 cm<br \/>\nPlatums: 60, 80 cm<br \/>\nB\u013codu skaits: 1 b\u013coda visiem izm\u0113riem<br \/>\nUzst\u0101d\u012b\u0161ana: sifons vai v\u0101rsts nav iek\u013cauts komplekt\u0101<\/p>\n","protected":false},"excerpt":{"rendered":"<p>Apdare: Mat\u0113ta balta \/ mat\u0113ta melna Materi\u0101ls: Porcel\u0101na fajanss (vitroseramika) Dzi\u013cums: 46 cm Biezums: 1,5 cm Platums: 60, 80 cm<\/p>\n","protected":false},"featured_media":27197,"template":"","meta":[],"product_brand":[],"product_cat":[1926],"product_tag":[],"class_list":{"0":"post-55033","1":"product","2":"type-product","3":"status-publish","4":"has-post-thumbnail","6":"product_cat-iebuvejamie","7":"pa_brand-futurbath-lv","8":"pa_washbasins-mounting-type-iebuvejama","9":"wcpa_has_options","11":"first","12":"instock","13":"taxable","14":"shipping-taxable","15":"purchasable","16":"product-type-variable"},"yoast_head":"<!-- This site is optimized with the Yoast SEO plugin v27.4 - https:\/\/yoast.com\/product\/yoast-seo-wordpress\/ -->\n<title>Izlietne BOGOTA EPBM FuturBath - Micasa<\/title>\n<meta name=\"robots\" content=\"index, follow, max-snippet:-1, max-image-preview:large, max-video-preview:-1\" \/>\n<link rel=\"canonical\" href=\"https:\/\/micasa.lv\/lv\/izlietne-bogota-epbm-futurbath\/\" \/>\n<meta property=\"og:locale\" content=\"lv_LV\" \/>\n<meta property=\"og:type\" content=\"article\" \/>\n<meta property=\"og:title\" content=\"Izlietne BOGOTA EPBM FuturBath - Micasa\" \/>\n<meta property=\"og:description\" content=\"Apdare: Mat\u0113ta balta \/ mat\u0113ta melna Materi\u0101ls: Porcel\u0101na fajanss (vitroseramika) Dzi\u013cums: 46 cm Biezums: 1,5 cm Platums: 60, 80 cm\" \/>\n<meta property=\"og:url\" content=\"https:\/\/micasa.lv\/lv\/izlietne-bogota-epbm-futurbath\/\" \/>\n<meta property=\"og:site_name\" content=\"Micasa\" \/>\n<meta property=\"article:modified_time\" content=\"2025-08-10T21:11:03+00:00\" \/>\n<meta property=\"og:image\" content=\"https:\/\/micasa.lv\/wp-content\/uploads\/2025\/04\/bogota_epbm_main2.png\" \/>\n\t<meta property=\"og:image:width\" content=\"470\" \/>\n\t<meta property=\"og:image:height\" content=\"732\" \/>\n\t<meta property=\"og:image:type\" content=\"image\/png\" \/>\n<meta name=\"twitter:card\" content=\"summary_large_image\" \/>\n<script type=\"application\/ld+json\" class=\"yoast-schema-graph\">{\"@context\":\"https:\\\/\\\/schema.org\",\"@graph\":[{\"@type\":\"WebPage\",\"@id\":\"https:\\\/\\\/micasa.lv\\\/lv\\\/izlietne-bogota-epbm-futurbath\\\/\",\"url\":\"https:\\\/\\\/micasa.lv\\\/lv\\\/izlietne-bogota-epbm-futurbath\\\/\",\"name\":\"Izlietne BOGOTA EPBM FuturBath - Micasa\",\"isPartOf\":{\"@id\":\"https:\\\/\\\/micasa.lv\\\/lv\\\/#website\"},\"primaryImageOfPage\":{\"@id\":\"https:\\\/\\\/micasa.lv\\\/lv\\\/izlietne-bogota-epbm-futurbath\\\/#primaryimage\"},\"image\":{\"@id\":\"https:\\\/\\\/micasa.lv\\\/lv\\\/izlietne-bogota-epbm-futurbath\\\/#primaryimage\"},\"thumbnailUrl\":\"https:\\\/\\\/micasa.lv\\\/wp-content\\\/uploads\\\/2025\\\/04\\\/bogota_epbm_main2.png\",\"datePublished\":\"2025-04-14T12:44:16+00:00\",\"dateModified\":\"2025-08-10T21:11:03+00:00\",\"breadcrumb\":{\"@id\":\"https:\\\/\\\/micasa.lv\\\/lv\\\/izlietne-bogota-epbm-futurbath\\\/#breadcrumb\"},\"inLanguage\":\"lv-LV\",\"potentialAction\":[{\"@type\":\"ReadAction\",\"target\":[\"https:\\\/\\\/micasa.lv\\\/lv\\\/izlietne-bogota-epbm-futurbath\\\/\"]}]},{\"@type\":\"ImageObject\",\"inLanguage\":\"lv-LV\",\"@id\":\"https:\\\/\\\/micasa.lv\\\/lv\\\/izlietne-bogota-epbm-futurbath\\\/#primaryimage\",\"url\":\"https:\\\/\\\/micasa.lv\\\/wp-content\\\/uploads\\\/2025\\\/04\\\/bogota_epbm_main2.png\",\"contentUrl\":\"https:\\\/\\\/micasa.lv\\\/wp-content\\\/uploads\\\/2025\\\/04\\\/bogota_epbm_main2.png\",\"width\":470,\"height\":732},{\"@type\":\"BreadcrumbList\",\"@id\":\"https:\\\/\\\/micasa.lv\\\/lv\\\/izlietne-bogota-epbm-futurbath\\\/#breadcrumb\",\"itemListElement\":[{\"@type\":\"ListItem\",\"position\":1,\"name\":\"S\u0101kums\",\"item\":\"https:\\\/\\\/micasa.lv\\\/lv\\\/micasa\\\/\"},{\"@type\":\"ListItem\",\"position\":2,\"name\":\"Shop\",\"item\":\"https:\\\/\\\/micasa.lv\\\/lv\\\/shop\\\/\"},{\"@type\":\"ListItem\",\"position\":3,\"name\":\"Izlietne BOGOTA EPBM FuturBath\"}]},{\"@type\":\"WebSite\",\"@id\":\"https:\\\/\\\/micasa.lv\\\/lv\\\/#website\",\"url\":\"https:\\\/\\\/micasa.lv\\\/lv\\\/\",\"name\":\"Micasa\",\"description\":\"\",\"potentialAction\":[{\"@type\":\"SearchAction\",\"target\":{\"@type\":\"EntryPoint\",\"urlTemplate\":\"https:\\\/\\\/micasa.lv\\\/lv\\\/?s={search_term_string}\"},\"query-input\":{\"@type\":\"PropertyValueSpecification\",\"valueRequired\":true,\"valueName\":\"search_term_string\"}}],\"inLanguage\":\"lv-LV\"}]}<\/script>\n<!-- \/ Yoast SEO plugin. -->","yoast_head_json":{"title":"Izlietne BOGOTA EPBM FuturBath - Micasa","robots":{"index":"index","follow":"follow","max-snippet":"max-snippet:-1","max-image-preview":"max-image-preview:large","max-video-preview":"max-video-preview:-1"},"canonical":"https:\/\/micasa.lv\/lv\/izlietne-bogota-epbm-futurbath\/","og_locale":"lv_LV","og_type":"article","og_title":"Izlietne BOGOTA EPBM FuturBath - Micasa","og_description":"Apdare: Mat\u0113ta balta \/ mat\u0113ta melna Materi\u0101ls: Porcel\u0101na fajanss (vitroseramika) Dzi\u013cums: 46 cm Biezums: 1,5 cm Platums: 60, 80 cm","og_url":"https:\/\/micasa.lv\/lv\/izlietne-bogota-epbm-futurbath\/","og_site_name":"Micasa","article_modified_time":"2025-08-10T21:11:03+00:00","og_image":[{"width":470,"height":732,"url":"https:\/\/micasa.lv\/wp-content\/uploads\/2025\/04\/bogota_epbm_main2.png","type":"image\/png"}],"twitter_card":"summary_large_image","schema":{"@context":"https:\/\/schema.org","@graph":[{"@type":"WebPage","@id":"https:\/\/micasa.lv\/lv\/izlietne-bogota-epbm-futurbath\/","url":"https:\/\/micasa.lv\/lv\/izlietne-bogota-epbm-futurbath\/","name":"Izlietne BOGOTA EPBM FuturBath - Micasa","isPartOf":{"@id":"https:\/\/micasa.lv\/lv\/#website"},"primaryImageOfPage":{"@id":"https:\/\/micasa.lv\/lv\/izlietne-bogota-epbm-futurbath\/#primaryimage"},"image":{"@id":"https:\/\/micasa.lv\/lv\/izlietne-bogota-epbm-futurbath\/#primaryimage"},"thumbnailUrl":"https:\/\/micasa.lv\/wp-content\/uploads\/2025\/04\/bogota_epbm_main2.png","datePublished":"2025-04-14T12:44:16+00:00","dateModified":"2025-08-10T21:11:03+00:00","breadcrumb":{"@id":"https:\/\/micasa.lv\/lv\/izlietne-bogota-epbm-futurbath\/#breadcrumb"},"inLanguage":"lv-LV","potentialAction":[{"@type":"ReadAction","target":["https:\/\/micasa.lv\/lv\/izlietne-bogota-epbm-futurbath\/"]}]},{"@type":"ImageObject","inLanguage":"lv-LV","@id":"https:\/\/micasa.lv\/lv\/izlietne-bogota-epbm-futurbath\/#primaryimage","url":"https:\/\/micasa.lv\/wp-content\/uploads\/2025\/04\/bogota_epbm_main2.png","contentUrl":"https:\/\/micasa.lv\/wp-content\/uploads\/2025\/04\/bogota_epbm_main2.png","width":470,"height":732},{"@type":"BreadcrumbList","@id":"https:\/\/micasa.lv\/lv\/izlietne-bogota-epbm-futurbath\/#breadcrumb","itemListElement":[{"@type":"ListItem","position":1,"name":"S\u0101kums","item":"https:\/\/micasa.lv\/lv\/micasa\/"},{"@type":"ListItem","position":2,"name":"Shop","item":"https:\/\/micasa.lv\/lv\/shop\/"},{"@type":"ListItem","position":3,"name":"Izlietne BOGOTA EPBM FuturBath"}]},{"@type":"WebSite","@id":"https:\/\/micasa.lv\/lv\/#website","url":"https:\/\/micasa.lv\/lv\/","name":"Micasa","description":"","potentialAction":[{"@type":"SearchAction","target":{"@type":"EntryPoint","urlTemplate":"https:\/\/micasa.lv\/lv\/?s={search_term_string}"},"query-input":{"@type":"PropertyValueSpecification","valueRequired":true,"valueName":"search_term_string"}}],"inLanguage":"lv-LV"}]}},"wcpa_form_fields":{"wcpaData":{"product":{"product_price":158.7,"price_html":"<span class=\"woocommerce-Price-amount amount\" aria-hidden=\"true\"><bdi>158,70&nbsp;<span class=\"woocommerce-Price-currencySymbol\">&euro;<\/span><\/bdi><\/span> <span aria-hidden=\"true\">&ndash;<\/span> <span class=\"woocommerce-Price-amount amount\" aria-hidden=\"true\"><bdi>171,70&nbsp;<span class=\"woocommerce-Price-currencySymbol\">&euro;<\/span><\/bdi><\/span><span class=\"screen-reader-text\">Price range: 158,70&nbsp;&euro; through 171,70&nbsp;&euro;<\/span>","original_product_price":158.7,"price_including_tax":158.7,"price_excluding_tax":131.16,"product_id":{"parent":55033,"variation":false},"is_variable":true,"stock_status":"instock","stock_quantity":null,"parent_sku":"","product_attributes":{"pa_brand":{"is_variation":false,"values":["futurbath-lv"]},"pa_washbasins-material":{"is_variation":false,"values":["stiklveida-porcelans"]},"pa_washbasins-shape":{"is_variation":false,"values":["taisnsturveida"]},"pa_washbasins-mounting-type":{"is_variation":false,"values":["iebuvejama"]},"pa_futurebath-color":{"is_variation":true,"values":[]},"pa_washbasin-length":{"is_variation":true,"values":[]}},"custom_fields":[],"is_taxable":true,"product_name":"Izlietne BOGOTA EPBM FuturBath","hasImage":false},"fields":{"sec_067ff9d3ebb8b1":{"extra":{"key":"sec_067ff9d3ebb8b1","section_id":"sec_067ff9d3ebb8b1","name":"Default","status":1,"cl_rule":"show","enableCl":false,"relations":[],"toggle":true,"title_tag":"h3","show_title":false,"showPrice":"default","form_id":27415,"form_rules":{"exclude_from_discount":false,"fee_label":"Fee","disp_hide_options_price":true,"disp_show_section_price":false,"disp_show_field_price":false,"layout_option":"standard","pric_use_as_fee":false,"process_fee_as":"woo_fee"},"layout_option":"standard"},"fields":[[{"active":true,"col":3,"relations":[{"operator":false,"rules":[{"operator":"AND","rules":{"cl_field":"attribute","cl_relation":"is","cl_val":"ral-ncs-lv","cl_field_sub":"pa_miraggio-color"}}]}],"cl_rule":"show","enableCl":true,"price":"","enablePrice":false,"className":"","label_position":"left","desc_position":"default","type":"text","subtype":"text","required":false,"elementId":"text_8051879031","label":"RAL \/ NCS code","name":"text_8051879031","value":"","error":false,"gt_translate_keys":["label","value"],"price_dependency":false,"cl_dependency":false}]]}},"config":{"price_override":"","enable_recaptcha":false,"bind_quantity":false,"quantity_bind_formula":false,"disp_summ_show_option_price":true,"disp_summ_show_product_price":true,"disp_summ_show_total_price":true,"disp_summ_show_fee":false,"disp_summ_show_discount":false,"summary_title":"","options_total_label":"Opciju cena","total_label":"Kop\u0101","options_product_label":"Produkta cena","fee_label":"Fee","discount_label":"Discount","has_price":true,"has_quantity_formula":false},"mc_unit":1,"tax_rate":1.21,"tax_rate_real":0.21,"discount":{"percentage":0,"fixed":0},"design":{"conf":{"LabelPosition":"above","DescPosition":"above","UploadField":"custom_1","QuantityFieldStyle":"default"},"css":{"LeftLabelWidth":"120px"}},"formulas":[],"lookuptables":[],"clones":false,"cartKey":false}},"_links":{"self":[{"href":"https:\/\/micasa.lv\/lv\/wp-json\/wp\/v2\/product\/55033","targetHints":{"allow":["GET"]}}],"collection":[{"href":"https:\/\/micasa.lv\/lv\/wp-json\/wp\/v2\/product"}],"about":[{"href":"https:\/\/micasa.lv\/lv\/wp-json\/wp\/v2\/types\/product"}],"version-history":[{"count":1,"href":"https:\/\/micasa.lv\/lv\/wp-json\/wp\/v2\/product\/55033\/revisions"}],"predecessor-version":[{"id":59983,"href":"https:\/\/micasa.lv\/lv\/wp-json\/wp\/v2\/product\/55033\/revisions\/59983"}],"wp:featuredmedia":[{"embeddable":true,"href":"https:\/\/micasa.lv\/lv\/wp-json\/wp\/v2\/media\/27197"}],"wp:attachment":[{"href":"https:\/\/micasa.lv\/lv\/wp-json\/wp\/v2\/media?parent=55033"}],"wp:term":[{"taxonomy":"product_brand","embeddable":true,"href":"https:\/\/micasa.lv\/lv\/wp-json\/wp\/v2\/product_brand?post=55033"},{"taxonomy":"product_cat","embeddable":true,"href":"https:\/\/micasa.lv\/lv\/wp-json\/wp\/v2\/product_cat?post=55033"},{"taxonomy":"product_tag","embeddable":true,"href":"https:\/\/micasa.lv\/lv\/wp-json\/wp\/v2\/product_tag?post=55033"}],"curies":[{"name":"wp","href":"https:\/\/api.w.org\/{rel}","templated":true}]}}