{"id":55225,"date":"2025-04-30T15:31:25","date_gmt":"2025-04-30T12:31:25","guid":{"rendered":"https:\/\/test.micasa.lv\/product\/sifons-izlietnei-u-veida-dn32-ar-uzgrieszni-5-4-metals-a4320-alca\/"},"modified":"2025-08-11T00:10:42","modified_gmt":"2025-08-10T21:10:42","slug":"sifons-izlietnei-u-veida-dn32-ar-uzgrieszni-5-4-metals-a4320-alca","status":"publish","type":"product","link":"https:\/\/micasa.lv\/lv\/sifons-izlietnei-u-veida-dn32-ar-uzgrieszni-5-4-metals-a4320-alca\/","title":{"rendered":"Sifons izlietnei U-veida DN32 ar uzgrieszni 5\/4&#8243; , met\u0101ls A4320 Alca"},"content":{"rendered":"<p>Hidroaizvars<br \/>\n62 mm<br \/>\n\u016adens notece<br \/>36 l\/min<br \/>Termisk\u0101 stabilit\u0101te<br \/>95 \u02daC<\/p>\n<ul>\n<li>Piesl\u0113gums pie kanaliz\u0101cijas caurules \u00d832 mm<\/li>\n<li>Paaugstin\u0101ta iztur\u012bba pret meh\u0101niskiem boj\u0101jumiem<\/li>\n<\/ul>\n<p>Komplekta saturs<\/p>\n<ul>\n<li>Sifona korpuss<\/li>\n<li>V\u012bt\u0146ots savienojums 5\/4&#8243; izlietnes vai bid\u0113 sifona izpl\u016bdes savieno\u0161anai<\/li>\n<li>Dekorat\u012bva da\u013ca, met\u0101la<\/li>\n<\/ul>\n<p>&nbsp;<\/p>\n","protected":false},"excerpt":{"rendered":"<p>Hidroaizvars 62 mm \u016adens notece36 l\/minTermisk\u0101 stabilit\u0101te95 \u02daC Piesl\u0113gums pie kanaliz\u0101cijas caurules \u00d832 mm Paaugstin\u0101ta iztur\u012bba pret meh\u0101niskiem boj\u0101jumiem Komplekta<\/p>\n","protected":false},"featured_media":29072,"template":"","meta":[],"product_brand":[],"product_cat":[1924,571],"product_tag":[],"class_list":{"0":"post-55225","1":"product","2":"type-product","3":"status-publish","4":"has-post-thumbnail","6":"product_cat-aksesuari-un-sastavdalas","7":"product_cat-sifoni-un-aksesuari","8":"pa_brand-alca-2","9":"wcpa_has_options","11":"first","12":"instock","13":"taxable","14":"shipping-taxable","15":"purchasable","16":"product-type-variable"},"yoast_head":"<!-- This site is optimized with the Yoast SEO plugin v27.4 - https:\/\/yoast.com\/product\/yoast-seo-wordpress\/ -->\n<title>Sifons izlietnei U-veida DN32 ar uzgrieszni 5\/4&quot; , met\u0101ls A4320 Alca - Micasa<\/title>\n<meta name=\"robots\" content=\"index, follow, max-snippet:-1, max-image-preview:large, max-video-preview:-1\" \/>\n<link rel=\"canonical\" href=\"https:\/\/micasa.lv\/lv\/sifons-izlietnei-u-veida-dn32-ar-uzgrieszni-5-4-metals-a4320-alca\/\" \/>\n<meta property=\"og:locale\" content=\"lv_LV\" \/>\n<meta property=\"og:type\" content=\"article\" \/>\n<meta property=\"og:title\" content=\"Sifons izlietnei U-veida DN32 ar uzgrieszni 5\/4&quot; , met\u0101ls A4320 Alca - Micasa\" \/>\n<meta property=\"og:description\" content=\"Hidroaizvars 62 mm \u016adens notece36 l\/minTermisk\u0101 stabilit\u0101te95 \u02daC Piesl\u0113gums pie kanaliz\u0101cijas caurules \u00d832 mm Paaugstin\u0101ta iztur\u012bba pret meh\u0101niskiem boj\u0101jumiem Komplekta\" \/>\n<meta property=\"og:url\" content=\"https:\/\/micasa.lv\/lv\/sifons-izlietnei-u-veida-dn32-ar-uzgrieszni-5-4-metals-a4320-alca\/\" \/>\n<meta property=\"og:site_name\" content=\"Micasa\" \/>\n<meta property=\"article:modified_time\" content=\"2025-08-10T21:10:42+00:00\" \/>\n<meta property=\"og:image\" content=\"https:\/\/micasa.lv\/wp-content\/uploads\/2025\/04\/a4320.png\" \/>\n\t<meta property=\"og:image:width\" content=\"1200\" \/>\n\t<meta property=\"og:image:height\" content=\"1200\" \/>\n\t<meta property=\"og:image:type\" content=\"image\/png\" \/>\n<meta name=\"twitter:card\" content=\"summary_large_image\" \/>\n<script type=\"application\/ld+json\" class=\"yoast-schema-graph\">{\"@context\":\"https:\\\/\\\/schema.org\",\"@graph\":[{\"@type\":\"WebPage\",\"@id\":\"https:\\\/\\\/micasa.lv\\\/lv\\\/sifons-izlietnei-u-veida-dn32-ar-uzgrieszni-5-4-metals-a4320-alca\\\/\",\"url\":\"https:\\\/\\\/micasa.lv\\\/lv\\\/sifons-izlietnei-u-veida-dn32-ar-uzgrieszni-5-4-metals-a4320-alca\\\/\",\"name\":\"Sifons izlietnei U-veida DN32 ar uzgrieszni 5\\\/4\\\" , met\u0101ls A4320 Alca - Micasa\",\"isPartOf\":{\"@id\":\"https:\\\/\\\/micasa.lv\\\/lv\\\/#website\"},\"primaryImageOfPage\":{\"@id\":\"https:\\\/\\\/micasa.lv\\\/lv\\\/sifons-izlietnei-u-veida-dn32-ar-uzgrieszni-5-4-metals-a4320-alca\\\/#primaryimage\"},\"image\":{\"@id\":\"https:\\\/\\\/micasa.lv\\\/lv\\\/sifons-izlietnei-u-veida-dn32-ar-uzgrieszni-5-4-metals-a4320-alca\\\/#primaryimage\"},\"thumbnailUrl\":\"https:\\\/\\\/micasa.lv\\\/wp-content\\\/uploads\\\/2025\\\/04\\\/a4320.png\",\"datePublished\":\"2025-04-30T12:31:25+00:00\",\"dateModified\":\"2025-08-10T21:10:42+00:00\",\"breadcrumb\":{\"@id\":\"https:\\\/\\\/micasa.lv\\\/lv\\\/sifons-izlietnei-u-veida-dn32-ar-uzgrieszni-5-4-metals-a4320-alca\\\/#breadcrumb\"},\"inLanguage\":\"lv-LV\",\"potentialAction\":[{\"@type\":\"ReadAction\",\"target\":[\"https:\\\/\\\/micasa.lv\\\/lv\\\/sifons-izlietnei-u-veida-dn32-ar-uzgrieszni-5-4-metals-a4320-alca\\\/\"]}]},{\"@type\":\"ImageObject\",\"inLanguage\":\"lv-LV\",\"@id\":\"https:\\\/\\\/micasa.lv\\\/lv\\\/sifons-izlietnei-u-veida-dn32-ar-uzgrieszni-5-4-metals-a4320-alca\\\/#primaryimage\",\"url\":\"https:\\\/\\\/micasa.lv\\\/wp-content\\\/uploads\\\/2025\\\/04\\\/a4320.png\",\"contentUrl\":\"https:\\\/\\\/micasa.lv\\\/wp-content\\\/uploads\\\/2025\\\/04\\\/a4320.png\",\"width\":1200,\"height\":1200},{\"@type\":\"BreadcrumbList\",\"@id\":\"https:\\\/\\\/micasa.lv\\\/lv\\\/sifons-izlietnei-u-veida-dn32-ar-uzgrieszni-5-4-metals-a4320-alca\\\/#breadcrumb\",\"itemListElement\":[{\"@type\":\"ListItem\",\"position\":1,\"name\":\"S\u0101kums\",\"item\":\"https:\\\/\\\/micasa.lv\\\/lv\\\/micasa\\\/\"},{\"@type\":\"ListItem\",\"position\":2,\"name\":\"Shop\",\"item\":\"https:\\\/\\\/micasa.lv\\\/lv\\\/shop\\\/\"},{\"@type\":\"ListItem\",\"position\":3,\"name\":\"Sifons izlietnei U-veida DN32 ar uzgrieszni 5\\\/4&#8243; , met\u0101ls A4320 Alca\"}]},{\"@type\":\"WebSite\",\"@id\":\"https:\\\/\\\/micasa.lv\\\/lv\\\/#website\",\"url\":\"https:\\\/\\\/micasa.lv\\\/lv\\\/\",\"name\":\"Micasa\",\"description\":\"\",\"potentialAction\":[{\"@type\":\"SearchAction\",\"target\":{\"@type\":\"EntryPoint\",\"urlTemplate\":\"https:\\\/\\\/micasa.lv\\\/lv\\\/?s={search_term_string}\"},\"query-input\":{\"@type\":\"PropertyValueSpecification\",\"valueRequired\":true,\"valueName\":\"search_term_string\"}}],\"inLanguage\":\"lv-LV\"}]}<\/script>\n<!-- \/ Yoast SEO plugin. -->","yoast_head_json":{"title":"Sifons izlietnei U-veida DN32 ar uzgrieszni 5\/4\" , met\u0101ls A4320 Alca - Micasa","robots":{"index":"index","follow":"follow","max-snippet":"max-snippet:-1","max-image-preview":"max-image-preview:large","max-video-preview":"max-video-preview:-1"},"canonical":"https:\/\/micasa.lv\/lv\/sifons-izlietnei-u-veida-dn32-ar-uzgrieszni-5-4-metals-a4320-alca\/","og_locale":"lv_LV","og_type":"article","og_title":"Sifons izlietnei U-veida DN32 ar uzgrieszni 5\/4\" , met\u0101ls A4320 Alca - Micasa","og_description":"Hidroaizvars 62 mm \u016adens notece36 l\/minTermisk\u0101 stabilit\u0101te95 \u02daC Piesl\u0113gums pie kanaliz\u0101cijas caurules \u00d832 mm Paaugstin\u0101ta iztur\u012bba pret meh\u0101niskiem boj\u0101jumiem Komplekta","og_url":"https:\/\/micasa.lv\/lv\/sifons-izlietnei-u-veida-dn32-ar-uzgrieszni-5-4-metals-a4320-alca\/","og_site_name":"Micasa","article_modified_time":"2025-08-10T21:10:42+00:00","og_image":[{"width":1200,"height":1200,"url":"https:\/\/micasa.lv\/wp-content\/uploads\/2025\/04\/a4320.png","type":"image\/png"}],"twitter_card":"summary_large_image","schema":{"@context":"https:\/\/schema.org","@graph":[{"@type":"WebPage","@id":"https:\/\/micasa.lv\/lv\/sifons-izlietnei-u-veida-dn32-ar-uzgrieszni-5-4-metals-a4320-alca\/","url":"https:\/\/micasa.lv\/lv\/sifons-izlietnei-u-veida-dn32-ar-uzgrieszni-5-4-metals-a4320-alca\/","name":"Sifons izlietnei U-veida DN32 ar uzgrieszni 5\/4\" , met\u0101ls A4320 Alca - Micasa","isPartOf":{"@id":"https:\/\/micasa.lv\/lv\/#website"},"primaryImageOfPage":{"@id":"https:\/\/micasa.lv\/lv\/sifons-izlietnei-u-veida-dn32-ar-uzgrieszni-5-4-metals-a4320-alca\/#primaryimage"},"image":{"@id":"https:\/\/micasa.lv\/lv\/sifons-izlietnei-u-veida-dn32-ar-uzgrieszni-5-4-metals-a4320-alca\/#primaryimage"},"thumbnailUrl":"https:\/\/micasa.lv\/wp-content\/uploads\/2025\/04\/a4320.png","datePublished":"2025-04-30T12:31:25+00:00","dateModified":"2025-08-10T21:10:42+00:00","breadcrumb":{"@id":"https:\/\/micasa.lv\/lv\/sifons-izlietnei-u-veida-dn32-ar-uzgrieszni-5-4-metals-a4320-alca\/#breadcrumb"},"inLanguage":"lv-LV","potentialAction":[{"@type":"ReadAction","target":["https:\/\/micasa.lv\/lv\/sifons-izlietnei-u-veida-dn32-ar-uzgrieszni-5-4-metals-a4320-alca\/"]}]},{"@type":"ImageObject","inLanguage":"lv-LV","@id":"https:\/\/micasa.lv\/lv\/sifons-izlietnei-u-veida-dn32-ar-uzgrieszni-5-4-metals-a4320-alca\/#primaryimage","url":"https:\/\/micasa.lv\/wp-content\/uploads\/2025\/04\/a4320.png","contentUrl":"https:\/\/micasa.lv\/wp-content\/uploads\/2025\/04\/a4320.png","width":1200,"height":1200},{"@type":"BreadcrumbList","@id":"https:\/\/micasa.lv\/lv\/sifons-izlietnei-u-veida-dn32-ar-uzgrieszni-5-4-metals-a4320-alca\/#breadcrumb","itemListElement":[{"@type":"ListItem","position":1,"name":"S\u0101kums","item":"https:\/\/micasa.lv\/lv\/micasa\/"},{"@type":"ListItem","position":2,"name":"Shop","item":"https:\/\/micasa.lv\/lv\/shop\/"},{"@type":"ListItem","position":3,"name":"Sifons izlietnei U-veida DN32 ar uzgrieszni 5\/4&#8243; , met\u0101ls A4320 Alca"}]},{"@type":"WebSite","@id":"https:\/\/micasa.lv\/lv\/#website","url":"https:\/\/micasa.lv\/lv\/","name":"Micasa","description":"","potentialAction":[{"@type":"SearchAction","target":{"@type":"EntryPoint","urlTemplate":"https:\/\/micasa.lv\/lv\/?s={search_term_string}"},"query-input":{"@type":"PropertyValueSpecification","valueRequired":true,"valueName":"search_term_string"}}],"inLanguage":"lv-LV"}]}},"wcpa_form_fields":{"wcpaData":{"product":{"product_price":20.5,"price_html":"<span class=\"woocommerce-Price-amount amount\" aria-hidden=\"true\"><bdi>20,50&nbsp;<span class=\"woocommerce-Price-currencySymbol\">&euro;<\/span><\/bdi><\/span> <span aria-hidden=\"true\">&ndash;<\/span> <span class=\"woocommerce-Price-amount amount\" aria-hidden=\"true\"><bdi>57,70&nbsp;<span class=\"woocommerce-Price-currencySymbol\">&euro;<\/span><\/bdi><\/span><span class=\"screen-reader-text\">Price range: 20,50&nbsp;&euro; through 57,70&nbsp;&euro;<\/span>","original_product_price":20.5,"price_including_tax":20.5,"price_excluding_tax":16.94,"product_id":{"parent":55225,"variation":false},"is_variable":true,"stock_status":"instock","stock_quantity":null,"parent_sku":"","product_attributes":{"pa_brand":{"is_variation":false,"values":["alca-2"]},"pa_alca-color":{"is_variation":true,"values":[]}},"custom_fields":[],"is_taxable":true,"product_name":"Sifons izlietnei U-veida DN32 ar uzgrieszni 5\/4\" , met\u0101ls A4320 Alca","hasImage":false},"fields":{"sec_067ff9d3ebb8b1":{"extra":{"key":"sec_067ff9d3ebb8b1","section_id":"sec_067ff9d3ebb8b1","name":"Default","status":1,"cl_rule":"show","enableCl":false,"relations":[],"toggle":true,"title_tag":"h3","show_title":false,"showPrice":"default","form_id":27415,"form_rules":{"exclude_from_discount":false,"fee_label":"Fee","disp_hide_options_price":true,"disp_show_section_price":false,"disp_show_field_price":false,"layout_option":"standard","pric_use_as_fee":false,"process_fee_as":"woo_fee"},"layout_option":"standard"},"fields":[[{"active":true,"col":3,"relations":[{"operator":false,"rules":[{"operator":"AND","rules":{"cl_field":"attribute","cl_relation":"is","cl_val":"ral-ncs-lv","cl_field_sub":"pa_miraggio-color"}}]}],"cl_rule":"show","enableCl":true,"price":"","enablePrice":false,"className":"","label_position":"left","desc_position":"default","type":"text","subtype":"text","required":false,"elementId":"text_8051879031","label":"RAL \/ NCS code","name":"text_8051879031","value":"","error":false,"gt_translate_keys":["label","value"],"price_dependency":false,"cl_dependency":false}]]}},"config":{"price_override":"","enable_recaptcha":false,"bind_quantity":false,"quantity_bind_formula":false,"disp_summ_show_option_price":true,"disp_summ_show_product_price":true,"disp_summ_show_total_price":true,"disp_summ_show_fee":false,"disp_summ_show_discount":false,"summary_title":"","options_total_label":"Opciju cena","total_label":"Kop\u0101","options_product_label":"Produkta cena","fee_label":"Fee","discount_label":"Discount","has_price":true,"has_quantity_formula":false},"mc_unit":1,"tax_rate":1.21,"tax_rate_real":0.21,"discount":{"percentage":0,"fixed":0},"design":{"conf":{"LabelPosition":"above","DescPosition":"above","UploadField":"custom_1","QuantityFieldStyle":"default"},"css":{"LeftLabelWidth":"120px"}},"formulas":[],"lookuptables":[],"clones":false,"cartKey":false}},"_links":{"self":[{"href":"https:\/\/micasa.lv\/lv\/wp-json\/wp\/v2\/product\/55225","targetHints":{"allow":["GET"]}}],"collection":[{"href":"https:\/\/micasa.lv\/lv\/wp-json\/wp\/v2\/product"}],"about":[{"href":"https:\/\/micasa.lv\/lv\/wp-json\/wp\/v2\/types\/product"}],"version-history":[{"count":1,"href":"https:\/\/micasa.lv\/lv\/wp-json\/wp\/v2\/product\/55225\/revisions"}],"predecessor-version":[{"id":59953,"href":"https:\/\/micasa.lv\/lv\/wp-json\/wp\/v2\/product\/55225\/revisions\/59953"}],"wp:featuredmedia":[{"embeddable":true,"href":"https:\/\/micasa.lv\/lv\/wp-json\/wp\/v2\/media\/29072"}],"wp:attachment":[{"href":"https:\/\/micasa.lv\/lv\/wp-json\/wp\/v2\/media?parent=55225"}],"wp:term":[{"taxonomy":"product_brand","embeddable":true,"href":"https:\/\/micasa.lv\/lv\/wp-json\/wp\/v2\/product_brand?post=55225"},{"taxonomy":"product_cat","embeddable":true,"href":"https:\/\/micasa.lv\/lv\/wp-json\/wp\/v2\/product_cat?post=55225"},{"taxonomy":"product_tag","embeddable":true,"href":"https:\/\/micasa.lv\/lv\/wp-json\/wp\/v2\/product_tag?post=55225"}],"curies":[{"name":"wp","href":"https:\/\/api.w.org\/{rel}","templated":true}]}}