{"id":55233,"date":"2025-04-30T14:56:33","date_gmt":"2025-04-30T11:56:33","guid":{"rendered":"https:\/\/test.micasa.lv\/product\/sifons-izlietnei-dn32-ar-uzgrieszni-5-4-metals-a431-alca\/"},"modified":"2025-04-30T14:56:33","modified_gmt":"2025-04-30T11:56:33","slug":"sifons-izlietnei-dn32-ar-uzgrieszni-5-4-metals-a431-alca","status":"publish","type":"product","link":"https:\/\/micasa.lv\/lv\/sifons-izlietnei-dn32-ar-uzgrieszni-5-4-metals-a431-alca\/","title":{"rendered":"Sifons izlietnei DN32, ar uzgrieszni 5\/4&#8243; , met\u0101ls A431 Alca"},"content":{"rendered":"<p>Hidroaizvars<br \/>\n50 mm<br \/>\n\u016adens notece<br \/>\n34 l\/min<br \/>\nTermisk\u0101 stabilit\u0101te<br \/>\n95 \u02daC<\/p>\n<p>Izlietn\u0113m<\/p>\n<p>Piesl\u0113gums pie kanaliz\u0101cijas caurules \u00d832 mm<br \/>Paaugstin\u0101ta iztur\u012bba pret meh\u0101niskiem boj\u0101jumiem<\/p>\n<p>&nbsp;<\/p>\n<p>&nbsp;<\/p>\n","protected":false},"excerpt":{"rendered":"<p>Hidroaizvars 50 mm \u016adens notece 34 l\/min Termisk\u0101 stabilit\u0101te 95 \u02daC Izlietn\u0113m Piesl\u0113gums pie kanaliz\u0101cijas caurules \u00d832 mmPaaugstin\u0101ta iztur\u012bba pret<\/p>\n","protected":false},"featured_media":29053,"template":"","meta":[],"product_brand":[],"product_cat":[571],"product_tag":[],"class_list":{"0":"post-55233","1":"product","2":"type-product","3":"status-publish","4":"has-post-thumbnail","6":"product_cat-sifoni-un-aksesuari","7":"pa_brand-alca-2","9":"first","10":"instock","11":"taxable","12":"shipping-taxable","13":"purchasable","14":"product-type-simple"},"yoast_head":"<!-- This site is optimized with the Yoast SEO plugin v27.4 - https:\/\/yoast.com\/product\/yoast-seo-wordpress\/ -->\n<title>Sifons izlietnei DN32, ar uzgrieszni 5\/4&quot; , met\u0101ls A431 Alca - Micasa<\/title>\n<meta name=\"robots\" content=\"index, follow, max-snippet:-1, max-image-preview:large, max-video-preview:-1\" \/>\n<link rel=\"canonical\" href=\"https:\/\/micasa.lv\/lv\/sifons-izlietnei-dn32-ar-uzgrieszni-5-4-metals-a431-alca\/\" \/>\n<meta property=\"og:locale\" content=\"lv_LV\" \/>\n<meta property=\"og:type\" content=\"article\" \/>\n<meta property=\"og:title\" content=\"Sifons izlietnei DN32, ar uzgrieszni 5\/4&quot; , met\u0101ls A431 Alca - Micasa\" \/>\n<meta property=\"og:description\" content=\"Hidroaizvars 50 mm \u016adens notece 34 l\/min Termisk\u0101 stabilit\u0101te 95 \u02daC Izlietn\u0113m Piesl\u0113gums pie kanaliz\u0101cijas caurules \u00d832 mmPaaugstin\u0101ta iztur\u012bba pret\" \/>\n<meta property=\"og:url\" content=\"https:\/\/micasa.lv\/lv\/sifons-izlietnei-dn32-ar-uzgrieszni-5-4-metals-a431-alca\/\" \/>\n<meta property=\"og:site_name\" content=\"Micasa\" \/>\n<meta property=\"og:image\" content=\"https:\/\/micasa.lv\/wp-content\/uploads\/2025\/04\/alca_a431.png\" \/>\n\t<meta property=\"og:image:width\" content=\"800\" \/>\n\t<meta property=\"og:image:height\" content=\"631\" \/>\n\t<meta property=\"og:image:type\" content=\"image\/png\" \/>\n<meta name=\"twitter:card\" content=\"summary_large_image\" \/>\n<script type=\"application\/ld+json\" class=\"yoast-schema-graph\">{\"@context\":\"https:\\\/\\\/schema.org\",\"@graph\":[{\"@type\":\"WebPage\",\"@id\":\"https:\\\/\\\/micasa.lv\\\/lv\\\/sifons-izlietnei-dn32-ar-uzgrieszni-5-4-metals-a431-alca\\\/\",\"url\":\"https:\\\/\\\/micasa.lv\\\/lv\\\/sifons-izlietnei-dn32-ar-uzgrieszni-5-4-metals-a431-alca\\\/\",\"name\":\"Sifons izlietnei DN32, ar uzgrieszni 5\\\/4\\\" , met\u0101ls A431 Alca - Micasa\",\"isPartOf\":{\"@id\":\"https:\\\/\\\/micasa.lv\\\/lv\\\/#website\"},\"primaryImageOfPage\":{\"@id\":\"https:\\\/\\\/micasa.lv\\\/lv\\\/sifons-izlietnei-dn32-ar-uzgrieszni-5-4-metals-a431-alca\\\/#primaryimage\"},\"image\":{\"@id\":\"https:\\\/\\\/micasa.lv\\\/lv\\\/sifons-izlietnei-dn32-ar-uzgrieszni-5-4-metals-a431-alca\\\/#primaryimage\"},\"thumbnailUrl\":\"https:\\\/\\\/micasa.lv\\\/wp-content\\\/uploads\\\/2025\\\/04\\\/alca_a431.png\",\"datePublished\":\"2025-04-30T11:56:33+00:00\",\"breadcrumb\":{\"@id\":\"https:\\\/\\\/micasa.lv\\\/lv\\\/sifons-izlietnei-dn32-ar-uzgrieszni-5-4-metals-a431-alca\\\/#breadcrumb\"},\"inLanguage\":\"lv-LV\",\"potentialAction\":[{\"@type\":\"ReadAction\",\"target\":[\"https:\\\/\\\/micasa.lv\\\/lv\\\/sifons-izlietnei-dn32-ar-uzgrieszni-5-4-metals-a431-alca\\\/\"]}]},{\"@type\":\"ImageObject\",\"inLanguage\":\"lv-LV\",\"@id\":\"https:\\\/\\\/micasa.lv\\\/lv\\\/sifons-izlietnei-dn32-ar-uzgrieszni-5-4-metals-a431-alca\\\/#primaryimage\",\"url\":\"https:\\\/\\\/micasa.lv\\\/wp-content\\\/uploads\\\/2025\\\/04\\\/alca_a431.png\",\"contentUrl\":\"https:\\\/\\\/micasa.lv\\\/wp-content\\\/uploads\\\/2025\\\/04\\\/alca_a431.png\",\"width\":800,\"height\":631},{\"@type\":\"BreadcrumbList\",\"@id\":\"https:\\\/\\\/micasa.lv\\\/lv\\\/sifons-izlietnei-dn32-ar-uzgrieszni-5-4-metals-a431-alca\\\/#breadcrumb\",\"itemListElement\":[{\"@type\":\"ListItem\",\"position\":1,\"name\":\"S\u0101kums\",\"item\":\"https:\\\/\\\/micasa.lv\\\/lv\\\/micasa\\\/\"},{\"@type\":\"ListItem\",\"position\":2,\"name\":\"Shop\",\"item\":\"https:\\\/\\\/micasa.lv\\\/lv\\\/shop\\\/\"},{\"@type\":\"ListItem\",\"position\":3,\"name\":\"Sifons izlietnei DN32, ar uzgrieszni 5\\\/4&#8243; , met\u0101ls A431 Alca\"}]},{\"@type\":\"WebSite\",\"@id\":\"https:\\\/\\\/micasa.lv\\\/lv\\\/#website\",\"url\":\"https:\\\/\\\/micasa.lv\\\/lv\\\/\",\"name\":\"Micasa\",\"description\":\"\",\"potentialAction\":[{\"@type\":\"SearchAction\",\"target\":{\"@type\":\"EntryPoint\",\"urlTemplate\":\"https:\\\/\\\/micasa.lv\\\/lv\\\/?s={search_term_string}\"},\"query-input\":{\"@type\":\"PropertyValueSpecification\",\"valueRequired\":true,\"valueName\":\"search_term_string\"}}],\"inLanguage\":\"lv-LV\"}]}<\/script>\n<!-- \/ Yoast SEO plugin. -->","yoast_head_json":{"title":"Sifons izlietnei DN32, ar uzgrieszni 5\/4\" , met\u0101ls A431 Alca - Micasa","robots":{"index":"index","follow":"follow","max-snippet":"max-snippet:-1","max-image-preview":"max-image-preview:large","max-video-preview":"max-video-preview:-1"},"canonical":"https:\/\/micasa.lv\/lv\/sifons-izlietnei-dn32-ar-uzgrieszni-5-4-metals-a431-alca\/","og_locale":"lv_LV","og_type":"article","og_title":"Sifons izlietnei DN32, ar uzgrieszni 5\/4\" , met\u0101ls A431 Alca - Micasa","og_description":"Hidroaizvars 50 mm \u016adens notece 34 l\/min Termisk\u0101 stabilit\u0101te 95 \u02daC Izlietn\u0113m Piesl\u0113gums pie kanaliz\u0101cijas caurules \u00d832 mmPaaugstin\u0101ta iztur\u012bba pret","og_url":"https:\/\/micasa.lv\/lv\/sifons-izlietnei-dn32-ar-uzgrieszni-5-4-metals-a431-alca\/","og_site_name":"Micasa","og_image":[{"width":800,"height":631,"url":"https:\/\/micasa.lv\/wp-content\/uploads\/2025\/04\/alca_a431.png","type":"image\/png"}],"twitter_card":"summary_large_image","schema":{"@context":"https:\/\/schema.org","@graph":[{"@type":"WebPage","@id":"https:\/\/micasa.lv\/lv\/sifons-izlietnei-dn32-ar-uzgrieszni-5-4-metals-a431-alca\/","url":"https:\/\/micasa.lv\/lv\/sifons-izlietnei-dn32-ar-uzgrieszni-5-4-metals-a431-alca\/","name":"Sifons izlietnei DN32, ar uzgrieszni 5\/4\" , met\u0101ls A431 Alca - Micasa","isPartOf":{"@id":"https:\/\/micasa.lv\/lv\/#website"},"primaryImageOfPage":{"@id":"https:\/\/micasa.lv\/lv\/sifons-izlietnei-dn32-ar-uzgrieszni-5-4-metals-a431-alca\/#primaryimage"},"image":{"@id":"https:\/\/micasa.lv\/lv\/sifons-izlietnei-dn32-ar-uzgrieszni-5-4-metals-a431-alca\/#primaryimage"},"thumbnailUrl":"https:\/\/micasa.lv\/wp-content\/uploads\/2025\/04\/alca_a431.png","datePublished":"2025-04-30T11:56:33+00:00","breadcrumb":{"@id":"https:\/\/micasa.lv\/lv\/sifons-izlietnei-dn32-ar-uzgrieszni-5-4-metals-a431-alca\/#breadcrumb"},"inLanguage":"lv-LV","potentialAction":[{"@type":"ReadAction","target":["https:\/\/micasa.lv\/lv\/sifons-izlietnei-dn32-ar-uzgrieszni-5-4-metals-a431-alca\/"]}]},{"@type":"ImageObject","inLanguage":"lv-LV","@id":"https:\/\/micasa.lv\/lv\/sifons-izlietnei-dn32-ar-uzgrieszni-5-4-metals-a431-alca\/#primaryimage","url":"https:\/\/micasa.lv\/wp-content\/uploads\/2025\/04\/alca_a431.png","contentUrl":"https:\/\/micasa.lv\/wp-content\/uploads\/2025\/04\/alca_a431.png","width":800,"height":631},{"@type":"BreadcrumbList","@id":"https:\/\/micasa.lv\/lv\/sifons-izlietnei-dn32-ar-uzgrieszni-5-4-metals-a431-alca\/#breadcrumb","itemListElement":[{"@type":"ListItem","position":1,"name":"S\u0101kums","item":"https:\/\/micasa.lv\/lv\/micasa\/"},{"@type":"ListItem","position":2,"name":"Shop","item":"https:\/\/micasa.lv\/lv\/shop\/"},{"@type":"ListItem","position":3,"name":"Sifons izlietnei DN32, ar uzgrieszni 5\/4&#8243; , met\u0101ls A431 Alca"}]},{"@type":"WebSite","@id":"https:\/\/micasa.lv\/lv\/#website","url":"https:\/\/micasa.lv\/lv\/","name":"Micasa","description":"","potentialAction":[{"@type":"SearchAction","target":{"@type":"EntryPoint","urlTemplate":"https:\/\/micasa.lv\/lv\/?s={search_term_string}"},"query-input":{"@type":"PropertyValueSpecification","valueRequired":true,"valueName":"search_term_string"}}],"inLanguage":"lv-LV"}]}},"wcpa_form_fields":null,"_links":{"self":[{"href":"https:\/\/micasa.lv\/lv\/wp-json\/wp\/v2\/product\/55233","targetHints":{"allow":["GET"]}}],"collection":[{"href":"https:\/\/micasa.lv\/lv\/wp-json\/wp\/v2\/product"}],"about":[{"href":"https:\/\/micasa.lv\/lv\/wp-json\/wp\/v2\/types\/product"}],"version-history":[{"count":0,"href":"https:\/\/micasa.lv\/lv\/wp-json\/wp\/v2\/product\/55233\/revisions"}],"wp:featuredmedia":[{"embeddable":true,"href":"https:\/\/micasa.lv\/lv\/wp-json\/wp\/v2\/media\/29053"}],"wp:attachment":[{"href":"https:\/\/micasa.lv\/lv\/wp-json\/wp\/v2\/media?parent=55233"}],"wp:term":[{"taxonomy":"product_brand","embeddable":true,"href":"https:\/\/micasa.lv\/lv\/wp-json\/wp\/v2\/product_brand?post=55233"},{"taxonomy":"product_cat","embeddable":true,"href":"https:\/\/micasa.lv\/lv\/wp-json\/wp\/v2\/product_cat?post=55233"},{"taxonomy":"product_tag","embeddable":true,"href":"https:\/\/micasa.lv\/lv\/wp-json\/wp\/v2\/product_tag?post=55233"}],"curies":[{"name":"wp","href":"https:\/\/api.w.org\/{rel}","templated":true}]}}