{"id":55268,"date":"2025-04-11T17:36:47","date_gmt":"2025-04-11T15:36:47","guid":{"rendered":"https:\/\/test.micasa.lv\/product\/kivu-kolekcija-pie-sienas-stiprinams-tualetes-pods-futurbath\/"},"modified":"2025-08-11T00:11:08","modified_gmt":"2025-08-10T21:11:08","slug":"kivu-kolekcija-pie-sienas-stiprinams-tualetes-pods-futurbath","status":"publish","type":"product","link":"https:\/\/micasa.lv\/lv\/kivu-kolekcija-pie-sienas-stiprinams-tualetes-pods-futurbath\/","title":{"rendered":"Kivu kolekcija pie sienas stiprin\u0101ms tualetes pods FuturBath"},"content":{"rendered":"<p>Bezmalu (rimless) pie sienas stiprin\u0101ms tualetes pods<br \/>\n(Sl\u0113gta uzst\u0101d\u012b\u0161ana)<br \/>\nM\u012bksti aizverams UF termodura v\u0101ks un s\u0113deklis komplekt\u0101. Viegli no\u0146emams.<br \/>\nP-sifons: 180 mm <\/p>\n","protected":false},"excerpt":{"rendered":"<p>Bezmalu (rimless) pie sienas stiprin\u0101ms tualetes pods (Sl\u0113gta uzst\u0101d\u012b\u0161ana) M\u012bksti aizverams UF termodura v\u0101ks un s\u0113deklis komplekt\u0101. Viegli no\u0146emams. P-sifons:<\/p>\n","protected":false},"featured_media":26995,"template":"","meta":[],"product_brand":[],"product_cat":[1920],"product_tag":[],"class_list":{"0":"post-55268","1":"product","2":"type-product","3":"status-publish","4":"has-post-thumbnail","6":"product_cat-podi-un-bide","7":"pa_brand-futurbath-lv","9":"first","10":"instock","11":"taxable","12":"shipping-taxable","13":"purchasable","14":"product-type-variable"},"yoast_head":"<!-- This site is optimized with the Yoast SEO plugin v27.4 - https:\/\/yoast.com\/product\/yoast-seo-wordpress\/ -->\n<title>Kivu kolekcija pie sienas stiprin\u0101ms tualetes pods FuturBath - Micasa<\/title>\n<meta name=\"robots\" content=\"index, follow, max-snippet:-1, max-image-preview:large, max-video-preview:-1\" \/>\n<link rel=\"canonical\" href=\"https:\/\/micasa.lv\/lv\/kivu-kolekcija-pie-sienas-stiprinams-tualetes-pods-futurbath\/\" \/>\n<meta property=\"og:locale\" content=\"lv_LV\" \/>\n<meta property=\"og:type\" content=\"article\" \/>\n<meta property=\"og:title\" content=\"Kivu kolekcija pie sienas stiprin\u0101ms tualetes pods FuturBath - Micasa\" \/>\n<meta property=\"og:description\" content=\"Bezmalu (rimless) pie sienas stiprin\u0101ms tualetes pods (Sl\u0113gta uzst\u0101d\u012b\u0161ana) M\u012bksti aizverams UF termodura v\u0101ks un s\u0113deklis komplekt\u0101. Viegli no\u0146emams. P-sifons:\" \/>\n<meta property=\"og:url\" content=\"https:\/\/micasa.lv\/lv\/kivu-kolekcija-pie-sienas-stiprinams-tualetes-pods-futurbath\/\" \/>\n<meta property=\"og:site_name\" content=\"Micasa\" \/>\n<meta property=\"article:modified_time\" content=\"2025-08-10T21:11:08+00:00\" \/>\n<meta property=\"og:image\" content=\"https:\/\/micasa.lv\/wp-content\/uploads\/2025\/04\/w-kivu_s.jpg\" \/>\n\t<meta property=\"og:image:width\" content=\"1070\" \/>\n\t<meta property=\"og:image:height\" content=\"925\" \/>\n\t<meta property=\"og:image:type\" content=\"image\/jpeg\" \/>\n<meta name=\"twitter:card\" content=\"summary_large_image\" \/>\n<script type=\"application\/ld+json\" class=\"yoast-schema-graph\">{\"@context\":\"https:\\\/\\\/schema.org\",\"@graph\":[{\"@type\":\"WebPage\",\"@id\":\"https:\\\/\\\/micasa.lv\\\/lv\\\/kivu-kolekcija-pie-sienas-stiprinams-tualetes-pods-futurbath\\\/\",\"url\":\"https:\\\/\\\/micasa.lv\\\/lv\\\/kivu-kolekcija-pie-sienas-stiprinams-tualetes-pods-futurbath\\\/\",\"name\":\"Kivu kolekcija pie sienas stiprin\u0101ms tualetes pods FuturBath - Micasa\",\"isPartOf\":{\"@id\":\"https:\\\/\\\/micasa.lv\\\/lv\\\/#website\"},\"primaryImageOfPage\":{\"@id\":\"https:\\\/\\\/micasa.lv\\\/lv\\\/kivu-kolekcija-pie-sienas-stiprinams-tualetes-pods-futurbath\\\/#primaryimage\"},\"image\":{\"@id\":\"https:\\\/\\\/micasa.lv\\\/lv\\\/kivu-kolekcija-pie-sienas-stiprinams-tualetes-pods-futurbath\\\/#primaryimage\"},\"thumbnailUrl\":\"https:\\\/\\\/micasa.lv\\\/wp-content\\\/uploads\\\/2025\\\/04\\\/w-kivu_s.jpg\",\"datePublished\":\"2025-04-11T15:36:47+00:00\",\"dateModified\":\"2025-08-10T21:11:08+00:00\",\"breadcrumb\":{\"@id\":\"https:\\\/\\\/micasa.lv\\\/lv\\\/kivu-kolekcija-pie-sienas-stiprinams-tualetes-pods-futurbath\\\/#breadcrumb\"},\"inLanguage\":\"lv-LV\",\"potentialAction\":[{\"@type\":\"ReadAction\",\"target\":[\"https:\\\/\\\/micasa.lv\\\/lv\\\/kivu-kolekcija-pie-sienas-stiprinams-tualetes-pods-futurbath\\\/\"]}]},{\"@type\":\"ImageObject\",\"inLanguage\":\"lv-LV\",\"@id\":\"https:\\\/\\\/micasa.lv\\\/lv\\\/kivu-kolekcija-pie-sienas-stiprinams-tualetes-pods-futurbath\\\/#primaryimage\",\"url\":\"https:\\\/\\\/micasa.lv\\\/wp-content\\\/uploads\\\/2025\\\/04\\\/w-kivu_s.jpg\",\"contentUrl\":\"https:\\\/\\\/micasa.lv\\\/wp-content\\\/uploads\\\/2025\\\/04\\\/w-kivu_s.jpg\",\"width\":1070,\"height\":925},{\"@type\":\"BreadcrumbList\",\"@id\":\"https:\\\/\\\/micasa.lv\\\/lv\\\/kivu-kolekcija-pie-sienas-stiprinams-tualetes-pods-futurbath\\\/#breadcrumb\",\"itemListElement\":[{\"@type\":\"ListItem\",\"position\":1,\"name\":\"S\u0101kums\",\"item\":\"https:\\\/\\\/micasa.lv\\\/lv\\\/micasa\\\/\"},{\"@type\":\"ListItem\",\"position\":2,\"name\":\"Shop\",\"item\":\"https:\\\/\\\/micasa.lv\\\/lv\\\/shop\\\/\"},{\"@type\":\"ListItem\",\"position\":3,\"name\":\"Kivu kolekcija pie sienas stiprin\u0101ms tualetes pods FuturBath\"}]},{\"@type\":\"WebSite\",\"@id\":\"https:\\\/\\\/micasa.lv\\\/lv\\\/#website\",\"url\":\"https:\\\/\\\/micasa.lv\\\/lv\\\/\",\"name\":\"Micasa\",\"description\":\"\",\"potentialAction\":[{\"@type\":\"SearchAction\",\"target\":{\"@type\":\"EntryPoint\",\"urlTemplate\":\"https:\\\/\\\/micasa.lv\\\/lv\\\/?s={search_term_string}\"},\"query-input\":{\"@type\":\"PropertyValueSpecification\",\"valueRequired\":true,\"valueName\":\"search_term_string\"}}],\"inLanguage\":\"lv-LV\"}]}<\/script>\n<!-- \/ Yoast SEO plugin. -->","yoast_head_json":{"title":"Kivu kolekcija pie sienas stiprin\u0101ms tualetes pods FuturBath - Micasa","robots":{"index":"index","follow":"follow","max-snippet":"max-snippet:-1","max-image-preview":"max-image-preview:large","max-video-preview":"max-video-preview:-1"},"canonical":"https:\/\/micasa.lv\/lv\/kivu-kolekcija-pie-sienas-stiprinams-tualetes-pods-futurbath\/","og_locale":"lv_LV","og_type":"article","og_title":"Kivu kolekcija pie sienas stiprin\u0101ms tualetes pods FuturBath - Micasa","og_description":"Bezmalu (rimless) pie sienas stiprin\u0101ms tualetes pods (Sl\u0113gta uzst\u0101d\u012b\u0161ana) M\u012bksti aizverams UF termodura v\u0101ks un s\u0113deklis komplekt\u0101. Viegli no\u0146emams. P-sifons:","og_url":"https:\/\/micasa.lv\/lv\/kivu-kolekcija-pie-sienas-stiprinams-tualetes-pods-futurbath\/","og_site_name":"Micasa","article_modified_time":"2025-08-10T21:11:08+00:00","og_image":[{"width":1070,"height":925,"url":"https:\/\/micasa.lv\/wp-content\/uploads\/2025\/04\/w-kivu_s.jpg","type":"image\/jpeg"}],"twitter_card":"summary_large_image","schema":{"@context":"https:\/\/schema.org","@graph":[{"@type":"WebPage","@id":"https:\/\/micasa.lv\/lv\/kivu-kolekcija-pie-sienas-stiprinams-tualetes-pods-futurbath\/","url":"https:\/\/micasa.lv\/lv\/kivu-kolekcija-pie-sienas-stiprinams-tualetes-pods-futurbath\/","name":"Kivu kolekcija pie sienas stiprin\u0101ms tualetes pods FuturBath - Micasa","isPartOf":{"@id":"https:\/\/micasa.lv\/lv\/#website"},"primaryImageOfPage":{"@id":"https:\/\/micasa.lv\/lv\/kivu-kolekcija-pie-sienas-stiprinams-tualetes-pods-futurbath\/#primaryimage"},"image":{"@id":"https:\/\/micasa.lv\/lv\/kivu-kolekcija-pie-sienas-stiprinams-tualetes-pods-futurbath\/#primaryimage"},"thumbnailUrl":"https:\/\/micasa.lv\/wp-content\/uploads\/2025\/04\/w-kivu_s.jpg","datePublished":"2025-04-11T15:36:47+00:00","dateModified":"2025-08-10T21:11:08+00:00","breadcrumb":{"@id":"https:\/\/micasa.lv\/lv\/kivu-kolekcija-pie-sienas-stiprinams-tualetes-pods-futurbath\/#breadcrumb"},"inLanguage":"lv-LV","potentialAction":[{"@type":"ReadAction","target":["https:\/\/micasa.lv\/lv\/kivu-kolekcija-pie-sienas-stiprinams-tualetes-pods-futurbath\/"]}]},{"@type":"ImageObject","inLanguage":"lv-LV","@id":"https:\/\/micasa.lv\/lv\/kivu-kolekcija-pie-sienas-stiprinams-tualetes-pods-futurbath\/#primaryimage","url":"https:\/\/micasa.lv\/wp-content\/uploads\/2025\/04\/w-kivu_s.jpg","contentUrl":"https:\/\/micasa.lv\/wp-content\/uploads\/2025\/04\/w-kivu_s.jpg","width":1070,"height":925},{"@type":"BreadcrumbList","@id":"https:\/\/micasa.lv\/lv\/kivu-kolekcija-pie-sienas-stiprinams-tualetes-pods-futurbath\/#breadcrumb","itemListElement":[{"@type":"ListItem","position":1,"name":"S\u0101kums","item":"https:\/\/micasa.lv\/lv\/micasa\/"},{"@type":"ListItem","position":2,"name":"Shop","item":"https:\/\/micasa.lv\/lv\/shop\/"},{"@type":"ListItem","position":3,"name":"Kivu kolekcija pie sienas stiprin\u0101ms tualetes pods FuturBath"}]},{"@type":"WebSite","@id":"https:\/\/micasa.lv\/lv\/#website","url":"https:\/\/micasa.lv\/lv\/","name":"Micasa","description":"","potentialAction":[{"@type":"SearchAction","target":{"@type":"EntryPoint","urlTemplate":"https:\/\/micasa.lv\/lv\/?s={search_term_string}"},"query-input":{"@type":"PropertyValueSpecification","valueRequired":true,"valueName":"search_term_string"}}],"inLanguage":"lv-LV"}]}},"wcpa_form_fields":null,"_links":{"self":[{"href":"https:\/\/micasa.lv\/lv\/wp-json\/wp\/v2\/product\/55268","targetHints":{"allow":["GET"]}}],"collection":[{"href":"https:\/\/micasa.lv\/lv\/wp-json\/wp\/v2\/product"}],"about":[{"href":"https:\/\/micasa.lv\/lv\/wp-json\/wp\/v2\/types\/product"}],"version-history":[{"count":1,"href":"https:\/\/micasa.lv\/lv\/wp-json\/wp\/v2\/product\/55268\/revisions"}],"predecessor-version":[{"id":59988,"href":"https:\/\/micasa.lv\/lv\/wp-json\/wp\/v2\/product\/55268\/revisions\/59988"}],"wp:featuredmedia":[{"embeddable":true,"href":"https:\/\/micasa.lv\/lv\/wp-json\/wp\/v2\/media\/26995"}],"wp:attachment":[{"href":"https:\/\/micasa.lv\/lv\/wp-json\/wp\/v2\/media?parent=55268"}],"wp:term":[{"taxonomy":"product_brand","embeddable":true,"href":"https:\/\/micasa.lv\/lv\/wp-json\/wp\/v2\/product_brand?post=55268"},{"taxonomy":"product_cat","embeddable":true,"href":"https:\/\/micasa.lv\/lv\/wp-json\/wp\/v2\/product_cat?post=55268"},{"taxonomy":"product_tag","embeddable":true,"href":"https:\/\/micasa.lv\/lv\/wp-json\/wp\/v2\/product_tag?post=55268"}],"curies":[{"name":"wp","href":"https:\/\/api.w.org\/{rel}","templated":true}]}}