{"id":55278,"date":"2025-04-11T16:49:49","date_gmt":"2025-04-11T14:49:49","guid":{"rendered":"https:\/\/test.micasa.lv\/product\/akron-kolekcijas-tualete-ar-slegtu-savienojumu-futurbath\/"},"modified":"2025-04-11T16:49:49","modified_gmt":"2025-04-11T13:49:49","slug":"akron-kolekcijas-tualete-ar-slegtu-savienojumu-futurbath","status":"publish","type":"product","link":"https:\/\/micasa.lv\/lv\/akron-kolekcijas-tualete-ar-slegtu-savienojumu-futurbath\/","title":{"rendered":"Akron kolekcijas tualete ar sl\u0113gtu savienojumu FuturBath"},"content":{"rendered":"<p>610x365x820 mm<br \/>\nKompakts tualetes pods pie sienas.<br \/>\nBez malas (rimless), divda\u013c\u012bgs tualetes pods.<br \/>\n4 \/ 6 l. \u016bdens pat\u0113ri\u0146\u0161 Dubults izpl\u016bdes \u016bdens daudzums.<br \/>\nDiv\u0113j\u0101das izpl\u016bdes iesp\u0113jas.<br \/>\nCaurules savienot\u0101js nav iek\u013cauts komplekt\u0101. P-sifons: 180 mm<br \/>\nZem\u0101ka kreis\u0101\/lab\u0101 \u016bdens padeve<br \/>\nM\u012bksti aizverams PP s\u0113deklis un v\u0101ks komplekt\u0101<br \/>\nViegli no\u0146emams s\u0113deklis un v\u0101ks<\/p>\n","protected":false},"excerpt":{"rendered":"<p>610x365x820 mm Kompakts tualetes pods pie sienas. Bez malas (rimless), divda\u013c\u012bgs tualetes pods. 4 \/ 6 l. \u016bdens pat\u0113ri\u0146\u0161 Dubults<\/p>\n","protected":false},"featured_media":26974,"template":"","meta":[],"product_brand":[],"product_cat":[1920],"product_tag":[],"class_list":{"0":"post-55278","1":"product","2":"type-product","3":"status-publish","4":"has-post-thumbnail","6":"product_cat-podi-un-bide","7":"pa_brand-futurbath-lv","9":"first","10":"instock","11":"taxable","12":"shipping-taxable","13":"purchasable","14":"product-type-simple"},"yoast_head":"<!-- This site is optimized with the Yoast SEO plugin v27.4 - https:\/\/yoast.com\/product\/yoast-seo-wordpress\/ -->\n<title>Akron kolekcijas tualete ar sl\u0113gtu savienojumu FuturBath - Micasa<\/title>\n<meta name=\"robots\" content=\"index, follow, max-snippet:-1, max-image-preview:large, max-video-preview:-1\" \/>\n<link rel=\"canonical\" href=\"https:\/\/micasa.lv\/lv\/akron-kolekcijas-tualete-ar-slegtu-savienojumu-futurbath\/\" \/>\n<meta property=\"og:locale\" content=\"lv_LV\" \/>\n<meta property=\"og:type\" content=\"article\" \/>\n<meta property=\"og:title\" content=\"Akron kolekcijas tualete ar sl\u0113gtu savienojumu FuturBath - Micasa\" \/>\n<meta property=\"og:description\" content=\"610x365x820 mm Kompakts tualetes pods pie sienas. Bez malas (rimless), divda\u013c\u012bgs tualetes pods. 4 \/ 6 l. \u016bdens pat\u0113ri\u0146\u0161 Dubults\" \/>\n<meta property=\"og:url\" content=\"https:\/\/micasa.lv\/lv\/akron-kolekcijas-tualete-ar-slegtu-savienojumu-futurbath\/\" \/>\n<meta property=\"og:site_name\" content=\"Micasa\" \/>\n<meta property=\"og:image\" content=\"https:\/\/micasa.lv\/wp-content\/uploads\/2025\/04\/w-akron_d.png\" \/>\n\t<meta property=\"og:image:width\" content=\"1744\" \/>\n\t<meta property=\"og:image:height\" content=\"2088\" \/>\n\t<meta property=\"og:image:type\" content=\"image\/png\" \/>\n<meta name=\"twitter:card\" content=\"summary_large_image\" \/>\n<script type=\"application\/ld+json\" class=\"yoast-schema-graph\">{\"@context\":\"https:\\\/\\\/schema.org\",\"@graph\":[{\"@type\":\"WebPage\",\"@id\":\"https:\\\/\\\/micasa.lv\\\/lv\\\/akron-kolekcijas-tualete-ar-slegtu-savienojumu-futurbath\\\/\",\"url\":\"https:\\\/\\\/micasa.lv\\\/lv\\\/akron-kolekcijas-tualete-ar-slegtu-savienojumu-futurbath\\\/\",\"name\":\"Akron kolekcijas tualete ar sl\u0113gtu savienojumu FuturBath - Micasa\",\"isPartOf\":{\"@id\":\"https:\\\/\\\/micasa.lv\\\/lv\\\/#website\"},\"primaryImageOfPage\":{\"@id\":\"https:\\\/\\\/micasa.lv\\\/lv\\\/akron-kolekcijas-tualete-ar-slegtu-savienojumu-futurbath\\\/#primaryimage\"},\"image\":{\"@id\":\"https:\\\/\\\/micasa.lv\\\/lv\\\/akron-kolekcijas-tualete-ar-slegtu-savienojumu-futurbath\\\/#primaryimage\"},\"thumbnailUrl\":\"https:\\\/\\\/micasa.lv\\\/wp-content\\\/uploads\\\/2025\\\/04\\\/w-akron_d.png\",\"datePublished\":\"2025-04-11T14:49:49+00:00\",\"breadcrumb\":{\"@id\":\"https:\\\/\\\/micasa.lv\\\/lv\\\/akron-kolekcijas-tualete-ar-slegtu-savienojumu-futurbath\\\/#breadcrumb\"},\"inLanguage\":\"lv-LV\",\"potentialAction\":[{\"@type\":\"ReadAction\",\"target\":[\"https:\\\/\\\/micasa.lv\\\/lv\\\/akron-kolekcijas-tualete-ar-slegtu-savienojumu-futurbath\\\/\"]}]},{\"@type\":\"ImageObject\",\"inLanguage\":\"lv-LV\",\"@id\":\"https:\\\/\\\/micasa.lv\\\/lv\\\/akron-kolekcijas-tualete-ar-slegtu-savienojumu-futurbath\\\/#primaryimage\",\"url\":\"https:\\\/\\\/micasa.lv\\\/wp-content\\\/uploads\\\/2025\\\/04\\\/w-akron_d.png\",\"contentUrl\":\"https:\\\/\\\/micasa.lv\\\/wp-content\\\/uploads\\\/2025\\\/04\\\/w-akron_d.png\",\"width\":1744,\"height\":2088},{\"@type\":\"BreadcrumbList\",\"@id\":\"https:\\\/\\\/micasa.lv\\\/lv\\\/akron-kolekcijas-tualete-ar-slegtu-savienojumu-futurbath\\\/#breadcrumb\",\"itemListElement\":[{\"@type\":\"ListItem\",\"position\":1,\"name\":\"S\u0101kums\",\"item\":\"https:\\\/\\\/micasa.lv\\\/lv\\\/micasa\\\/\"},{\"@type\":\"ListItem\",\"position\":2,\"name\":\"Shop\",\"item\":\"https:\\\/\\\/micasa.lv\\\/lv\\\/shop\\\/\"},{\"@type\":\"ListItem\",\"position\":3,\"name\":\"Akron kolekcijas tualete ar sl\u0113gtu savienojumu FuturBath\"}]},{\"@type\":\"WebSite\",\"@id\":\"https:\\\/\\\/micasa.lv\\\/lv\\\/#website\",\"url\":\"https:\\\/\\\/micasa.lv\\\/lv\\\/\",\"name\":\"Micasa\",\"description\":\"\",\"potentialAction\":[{\"@type\":\"SearchAction\",\"target\":{\"@type\":\"EntryPoint\",\"urlTemplate\":\"https:\\\/\\\/micasa.lv\\\/lv\\\/?s={search_term_string}\"},\"query-input\":{\"@type\":\"PropertyValueSpecification\",\"valueRequired\":true,\"valueName\":\"search_term_string\"}}],\"inLanguage\":\"lv-LV\"}]}<\/script>\n<!-- \/ Yoast SEO plugin. -->","yoast_head_json":{"title":"Akron kolekcijas tualete ar sl\u0113gtu savienojumu FuturBath - Micasa","robots":{"index":"index","follow":"follow","max-snippet":"max-snippet:-1","max-image-preview":"max-image-preview:large","max-video-preview":"max-video-preview:-1"},"canonical":"https:\/\/micasa.lv\/lv\/akron-kolekcijas-tualete-ar-slegtu-savienojumu-futurbath\/","og_locale":"lv_LV","og_type":"article","og_title":"Akron kolekcijas tualete ar sl\u0113gtu savienojumu FuturBath - Micasa","og_description":"610x365x820 mm Kompakts tualetes pods pie sienas. Bez malas (rimless), divda\u013c\u012bgs tualetes pods. 4 \/ 6 l. \u016bdens pat\u0113ri\u0146\u0161 Dubults","og_url":"https:\/\/micasa.lv\/lv\/akron-kolekcijas-tualete-ar-slegtu-savienojumu-futurbath\/","og_site_name":"Micasa","og_image":[{"width":1744,"height":2088,"url":"https:\/\/micasa.lv\/wp-content\/uploads\/2025\/04\/w-akron_d.png","type":"image\/png"}],"twitter_card":"summary_large_image","schema":{"@context":"https:\/\/schema.org","@graph":[{"@type":"WebPage","@id":"https:\/\/micasa.lv\/lv\/akron-kolekcijas-tualete-ar-slegtu-savienojumu-futurbath\/","url":"https:\/\/micasa.lv\/lv\/akron-kolekcijas-tualete-ar-slegtu-savienojumu-futurbath\/","name":"Akron kolekcijas tualete ar sl\u0113gtu savienojumu FuturBath - Micasa","isPartOf":{"@id":"https:\/\/micasa.lv\/lv\/#website"},"primaryImageOfPage":{"@id":"https:\/\/micasa.lv\/lv\/akron-kolekcijas-tualete-ar-slegtu-savienojumu-futurbath\/#primaryimage"},"image":{"@id":"https:\/\/micasa.lv\/lv\/akron-kolekcijas-tualete-ar-slegtu-savienojumu-futurbath\/#primaryimage"},"thumbnailUrl":"https:\/\/micasa.lv\/wp-content\/uploads\/2025\/04\/w-akron_d.png","datePublished":"2025-04-11T14:49:49+00:00","breadcrumb":{"@id":"https:\/\/micasa.lv\/lv\/akron-kolekcijas-tualete-ar-slegtu-savienojumu-futurbath\/#breadcrumb"},"inLanguage":"lv-LV","potentialAction":[{"@type":"ReadAction","target":["https:\/\/micasa.lv\/lv\/akron-kolekcijas-tualete-ar-slegtu-savienojumu-futurbath\/"]}]},{"@type":"ImageObject","inLanguage":"lv-LV","@id":"https:\/\/micasa.lv\/lv\/akron-kolekcijas-tualete-ar-slegtu-savienojumu-futurbath\/#primaryimage","url":"https:\/\/micasa.lv\/wp-content\/uploads\/2025\/04\/w-akron_d.png","contentUrl":"https:\/\/micasa.lv\/wp-content\/uploads\/2025\/04\/w-akron_d.png","width":1744,"height":2088},{"@type":"BreadcrumbList","@id":"https:\/\/micasa.lv\/lv\/akron-kolekcijas-tualete-ar-slegtu-savienojumu-futurbath\/#breadcrumb","itemListElement":[{"@type":"ListItem","position":1,"name":"S\u0101kums","item":"https:\/\/micasa.lv\/lv\/micasa\/"},{"@type":"ListItem","position":2,"name":"Shop","item":"https:\/\/micasa.lv\/lv\/shop\/"},{"@type":"ListItem","position":3,"name":"Akron kolekcijas tualete ar sl\u0113gtu savienojumu FuturBath"}]},{"@type":"WebSite","@id":"https:\/\/micasa.lv\/lv\/#website","url":"https:\/\/micasa.lv\/lv\/","name":"Micasa","description":"","potentialAction":[{"@type":"SearchAction","target":{"@type":"EntryPoint","urlTemplate":"https:\/\/micasa.lv\/lv\/?s={search_term_string}"},"query-input":{"@type":"PropertyValueSpecification","valueRequired":true,"valueName":"search_term_string"}}],"inLanguage":"lv-LV"}]}},"wcpa_form_fields":null,"_links":{"self":[{"href":"https:\/\/micasa.lv\/lv\/wp-json\/wp\/v2\/product\/55278","targetHints":{"allow":["GET"]}}],"collection":[{"href":"https:\/\/micasa.lv\/lv\/wp-json\/wp\/v2\/product"}],"about":[{"href":"https:\/\/micasa.lv\/lv\/wp-json\/wp\/v2\/types\/product"}],"version-history":[{"count":0,"href":"https:\/\/micasa.lv\/lv\/wp-json\/wp\/v2\/product\/55278\/revisions"}],"wp:featuredmedia":[{"embeddable":true,"href":"https:\/\/micasa.lv\/lv\/wp-json\/wp\/v2\/media\/26974"}],"wp:attachment":[{"href":"https:\/\/micasa.lv\/lv\/wp-json\/wp\/v2\/media?parent=55278"}],"wp:term":[{"taxonomy":"product_brand","embeddable":true,"href":"https:\/\/micasa.lv\/lv\/wp-json\/wp\/v2\/product_brand?post=55278"},{"taxonomy":"product_cat","embeddable":true,"href":"https:\/\/micasa.lv\/lv\/wp-json\/wp\/v2\/product_cat?post=55278"},{"taxonomy":"product_tag","embeddable":true,"href":"https:\/\/micasa.lv\/lv\/wp-json\/wp\/v2\/product_tag?post=55278"}],"curies":[{"name":"wp","href":"https:\/\/api.w.org\/{rel}","templated":true}]}}