{"id":55280,"date":"2025-04-11T15:47:48","date_gmt":"2025-04-11T13:47:48","guid":{"rendered":"https:\/\/test.micasa.lv\/product\/gridas-bide-no-cube-kolekcijas-futurbath\/"},"modified":"2025-04-11T15:47:48","modified_gmt":"2025-04-11T12:47:48","slug":"gridas-bide-no-cube-kolekcijas-futurbath","status":"publish","type":"product","link":"https:\/\/micasa.lv\/lv\/gridas-bide-no-cube-kolekcijas-futurbath\/","title":{"rendered":"Gr\u012bdas bid\u0113 no Cube kolekcijas, FuturBath"},"content":{"rendered":"<p>Izm\u0113ri: 545\u00d7360\u00d7410 mm<br \/>\nGr\u012bdas bid\u0113<\/p>\n","protected":false},"excerpt":{"rendered":"<p>Izm\u0113ri: 545\u00d7360\u00d7410 mm Gr\u012bdas bid\u0113<\/p>\n","protected":false},"featured_media":26966,"template":"","meta":[],"product_brand":[],"product_cat":[1920],"product_tag":[],"class_list":{"0":"post-55280","1":"product","2":"type-product","3":"status-publish","4":"has-post-thumbnail","6":"product_cat-podi-un-bide","7":"pa_brand-futurbath-lv","9":"first","10":"instock","11":"taxable","12":"shipping-taxable","13":"purchasable","14":"product-type-simple"},"yoast_head":"<!-- This site is optimized with the Yoast SEO plugin v27.4 - https:\/\/yoast.com\/product\/yoast-seo-wordpress\/ -->\n<title>Gr\u012bdas bid\u0113 no Cube kolekcijas, FuturBath - Micasa<\/title>\n<meta name=\"robots\" content=\"index, follow, max-snippet:-1, max-image-preview:large, max-video-preview:-1\" \/>\n<link rel=\"canonical\" href=\"https:\/\/micasa.lv\/lv\/gridas-bide-no-cube-kolekcijas-futurbath\/\" \/>\n<meta property=\"og:locale\" content=\"lv_LV\" \/>\n<meta property=\"og:type\" content=\"article\" \/>\n<meta property=\"og:title\" content=\"Gr\u012bdas bid\u0113 no Cube kolekcijas, FuturBath - Micasa\" \/>\n<meta property=\"og:description\" content=\"Izm\u0113ri: 545\u00d7360\u00d7410 mm Gr\u012bdas bid\u0113\" \/>\n<meta property=\"og:url\" content=\"https:\/\/micasa.lv\/lv\/gridas-bide-no-cube-kolekcijas-futurbath\/\" \/>\n<meta property=\"og:site_name\" content=\"Micasa\" \/>\n<meta property=\"og:image\" content=\"https:\/\/micasa.lv\/wp-content\/uploads\/2025\/04\/w-cube_b.png\" \/>\n\t<meta property=\"og:image:width\" content=\"310\" \/>\n\t<meta property=\"og:image:height\" content=\"320\" \/>\n\t<meta property=\"og:image:type\" content=\"image\/png\" \/>\n<meta name=\"twitter:card\" content=\"summary_large_image\" \/>\n<script type=\"application\/ld+json\" class=\"yoast-schema-graph\">{\"@context\":\"https:\\\/\\\/schema.org\",\"@graph\":[{\"@type\":\"WebPage\",\"@id\":\"https:\\\/\\\/micasa.lv\\\/lv\\\/gridas-bide-no-cube-kolekcijas-futurbath\\\/\",\"url\":\"https:\\\/\\\/micasa.lv\\\/lv\\\/gridas-bide-no-cube-kolekcijas-futurbath\\\/\",\"name\":\"Gr\u012bdas bid\u0113 no Cube kolekcijas, FuturBath - Micasa\",\"isPartOf\":{\"@id\":\"https:\\\/\\\/micasa.lv\\\/lv\\\/#website\"},\"primaryImageOfPage\":{\"@id\":\"https:\\\/\\\/micasa.lv\\\/lv\\\/gridas-bide-no-cube-kolekcijas-futurbath\\\/#primaryimage\"},\"image\":{\"@id\":\"https:\\\/\\\/micasa.lv\\\/lv\\\/gridas-bide-no-cube-kolekcijas-futurbath\\\/#primaryimage\"},\"thumbnailUrl\":\"https:\\\/\\\/micasa.lv\\\/wp-content\\\/uploads\\\/2025\\\/04\\\/w-cube_b.png\",\"datePublished\":\"2025-04-11T13:47:48+00:00\",\"breadcrumb\":{\"@id\":\"https:\\\/\\\/micasa.lv\\\/lv\\\/gridas-bide-no-cube-kolekcijas-futurbath\\\/#breadcrumb\"},\"inLanguage\":\"lv-LV\",\"potentialAction\":[{\"@type\":\"ReadAction\",\"target\":[\"https:\\\/\\\/micasa.lv\\\/lv\\\/gridas-bide-no-cube-kolekcijas-futurbath\\\/\"]}]},{\"@type\":\"ImageObject\",\"inLanguage\":\"lv-LV\",\"@id\":\"https:\\\/\\\/micasa.lv\\\/lv\\\/gridas-bide-no-cube-kolekcijas-futurbath\\\/#primaryimage\",\"url\":\"https:\\\/\\\/micasa.lv\\\/wp-content\\\/uploads\\\/2025\\\/04\\\/w-cube_b.png\",\"contentUrl\":\"https:\\\/\\\/micasa.lv\\\/wp-content\\\/uploads\\\/2025\\\/04\\\/w-cube_b.png\",\"width\":310,\"height\":320},{\"@type\":\"BreadcrumbList\",\"@id\":\"https:\\\/\\\/micasa.lv\\\/lv\\\/gridas-bide-no-cube-kolekcijas-futurbath\\\/#breadcrumb\",\"itemListElement\":[{\"@type\":\"ListItem\",\"position\":1,\"name\":\"S\u0101kums\",\"item\":\"https:\\\/\\\/micasa.lv\\\/lv\\\/micasa\\\/\"},{\"@type\":\"ListItem\",\"position\":2,\"name\":\"Shop\",\"item\":\"https:\\\/\\\/micasa.lv\\\/lv\\\/shop\\\/\"},{\"@type\":\"ListItem\",\"position\":3,\"name\":\"Gr\u012bdas bid\u0113 no Cube kolekcijas, FuturBath\"}]},{\"@type\":\"WebSite\",\"@id\":\"https:\\\/\\\/micasa.lv\\\/lv\\\/#website\",\"url\":\"https:\\\/\\\/micasa.lv\\\/lv\\\/\",\"name\":\"Micasa\",\"description\":\"\",\"potentialAction\":[{\"@type\":\"SearchAction\",\"target\":{\"@type\":\"EntryPoint\",\"urlTemplate\":\"https:\\\/\\\/micasa.lv\\\/lv\\\/?s={search_term_string}\"},\"query-input\":{\"@type\":\"PropertyValueSpecification\",\"valueRequired\":true,\"valueName\":\"search_term_string\"}}],\"inLanguage\":\"lv-LV\"}]}<\/script>\n<!-- \/ Yoast SEO plugin. -->","yoast_head_json":{"title":"Gr\u012bdas bid\u0113 no Cube kolekcijas, FuturBath - Micasa","robots":{"index":"index","follow":"follow","max-snippet":"max-snippet:-1","max-image-preview":"max-image-preview:large","max-video-preview":"max-video-preview:-1"},"canonical":"https:\/\/micasa.lv\/lv\/gridas-bide-no-cube-kolekcijas-futurbath\/","og_locale":"lv_LV","og_type":"article","og_title":"Gr\u012bdas bid\u0113 no Cube kolekcijas, FuturBath - Micasa","og_description":"Izm\u0113ri: 545\u00d7360\u00d7410 mm Gr\u012bdas bid\u0113","og_url":"https:\/\/micasa.lv\/lv\/gridas-bide-no-cube-kolekcijas-futurbath\/","og_site_name":"Micasa","og_image":[{"width":310,"height":320,"url":"https:\/\/micasa.lv\/wp-content\/uploads\/2025\/04\/w-cube_b.png","type":"image\/png"}],"twitter_card":"summary_large_image","schema":{"@context":"https:\/\/schema.org","@graph":[{"@type":"WebPage","@id":"https:\/\/micasa.lv\/lv\/gridas-bide-no-cube-kolekcijas-futurbath\/","url":"https:\/\/micasa.lv\/lv\/gridas-bide-no-cube-kolekcijas-futurbath\/","name":"Gr\u012bdas bid\u0113 no Cube kolekcijas, FuturBath - Micasa","isPartOf":{"@id":"https:\/\/micasa.lv\/lv\/#website"},"primaryImageOfPage":{"@id":"https:\/\/micasa.lv\/lv\/gridas-bide-no-cube-kolekcijas-futurbath\/#primaryimage"},"image":{"@id":"https:\/\/micasa.lv\/lv\/gridas-bide-no-cube-kolekcijas-futurbath\/#primaryimage"},"thumbnailUrl":"https:\/\/micasa.lv\/wp-content\/uploads\/2025\/04\/w-cube_b.png","datePublished":"2025-04-11T13:47:48+00:00","breadcrumb":{"@id":"https:\/\/micasa.lv\/lv\/gridas-bide-no-cube-kolekcijas-futurbath\/#breadcrumb"},"inLanguage":"lv-LV","potentialAction":[{"@type":"ReadAction","target":["https:\/\/micasa.lv\/lv\/gridas-bide-no-cube-kolekcijas-futurbath\/"]}]},{"@type":"ImageObject","inLanguage":"lv-LV","@id":"https:\/\/micasa.lv\/lv\/gridas-bide-no-cube-kolekcijas-futurbath\/#primaryimage","url":"https:\/\/micasa.lv\/wp-content\/uploads\/2025\/04\/w-cube_b.png","contentUrl":"https:\/\/micasa.lv\/wp-content\/uploads\/2025\/04\/w-cube_b.png","width":310,"height":320},{"@type":"BreadcrumbList","@id":"https:\/\/micasa.lv\/lv\/gridas-bide-no-cube-kolekcijas-futurbath\/#breadcrumb","itemListElement":[{"@type":"ListItem","position":1,"name":"S\u0101kums","item":"https:\/\/micasa.lv\/lv\/micasa\/"},{"@type":"ListItem","position":2,"name":"Shop","item":"https:\/\/micasa.lv\/lv\/shop\/"},{"@type":"ListItem","position":3,"name":"Gr\u012bdas bid\u0113 no Cube kolekcijas, FuturBath"}]},{"@type":"WebSite","@id":"https:\/\/micasa.lv\/lv\/#website","url":"https:\/\/micasa.lv\/lv\/","name":"Micasa","description":"","potentialAction":[{"@type":"SearchAction","target":{"@type":"EntryPoint","urlTemplate":"https:\/\/micasa.lv\/lv\/?s={search_term_string}"},"query-input":{"@type":"PropertyValueSpecification","valueRequired":true,"valueName":"search_term_string"}}],"inLanguage":"lv-LV"}]}},"wcpa_form_fields":null,"_links":{"self":[{"href":"https:\/\/micasa.lv\/lv\/wp-json\/wp\/v2\/product\/55280","targetHints":{"allow":["GET"]}}],"collection":[{"href":"https:\/\/micasa.lv\/lv\/wp-json\/wp\/v2\/product"}],"about":[{"href":"https:\/\/micasa.lv\/lv\/wp-json\/wp\/v2\/types\/product"}],"version-history":[{"count":0,"href":"https:\/\/micasa.lv\/lv\/wp-json\/wp\/v2\/product\/55280\/revisions"}],"wp:featuredmedia":[{"embeddable":true,"href":"https:\/\/micasa.lv\/lv\/wp-json\/wp\/v2\/media\/26966"}],"wp:attachment":[{"href":"https:\/\/micasa.lv\/lv\/wp-json\/wp\/v2\/media?parent=55280"}],"wp:term":[{"taxonomy":"product_brand","embeddable":true,"href":"https:\/\/micasa.lv\/lv\/wp-json\/wp\/v2\/product_brand?post=55280"},{"taxonomy":"product_cat","embeddable":true,"href":"https:\/\/micasa.lv\/lv\/wp-json\/wp\/v2\/product_cat?post=55280"},{"taxonomy":"product_tag","embeddable":true,"href":"https:\/\/micasa.lv\/lv\/wp-json\/wp\/v2\/product_tag?post=55280"}],"curies":[{"name":"wp","href":"https:\/\/api.w.org\/{rel}","templated":true}]}}