{"id":55288,"date":"2025-04-30T14:30:46","date_gmt":"2025-04-30T11:30:46","guid":{"rendered":"https:\/\/test.micasa.lv\/product\/mazgasanas-izlietnes-sifons-design-metala-dn32-vietu-tauposs-modelis-a403-alca\/"},"modified":"2025-04-30T14:30:46","modified_gmt":"2025-04-30T11:30:46","slug":"mazgasanas-izlietnes-sifons-design-metala-dn32-vietu-tauposs-modelis-a403-alca","status":"publish","type":"product","link":"https:\/\/micasa.lv\/lv\/mazgasanas-izlietnes-sifons-design-metala-dn32-vietu-tauposs-modelis-a403-alca\/","title":{"rendered":"Mazg\u0101\u0161an\u0101s izlietnes sifons DESIGN, met\u0101la DN32, vietu taupo\u0161s, modelis A403 Alca"},"content":{"rendered":"<p>Izlietnei<br \/>\nLai ietaup\u012btu vietu zem izlietnes<\/p>\n<ul>\n<li>Piesl\u0113gums pie kanaliz\u0101cijas caurules \u00d832 mm<\/li>\n<li>Paaugstin\u0101ta iztur\u012bba pret meh\u0101niskiem boj\u0101jumiem<\/li>\n<\/ul>\n","protected":false},"excerpt":{"rendered":"<p>Izlietnei Lai ietaup\u012btu vietu zem izlietnes Piesl\u0113gums pie kanaliz\u0101cijas caurules \u00d832 mm Paaugstin\u0101ta iztur\u012bba pret meh\u0101niskiem boj\u0101jumiem<\/p>\n","protected":false},"featured_media":29045,"template":"","meta":[],"product_brand":[],"product_cat":[571],"product_tag":[],"class_list":{"0":"post-55288","1":"product","2":"type-product","3":"status-publish","4":"has-post-thumbnail","6":"product_cat-sifoni-un-aksesuari","7":"pa_brand-alca-2","9":"first","10":"instock","11":"taxable","12":"shipping-taxable","13":"purchasable","14":"product-type-simple"},"yoast_head":"<!-- This site is optimized with the Yoast SEO plugin v27.4 - https:\/\/yoast.com\/product\/yoast-seo-wordpress\/ -->\n<title>Mazg\u0101\u0161an\u0101s izlietnes sifons DESIGN, met\u0101la DN32, vietu taupo\u0161s, modelis A403 Alca - Micasa<\/title>\n<meta name=\"robots\" content=\"index, follow, max-snippet:-1, max-image-preview:large, max-video-preview:-1\" \/>\n<link rel=\"canonical\" href=\"https:\/\/micasa.lv\/lv\/mazgasanas-izlietnes-sifons-design-metala-dn32-vietu-tauposs-modelis-a403-alca\/\" \/>\n<meta property=\"og:locale\" content=\"lv_LV\" \/>\n<meta property=\"og:type\" content=\"article\" \/>\n<meta property=\"og:title\" content=\"Mazg\u0101\u0161an\u0101s izlietnes sifons DESIGN, met\u0101la DN32, vietu taupo\u0161s, modelis A403 Alca - Micasa\" \/>\n<meta property=\"og:description\" content=\"Izlietnei Lai ietaup\u012btu vietu zem izlietnes Piesl\u0113gums pie kanaliz\u0101cijas caurules \u00d832 mm Paaugstin\u0101ta iztur\u012bba pret meh\u0101niskiem boj\u0101jumiem\" \/>\n<meta property=\"og:url\" content=\"https:\/\/micasa.lv\/lv\/mazgasanas-izlietnes-sifons-design-metala-dn32-vietu-tauposs-modelis-a403-alca\/\" \/>\n<meta property=\"og:site_name\" content=\"Micasa\" \/>\n<meta property=\"og:image\" content=\"https:\/\/micasa.lv\/wp-content\/uploads\/2025\/04\/a403.png\" \/>\n\t<meta property=\"og:image:width\" content=\"800\" \/>\n\t<meta property=\"og:image:height\" content=\"795\" \/>\n\t<meta property=\"og:image:type\" content=\"image\/png\" \/>\n<meta name=\"twitter:card\" content=\"summary_large_image\" \/>\n<script type=\"application\/ld+json\" class=\"yoast-schema-graph\">{\"@context\":\"https:\\\/\\\/schema.org\",\"@graph\":[{\"@type\":\"WebPage\",\"@id\":\"https:\\\/\\\/micasa.lv\\\/lv\\\/mazgasanas-izlietnes-sifons-design-metala-dn32-vietu-tauposs-modelis-a403-alca\\\/\",\"url\":\"https:\\\/\\\/micasa.lv\\\/lv\\\/mazgasanas-izlietnes-sifons-design-metala-dn32-vietu-tauposs-modelis-a403-alca\\\/\",\"name\":\"Mazg\u0101\u0161an\u0101s izlietnes sifons DESIGN, met\u0101la DN32, vietu taupo\u0161s, modelis A403 Alca - Micasa\",\"isPartOf\":{\"@id\":\"https:\\\/\\\/micasa.lv\\\/lv\\\/#website\"},\"primaryImageOfPage\":{\"@id\":\"https:\\\/\\\/micasa.lv\\\/lv\\\/mazgasanas-izlietnes-sifons-design-metala-dn32-vietu-tauposs-modelis-a403-alca\\\/#primaryimage\"},\"image\":{\"@id\":\"https:\\\/\\\/micasa.lv\\\/lv\\\/mazgasanas-izlietnes-sifons-design-metala-dn32-vietu-tauposs-modelis-a403-alca\\\/#primaryimage\"},\"thumbnailUrl\":\"https:\\\/\\\/micasa.lv\\\/wp-content\\\/uploads\\\/2025\\\/04\\\/a403.png\",\"datePublished\":\"2025-04-30T11:30:46+00:00\",\"breadcrumb\":{\"@id\":\"https:\\\/\\\/micasa.lv\\\/lv\\\/mazgasanas-izlietnes-sifons-design-metala-dn32-vietu-tauposs-modelis-a403-alca\\\/#breadcrumb\"},\"inLanguage\":\"lv-LV\",\"potentialAction\":[{\"@type\":\"ReadAction\",\"target\":[\"https:\\\/\\\/micasa.lv\\\/lv\\\/mazgasanas-izlietnes-sifons-design-metala-dn32-vietu-tauposs-modelis-a403-alca\\\/\"]}]},{\"@type\":\"ImageObject\",\"inLanguage\":\"lv-LV\",\"@id\":\"https:\\\/\\\/micasa.lv\\\/lv\\\/mazgasanas-izlietnes-sifons-design-metala-dn32-vietu-tauposs-modelis-a403-alca\\\/#primaryimage\",\"url\":\"https:\\\/\\\/micasa.lv\\\/wp-content\\\/uploads\\\/2025\\\/04\\\/a403.png\",\"contentUrl\":\"https:\\\/\\\/micasa.lv\\\/wp-content\\\/uploads\\\/2025\\\/04\\\/a403.png\",\"width\":800,\"height\":795},{\"@type\":\"BreadcrumbList\",\"@id\":\"https:\\\/\\\/micasa.lv\\\/lv\\\/mazgasanas-izlietnes-sifons-design-metala-dn32-vietu-tauposs-modelis-a403-alca\\\/#breadcrumb\",\"itemListElement\":[{\"@type\":\"ListItem\",\"position\":1,\"name\":\"S\u0101kums\",\"item\":\"https:\\\/\\\/micasa.lv\\\/lv\\\/micasa\\\/\"},{\"@type\":\"ListItem\",\"position\":2,\"name\":\"Shop\",\"item\":\"https:\\\/\\\/micasa.lv\\\/lv\\\/shop\\\/\"},{\"@type\":\"ListItem\",\"position\":3,\"name\":\"Mazg\u0101\u0161an\u0101s izlietnes sifons DESIGN, met\u0101la DN32, vietu taupo\u0161s, modelis A403 Alca\"}]},{\"@type\":\"WebSite\",\"@id\":\"https:\\\/\\\/micasa.lv\\\/lv\\\/#website\",\"url\":\"https:\\\/\\\/micasa.lv\\\/lv\\\/\",\"name\":\"Micasa\",\"description\":\"\",\"potentialAction\":[{\"@type\":\"SearchAction\",\"target\":{\"@type\":\"EntryPoint\",\"urlTemplate\":\"https:\\\/\\\/micasa.lv\\\/lv\\\/?s={search_term_string}\"},\"query-input\":{\"@type\":\"PropertyValueSpecification\",\"valueRequired\":true,\"valueName\":\"search_term_string\"}}],\"inLanguage\":\"lv-LV\"}]}<\/script>\n<!-- \/ Yoast SEO plugin. -->","yoast_head_json":{"title":"Mazg\u0101\u0161an\u0101s izlietnes sifons DESIGN, met\u0101la DN32, vietu taupo\u0161s, modelis A403 Alca - Micasa","robots":{"index":"index","follow":"follow","max-snippet":"max-snippet:-1","max-image-preview":"max-image-preview:large","max-video-preview":"max-video-preview:-1"},"canonical":"https:\/\/micasa.lv\/lv\/mazgasanas-izlietnes-sifons-design-metala-dn32-vietu-tauposs-modelis-a403-alca\/","og_locale":"lv_LV","og_type":"article","og_title":"Mazg\u0101\u0161an\u0101s izlietnes sifons DESIGN, met\u0101la DN32, vietu taupo\u0161s, modelis A403 Alca - Micasa","og_description":"Izlietnei Lai ietaup\u012btu vietu zem izlietnes Piesl\u0113gums pie kanaliz\u0101cijas caurules \u00d832 mm Paaugstin\u0101ta iztur\u012bba pret meh\u0101niskiem boj\u0101jumiem","og_url":"https:\/\/micasa.lv\/lv\/mazgasanas-izlietnes-sifons-design-metala-dn32-vietu-tauposs-modelis-a403-alca\/","og_site_name":"Micasa","og_image":[{"width":800,"height":795,"url":"https:\/\/micasa.lv\/wp-content\/uploads\/2025\/04\/a403.png","type":"image\/png"}],"twitter_card":"summary_large_image","schema":{"@context":"https:\/\/schema.org","@graph":[{"@type":"WebPage","@id":"https:\/\/micasa.lv\/lv\/mazgasanas-izlietnes-sifons-design-metala-dn32-vietu-tauposs-modelis-a403-alca\/","url":"https:\/\/micasa.lv\/lv\/mazgasanas-izlietnes-sifons-design-metala-dn32-vietu-tauposs-modelis-a403-alca\/","name":"Mazg\u0101\u0161an\u0101s izlietnes sifons DESIGN, met\u0101la DN32, vietu taupo\u0161s, modelis A403 Alca - Micasa","isPartOf":{"@id":"https:\/\/micasa.lv\/lv\/#website"},"primaryImageOfPage":{"@id":"https:\/\/micasa.lv\/lv\/mazgasanas-izlietnes-sifons-design-metala-dn32-vietu-tauposs-modelis-a403-alca\/#primaryimage"},"image":{"@id":"https:\/\/micasa.lv\/lv\/mazgasanas-izlietnes-sifons-design-metala-dn32-vietu-tauposs-modelis-a403-alca\/#primaryimage"},"thumbnailUrl":"https:\/\/micasa.lv\/wp-content\/uploads\/2025\/04\/a403.png","datePublished":"2025-04-30T11:30:46+00:00","breadcrumb":{"@id":"https:\/\/micasa.lv\/lv\/mazgasanas-izlietnes-sifons-design-metala-dn32-vietu-tauposs-modelis-a403-alca\/#breadcrumb"},"inLanguage":"lv-LV","potentialAction":[{"@type":"ReadAction","target":["https:\/\/micasa.lv\/lv\/mazgasanas-izlietnes-sifons-design-metala-dn32-vietu-tauposs-modelis-a403-alca\/"]}]},{"@type":"ImageObject","inLanguage":"lv-LV","@id":"https:\/\/micasa.lv\/lv\/mazgasanas-izlietnes-sifons-design-metala-dn32-vietu-tauposs-modelis-a403-alca\/#primaryimage","url":"https:\/\/micasa.lv\/wp-content\/uploads\/2025\/04\/a403.png","contentUrl":"https:\/\/micasa.lv\/wp-content\/uploads\/2025\/04\/a403.png","width":800,"height":795},{"@type":"BreadcrumbList","@id":"https:\/\/micasa.lv\/lv\/mazgasanas-izlietnes-sifons-design-metala-dn32-vietu-tauposs-modelis-a403-alca\/#breadcrumb","itemListElement":[{"@type":"ListItem","position":1,"name":"S\u0101kums","item":"https:\/\/micasa.lv\/lv\/micasa\/"},{"@type":"ListItem","position":2,"name":"Shop","item":"https:\/\/micasa.lv\/lv\/shop\/"},{"@type":"ListItem","position":3,"name":"Mazg\u0101\u0161an\u0101s izlietnes sifons DESIGN, met\u0101la DN32, vietu taupo\u0161s, modelis A403 Alca"}]},{"@type":"WebSite","@id":"https:\/\/micasa.lv\/lv\/#website","url":"https:\/\/micasa.lv\/lv\/","name":"Micasa","description":"","potentialAction":[{"@type":"SearchAction","target":{"@type":"EntryPoint","urlTemplate":"https:\/\/micasa.lv\/lv\/?s={search_term_string}"},"query-input":{"@type":"PropertyValueSpecification","valueRequired":true,"valueName":"search_term_string"}}],"inLanguage":"lv-LV"}]}},"wcpa_form_fields":null,"_links":{"self":[{"href":"https:\/\/micasa.lv\/lv\/wp-json\/wp\/v2\/product\/55288","targetHints":{"allow":["GET"]}}],"collection":[{"href":"https:\/\/micasa.lv\/lv\/wp-json\/wp\/v2\/product"}],"about":[{"href":"https:\/\/micasa.lv\/lv\/wp-json\/wp\/v2\/types\/product"}],"version-history":[{"count":0,"href":"https:\/\/micasa.lv\/lv\/wp-json\/wp\/v2\/product\/55288\/revisions"}],"wp:featuredmedia":[{"embeddable":true,"href":"https:\/\/micasa.lv\/lv\/wp-json\/wp\/v2\/media\/29045"}],"wp:attachment":[{"href":"https:\/\/micasa.lv\/lv\/wp-json\/wp\/v2\/media?parent=55288"}],"wp:term":[{"taxonomy":"product_brand","embeddable":true,"href":"https:\/\/micasa.lv\/lv\/wp-json\/wp\/v2\/product_brand?post=55288"},{"taxonomy":"product_cat","embeddable":true,"href":"https:\/\/micasa.lv\/lv\/wp-json\/wp\/v2\/product_cat?post=55288"},{"taxonomy":"product_tag","embeddable":true,"href":"https:\/\/micasa.lv\/lv\/wp-json\/wp\/v2\/product_tag?post=55288"}],"curies":[{"name":"wp","href":"https:\/\/api.w.org\/{rel}","templated":true}]}}