{"id":55292,"date":"2025-04-30T13:08:20","date_gmt":"2025-04-30T10:08:20","guid":{"rendered":"https:\/\/test.micasa.lv\/product\/izlietnes-sifons-dn32-design-metala-kvadratveida-hroms-modelis-a401-alca\/"},"modified":"2025-04-30T13:08:20","modified_gmt":"2025-04-30T10:08:20","slug":"izlietnes-sifons-dn32-design-metala-kvadratveida-hroms-modelis-a401-alca","status":"publish","type":"product","link":"https:\/\/micasa.lv\/lv\/izlietnes-sifons-dn32-design-metala-kvadratveida-hroms-modelis-a401-alca\/","title":{"rendered":"Izlietnes sifons DN32 DESIGN, met\u0101la, kvadr\u0101tveida, hroms, modelis A401 Alca"},"content":{"rendered":"<p>Izlietnei<\/p>\n<ul>\n<li>Piesl\u0113gums pie kanaliz\u0101cijas caurules \u00d832 mm<\/li>\n<li>Paaugstin\u0101ta iztur\u012bba pret meh\u0101niskiem boj\u0101jumiem<\/li>\n<li>Materi\u0101ls: hrom\u0113ts misi\u0146\u0161<\/li>\n<\/ul>\n<p>Komplekta saturs<\/p>\n<ul>\n<li>Sifona korpuss<\/li>\n<li>V\u012bt\u0146ots savienojums 5\/4&#8243; izlietnes vai bid\u0113 sifona izpl\u016bdes savieno\u0161anai<\/li>\n<li>Dekorat\u012bva da\u013ca, met\u0101la<\/li>\n<\/ul>\n","protected":false},"excerpt":{"rendered":"<p>Izlietnei Piesl\u0113gums pie kanaliz\u0101cijas caurules \u00d832 mm Paaugstin\u0101ta iztur\u012bba pret meh\u0101niskiem boj\u0101jumiem Materi\u0101ls: hrom\u0113ts misi\u0146\u0161 Komplekta saturs Sifona korpuss V\u012bt\u0146ots<\/p>\n","protected":false},"featured_media":29018,"template":"","meta":[],"product_brand":[],"product_cat":[571],"product_tag":[],"class_list":{"0":"post-55292","1":"product","2":"type-product","3":"status-publish","4":"has-post-thumbnail","6":"product_cat-sifoni-un-aksesuari","7":"pa_brand-alca-2","9":"first","10":"instock","11":"taxable","12":"shipping-taxable","13":"purchasable","14":"product-type-simple"},"yoast_head":"<!-- This site is optimized with the Yoast SEO plugin v27.4 - https:\/\/yoast.com\/product\/yoast-seo-wordpress\/ -->\n<title>Izlietnes sifons DN32 DESIGN, met\u0101la, kvadr\u0101tveida, hroms, modelis A401 Alca - Micasa<\/title>\n<meta name=\"robots\" content=\"index, follow, max-snippet:-1, max-image-preview:large, max-video-preview:-1\" \/>\n<link rel=\"canonical\" href=\"https:\/\/micasa.lv\/lv\/izlietnes-sifons-dn32-design-metala-kvadratveida-hroms-modelis-a401-alca\/\" \/>\n<meta property=\"og:locale\" content=\"lv_LV\" \/>\n<meta property=\"og:type\" content=\"article\" \/>\n<meta property=\"og:title\" content=\"Izlietnes sifons DN32 DESIGN, met\u0101la, kvadr\u0101tveida, hroms, modelis A401 Alca - Micasa\" \/>\n<meta property=\"og:description\" content=\"Izlietnei Piesl\u0113gums pie kanaliz\u0101cijas caurules \u00d832 mm Paaugstin\u0101ta iztur\u012bba pret meh\u0101niskiem boj\u0101jumiem Materi\u0101ls: hrom\u0113ts misi\u0146\u0161 Komplekta saturs Sifona korpuss V\u012bt\u0146ots\" \/>\n<meta property=\"og:url\" content=\"https:\/\/micasa.lv\/lv\/izlietnes-sifons-dn32-design-metala-kvadratveida-hroms-modelis-a401-alca\/\" \/>\n<meta property=\"og:site_name\" content=\"Micasa\" \/>\n<meta property=\"og:image\" content=\"https:\/\/micasa.lv\/wp-content\/uploads\/2025\/04\/alca_a401.png\" \/>\n\t<meta property=\"og:image:width\" content=\"675\" \/>\n\t<meta property=\"og:image:height\" content=\"800\" \/>\n\t<meta property=\"og:image:type\" content=\"image\/png\" \/>\n<meta name=\"twitter:card\" content=\"summary_large_image\" \/>\n<script type=\"application\/ld+json\" class=\"yoast-schema-graph\">{\"@context\":\"https:\\\/\\\/schema.org\",\"@graph\":[{\"@type\":\"WebPage\",\"@id\":\"https:\\\/\\\/micasa.lv\\\/lv\\\/izlietnes-sifons-dn32-design-metala-kvadratveida-hroms-modelis-a401-alca\\\/\",\"url\":\"https:\\\/\\\/micasa.lv\\\/lv\\\/izlietnes-sifons-dn32-design-metala-kvadratveida-hroms-modelis-a401-alca\\\/\",\"name\":\"Izlietnes sifons DN32 DESIGN, met\u0101la, kvadr\u0101tveida, hroms, modelis A401 Alca - Micasa\",\"isPartOf\":{\"@id\":\"https:\\\/\\\/micasa.lv\\\/lv\\\/#website\"},\"primaryImageOfPage\":{\"@id\":\"https:\\\/\\\/micasa.lv\\\/lv\\\/izlietnes-sifons-dn32-design-metala-kvadratveida-hroms-modelis-a401-alca\\\/#primaryimage\"},\"image\":{\"@id\":\"https:\\\/\\\/micasa.lv\\\/lv\\\/izlietnes-sifons-dn32-design-metala-kvadratveida-hroms-modelis-a401-alca\\\/#primaryimage\"},\"thumbnailUrl\":\"https:\\\/\\\/micasa.lv\\\/wp-content\\\/uploads\\\/2025\\\/04\\\/alca_a401.png\",\"datePublished\":\"2025-04-30T10:08:20+00:00\",\"breadcrumb\":{\"@id\":\"https:\\\/\\\/micasa.lv\\\/lv\\\/izlietnes-sifons-dn32-design-metala-kvadratveida-hroms-modelis-a401-alca\\\/#breadcrumb\"},\"inLanguage\":\"lv-LV\",\"potentialAction\":[{\"@type\":\"ReadAction\",\"target\":[\"https:\\\/\\\/micasa.lv\\\/lv\\\/izlietnes-sifons-dn32-design-metala-kvadratveida-hroms-modelis-a401-alca\\\/\"]}]},{\"@type\":\"ImageObject\",\"inLanguage\":\"lv-LV\",\"@id\":\"https:\\\/\\\/micasa.lv\\\/lv\\\/izlietnes-sifons-dn32-design-metala-kvadratveida-hroms-modelis-a401-alca\\\/#primaryimage\",\"url\":\"https:\\\/\\\/micasa.lv\\\/wp-content\\\/uploads\\\/2025\\\/04\\\/alca_a401.png\",\"contentUrl\":\"https:\\\/\\\/micasa.lv\\\/wp-content\\\/uploads\\\/2025\\\/04\\\/alca_a401.png\",\"width\":675,\"height\":800},{\"@type\":\"BreadcrumbList\",\"@id\":\"https:\\\/\\\/micasa.lv\\\/lv\\\/izlietnes-sifons-dn32-design-metala-kvadratveida-hroms-modelis-a401-alca\\\/#breadcrumb\",\"itemListElement\":[{\"@type\":\"ListItem\",\"position\":1,\"name\":\"S\u0101kums\",\"item\":\"https:\\\/\\\/micasa.lv\\\/lv\\\/micasa\\\/\"},{\"@type\":\"ListItem\",\"position\":2,\"name\":\"Shop\",\"item\":\"https:\\\/\\\/micasa.lv\\\/lv\\\/shop\\\/\"},{\"@type\":\"ListItem\",\"position\":3,\"name\":\"Izlietnes sifons DN32 DESIGN, met\u0101la, kvadr\u0101tveida, hroms, modelis A401 Alca\"}]},{\"@type\":\"WebSite\",\"@id\":\"https:\\\/\\\/micasa.lv\\\/lv\\\/#website\",\"url\":\"https:\\\/\\\/micasa.lv\\\/lv\\\/\",\"name\":\"Micasa\",\"description\":\"\",\"potentialAction\":[{\"@type\":\"SearchAction\",\"target\":{\"@type\":\"EntryPoint\",\"urlTemplate\":\"https:\\\/\\\/micasa.lv\\\/lv\\\/?s={search_term_string}\"},\"query-input\":{\"@type\":\"PropertyValueSpecification\",\"valueRequired\":true,\"valueName\":\"search_term_string\"}}],\"inLanguage\":\"lv-LV\"}]}<\/script>\n<!-- \/ Yoast SEO plugin. -->","yoast_head_json":{"title":"Izlietnes sifons DN32 DESIGN, met\u0101la, kvadr\u0101tveida, hroms, modelis A401 Alca - Micasa","robots":{"index":"index","follow":"follow","max-snippet":"max-snippet:-1","max-image-preview":"max-image-preview:large","max-video-preview":"max-video-preview:-1"},"canonical":"https:\/\/micasa.lv\/lv\/izlietnes-sifons-dn32-design-metala-kvadratveida-hroms-modelis-a401-alca\/","og_locale":"lv_LV","og_type":"article","og_title":"Izlietnes sifons DN32 DESIGN, met\u0101la, kvadr\u0101tveida, hroms, modelis A401 Alca - Micasa","og_description":"Izlietnei Piesl\u0113gums pie kanaliz\u0101cijas caurules \u00d832 mm Paaugstin\u0101ta iztur\u012bba pret meh\u0101niskiem boj\u0101jumiem Materi\u0101ls: hrom\u0113ts misi\u0146\u0161 Komplekta saturs Sifona korpuss V\u012bt\u0146ots","og_url":"https:\/\/micasa.lv\/lv\/izlietnes-sifons-dn32-design-metala-kvadratveida-hroms-modelis-a401-alca\/","og_site_name":"Micasa","og_image":[{"width":675,"height":800,"url":"https:\/\/micasa.lv\/wp-content\/uploads\/2025\/04\/alca_a401.png","type":"image\/png"}],"twitter_card":"summary_large_image","schema":{"@context":"https:\/\/schema.org","@graph":[{"@type":"WebPage","@id":"https:\/\/micasa.lv\/lv\/izlietnes-sifons-dn32-design-metala-kvadratveida-hroms-modelis-a401-alca\/","url":"https:\/\/micasa.lv\/lv\/izlietnes-sifons-dn32-design-metala-kvadratveida-hroms-modelis-a401-alca\/","name":"Izlietnes sifons DN32 DESIGN, met\u0101la, kvadr\u0101tveida, hroms, modelis A401 Alca - Micasa","isPartOf":{"@id":"https:\/\/micasa.lv\/lv\/#website"},"primaryImageOfPage":{"@id":"https:\/\/micasa.lv\/lv\/izlietnes-sifons-dn32-design-metala-kvadratveida-hroms-modelis-a401-alca\/#primaryimage"},"image":{"@id":"https:\/\/micasa.lv\/lv\/izlietnes-sifons-dn32-design-metala-kvadratveida-hroms-modelis-a401-alca\/#primaryimage"},"thumbnailUrl":"https:\/\/micasa.lv\/wp-content\/uploads\/2025\/04\/alca_a401.png","datePublished":"2025-04-30T10:08:20+00:00","breadcrumb":{"@id":"https:\/\/micasa.lv\/lv\/izlietnes-sifons-dn32-design-metala-kvadratveida-hroms-modelis-a401-alca\/#breadcrumb"},"inLanguage":"lv-LV","potentialAction":[{"@type":"ReadAction","target":["https:\/\/micasa.lv\/lv\/izlietnes-sifons-dn32-design-metala-kvadratveida-hroms-modelis-a401-alca\/"]}]},{"@type":"ImageObject","inLanguage":"lv-LV","@id":"https:\/\/micasa.lv\/lv\/izlietnes-sifons-dn32-design-metala-kvadratveida-hroms-modelis-a401-alca\/#primaryimage","url":"https:\/\/micasa.lv\/wp-content\/uploads\/2025\/04\/alca_a401.png","contentUrl":"https:\/\/micasa.lv\/wp-content\/uploads\/2025\/04\/alca_a401.png","width":675,"height":800},{"@type":"BreadcrumbList","@id":"https:\/\/micasa.lv\/lv\/izlietnes-sifons-dn32-design-metala-kvadratveida-hroms-modelis-a401-alca\/#breadcrumb","itemListElement":[{"@type":"ListItem","position":1,"name":"S\u0101kums","item":"https:\/\/micasa.lv\/lv\/micasa\/"},{"@type":"ListItem","position":2,"name":"Shop","item":"https:\/\/micasa.lv\/lv\/shop\/"},{"@type":"ListItem","position":3,"name":"Izlietnes sifons DN32 DESIGN, met\u0101la, kvadr\u0101tveida, hroms, modelis A401 Alca"}]},{"@type":"WebSite","@id":"https:\/\/micasa.lv\/lv\/#website","url":"https:\/\/micasa.lv\/lv\/","name":"Micasa","description":"","potentialAction":[{"@type":"SearchAction","target":{"@type":"EntryPoint","urlTemplate":"https:\/\/micasa.lv\/lv\/?s={search_term_string}"},"query-input":{"@type":"PropertyValueSpecification","valueRequired":true,"valueName":"search_term_string"}}],"inLanguage":"lv-LV"}]}},"wcpa_form_fields":null,"_links":{"self":[{"href":"https:\/\/micasa.lv\/lv\/wp-json\/wp\/v2\/product\/55292","targetHints":{"allow":["GET"]}}],"collection":[{"href":"https:\/\/micasa.lv\/lv\/wp-json\/wp\/v2\/product"}],"about":[{"href":"https:\/\/micasa.lv\/lv\/wp-json\/wp\/v2\/types\/product"}],"version-history":[{"count":0,"href":"https:\/\/micasa.lv\/lv\/wp-json\/wp\/v2\/product\/55292\/revisions"}],"wp:featuredmedia":[{"embeddable":true,"href":"https:\/\/micasa.lv\/lv\/wp-json\/wp\/v2\/media\/29018"}],"wp:attachment":[{"href":"https:\/\/micasa.lv\/lv\/wp-json\/wp\/v2\/media?parent=55292"}],"wp:term":[{"taxonomy":"product_brand","embeddable":true,"href":"https:\/\/micasa.lv\/lv\/wp-json\/wp\/v2\/product_brand?post=55292"},{"taxonomy":"product_cat","embeddable":true,"href":"https:\/\/micasa.lv\/lv\/wp-json\/wp\/v2\/product_cat?post=55292"},{"taxonomy":"product_tag","embeddable":true,"href":"https:\/\/micasa.lv\/lv\/wp-json\/wp\/v2\/product_tag?post=55292"}],"curies":[{"name":"wp","href":"https:\/\/api.w.org\/{rel}","templated":true}]}}