{"id":55294,"date":"2025-04-30T12:52:48","date_gmt":"2025-04-30T09:52:48","guid":{"rendered":"https:\/\/test.micasa.lv\/product\/pagarinajuma-detala-dn32-a4000-alca\/"},"modified":"2025-08-11T00:10:43","modified_gmt":"2025-08-10T21:10:43","slug":"pagarinajuma-detala-dn32-a4000-alca","status":"publish","type":"product","link":"https:\/\/micasa.lv\/lv\/pagarinajuma-detala-dn32-a4000-alca\/","title":{"rendered":"Pagarin\u0101juma deta\u013ca DN32 A4000 Alca"},"content":{"rendered":"<p>Met\u0101la mazg\u0101\u0161an\u0101s izlietnes notek\u0101m un sifoniem<br \/>\nSavienojuma pagarin\u0101\u0161anai starp izlietni un noteku<\/p>\n<p>&nbsp;<\/p>\n<p>Sader\u012bgs ar met\u0101la sifoniem \u00d832<br \/>\nAugsta skr\u0101p\u0113jumu iztur\u012bba<\/p>\n","protected":false},"excerpt":{"rendered":"<p>Met\u0101la mazg\u0101\u0161an\u0101s izlietnes notek\u0101m un sifoniem Savienojuma pagarin\u0101\u0161anai starp izlietni un noteku &nbsp; Sader\u012bgs ar met\u0101la sifoniem \u00d832 Augsta skr\u0101p\u0113jumu<\/p>\n","protected":false},"featured_media":29001,"template":"","meta":[],"product_brand":[],"product_cat":[571],"product_tag":[],"class_list":{"0":"post-55294","1":"product","2":"type-product","3":"status-publish","4":"has-post-thumbnail","6":"product_cat-sifoni-un-aksesuari","7":"pa_brand-alca-2","9":"first","10":"instock","11":"taxable","12":"shipping-taxable","13":"purchasable","14":"product-type-variable"},"yoast_head":"<!-- This site is optimized with the Yoast SEO plugin v27.4 - https:\/\/yoast.com\/product\/yoast-seo-wordpress\/ -->\n<title>Pagarin\u0101juma deta\u013ca DN32 A4000 Alca - Micasa<\/title>\n<meta name=\"robots\" content=\"index, follow, max-snippet:-1, max-image-preview:large, max-video-preview:-1\" \/>\n<link rel=\"canonical\" href=\"https:\/\/micasa.lv\/lv\/pagarinajuma-detala-dn32-a4000-alca\/\" \/>\n<meta property=\"og:locale\" content=\"lv_LV\" \/>\n<meta property=\"og:type\" content=\"article\" \/>\n<meta property=\"og:title\" content=\"Pagarin\u0101juma deta\u013ca DN32 A4000 Alca - Micasa\" \/>\n<meta property=\"og:description\" content=\"Met\u0101la mazg\u0101\u0161an\u0101s izlietnes notek\u0101m un sifoniem Savienojuma pagarin\u0101\u0161anai starp izlietni un noteku &nbsp; Sader\u012bgs ar met\u0101la sifoniem \u00d832 Augsta skr\u0101p\u0113jumu\" \/>\n<meta property=\"og:url\" content=\"https:\/\/micasa.lv\/lv\/pagarinajuma-detala-dn32-a4000-alca\/\" \/>\n<meta property=\"og:site_name\" content=\"Micasa\" \/>\n<meta property=\"article:modified_time\" content=\"2025-08-10T21:10:43+00:00\" \/>\n<meta property=\"og:image\" content=\"https:\/\/micasa.lv\/wp-content\/uploads\/2025\/04\/alca_a4000_-chrome.png\" \/>\n\t<meta property=\"og:image:width\" content=\"800\" \/>\n\t<meta property=\"og:image:height\" content=\"440\" \/>\n\t<meta property=\"og:image:type\" content=\"image\/png\" \/>\n<meta name=\"twitter:card\" content=\"summary_large_image\" \/>\n<script type=\"application\/ld+json\" class=\"yoast-schema-graph\">{\"@context\":\"https:\\\/\\\/schema.org\",\"@graph\":[{\"@type\":\"WebPage\",\"@id\":\"https:\\\/\\\/micasa.lv\\\/lv\\\/pagarinajuma-detala-dn32-a4000-alca\\\/\",\"url\":\"https:\\\/\\\/micasa.lv\\\/lv\\\/pagarinajuma-detala-dn32-a4000-alca\\\/\",\"name\":\"Pagarin\u0101juma deta\u013ca DN32 A4000 Alca - Micasa\",\"isPartOf\":{\"@id\":\"https:\\\/\\\/micasa.lv\\\/lv\\\/#website\"},\"primaryImageOfPage\":{\"@id\":\"https:\\\/\\\/micasa.lv\\\/lv\\\/pagarinajuma-detala-dn32-a4000-alca\\\/#primaryimage\"},\"image\":{\"@id\":\"https:\\\/\\\/micasa.lv\\\/lv\\\/pagarinajuma-detala-dn32-a4000-alca\\\/#primaryimage\"},\"thumbnailUrl\":\"https:\\\/\\\/micasa.lv\\\/wp-content\\\/uploads\\\/2025\\\/04\\\/alca_a4000_-chrome.png\",\"datePublished\":\"2025-04-30T09:52:48+00:00\",\"dateModified\":\"2025-08-10T21:10:43+00:00\",\"breadcrumb\":{\"@id\":\"https:\\\/\\\/micasa.lv\\\/lv\\\/pagarinajuma-detala-dn32-a4000-alca\\\/#breadcrumb\"},\"inLanguage\":\"lv-LV\",\"potentialAction\":[{\"@type\":\"ReadAction\",\"target\":[\"https:\\\/\\\/micasa.lv\\\/lv\\\/pagarinajuma-detala-dn32-a4000-alca\\\/\"]}]},{\"@type\":\"ImageObject\",\"inLanguage\":\"lv-LV\",\"@id\":\"https:\\\/\\\/micasa.lv\\\/lv\\\/pagarinajuma-detala-dn32-a4000-alca\\\/#primaryimage\",\"url\":\"https:\\\/\\\/micasa.lv\\\/wp-content\\\/uploads\\\/2025\\\/04\\\/alca_a4000_-chrome.png\",\"contentUrl\":\"https:\\\/\\\/micasa.lv\\\/wp-content\\\/uploads\\\/2025\\\/04\\\/alca_a4000_-chrome.png\",\"width\":800,\"height\":440},{\"@type\":\"BreadcrumbList\",\"@id\":\"https:\\\/\\\/micasa.lv\\\/lv\\\/pagarinajuma-detala-dn32-a4000-alca\\\/#breadcrumb\",\"itemListElement\":[{\"@type\":\"ListItem\",\"position\":1,\"name\":\"S\u0101kums\",\"item\":\"https:\\\/\\\/micasa.lv\\\/lv\\\/micasa\\\/\"},{\"@type\":\"ListItem\",\"position\":2,\"name\":\"Shop\",\"item\":\"https:\\\/\\\/micasa.lv\\\/lv\\\/shop\\\/\"},{\"@type\":\"ListItem\",\"position\":3,\"name\":\"Pagarin\u0101juma deta\u013ca DN32 A4000 Alca\"}]},{\"@type\":\"WebSite\",\"@id\":\"https:\\\/\\\/micasa.lv\\\/lv\\\/#website\",\"url\":\"https:\\\/\\\/micasa.lv\\\/lv\\\/\",\"name\":\"Micasa\",\"description\":\"\",\"potentialAction\":[{\"@type\":\"SearchAction\",\"target\":{\"@type\":\"EntryPoint\",\"urlTemplate\":\"https:\\\/\\\/micasa.lv\\\/lv\\\/?s={search_term_string}\"},\"query-input\":{\"@type\":\"PropertyValueSpecification\",\"valueRequired\":true,\"valueName\":\"search_term_string\"}}],\"inLanguage\":\"lv-LV\"}]}<\/script>\n<!-- \/ Yoast SEO plugin. -->","yoast_head_json":{"title":"Pagarin\u0101juma deta\u013ca DN32 A4000 Alca - Micasa","robots":{"index":"index","follow":"follow","max-snippet":"max-snippet:-1","max-image-preview":"max-image-preview:large","max-video-preview":"max-video-preview:-1"},"canonical":"https:\/\/micasa.lv\/lv\/pagarinajuma-detala-dn32-a4000-alca\/","og_locale":"lv_LV","og_type":"article","og_title":"Pagarin\u0101juma deta\u013ca DN32 A4000 Alca - Micasa","og_description":"Met\u0101la mazg\u0101\u0161an\u0101s izlietnes notek\u0101m un sifoniem Savienojuma pagarin\u0101\u0161anai starp izlietni un noteku &nbsp; Sader\u012bgs ar met\u0101la sifoniem \u00d832 Augsta skr\u0101p\u0113jumu","og_url":"https:\/\/micasa.lv\/lv\/pagarinajuma-detala-dn32-a4000-alca\/","og_site_name":"Micasa","article_modified_time":"2025-08-10T21:10:43+00:00","og_image":[{"width":800,"height":440,"url":"https:\/\/micasa.lv\/wp-content\/uploads\/2025\/04\/alca_a4000_-chrome.png","type":"image\/png"}],"twitter_card":"summary_large_image","schema":{"@context":"https:\/\/schema.org","@graph":[{"@type":"WebPage","@id":"https:\/\/micasa.lv\/lv\/pagarinajuma-detala-dn32-a4000-alca\/","url":"https:\/\/micasa.lv\/lv\/pagarinajuma-detala-dn32-a4000-alca\/","name":"Pagarin\u0101juma deta\u013ca DN32 A4000 Alca - Micasa","isPartOf":{"@id":"https:\/\/micasa.lv\/lv\/#website"},"primaryImageOfPage":{"@id":"https:\/\/micasa.lv\/lv\/pagarinajuma-detala-dn32-a4000-alca\/#primaryimage"},"image":{"@id":"https:\/\/micasa.lv\/lv\/pagarinajuma-detala-dn32-a4000-alca\/#primaryimage"},"thumbnailUrl":"https:\/\/micasa.lv\/wp-content\/uploads\/2025\/04\/alca_a4000_-chrome.png","datePublished":"2025-04-30T09:52:48+00:00","dateModified":"2025-08-10T21:10:43+00:00","breadcrumb":{"@id":"https:\/\/micasa.lv\/lv\/pagarinajuma-detala-dn32-a4000-alca\/#breadcrumb"},"inLanguage":"lv-LV","potentialAction":[{"@type":"ReadAction","target":["https:\/\/micasa.lv\/lv\/pagarinajuma-detala-dn32-a4000-alca\/"]}]},{"@type":"ImageObject","inLanguage":"lv-LV","@id":"https:\/\/micasa.lv\/lv\/pagarinajuma-detala-dn32-a4000-alca\/#primaryimage","url":"https:\/\/micasa.lv\/wp-content\/uploads\/2025\/04\/alca_a4000_-chrome.png","contentUrl":"https:\/\/micasa.lv\/wp-content\/uploads\/2025\/04\/alca_a4000_-chrome.png","width":800,"height":440},{"@type":"BreadcrumbList","@id":"https:\/\/micasa.lv\/lv\/pagarinajuma-detala-dn32-a4000-alca\/#breadcrumb","itemListElement":[{"@type":"ListItem","position":1,"name":"S\u0101kums","item":"https:\/\/micasa.lv\/lv\/micasa\/"},{"@type":"ListItem","position":2,"name":"Shop","item":"https:\/\/micasa.lv\/lv\/shop\/"},{"@type":"ListItem","position":3,"name":"Pagarin\u0101juma deta\u013ca DN32 A4000 Alca"}]},{"@type":"WebSite","@id":"https:\/\/micasa.lv\/lv\/#website","url":"https:\/\/micasa.lv\/lv\/","name":"Micasa","description":"","potentialAction":[{"@type":"SearchAction","target":{"@type":"EntryPoint","urlTemplate":"https:\/\/micasa.lv\/lv\/?s={search_term_string}"},"query-input":{"@type":"PropertyValueSpecification","valueRequired":true,"valueName":"search_term_string"}}],"inLanguage":"lv-LV"}]}},"wcpa_form_fields":null,"_links":{"self":[{"href":"https:\/\/micasa.lv\/lv\/wp-json\/wp\/v2\/product\/55294","targetHints":{"allow":["GET"]}}],"collection":[{"href":"https:\/\/micasa.lv\/lv\/wp-json\/wp\/v2\/product"}],"about":[{"href":"https:\/\/micasa.lv\/lv\/wp-json\/wp\/v2\/types\/product"}],"version-history":[{"count":1,"href":"https:\/\/micasa.lv\/lv\/wp-json\/wp\/v2\/product\/55294\/revisions"}],"predecessor-version":[{"id":59954,"href":"https:\/\/micasa.lv\/lv\/wp-json\/wp\/v2\/product\/55294\/revisions\/59954"}],"wp:featuredmedia":[{"embeddable":true,"href":"https:\/\/micasa.lv\/lv\/wp-json\/wp\/v2\/media\/29001"}],"wp:attachment":[{"href":"https:\/\/micasa.lv\/lv\/wp-json\/wp\/v2\/media?parent=55294"}],"wp:term":[{"taxonomy":"product_brand","embeddable":true,"href":"https:\/\/micasa.lv\/lv\/wp-json\/wp\/v2\/product_brand?post=55294"},{"taxonomy":"product_cat","embeddable":true,"href":"https:\/\/micasa.lv\/lv\/wp-json\/wp\/v2\/product_cat?post=55294"},{"taxonomy":"product_tag","embeddable":true,"href":"https:\/\/micasa.lv\/lv\/wp-json\/wp\/v2\/product_tag?post=55294"}],"curies":[{"name":"wp","href":"https:\/\/api.w.org\/{rel}","templated":true}]}}