{"id":55343,"date":"2025-04-30T10:18:21","date_gmt":"2025-04-30T07:18:21","guid":{"rendered":"https:\/\/test.micasa.lv\/product\/izlietnes-click-clack-noteka-5-4-metala-bez-parpludes-ar-mazu-aizbazni-plastmasas-un-stikla-izlietnem-modelis-a394-alca\/"},"modified":"2026-01-17T14:34:09","modified_gmt":"2026-01-17T12:34:09","slug":"izlietnes-click-clack-noteka-5-4-metala-bez-parpludes-ar-mazu-aizbazni-plastmasas-un-stikla-izlietnem-modelis-a394-alca","status":"publish","type":"product","link":"https:\/\/micasa.lv\/lv\/izlietnes-click-clack-noteka-5-4-metala-bez-parpludes-ar-mazu-aizbazni-plastmasas-un-stikla-izlietnem-modelis-a394-alca\/","title":{"rendered":"Izlietnes CLICK\/CLACK noteka 5\/4&#8243;, met\u0101la, bez p\u0101rpl\u016bdes, ar mazu kor\u0137i, plastmasas un stikla izlietn\u0113m, modelis A394 Alca"},"content":{"rendered":"<ul>\n<li>V\u012btne piesl\u0113g\u0161anai pie izlietnes sifona 5\/4&#8243;<\/li>\n<li>Augsta iztur\u012bba pret meh\u0101niskiem boj\u0101jumiem<\/li>\n<li>Ilgm\u016b\u017e\u012bgs CLICK\/CLACK meh\u0101nisms<\/li>\n<li>Materi\u0101ls: met\u0101ls ar hrom\u0113tu apdari<\/li>\n<\/ul>\n<p>Komplekt\u0101cija<\/p>\n<ul>\n<li>Du\u0161as notekas korpuss<\/li>\n<li>Met\u0101la aizb\u0101zne ar hrom\u0113tu p\u0101rkl\u0101jumu<\/li>\n<li>Silikona bl\u012bve, 2 gab.<\/li>\n<\/ul>\n","protected":false},"excerpt":{"rendered":"<p>V\u012btne piesl\u0113g\u0161anai pie izlietnes sifona 5\/4&#8243; Augsta iztur\u012bba pret meh\u0101niskiem boj\u0101jumiem Ilgm\u016b\u017e\u012bgs CLICK\/CLACK meh\u0101nisms Materi\u0101ls: met\u0101ls ar hrom\u0113tu apdari Komplekt\u0101cija<\/p>\n","protected":false},"featured_media":28909,"template":"","meta":[],"product_brand":[],"product_cat":[1924,571],"product_tag":[],"class_list":{"0":"post-55343","1":"product","2":"type-product","3":"status-publish","4":"has-post-thumbnail","6":"product_cat-aksesuari-un-sastavdalas","7":"product_cat-sifoni-un-aksesuari","8":"pa_brand-alca-2","9":"wcpa_has_options","11":"first","12":"instock","13":"taxable","14":"shipping-taxable","15":"purchasable","16":"product-type-simple"},"yoast_head":"<!-- This site is optimized with the Yoast SEO plugin v27.4 - https:\/\/yoast.com\/product\/yoast-seo-wordpress\/ -->\n<title>Izlietnes CLICK\/CLACK noteka 5\/4&quot;, met\u0101la, bez p\u0101rpl\u016bdes, ar mazu kor\u0137i, plastmasas un stikla izlietn\u0113m, modelis A394 Alca - Micasa<\/title>\n<meta name=\"robots\" content=\"index, follow, max-snippet:-1, max-image-preview:large, max-video-preview:-1\" \/>\n<link rel=\"canonical\" href=\"https:\/\/micasa.lv\/lv\/izlietnes-click-clack-noteka-5-4-metala-bez-parpludes-ar-mazu-aizbazni-plastmasas-un-stikla-izlietnem-modelis-a394-alca\/\" \/>\n<meta property=\"og:locale\" content=\"lv_LV\" \/>\n<meta property=\"og:type\" content=\"article\" \/>\n<meta property=\"og:title\" content=\"Izlietnes CLICK\/CLACK noteka 5\/4&quot;, met\u0101la, bez p\u0101rpl\u016bdes, ar mazu kor\u0137i, plastmasas un stikla izlietn\u0113m, modelis A394 Alca - Micasa\" \/>\n<meta property=\"og:description\" content=\"V\u012btne piesl\u0113g\u0161anai pie izlietnes sifona 5\/4&#8243; Augsta iztur\u012bba pret meh\u0101niskiem boj\u0101jumiem Ilgm\u016b\u017e\u012bgs CLICK\/CLACK meh\u0101nisms Materi\u0101ls: met\u0101ls ar hrom\u0113tu apdari Komplekt\u0101cija\" \/>\n<meta property=\"og:url\" content=\"https:\/\/micasa.lv\/lv\/izlietnes-click-clack-noteka-5-4-metala-bez-parpludes-ar-mazu-aizbazni-plastmasas-un-stikla-izlietnem-modelis-a394-alca\/\" \/>\n<meta property=\"og:site_name\" content=\"Micasa\" \/>\n<meta property=\"article:modified_time\" content=\"2026-01-17T12:34:09+00:00\" \/>\n<meta property=\"og:image\" content=\"https:\/\/micasa.lv\/wp-content\/uploads\/2025\/04\/a394.png\" \/>\n\t<meta property=\"og:image:width\" content=\"619\" \/>\n\t<meta property=\"og:image:height\" content=\"1200\" \/>\n\t<meta property=\"og:image:type\" content=\"image\/png\" \/>\n<meta name=\"twitter:card\" content=\"summary_large_image\" \/>\n<script type=\"application\/ld+json\" class=\"yoast-schema-graph\">{\"@context\":\"https:\\\/\\\/schema.org\",\"@graph\":[{\"@type\":\"WebPage\",\"@id\":\"https:\\\/\\\/micasa.lv\\\/lv\\\/izlietnes-click-clack-noteka-5-4-metala-bez-parpludes-ar-mazu-aizbazni-plastmasas-un-stikla-izlietnem-modelis-a394-alca\\\/\",\"url\":\"https:\\\/\\\/micasa.lv\\\/lv\\\/izlietnes-click-clack-noteka-5-4-metala-bez-parpludes-ar-mazu-aizbazni-plastmasas-un-stikla-izlietnem-modelis-a394-alca\\\/\",\"name\":\"Izlietnes CLICK\\\/CLACK noteka 5\\\/4\\\", met\u0101la, bez p\u0101rpl\u016bdes, ar mazu kor\u0137i, plastmasas un stikla izlietn\u0113m, modelis A394 Alca - Micasa\",\"isPartOf\":{\"@id\":\"https:\\\/\\\/micasa.lv\\\/lv\\\/#website\"},\"primaryImageOfPage\":{\"@id\":\"https:\\\/\\\/micasa.lv\\\/lv\\\/izlietnes-click-clack-noteka-5-4-metala-bez-parpludes-ar-mazu-aizbazni-plastmasas-un-stikla-izlietnem-modelis-a394-alca\\\/#primaryimage\"},\"image\":{\"@id\":\"https:\\\/\\\/micasa.lv\\\/lv\\\/izlietnes-click-clack-noteka-5-4-metala-bez-parpludes-ar-mazu-aizbazni-plastmasas-un-stikla-izlietnem-modelis-a394-alca\\\/#primaryimage\"},\"thumbnailUrl\":\"https:\\\/\\\/micasa.lv\\\/wp-content\\\/uploads\\\/2025\\\/04\\\/a394.png\",\"datePublished\":\"2025-04-30T07:18:21+00:00\",\"dateModified\":\"2026-01-17T12:34:09+00:00\",\"breadcrumb\":{\"@id\":\"https:\\\/\\\/micasa.lv\\\/lv\\\/izlietnes-click-clack-noteka-5-4-metala-bez-parpludes-ar-mazu-aizbazni-plastmasas-un-stikla-izlietnem-modelis-a394-alca\\\/#breadcrumb\"},\"inLanguage\":\"lv-LV\",\"potentialAction\":[{\"@type\":\"ReadAction\",\"target\":[\"https:\\\/\\\/micasa.lv\\\/lv\\\/izlietnes-click-clack-noteka-5-4-metala-bez-parpludes-ar-mazu-aizbazni-plastmasas-un-stikla-izlietnem-modelis-a394-alca\\\/\"]}]},{\"@type\":\"ImageObject\",\"inLanguage\":\"lv-LV\",\"@id\":\"https:\\\/\\\/micasa.lv\\\/lv\\\/izlietnes-click-clack-noteka-5-4-metala-bez-parpludes-ar-mazu-aizbazni-plastmasas-un-stikla-izlietnem-modelis-a394-alca\\\/#primaryimage\",\"url\":\"https:\\\/\\\/micasa.lv\\\/wp-content\\\/uploads\\\/2025\\\/04\\\/a394.png\",\"contentUrl\":\"https:\\\/\\\/micasa.lv\\\/wp-content\\\/uploads\\\/2025\\\/04\\\/a394.png\",\"width\":619,\"height\":1200},{\"@type\":\"BreadcrumbList\",\"@id\":\"https:\\\/\\\/micasa.lv\\\/lv\\\/izlietnes-click-clack-noteka-5-4-metala-bez-parpludes-ar-mazu-aizbazni-plastmasas-un-stikla-izlietnem-modelis-a394-alca\\\/#breadcrumb\",\"itemListElement\":[{\"@type\":\"ListItem\",\"position\":1,\"name\":\"S\u0101kums\",\"item\":\"https:\\\/\\\/micasa.lv\\\/lv\\\/micasa\\\/\"},{\"@type\":\"ListItem\",\"position\":2,\"name\":\"Shop\",\"item\":\"https:\\\/\\\/micasa.lv\\\/lv\\\/shop\\\/\"},{\"@type\":\"ListItem\",\"position\":3,\"name\":\"Izlietnes CLICK\\\/CLACK noteka 5\\\/4&#8243;, met\u0101la, bez p\u0101rpl\u016bdes, ar mazu kor\u0137i, plastmasas un stikla izlietn\u0113m, modelis A394 Alca\"}]},{\"@type\":\"WebSite\",\"@id\":\"https:\\\/\\\/micasa.lv\\\/lv\\\/#website\",\"url\":\"https:\\\/\\\/micasa.lv\\\/lv\\\/\",\"name\":\"Micasa\",\"description\":\"\",\"potentialAction\":[{\"@type\":\"SearchAction\",\"target\":{\"@type\":\"EntryPoint\",\"urlTemplate\":\"https:\\\/\\\/micasa.lv\\\/lv\\\/?s={search_term_string}\"},\"query-input\":{\"@type\":\"PropertyValueSpecification\",\"valueRequired\":true,\"valueName\":\"search_term_string\"}}],\"inLanguage\":\"lv-LV\"}]}<\/script>\n<!-- \/ Yoast SEO plugin. -->","yoast_head_json":{"title":"Izlietnes CLICK\/CLACK noteka 5\/4\", met\u0101la, bez p\u0101rpl\u016bdes, ar mazu kor\u0137i, plastmasas un stikla izlietn\u0113m, modelis A394 Alca - Micasa","robots":{"index":"index","follow":"follow","max-snippet":"max-snippet:-1","max-image-preview":"max-image-preview:large","max-video-preview":"max-video-preview:-1"},"canonical":"https:\/\/micasa.lv\/lv\/izlietnes-click-clack-noteka-5-4-metala-bez-parpludes-ar-mazu-aizbazni-plastmasas-un-stikla-izlietnem-modelis-a394-alca\/","og_locale":"lv_LV","og_type":"article","og_title":"Izlietnes CLICK\/CLACK noteka 5\/4\", met\u0101la, bez p\u0101rpl\u016bdes, ar mazu kor\u0137i, plastmasas un stikla izlietn\u0113m, modelis A394 Alca - Micasa","og_description":"V\u012btne piesl\u0113g\u0161anai pie izlietnes sifona 5\/4&#8243; Augsta iztur\u012bba pret meh\u0101niskiem boj\u0101jumiem Ilgm\u016b\u017e\u012bgs CLICK\/CLACK meh\u0101nisms Materi\u0101ls: met\u0101ls ar hrom\u0113tu apdari Komplekt\u0101cija","og_url":"https:\/\/micasa.lv\/lv\/izlietnes-click-clack-noteka-5-4-metala-bez-parpludes-ar-mazu-aizbazni-plastmasas-un-stikla-izlietnem-modelis-a394-alca\/","og_site_name":"Micasa","article_modified_time":"2026-01-17T12:34:09+00:00","og_image":[{"width":619,"height":1200,"url":"https:\/\/micasa.lv\/wp-content\/uploads\/2025\/04\/a394.png","type":"image\/png"}],"twitter_card":"summary_large_image","schema":{"@context":"https:\/\/schema.org","@graph":[{"@type":"WebPage","@id":"https:\/\/micasa.lv\/lv\/izlietnes-click-clack-noteka-5-4-metala-bez-parpludes-ar-mazu-aizbazni-plastmasas-un-stikla-izlietnem-modelis-a394-alca\/","url":"https:\/\/micasa.lv\/lv\/izlietnes-click-clack-noteka-5-4-metala-bez-parpludes-ar-mazu-aizbazni-plastmasas-un-stikla-izlietnem-modelis-a394-alca\/","name":"Izlietnes CLICK\/CLACK noteka 5\/4\", met\u0101la, bez p\u0101rpl\u016bdes, ar mazu kor\u0137i, plastmasas un stikla izlietn\u0113m, modelis A394 Alca - Micasa","isPartOf":{"@id":"https:\/\/micasa.lv\/lv\/#website"},"primaryImageOfPage":{"@id":"https:\/\/micasa.lv\/lv\/izlietnes-click-clack-noteka-5-4-metala-bez-parpludes-ar-mazu-aizbazni-plastmasas-un-stikla-izlietnem-modelis-a394-alca\/#primaryimage"},"image":{"@id":"https:\/\/micasa.lv\/lv\/izlietnes-click-clack-noteka-5-4-metala-bez-parpludes-ar-mazu-aizbazni-plastmasas-un-stikla-izlietnem-modelis-a394-alca\/#primaryimage"},"thumbnailUrl":"https:\/\/micasa.lv\/wp-content\/uploads\/2025\/04\/a394.png","datePublished":"2025-04-30T07:18:21+00:00","dateModified":"2026-01-17T12:34:09+00:00","breadcrumb":{"@id":"https:\/\/micasa.lv\/lv\/izlietnes-click-clack-noteka-5-4-metala-bez-parpludes-ar-mazu-aizbazni-plastmasas-un-stikla-izlietnem-modelis-a394-alca\/#breadcrumb"},"inLanguage":"lv-LV","potentialAction":[{"@type":"ReadAction","target":["https:\/\/micasa.lv\/lv\/izlietnes-click-clack-noteka-5-4-metala-bez-parpludes-ar-mazu-aizbazni-plastmasas-un-stikla-izlietnem-modelis-a394-alca\/"]}]},{"@type":"ImageObject","inLanguage":"lv-LV","@id":"https:\/\/micasa.lv\/lv\/izlietnes-click-clack-noteka-5-4-metala-bez-parpludes-ar-mazu-aizbazni-plastmasas-un-stikla-izlietnem-modelis-a394-alca\/#primaryimage","url":"https:\/\/micasa.lv\/wp-content\/uploads\/2025\/04\/a394.png","contentUrl":"https:\/\/micasa.lv\/wp-content\/uploads\/2025\/04\/a394.png","width":619,"height":1200},{"@type":"BreadcrumbList","@id":"https:\/\/micasa.lv\/lv\/izlietnes-click-clack-noteka-5-4-metala-bez-parpludes-ar-mazu-aizbazni-plastmasas-un-stikla-izlietnem-modelis-a394-alca\/#breadcrumb","itemListElement":[{"@type":"ListItem","position":1,"name":"S\u0101kums","item":"https:\/\/micasa.lv\/lv\/micasa\/"},{"@type":"ListItem","position":2,"name":"Shop","item":"https:\/\/micasa.lv\/lv\/shop\/"},{"@type":"ListItem","position":3,"name":"Izlietnes CLICK\/CLACK noteka 5\/4&#8243;, met\u0101la, bez p\u0101rpl\u016bdes, ar mazu kor\u0137i, plastmasas un stikla izlietn\u0113m, modelis A394 Alca"}]},{"@type":"WebSite","@id":"https:\/\/micasa.lv\/lv\/#website","url":"https:\/\/micasa.lv\/lv\/","name":"Micasa","description":"","potentialAction":[{"@type":"SearchAction","target":{"@type":"EntryPoint","urlTemplate":"https:\/\/micasa.lv\/lv\/?s={search_term_string}"},"query-input":{"@type":"PropertyValueSpecification","valueRequired":true,"valueName":"search_term_string"}}],"inLanguage":"lv-LV"}]}},"wcpa_form_fields":{"wcpaData":{"product":{"product_price":16.6,"price_html":"<span class=\"woocommerce-Price-amount amount\"><bdi>16,60&nbsp;<span class=\"woocommerce-Price-currencySymbol\">&euro;<\/span><\/bdi><\/span>","original_product_price":16.6,"price_including_tax":16.6,"price_excluding_tax":13.72,"product_id":{"parent":55343,"variation":false},"is_variable":false,"stock_status":"instock","stock_quantity":null,"parent_sku":"","product_attributes":{"pa_brand":{"is_variation":false,"values":["alca-2"]}},"custom_fields":[],"is_taxable":true,"product_name":"Izlietnes CLICK\/CLACK noteka 5\/4\", met\u0101la, bez p\u0101rpl\u016bdes, ar mazu kor\u0137i, plastmasas un stikla izlietn\u0113m, modelis A394 Alca","hasImage":false},"fields":{"sec_067ff9d3ebb8b1":{"extra":{"key":"sec_067ff9d3ebb8b1","section_id":"sec_067ff9d3ebb8b1","name":"Default","status":1,"cl_rule":"show","enableCl":false,"relations":[],"toggle":true,"title_tag":"h3","show_title":false,"showPrice":"default","form_id":27415,"form_rules":{"exclude_from_discount":false,"fee_label":"Fee","disp_hide_options_price":true,"disp_show_section_price":false,"disp_show_field_price":false,"layout_option":"standard","pric_use_as_fee":false,"process_fee_as":"woo_fee"},"layout_option":"standard"},"fields":[[{"active":true,"col":3,"relations":[{"operator":false,"rules":[{"operator":"AND","rules":{"cl_field":"attribute","cl_relation":"is","cl_val":"ral-ncs-lv","cl_field_sub":"pa_miraggio-color"}}]}],"cl_rule":"show","enableCl":true,"price":"","enablePrice":false,"className":"","label_position":"left","desc_position":"default","type":"text","subtype":"text","required":false,"elementId":"text_8051879031","label":"RAL \/ NCS code","name":"text_8051879031","value":"","error":false,"gt_translate_keys":["label","value"],"price_dependency":false,"cl_dependency":false}]]}},"config":{"price_override":"","enable_recaptcha":false,"bind_quantity":false,"quantity_bind_formula":false,"disp_summ_show_option_price":true,"disp_summ_show_product_price":true,"disp_summ_show_total_price":true,"disp_summ_show_fee":false,"disp_summ_show_discount":false,"summary_title":"","options_total_label":"Opciju cena","total_label":"Kop\u0101","options_product_label":"Produkta cena","fee_label":"Fee","discount_label":"Discount","has_price":true,"has_quantity_formula":false},"mc_unit":1,"tax_rate":1.21,"tax_rate_real":0.21,"discount":{"percentage":0,"fixed":0},"design":{"conf":{"LabelPosition":"above","DescPosition":"above","UploadField":"custom_1","QuantityFieldStyle":"default"},"css":{"LeftLabelWidth":"120px"}},"formulas":[],"lookuptables":[],"clones":false,"cartKey":false}},"_links":{"self":[{"href":"https:\/\/micasa.lv\/lv\/wp-json\/wp\/v2\/product\/55343","targetHints":{"allow":["GET"]}}],"collection":[{"href":"https:\/\/micasa.lv\/lv\/wp-json\/wp\/v2\/product"}],"about":[{"href":"https:\/\/micasa.lv\/lv\/wp-json\/wp\/v2\/types\/product"}],"version-history":[{"count":1,"href":"https:\/\/micasa.lv\/lv\/wp-json\/wp\/v2\/product\/55343\/revisions"}],"predecessor-version":[{"id":66271,"href":"https:\/\/micasa.lv\/lv\/wp-json\/wp\/v2\/product\/55343\/revisions\/66271"}],"wp:featuredmedia":[{"embeddable":true,"href":"https:\/\/micasa.lv\/lv\/wp-json\/wp\/v2\/media\/28909"}],"wp:attachment":[{"href":"https:\/\/micasa.lv\/lv\/wp-json\/wp\/v2\/media?parent=55343"}],"wp:term":[{"taxonomy":"product_brand","embeddable":true,"href":"https:\/\/micasa.lv\/lv\/wp-json\/wp\/v2\/product_brand?post=55343"},{"taxonomy":"product_cat","embeddable":true,"href":"https:\/\/micasa.lv\/lv\/wp-json\/wp\/v2\/product_cat?post=55343"},{"taxonomy":"product_tag","embeddable":true,"href":"https:\/\/micasa.lv\/lv\/wp-json\/wp\/v2\/product_tag?post=55343"}],"curies":[{"name":"wp","href":"https:\/\/api.w.org\/{rel}","templated":true}]}}