{"id":55381,"date":"2025-04-29T14:31:05","date_gmt":"2025-04-29T11:31:05","guid":{"rendered":"https:\/\/test.micasa.lv\/product\/iebuvejamas-skalojamas-kastes-poga-ar-apgaismojumu-alunox-matets-air-light-alca\/"},"modified":"2025-11-13T11:26:41","modified_gmt":"2025-11-13T08:26:41","slug":"iebuvejamas-skalojamas-kastes-poga-ar-apgaismojumu-alunox-matets-air-light-alca","status":"publish","type":"product","link":"https:\/\/micasa.lv\/lv\/iebuvejamas-skalojamas-kastes-poga-ar-apgaismojumu-alunox-matets-air-light-alca\/","title":{"rendered":"Ieb\u016bv\u0113jamas skalojam\u0101s kastes poga ar apgaismojumu, alunox-mat\u0113ts Air Light Alca"},"content":{"rendered":"<p>V\u0113l viens veids, k\u0101 perceptu\u0101li bag\u0101tin\u0101t savu vannas istabu, ir apgaismota skalo\u0161anas poga. Izmantojot AIR skalo\u0161anas pogu kop\u0101 ar m\u016bsu apgaismojuma sist\u0113mu ALCA Light, varat sasniegt jauku maigu gaismas avotu izv\u0113l\u0113taj\u0101 ton\u012b. \u0160is neman\u0101mais apgaismojums pal\u012bdz\u0113s orient\u0113ties m\u0101j\u0101s vai dz\u012bvokl\u012b, \u012bpa\u0161i tad, kad nev\u0113laties trauc\u0113t saviem m\u012b\u013cajiem, iesl\u0113dzot galveno gaismu. Aizmugures apgaismojums pieejams \u010detr\u0101s kr\u0101s\u0101s vai varav\u012bksnes variant\u0101 (AIR LIGHT R), kas pak\u0101peniski p\u0101rsl\u0113dzas cauri vis\u0101m spektra kr\u0101s\u0101m.   <\/p>\n<p>Izejas spriegums: 12 V l\u012bdzstr\u0101va (DC)<\/p>\n<p>Ieb\u016bv\u0113jam\u0101m instal\u0101cijas sist\u0113m\u0101m un tvertn\u0113m<\/p>\n<p>&nbsp;<\/p>\n<ul>\n<li>Poga ar bl\u0101vu sarkanu gaismas avotu, kas ir pietiekams, lai nakt\u012b apgaismotu tualeti vai vannas istabu<\/li>\n<li>\u010cetras kr\u0101sas, kas regul\u0113jamas atbilsto\u0161i savienojuma sh\u0113mai &#8211; balta, zila, za\u013ca, sarkana<\/li>\n<li>Ir nepiecie\u0161ams papildus izlemt par apgaismojuma iesl\u0113g\u0161anu<\/li>\n<li>T\u012bkla savienojums, baro\u0161anas bloku (12V, DC, min.1 A) j\u0101p\u0113rk atsevi\u0161\u0137i &#8211; ieteicams AEZ310<\/li>\n<li>Dubult\u0101 skalo\u0161ana, meh\u0101niska darb\u012bba<\/li>\n<li>Savietojam\u012bba ar vis\u0101m Alca ieb\u016bv\u0113jam\u0101m skalojam\u0101m sist\u0113m\u0101m<\/li>\n<li>Piem\u0113rots t\u012br\u012b\u0161anai ar parastajiem sadz\u012bves mazg\u0101\u0161anas l\u012bdzek\u013ciem, ko izmanto jauc\u0113jkr\u0101nu un citu piederumu t\u012br\u012b\u0161anai<\/li>\n<li>Iztur\u012bga pret UV stariem un citiem \u0101r\u0113jiem faktoriem<\/li>\n<li>Detaliz\u0113ta apstr\u0101de ar l\u0101zera tehnolo\u0123iju<\/li>\n<li>Virsma: alunox-mat, Anti-fingerprint &#8211; ar pret pirkstu nospiedumu apstr\u0101di<\/li>\n<li>Materi\u0101ls: anod\u0113ts alum\u012bnijs<\/li>\n<\/ul>\n<p>Komplekt\u0101cija<\/p>\n<ul>\n<li>Poga<\/li>\n<li>Mont\u0101\u017eas r\u0101mis pogas uzst\u0101d\u012b\u0161anai<\/li>\n<li>Mont\u0101\u017eas r\u0101mja v\u012bt\u0146ota stiprin\u0101\u0161ana 2 gab.<\/li>\n<li>Adapteru komplekts izpl\u016bdes meh\u0101nisma kontrolei<\/li>\n<li>Ieb\u016bv\u0113ta balt\u0101 LED apgaismojuma izgaismojums skalo\u0161anas pog\u0101m<\/li>\n<li>Savienojuma kabelis gofr\u0101 &#8211; garums 5 m<\/li>\n<li>Kabe\u013cu spai\u013cu bloki<\/li>\n<\/ul>\n<p>&nbsp;<\/p>\n<p>&nbsp;<\/p>\n","protected":false},"excerpt":{"rendered":"<p>V\u0113l viens veids, k\u0101 perceptu\u0101li bag\u0101tin\u0101t savu vannas istabu, ir apgaismota skalo\u0161anas poga. Izmantojot AIR skalo\u0161anas pogu kop\u0101 ar m\u016bsu<\/p>\n","protected":false},"featured_media":28772,"template":"","meta":[],"product_brand":[],"product_cat":[590],"product_tag":[],"class_list":{"0":"post-55381","1":"product","2":"type-product","3":"status-publish","4":"has-post-thumbnail","6":"product_cat-iebuvejamie-ramji-un-noskalosanas-pogas","7":"pa_brand-alca-2","9":"first","10":"instock","11":"taxable","12":"shipping-taxable","13":"purchasable","14":"product-type-variable"},"yoast_head":"<!-- This site is optimized with the Yoast SEO plugin v27.4 - https:\/\/yoast.com\/product\/yoast-seo-wordpress\/ -->\n<title>Ieb\u016bv\u0113jamas skalojam\u0101s kastes poga ar apgaismojumu, alunox-mat\u0113ts Air Light Alca - Micasa<\/title>\n<meta name=\"robots\" content=\"index, follow, max-snippet:-1, max-image-preview:large, max-video-preview:-1\" \/>\n<link rel=\"canonical\" href=\"https:\/\/micasa.lv\/lv\/iebuvejamas-skalojamas-kastes-poga-ar-apgaismojumu-alunox-matets-air-light-alca\/\" \/>\n<meta property=\"og:locale\" content=\"lv_LV\" \/>\n<meta property=\"og:type\" content=\"article\" \/>\n<meta property=\"og:title\" content=\"Ieb\u016bv\u0113jamas skalojam\u0101s kastes poga ar apgaismojumu, alunox-mat\u0113ts Air Light Alca - Micasa\" \/>\n<meta property=\"og:description\" content=\"V\u0113l viens veids, k\u0101 perceptu\u0101li bag\u0101tin\u0101t savu vannas istabu, ir apgaismota skalo\u0161anas poga. Izmantojot AIR skalo\u0161anas pogu kop\u0101 ar m\u016bsu\" \/>\n<meta property=\"og:url\" content=\"https:\/\/micasa.lv\/lv\/iebuvejamas-skalojamas-kastes-poga-ar-apgaismojumu-alunox-matets-air-light-alca\/\" \/>\n<meta property=\"og:site_name\" content=\"Micasa\" \/>\n<meta property=\"article:modified_time\" content=\"2025-11-13T08:26:41+00:00\" \/>\n<meta property=\"og:image\" content=\"https:\/\/micasa.lv\/wp-content\/uploads\/2025\/04\/alca_light_air.png\" \/>\n\t<meta property=\"og:image:width\" content=\"800\" \/>\n\t<meta property=\"og:image:height\" content=\"583\" \/>\n\t<meta property=\"og:image:type\" content=\"image\/png\" \/>\n<meta name=\"twitter:card\" content=\"summary_large_image\" \/>\n<meta name=\"twitter:label1\" content=\"Est. reading time\" \/>\n\t<meta name=\"twitter:data1\" content=\"2 minutes\" \/>\n<script type=\"application\/ld+json\" class=\"yoast-schema-graph\">{\"@context\":\"https:\\\/\\\/schema.org\",\"@graph\":[{\"@type\":\"WebPage\",\"@id\":\"https:\\\/\\\/micasa.lv\\\/lv\\\/iebuvejamas-skalojamas-kastes-poga-ar-apgaismojumu-alunox-matets-air-light-alca\\\/\",\"url\":\"https:\\\/\\\/micasa.lv\\\/lv\\\/iebuvejamas-skalojamas-kastes-poga-ar-apgaismojumu-alunox-matets-air-light-alca\\\/\",\"name\":\"Ieb\u016bv\u0113jamas skalojam\u0101s kastes poga ar apgaismojumu, alunox-mat\u0113ts Air Light Alca - Micasa\",\"isPartOf\":{\"@id\":\"https:\\\/\\\/micasa.lv\\\/lv\\\/#website\"},\"primaryImageOfPage\":{\"@id\":\"https:\\\/\\\/micasa.lv\\\/lv\\\/iebuvejamas-skalojamas-kastes-poga-ar-apgaismojumu-alunox-matets-air-light-alca\\\/#primaryimage\"},\"image\":{\"@id\":\"https:\\\/\\\/micasa.lv\\\/lv\\\/iebuvejamas-skalojamas-kastes-poga-ar-apgaismojumu-alunox-matets-air-light-alca\\\/#primaryimage\"},\"thumbnailUrl\":\"https:\\\/\\\/micasa.lv\\\/wp-content\\\/uploads\\\/2025\\\/04\\\/alca_light_air.png\",\"datePublished\":\"2025-04-29T11:31:05+00:00\",\"dateModified\":\"2025-11-13T08:26:41+00:00\",\"breadcrumb\":{\"@id\":\"https:\\\/\\\/micasa.lv\\\/lv\\\/iebuvejamas-skalojamas-kastes-poga-ar-apgaismojumu-alunox-matets-air-light-alca\\\/#breadcrumb\"},\"inLanguage\":\"lv-LV\",\"potentialAction\":[{\"@type\":\"ReadAction\",\"target\":[\"https:\\\/\\\/micasa.lv\\\/lv\\\/iebuvejamas-skalojamas-kastes-poga-ar-apgaismojumu-alunox-matets-air-light-alca\\\/\"]}]},{\"@type\":\"ImageObject\",\"inLanguage\":\"lv-LV\",\"@id\":\"https:\\\/\\\/micasa.lv\\\/lv\\\/iebuvejamas-skalojamas-kastes-poga-ar-apgaismojumu-alunox-matets-air-light-alca\\\/#primaryimage\",\"url\":\"https:\\\/\\\/micasa.lv\\\/wp-content\\\/uploads\\\/2025\\\/04\\\/alca_light_air.png\",\"contentUrl\":\"https:\\\/\\\/micasa.lv\\\/wp-content\\\/uploads\\\/2025\\\/04\\\/alca_light_air.png\",\"width\":800,\"height\":583},{\"@type\":\"BreadcrumbList\",\"@id\":\"https:\\\/\\\/micasa.lv\\\/lv\\\/iebuvejamas-skalojamas-kastes-poga-ar-apgaismojumu-alunox-matets-air-light-alca\\\/#breadcrumb\",\"itemListElement\":[{\"@type\":\"ListItem\",\"position\":1,\"name\":\"S\u0101kums\",\"item\":\"https:\\\/\\\/micasa.lv\\\/lv\\\/micasa\\\/\"},{\"@type\":\"ListItem\",\"position\":2,\"name\":\"Shop\",\"item\":\"https:\\\/\\\/micasa.lv\\\/lv\\\/shop\\\/\"},{\"@type\":\"ListItem\",\"position\":3,\"name\":\"Ieb\u016bv\u0113jamas skalojam\u0101s kastes poga ar apgaismojumu, alunox-mat\u0113ts Air Light Alca\"}]},{\"@type\":\"WebSite\",\"@id\":\"https:\\\/\\\/micasa.lv\\\/lv\\\/#website\",\"url\":\"https:\\\/\\\/micasa.lv\\\/lv\\\/\",\"name\":\"Micasa\",\"description\":\"\",\"potentialAction\":[{\"@type\":\"SearchAction\",\"target\":{\"@type\":\"EntryPoint\",\"urlTemplate\":\"https:\\\/\\\/micasa.lv\\\/lv\\\/?s={search_term_string}\"},\"query-input\":{\"@type\":\"PropertyValueSpecification\",\"valueRequired\":true,\"valueName\":\"search_term_string\"}}],\"inLanguage\":\"lv-LV\"}]}<\/script>\n<!-- \/ Yoast SEO plugin. -->","yoast_head_json":{"title":"Ieb\u016bv\u0113jamas skalojam\u0101s kastes poga ar apgaismojumu, alunox-mat\u0113ts Air Light Alca - Micasa","robots":{"index":"index","follow":"follow","max-snippet":"max-snippet:-1","max-image-preview":"max-image-preview:large","max-video-preview":"max-video-preview:-1"},"canonical":"https:\/\/micasa.lv\/lv\/iebuvejamas-skalojamas-kastes-poga-ar-apgaismojumu-alunox-matets-air-light-alca\/","og_locale":"lv_LV","og_type":"article","og_title":"Ieb\u016bv\u0113jamas skalojam\u0101s kastes poga ar apgaismojumu, alunox-mat\u0113ts Air Light Alca - Micasa","og_description":"V\u0113l viens veids, k\u0101 perceptu\u0101li bag\u0101tin\u0101t savu vannas istabu, ir apgaismota skalo\u0161anas poga. Izmantojot AIR skalo\u0161anas pogu kop\u0101 ar m\u016bsu","og_url":"https:\/\/micasa.lv\/lv\/iebuvejamas-skalojamas-kastes-poga-ar-apgaismojumu-alunox-matets-air-light-alca\/","og_site_name":"Micasa","article_modified_time":"2025-11-13T08:26:41+00:00","og_image":[{"width":800,"height":583,"url":"https:\/\/micasa.lv\/wp-content\/uploads\/2025\/04\/alca_light_air.png","type":"image\/png"}],"twitter_card":"summary_large_image","twitter_misc":{"Est. reading time":"2 minutes"},"schema":{"@context":"https:\/\/schema.org","@graph":[{"@type":"WebPage","@id":"https:\/\/micasa.lv\/lv\/iebuvejamas-skalojamas-kastes-poga-ar-apgaismojumu-alunox-matets-air-light-alca\/","url":"https:\/\/micasa.lv\/lv\/iebuvejamas-skalojamas-kastes-poga-ar-apgaismojumu-alunox-matets-air-light-alca\/","name":"Ieb\u016bv\u0113jamas skalojam\u0101s kastes poga ar apgaismojumu, alunox-mat\u0113ts Air Light Alca - Micasa","isPartOf":{"@id":"https:\/\/micasa.lv\/lv\/#website"},"primaryImageOfPage":{"@id":"https:\/\/micasa.lv\/lv\/iebuvejamas-skalojamas-kastes-poga-ar-apgaismojumu-alunox-matets-air-light-alca\/#primaryimage"},"image":{"@id":"https:\/\/micasa.lv\/lv\/iebuvejamas-skalojamas-kastes-poga-ar-apgaismojumu-alunox-matets-air-light-alca\/#primaryimage"},"thumbnailUrl":"https:\/\/micasa.lv\/wp-content\/uploads\/2025\/04\/alca_light_air.png","datePublished":"2025-04-29T11:31:05+00:00","dateModified":"2025-11-13T08:26:41+00:00","breadcrumb":{"@id":"https:\/\/micasa.lv\/lv\/iebuvejamas-skalojamas-kastes-poga-ar-apgaismojumu-alunox-matets-air-light-alca\/#breadcrumb"},"inLanguage":"lv-LV","potentialAction":[{"@type":"ReadAction","target":["https:\/\/micasa.lv\/lv\/iebuvejamas-skalojamas-kastes-poga-ar-apgaismojumu-alunox-matets-air-light-alca\/"]}]},{"@type":"ImageObject","inLanguage":"lv-LV","@id":"https:\/\/micasa.lv\/lv\/iebuvejamas-skalojamas-kastes-poga-ar-apgaismojumu-alunox-matets-air-light-alca\/#primaryimage","url":"https:\/\/micasa.lv\/wp-content\/uploads\/2025\/04\/alca_light_air.png","contentUrl":"https:\/\/micasa.lv\/wp-content\/uploads\/2025\/04\/alca_light_air.png","width":800,"height":583},{"@type":"BreadcrumbList","@id":"https:\/\/micasa.lv\/lv\/iebuvejamas-skalojamas-kastes-poga-ar-apgaismojumu-alunox-matets-air-light-alca\/#breadcrumb","itemListElement":[{"@type":"ListItem","position":1,"name":"S\u0101kums","item":"https:\/\/micasa.lv\/lv\/micasa\/"},{"@type":"ListItem","position":2,"name":"Shop","item":"https:\/\/micasa.lv\/lv\/shop\/"},{"@type":"ListItem","position":3,"name":"Ieb\u016bv\u0113jamas skalojam\u0101s kastes poga ar apgaismojumu, alunox-mat\u0113ts Air Light Alca"}]},{"@type":"WebSite","@id":"https:\/\/micasa.lv\/lv\/#website","url":"https:\/\/micasa.lv\/lv\/","name":"Micasa","description":"","potentialAction":[{"@type":"SearchAction","target":{"@type":"EntryPoint","urlTemplate":"https:\/\/micasa.lv\/lv\/?s={search_term_string}"},"query-input":{"@type":"PropertyValueSpecification","valueRequired":true,"valueName":"search_term_string"}}],"inLanguage":"lv-LV"}]}},"wcpa_form_fields":null,"_links":{"self":[{"href":"https:\/\/micasa.lv\/lv\/wp-json\/wp\/v2\/product\/55381","targetHints":{"allow":["GET"]}}],"collection":[{"href":"https:\/\/micasa.lv\/lv\/wp-json\/wp\/v2\/product"}],"about":[{"href":"https:\/\/micasa.lv\/lv\/wp-json\/wp\/v2\/types\/product"}],"version-history":[{"count":4,"href":"https:\/\/micasa.lv\/lv\/wp-json\/wp\/v2\/product\/55381\/revisions"}],"predecessor-version":[{"id":65475,"href":"https:\/\/micasa.lv\/lv\/wp-json\/wp\/v2\/product\/55381\/revisions\/65475"}],"wp:featuredmedia":[{"embeddable":true,"href":"https:\/\/micasa.lv\/lv\/wp-json\/wp\/v2\/media\/28772"}],"wp:attachment":[{"href":"https:\/\/micasa.lv\/lv\/wp-json\/wp\/v2\/media?parent=55381"}],"wp:term":[{"taxonomy":"product_brand","embeddable":true,"href":"https:\/\/micasa.lv\/lv\/wp-json\/wp\/v2\/product_brand?post=55381"},{"taxonomy":"product_cat","embeddable":true,"href":"https:\/\/micasa.lv\/lv\/wp-json\/wp\/v2\/product_cat?post=55381"},{"taxonomy":"product_tag","embeddable":true,"href":"https:\/\/micasa.lv\/lv\/wp-json\/wp\/v2\/product_tag?post=55381"}],"curies":[{"name":"wp","href":"https:\/\/api.w.org\/{rel}","templated":true}]}}