{"id":55490,"date":"2025-04-28T12:13:40","date_gmt":"2025-04-28T09:13:40","guid":{"rendered":"https:\/\/test.micasa.lv\/product\/iebuvejamas-skalojamas-kastes-poga-thin-7-alca\/"},"modified":"2025-11-13T12:02:40","modified_gmt":"2025-11-13T09:02:40","slug":"iebuvejamas-skalojamas-kastes-poga-thin-7-alca","status":"publish","type":"product","link":"https:\/\/micasa.lv\/lv\/iebuvejamas-skalojamas-kastes-poga-thin-7-alca\/","title":{"rendered":"Ieb\u016bv\u0113jamas skalojam\u0101s kastes poga Thin 7 Alca"},"content":{"rendered":"<p>Ieb\u016bv\u0113jam\u0101m instal\u0101cijas sist\u0113m\u0101m un tvertn\u0113m<\/p>\n<p>&nbsp;<\/p>\n<ul>\n<li>Pateicoties tikai 5,5 mm biezumam, poga minim\u0101li izvirz\u0101s virs fl\u012bz\u0113m<\/li>\n<li>Dubult\u0101 skalo\u0161ana, meh\u0101niska darb\u012bba<\/li>\n<li>Savietojam\u012bba ar vis\u0101m Alca ieb\u016bv\u0113jam\u0101m skalojam\u0101m sist\u0113m\u0101m<\/li>\n<li>Materi\u0101ls: plastmasa<\/li>\n<\/ul>\n<p>Komplekt\u0101cija<\/p>\n<ul>\n<li>Poga<\/li>\n<li>Mont\u0101\u017eas r\u0101mis pogas uzst\u0101d\u012b\u0161anai<\/li>\n<li>Mont\u0101\u017eas r\u0101mja v\u012bt\u0146ota stiprin\u0101\u0161ana 2 gab.<\/li>\n<li>Skr\u016bve 2 gab.<\/li>\n<li>Veidne pogu uzstad\u012b\u0161anai<\/li>\n<\/ul>\n","protected":false},"excerpt":{"rendered":"<p>Ieb\u016bv\u0113jam\u0101m instal\u0101cijas sist\u0113m\u0101m un tvertn\u0113m &nbsp; Pateicoties tikai 5,5 mm biezumam, poga minim\u0101li izvirz\u0101s virs fl\u012bz\u0113m Dubult\u0101 skalo\u0161ana, meh\u0101niska darb\u012bba<\/p>\n","protected":false},"featured_media":28417,"template":"","meta":[],"product_brand":[],"product_cat":[590],"product_tag":[],"class_list":{"0":"post-55490","1":"product","2":"type-product","3":"status-publish","4":"has-post-thumbnail","6":"product_cat-iebuvejamie-ramji-un-noskalosanas-pogas","7":"pa_brand-alca-2","9":"first","10":"instock","11":"taxable","12":"shipping-taxable","13":"purchasable","14":"product-type-variable"},"yoast_head":"<!-- This site is optimized with the Yoast SEO plugin v27.4 - https:\/\/yoast.com\/product\/yoast-seo-wordpress\/ -->\n<title>Ieb\u016bv\u0113jamas skalojam\u0101s kastes poga Thin 7 Alca - Micasa<\/title>\n<meta name=\"robots\" content=\"index, follow, max-snippet:-1, max-image-preview:large, max-video-preview:-1\" \/>\n<link rel=\"canonical\" href=\"https:\/\/micasa.lv\/lv\/iebuvejamas-skalojamas-kastes-poga-thin-7-alca\/\" \/>\n<meta property=\"og:locale\" content=\"lv_LV\" \/>\n<meta property=\"og:type\" content=\"article\" \/>\n<meta property=\"og:title\" content=\"Ieb\u016bv\u0113jamas skalojam\u0101s kastes poga Thin 7 Alca - Micasa\" \/>\n<meta property=\"og:description\" content=\"Ieb\u016bv\u0113jam\u0101m instal\u0101cijas sist\u0113m\u0101m un tvertn\u0113m &nbsp; Pateicoties tikai 5,5 mm biezumam, poga minim\u0101li izvirz\u0101s virs fl\u012bz\u0113m Dubult\u0101 skalo\u0161ana, meh\u0101niska darb\u012bba\" \/>\n<meta property=\"og:url\" content=\"https:\/\/micasa.lv\/lv\/iebuvejamas-skalojamas-kastes-poga-thin-7-alca\/\" \/>\n<meta property=\"og:site_name\" content=\"Micasa\" \/>\n<meta property=\"article:modified_time\" content=\"2025-11-13T09:02:40+00:00\" \/>\n<meta property=\"og:image\" content=\"https:\/\/micasa.lv\/wp-content\/uploads\/2025\/04\/m772_chrome-matt_chrome-polished.png\" \/>\n\t<meta property=\"og:image:width\" content=\"1200\" \/>\n\t<meta property=\"og:image:height\" content=\"1200\" \/>\n\t<meta property=\"og:image:type\" content=\"image\/png\" \/>\n<meta name=\"twitter:card\" content=\"summary_large_image\" \/>\n<meta name=\"twitter:label1\" content=\"Est. reading time\" \/>\n\t<meta name=\"twitter:data1\" content=\"1 minute\" \/>\n<script type=\"application\/ld+json\" class=\"yoast-schema-graph\">{\"@context\":\"https:\\\/\\\/schema.org\",\"@graph\":[{\"@type\":\"WebPage\",\"@id\":\"https:\\\/\\\/micasa.lv\\\/lv\\\/iebuvejamas-skalojamas-kastes-poga-thin-7-alca\\\/\",\"url\":\"https:\\\/\\\/micasa.lv\\\/lv\\\/iebuvejamas-skalojamas-kastes-poga-thin-7-alca\\\/\",\"name\":\"Ieb\u016bv\u0113jamas skalojam\u0101s kastes poga Thin 7 Alca - Micasa\",\"isPartOf\":{\"@id\":\"https:\\\/\\\/micasa.lv\\\/lv\\\/#website\"},\"primaryImageOfPage\":{\"@id\":\"https:\\\/\\\/micasa.lv\\\/lv\\\/iebuvejamas-skalojamas-kastes-poga-thin-7-alca\\\/#primaryimage\"},\"image\":{\"@id\":\"https:\\\/\\\/micasa.lv\\\/lv\\\/iebuvejamas-skalojamas-kastes-poga-thin-7-alca\\\/#primaryimage\"},\"thumbnailUrl\":\"https:\\\/\\\/micasa.lv\\\/wp-content\\\/uploads\\\/2025\\\/04\\\/m772_chrome-matt_chrome-polished.png\",\"datePublished\":\"2025-04-28T09:13:40+00:00\",\"dateModified\":\"2025-11-13T09:02:40+00:00\",\"breadcrumb\":{\"@id\":\"https:\\\/\\\/micasa.lv\\\/lv\\\/iebuvejamas-skalojamas-kastes-poga-thin-7-alca\\\/#breadcrumb\"},\"inLanguage\":\"lv-LV\",\"potentialAction\":[{\"@type\":\"ReadAction\",\"target\":[\"https:\\\/\\\/micasa.lv\\\/lv\\\/iebuvejamas-skalojamas-kastes-poga-thin-7-alca\\\/\"]}]},{\"@type\":\"ImageObject\",\"inLanguage\":\"lv-LV\",\"@id\":\"https:\\\/\\\/micasa.lv\\\/lv\\\/iebuvejamas-skalojamas-kastes-poga-thin-7-alca\\\/#primaryimage\",\"url\":\"https:\\\/\\\/micasa.lv\\\/wp-content\\\/uploads\\\/2025\\\/04\\\/m772_chrome-matt_chrome-polished.png\",\"contentUrl\":\"https:\\\/\\\/micasa.lv\\\/wp-content\\\/uploads\\\/2025\\\/04\\\/m772_chrome-matt_chrome-polished.png\",\"width\":1200,\"height\":1200},{\"@type\":\"BreadcrumbList\",\"@id\":\"https:\\\/\\\/micasa.lv\\\/lv\\\/iebuvejamas-skalojamas-kastes-poga-thin-7-alca\\\/#breadcrumb\",\"itemListElement\":[{\"@type\":\"ListItem\",\"position\":1,\"name\":\"S\u0101kums\",\"item\":\"https:\\\/\\\/micasa.lv\\\/lv\\\/micasa\\\/\"},{\"@type\":\"ListItem\",\"position\":2,\"name\":\"Shop\",\"item\":\"https:\\\/\\\/micasa.lv\\\/lv\\\/shop\\\/\"},{\"@type\":\"ListItem\",\"position\":3,\"name\":\"Ieb\u016bv\u0113jamas skalojam\u0101s kastes poga Thin 7 Alca\"}]},{\"@type\":\"WebSite\",\"@id\":\"https:\\\/\\\/micasa.lv\\\/lv\\\/#website\",\"url\":\"https:\\\/\\\/micasa.lv\\\/lv\\\/\",\"name\":\"Micasa\",\"description\":\"\",\"potentialAction\":[{\"@type\":\"SearchAction\",\"target\":{\"@type\":\"EntryPoint\",\"urlTemplate\":\"https:\\\/\\\/micasa.lv\\\/lv\\\/?s={search_term_string}\"},\"query-input\":{\"@type\":\"PropertyValueSpecification\",\"valueRequired\":true,\"valueName\":\"search_term_string\"}}],\"inLanguage\":\"lv-LV\"}]}<\/script>\n<!-- \/ Yoast SEO plugin. -->","yoast_head_json":{"title":"Ieb\u016bv\u0113jamas skalojam\u0101s kastes poga Thin 7 Alca - Micasa","robots":{"index":"index","follow":"follow","max-snippet":"max-snippet:-1","max-image-preview":"max-image-preview:large","max-video-preview":"max-video-preview:-1"},"canonical":"https:\/\/micasa.lv\/lv\/iebuvejamas-skalojamas-kastes-poga-thin-7-alca\/","og_locale":"lv_LV","og_type":"article","og_title":"Ieb\u016bv\u0113jamas skalojam\u0101s kastes poga Thin 7 Alca - Micasa","og_description":"Ieb\u016bv\u0113jam\u0101m instal\u0101cijas sist\u0113m\u0101m un tvertn\u0113m &nbsp; Pateicoties tikai 5,5 mm biezumam, poga minim\u0101li izvirz\u0101s virs fl\u012bz\u0113m Dubult\u0101 skalo\u0161ana, meh\u0101niska darb\u012bba","og_url":"https:\/\/micasa.lv\/lv\/iebuvejamas-skalojamas-kastes-poga-thin-7-alca\/","og_site_name":"Micasa","article_modified_time":"2025-11-13T09:02:40+00:00","og_image":[{"width":1200,"height":1200,"url":"https:\/\/micasa.lv\/wp-content\/uploads\/2025\/04\/m772_chrome-matt_chrome-polished.png","type":"image\/png"}],"twitter_card":"summary_large_image","twitter_misc":{"Est. reading time":"1 minute"},"schema":{"@context":"https:\/\/schema.org","@graph":[{"@type":"WebPage","@id":"https:\/\/micasa.lv\/lv\/iebuvejamas-skalojamas-kastes-poga-thin-7-alca\/","url":"https:\/\/micasa.lv\/lv\/iebuvejamas-skalojamas-kastes-poga-thin-7-alca\/","name":"Ieb\u016bv\u0113jamas skalojam\u0101s kastes poga Thin 7 Alca - Micasa","isPartOf":{"@id":"https:\/\/micasa.lv\/lv\/#website"},"primaryImageOfPage":{"@id":"https:\/\/micasa.lv\/lv\/iebuvejamas-skalojamas-kastes-poga-thin-7-alca\/#primaryimage"},"image":{"@id":"https:\/\/micasa.lv\/lv\/iebuvejamas-skalojamas-kastes-poga-thin-7-alca\/#primaryimage"},"thumbnailUrl":"https:\/\/micasa.lv\/wp-content\/uploads\/2025\/04\/m772_chrome-matt_chrome-polished.png","datePublished":"2025-04-28T09:13:40+00:00","dateModified":"2025-11-13T09:02:40+00:00","breadcrumb":{"@id":"https:\/\/micasa.lv\/lv\/iebuvejamas-skalojamas-kastes-poga-thin-7-alca\/#breadcrumb"},"inLanguage":"lv-LV","potentialAction":[{"@type":"ReadAction","target":["https:\/\/micasa.lv\/lv\/iebuvejamas-skalojamas-kastes-poga-thin-7-alca\/"]}]},{"@type":"ImageObject","inLanguage":"lv-LV","@id":"https:\/\/micasa.lv\/lv\/iebuvejamas-skalojamas-kastes-poga-thin-7-alca\/#primaryimage","url":"https:\/\/micasa.lv\/wp-content\/uploads\/2025\/04\/m772_chrome-matt_chrome-polished.png","contentUrl":"https:\/\/micasa.lv\/wp-content\/uploads\/2025\/04\/m772_chrome-matt_chrome-polished.png","width":1200,"height":1200},{"@type":"BreadcrumbList","@id":"https:\/\/micasa.lv\/lv\/iebuvejamas-skalojamas-kastes-poga-thin-7-alca\/#breadcrumb","itemListElement":[{"@type":"ListItem","position":1,"name":"S\u0101kums","item":"https:\/\/micasa.lv\/lv\/micasa\/"},{"@type":"ListItem","position":2,"name":"Shop","item":"https:\/\/micasa.lv\/lv\/shop\/"},{"@type":"ListItem","position":3,"name":"Ieb\u016bv\u0113jamas skalojam\u0101s kastes poga Thin 7 Alca"}]},{"@type":"WebSite","@id":"https:\/\/micasa.lv\/lv\/#website","url":"https:\/\/micasa.lv\/lv\/","name":"Micasa","description":"","potentialAction":[{"@type":"SearchAction","target":{"@type":"EntryPoint","urlTemplate":"https:\/\/micasa.lv\/lv\/?s={search_term_string}"},"query-input":{"@type":"PropertyValueSpecification","valueRequired":true,"valueName":"search_term_string"}}],"inLanguage":"lv-LV"}]}},"wcpa_form_fields":null,"_links":{"self":[{"href":"https:\/\/micasa.lv\/lv\/wp-json\/wp\/v2\/product\/55490","targetHints":{"allow":["GET"]}}],"collection":[{"href":"https:\/\/micasa.lv\/lv\/wp-json\/wp\/v2\/product"}],"about":[{"href":"https:\/\/micasa.lv\/lv\/wp-json\/wp\/v2\/types\/product"}],"version-history":[{"count":1,"href":"https:\/\/micasa.lv\/lv\/wp-json\/wp\/v2\/product\/55490\/revisions"}],"predecessor-version":[{"id":55498,"href":"https:\/\/micasa.lv\/lv\/wp-json\/wp\/v2\/product\/55490\/revisions\/55498"}],"wp:featuredmedia":[{"embeddable":true,"href":"https:\/\/micasa.lv\/lv\/wp-json\/wp\/v2\/media\/28417"}],"wp:attachment":[{"href":"https:\/\/micasa.lv\/lv\/wp-json\/wp\/v2\/media?parent=55490"}],"wp:term":[{"taxonomy":"product_brand","embeddable":true,"href":"https:\/\/micasa.lv\/lv\/wp-json\/wp\/v2\/product_brand?post=55490"},{"taxonomy":"product_cat","embeddable":true,"href":"https:\/\/micasa.lv\/lv\/wp-json\/wp\/v2\/product_cat?post=55490"},{"taxonomy":"product_tag","embeddable":true,"href":"https:\/\/micasa.lv\/lv\/wp-json\/wp\/v2\/product_tag?post=55490"}],"curies":[{"name":"wp","href":"https:\/\/api.w.org\/{rel}","templated":true}]}}