{"id":55559,"date":"2025-05-07T10:47:38","date_gmt":"2025-05-07T07:47:38","guid":{"rendered":"https:\/\/test.micasa.lv\/product\/vannas-click-clack-noteka-un-sifons-metala-modelis-a504ckm-alca\/"},"modified":"2025-08-11T00:10:38","modified_gmt":"2025-08-10T21:10:38","slug":"vannas-click-clack-noteka-un-sifons-metala-modelis-a504ckm-alca","status":"publish","type":"product","link":"https:\/\/micasa.lv\/lv\/vannas-click-clack-noteka-un-sifons-metala-modelis-a504ckm-alca\/","title":{"rendered":"Vannas CLICK\/CLACK noteka un sifons, met\u0101la, modelis A504CKM Alca"},"content":{"rendered":"<p>Hidroaizvars 50 mm<br \/>\n\u016adens notece 48,6 l\/min<br \/>\nP\u0101rpl\u016bdes \u0101trums 42 l\/min<br \/>\nHidroaizv\u0101ra pretest\u012bba spiedienam 588 Pa<br \/>\nTermisk\u0101 stabilit\u0101te 95 \u02daC<\/p>\n<p>Standarta izm\u0113ru vann\u0101m<br \/>\nVann\u0101m ar izpl\u016bdes caurumu \u00d852 mm<\/p>\n<p>Vannas sifons<br \/>\nMitrais hidroaizvars ar rot\u0113jo\u0161u l\u012bkumu<br \/>\nIzpl\u016bdes meh\u0101nisma aizv\u0113r\u0161ana ar CLICK\/CLACK sist\u0113mu<br \/>\n\u0112rta sifona t\u012br\u012b\u0161ana no aug\u0161as &#8211; pateicoties piln\u012bb\u0101 no\u0146emamajam notekas restei<br \/>\nP\u0101rpl\u016bdes elast\u012bga \u0161\u013c\u016btene<\/p>\n<p>Komplekt\u0101cija<\/p>\n<ul>\n<li>Sifona korpuss ar p\u0101rpl\u016bdi<\/li>\n<li>Re\u017e\u0123is un p\u0101rpl\u016bdes v\u0101ks no hrom\u0113ta met\u0101la<\/li>\n<li>Met\u0101la aizb\u0101zne ar hrom\u0113tu p\u0101rkl\u0101jumu<\/li>\n<li>Sifona izpl\u016bde, misi\u0146a &#8211; hrom\u0113ta<\/li>\n<li>Sifona hidroaizvars no polipropil\u0113na, metin\u0101ts ar ultraska\u0146u, iztur\u012bgs pret termisk\u0101m un \u0137\u012bmisk\u0101m ietekm\u0113m<\/li>\n<li>Mont\u0101\u017eas komplekts<\/li>\n<li>Profila bl\u012bv\u0113jums<\/li>\n<li>Atsl\u0113ga notekas atverei 6\/4&#8243;<\/li>\n<\/ul>\n","protected":false},"excerpt":{"rendered":"<p>Hidroaizvars 50 mm \u016adens notece 48,6 l\/min P\u0101rpl\u016bdes \u0101trums 42 l\/min Hidroaizv\u0101ra pretest\u012bba spiedienam 588 Pa Termisk\u0101 stabilit\u0101te 95 \u02daC<\/p>\n","protected":false},"featured_media":29276,"template":"","meta":[],"product_brand":[],"product_cat":[588,571],"product_tag":[],"class_list":{"0":"post-55559","1":"product","2":"type-product","3":"status-publish","4":"has-post-thumbnail","6":"product_cat-sastavdalas","7":"product_cat-sifoni-un-aksesuari","8":"pa_brand-alca-2","9":"wcpa_has_options","11":"first","12":"instock","13":"taxable","14":"shipping-taxable","15":"purchasable","16":"product-type-variable"},"yoast_head":"<!-- This site is optimized with the Yoast SEO plugin v27.4 - https:\/\/yoast.com\/product\/yoast-seo-wordpress\/ -->\n<title>Vannas CLICK\/CLACK noteka un sifons, met\u0101la, modelis A504CKM Alca - Micasa<\/title>\n<meta name=\"robots\" content=\"index, follow, max-snippet:-1, max-image-preview:large, max-video-preview:-1\" \/>\n<link rel=\"canonical\" href=\"https:\/\/micasa.lv\/lv\/vannas-click-clack-noteka-un-sifons-metala-modelis-a504ckm-alca\/\" \/>\n<meta property=\"og:locale\" content=\"lv_LV\" \/>\n<meta property=\"og:type\" content=\"article\" \/>\n<meta property=\"og:title\" content=\"Vannas CLICK\/CLACK noteka un sifons, met\u0101la, modelis A504CKM Alca - Micasa\" \/>\n<meta property=\"og:description\" content=\"Hidroaizvars 50 mm \u016adens notece 48,6 l\/min P\u0101rpl\u016bdes \u0101trums 42 l\/min Hidroaizv\u0101ra pretest\u012bba spiedienam 588 Pa Termisk\u0101 stabilit\u0101te 95 \u02daC\" \/>\n<meta property=\"og:url\" content=\"https:\/\/micasa.lv\/lv\/vannas-click-clack-noteka-un-sifons-metala-modelis-a504ckm-alca\/\" \/>\n<meta property=\"og:site_name\" content=\"Micasa\" \/>\n<meta property=\"article:modified_time\" content=\"2025-08-10T21:10:38+00:00\" \/>\n<meta property=\"og:image\" content=\"https:\/\/micasa.lv\/wp-content\/uploads\/2025\/05\/a504ckm.png\" \/>\n\t<meta property=\"og:image:width\" content=\"1200\" \/>\n\t<meta property=\"og:image:height\" content=\"1200\" \/>\n\t<meta property=\"og:image:type\" content=\"image\/png\" \/>\n<meta name=\"twitter:card\" content=\"summary_large_image\" \/>\n<meta name=\"twitter:label1\" content=\"Est. reading time\" \/>\n\t<meta name=\"twitter:data1\" content=\"1 minute\" \/>\n<script type=\"application\/ld+json\" class=\"yoast-schema-graph\">{\"@context\":\"https:\\\/\\\/schema.org\",\"@graph\":[{\"@type\":\"WebPage\",\"@id\":\"https:\\\/\\\/micasa.lv\\\/lv\\\/vannas-click-clack-noteka-un-sifons-metala-modelis-a504ckm-alca\\\/\",\"url\":\"https:\\\/\\\/micasa.lv\\\/lv\\\/vannas-click-clack-noteka-un-sifons-metala-modelis-a504ckm-alca\\\/\",\"name\":\"Vannas CLICK\\\/CLACK noteka un sifons, met\u0101la, modelis A504CKM Alca - Micasa\",\"isPartOf\":{\"@id\":\"https:\\\/\\\/micasa.lv\\\/lv\\\/#website\"},\"primaryImageOfPage\":{\"@id\":\"https:\\\/\\\/micasa.lv\\\/lv\\\/vannas-click-clack-noteka-un-sifons-metala-modelis-a504ckm-alca\\\/#primaryimage\"},\"image\":{\"@id\":\"https:\\\/\\\/micasa.lv\\\/lv\\\/vannas-click-clack-noteka-un-sifons-metala-modelis-a504ckm-alca\\\/#primaryimage\"},\"thumbnailUrl\":\"https:\\\/\\\/micasa.lv\\\/wp-content\\\/uploads\\\/2025\\\/05\\\/a504ckm.png\",\"datePublished\":\"2025-05-07T07:47:38+00:00\",\"dateModified\":\"2025-08-10T21:10:38+00:00\",\"breadcrumb\":{\"@id\":\"https:\\\/\\\/micasa.lv\\\/lv\\\/vannas-click-clack-noteka-un-sifons-metala-modelis-a504ckm-alca\\\/#breadcrumb\"},\"inLanguage\":\"lv-LV\",\"potentialAction\":[{\"@type\":\"ReadAction\",\"target\":[\"https:\\\/\\\/micasa.lv\\\/lv\\\/vannas-click-clack-noteka-un-sifons-metala-modelis-a504ckm-alca\\\/\"]}]},{\"@type\":\"ImageObject\",\"inLanguage\":\"lv-LV\",\"@id\":\"https:\\\/\\\/micasa.lv\\\/lv\\\/vannas-click-clack-noteka-un-sifons-metala-modelis-a504ckm-alca\\\/#primaryimage\",\"url\":\"https:\\\/\\\/micasa.lv\\\/wp-content\\\/uploads\\\/2025\\\/05\\\/a504ckm.png\",\"contentUrl\":\"https:\\\/\\\/micasa.lv\\\/wp-content\\\/uploads\\\/2025\\\/05\\\/a504ckm.png\",\"width\":1200,\"height\":1200},{\"@type\":\"BreadcrumbList\",\"@id\":\"https:\\\/\\\/micasa.lv\\\/lv\\\/vannas-click-clack-noteka-un-sifons-metala-modelis-a504ckm-alca\\\/#breadcrumb\",\"itemListElement\":[{\"@type\":\"ListItem\",\"position\":1,\"name\":\"S\u0101kums\",\"item\":\"https:\\\/\\\/micasa.lv\\\/lv\\\/micasa\\\/\"},{\"@type\":\"ListItem\",\"position\":2,\"name\":\"Shop\",\"item\":\"https:\\\/\\\/micasa.lv\\\/lv\\\/shop\\\/\"},{\"@type\":\"ListItem\",\"position\":3,\"name\":\"Vannas CLICK\\\/CLACK noteka un sifons, met\u0101la, modelis A504CKM Alca\"}]},{\"@type\":\"WebSite\",\"@id\":\"https:\\\/\\\/micasa.lv\\\/lv\\\/#website\",\"url\":\"https:\\\/\\\/micasa.lv\\\/lv\\\/\",\"name\":\"Micasa\",\"description\":\"\",\"potentialAction\":[{\"@type\":\"SearchAction\",\"target\":{\"@type\":\"EntryPoint\",\"urlTemplate\":\"https:\\\/\\\/micasa.lv\\\/lv\\\/?s={search_term_string}\"},\"query-input\":{\"@type\":\"PropertyValueSpecification\",\"valueRequired\":true,\"valueName\":\"search_term_string\"}}],\"inLanguage\":\"lv-LV\"}]}<\/script>\n<!-- \/ Yoast SEO plugin. -->","yoast_head_json":{"title":"Vannas CLICK\/CLACK noteka un sifons, met\u0101la, modelis A504CKM Alca - Micasa","robots":{"index":"index","follow":"follow","max-snippet":"max-snippet:-1","max-image-preview":"max-image-preview:large","max-video-preview":"max-video-preview:-1"},"canonical":"https:\/\/micasa.lv\/lv\/vannas-click-clack-noteka-un-sifons-metala-modelis-a504ckm-alca\/","og_locale":"lv_LV","og_type":"article","og_title":"Vannas CLICK\/CLACK noteka un sifons, met\u0101la, modelis A504CKM Alca - Micasa","og_description":"Hidroaizvars 50 mm \u016adens notece 48,6 l\/min P\u0101rpl\u016bdes \u0101trums 42 l\/min Hidroaizv\u0101ra pretest\u012bba spiedienam 588 Pa Termisk\u0101 stabilit\u0101te 95 \u02daC","og_url":"https:\/\/micasa.lv\/lv\/vannas-click-clack-noteka-un-sifons-metala-modelis-a504ckm-alca\/","og_site_name":"Micasa","article_modified_time":"2025-08-10T21:10:38+00:00","og_image":[{"width":1200,"height":1200,"url":"https:\/\/micasa.lv\/wp-content\/uploads\/2025\/05\/a504ckm.png","type":"image\/png"}],"twitter_card":"summary_large_image","twitter_misc":{"Est. reading time":"1 minute"},"schema":{"@context":"https:\/\/schema.org","@graph":[{"@type":"WebPage","@id":"https:\/\/micasa.lv\/lv\/vannas-click-clack-noteka-un-sifons-metala-modelis-a504ckm-alca\/","url":"https:\/\/micasa.lv\/lv\/vannas-click-clack-noteka-un-sifons-metala-modelis-a504ckm-alca\/","name":"Vannas CLICK\/CLACK noteka un sifons, met\u0101la, modelis A504CKM Alca - Micasa","isPartOf":{"@id":"https:\/\/micasa.lv\/lv\/#website"},"primaryImageOfPage":{"@id":"https:\/\/micasa.lv\/lv\/vannas-click-clack-noteka-un-sifons-metala-modelis-a504ckm-alca\/#primaryimage"},"image":{"@id":"https:\/\/micasa.lv\/lv\/vannas-click-clack-noteka-un-sifons-metala-modelis-a504ckm-alca\/#primaryimage"},"thumbnailUrl":"https:\/\/micasa.lv\/wp-content\/uploads\/2025\/05\/a504ckm.png","datePublished":"2025-05-07T07:47:38+00:00","dateModified":"2025-08-10T21:10:38+00:00","breadcrumb":{"@id":"https:\/\/micasa.lv\/lv\/vannas-click-clack-noteka-un-sifons-metala-modelis-a504ckm-alca\/#breadcrumb"},"inLanguage":"lv-LV","potentialAction":[{"@type":"ReadAction","target":["https:\/\/micasa.lv\/lv\/vannas-click-clack-noteka-un-sifons-metala-modelis-a504ckm-alca\/"]}]},{"@type":"ImageObject","inLanguage":"lv-LV","@id":"https:\/\/micasa.lv\/lv\/vannas-click-clack-noteka-un-sifons-metala-modelis-a504ckm-alca\/#primaryimage","url":"https:\/\/micasa.lv\/wp-content\/uploads\/2025\/05\/a504ckm.png","contentUrl":"https:\/\/micasa.lv\/wp-content\/uploads\/2025\/05\/a504ckm.png","width":1200,"height":1200},{"@type":"BreadcrumbList","@id":"https:\/\/micasa.lv\/lv\/vannas-click-clack-noteka-un-sifons-metala-modelis-a504ckm-alca\/#breadcrumb","itemListElement":[{"@type":"ListItem","position":1,"name":"S\u0101kums","item":"https:\/\/micasa.lv\/lv\/micasa\/"},{"@type":"ListItem","position":2,"name":"Shop","item":"https:\/\/micasa.lv\/lv\/shop\/"},{"@type":"ListItem","position":3,"name":"Vannas CLICK\/CLACK noteka un sifons, met\u0101la, modelis A504CKM Alca"}]},{"@type":"WebSite","@id":"https:\/\/micasa.lv\/lv\/#website","url":"https:\/\/micasa.lv\/lv\/","name":"Micasa","description":"","potentialAction":[{"@type":"SearchAction","target":{"@type":"EntryPoint","urlTemplate":"https:\/\/micasa.lv\/lv\/?s={search_term_string}"},"query-input":{"@type":"PropertyValueSpecification","valueRequired":true,"valueName":"search_term_string"}}],"inLanguage":"lv-LV"}]}},"wcpa_form_fields":{"wcpaData":{"product":{"product_price":41.25,"price_html":"<span class=\"woocommerce-Price-amount amount\" aria-hidden=\"true\"><bdi>41,25&nbsp;<span class=\"woocommerce-Price-currencySymbol\">&euro;<\/span><\/bdi><\/span> <span aria-hidden=\"true\">&ndash;<\/span> <span class=\"woocommerce-Price-amount amount\" aria-hidden=\"true\"><bdi>45,75&nbsp;<span class=\"woocommerce-Price-currencySymbol\">&euro;<\/span><\/bdi><\/span><span class=\"screen-reader-text\">Price range: 41,25&nbsp;&euro; through 45,75&nbsp;&euro;<\/span>","original_product_price":41.25,"price_including_tax":41.25,"price_excluding_tax":34.09,"product_id":{"parent":55559,"variation":false},"is_variable":true,"stock_status":"instock","stock_quantity":null,"parent_sku":"","product_attributes":{"pa_brand":{"is_variation":false,"values":["alca-2"]},"pa_alca-color":{"is_variation":false,"values":["hromets"]},"pa_bathtub-trap":{"is_variation":true,"values":[]}},"custom_fields":[],"is_taxable":true,"product_name":"Vannas CLICK\/CLACK noteka un sifons, met\u0101la, modelis A504CKM Alca","hasImage":false},"fields":{"sec_067ff9d3ebb8b1":{"extra":{"key":"sec_067ff9d3ebb8b1","section_id":"sec_067ff9d3ebb8b1","name":"Default","status":1,"cl_rule":"show","enableCl":false,"relations":[],"toggle":true,"title_tag":"h3","show_title":false,"showPrice":"default","form_id":27415,"form_rules":{"exclude_from_discount":false,"fee_label":"Fee","disp_hide_options_price":true,"disp_show_section_price":false,"disp_show_field_price":false,"layout_option":"standard","pric_use_as_fee":false,"process_fee_as":"woo_fee"},"layout_option":"standard"},"fields":[[{"active":true,"col":3,"relations":[{"operator":false,"rules":[{"operator":"AND","rules":{"cl_field":"attribute","cl_relation":"is","cl_val":"ral-ncs-lv","cl_field_sub":"pa_miraggio-color"}}]}],"cl_rule":"show","enableCl":true,"price":"","enablePrice":false,"className":"","label_position":"left","desc_position":"default","type":"text","subtype":"text","required":false,"elementId":"text_8051879031","label":"RAL \/ NCS code","name":"text_8051879031","value":"","error":false,"gt_translate_keys":["label","value"],"price_dependency":false,"cl_dependency":false}]]}},"config":{"price_override":"","enable_recaptcha":false,"bind_quantity":false,"quantity_bind_formula":false,"disp_summ_show_option_price":true,"disp_summ_show_product_price":true,"disp_summ_show_total_price":true,"disp_summ_show_fee":false,"disp_summ_show_discount":false,"summary_title":"","options_total_label":"Opciju cena","total_label":"Kop\u0101","options_product_label":"Produkta cena","fee_label":"Fee","discount_label":"Discount","has_price":true,"has_quantity_formula":false},"mc_unit":1,"tax_rate":1.21,"tax_rate_real":0.21,"discount":{"percentage":0,"fixed":0},"design":{"conf":{"LabelPosition":"above","DescPosition":"above","UploadField":"custom_1","QuantityFieldStyle":"default"},"css":{"LeftLabelWidth":"120px"}},"formulas":[],"lookuptables":[],"clones":false,"cartKey":false}},"_links":{"self":[{"href":"https:\/\/micasa.lv\/lv\/wp-json\/wp\/v2\/product\/55559","targetHints":{"allow":["GET"]}}],"collection":[{"href":"https:\/\/micasa.lv\/lv\/wp-json\/wp\/v2\/product"}],"about":[{"href":"https:\/\/micasa.lv\/lv\/wp-json\/wp\/v2\/types\/product"}],"version-history":[{"count":1,"href":"https:\/\/micasa.lv\/lv\/wp-json\/wp\/v2\/product\/55559\/revisions"}],"predecessor-version":[{"id":59944,"href":"https:\/\/micasa.lv\/lv\/wp-json\/wp\/v2\/product\/55559\/revisions\/59944"}],"wp:featuredmedia":[{"embeddable":true,"href":"https:\/\/micasa.lv\/lv\/wp-json\/wp\/v2\/media\/29276"}],"wp:attachment":[{"href":"https:\/\/micasa.lv\/lv\/wp-json\/wp\/v2\/media?parent=55559"}],"wp:term":[{"taxonomy":"product_brand","embeddable":true,"href":"https:\/\/micasa.lv\/lv\/wp-json\/wp\/v2\/product_brand?post=55559"},{"taxonomy":"product_cat","embeddable":true,"href":"https:\/\/micasa.lv\/lv\/wp-json\/wp\/v2\/product_cat?post=55559"},{"taxonomy":"product_tag","embeddable":true,"href":"https:\/\/micasa.lv\/lv\/wp-json\/wp\/v2\/product_tag?post=55559"}],"curies":[{"name":"wp","href":"https:\/\/api.w.org\/{rel}","templated":true}]}}