{"id":55579,"date":"2025-05-07T10:00:53","date_gmt":"2025-05-07T07:00:53","guid":{"rendered":"https:\/\/test.micasa.lv\/product\/vannas-notekas-un-sifons-ar-parpludes-atveri-metala-chrome-a564km1-alca\/"},"modified":"2025-08-11T00:10:39","modified_gmt":"2025-08-10T21:10:39","slug":"vannas-notekas-un-sifons-ar-parpludes-atveri-metala-chrome-a564km1-alca","status":"publish","type":"product","link":"https:\/\/micasa.lv\/lv\/vannas-notekas-un-sifons-ar-parpludes-atveri-metala-chrome-a564km1-alca\/","title":{"rendered":"Vannas notekas un sifons ar p\u0101rpl\u016bdes atveri, met\u0101la, Chrome A564km1 Alca"},"content":{"rendered":"<p>Hidroaizvars 50 mm<br \/>\nPl\u016bsmas \u0101trums: 48,6 l\/min<br \/>\nP\u0101rpl\u016bdes pl\u016bsmas \u0101trums: 33,6 l\/min<br \/>\nSmakas sifona iztur\u012bba pret spiedienu: 588 Pa<br \/>\nSiltumiztur\u012bba: 95 \u00b0C<\/p>\n<p>&nbsp;<\/p>\n<p>Vannas piepild\u012b\u0161anai caur p\u0101rpl\u016bdi<br \/>\nStandarta izm\u0113ru vann\u0101m<br \/>\nVann\u0101m ar izpl\u016bdes caurumu \u00d852 mm<\/p>\n<p>&nbsp;<\/p>\n<p>Vannas sifons ar iepl\u016bdi<br \/>\nAerators Neoperl &#8211; \u0113rta piek\u013cuve un nomai\u0146a<br \/>\nVad\u012bbas v\u0101rsts no ner\u016bs\u0113jo\u0161\u0101 t\u0113rauda<br \/>\n\u016adens nepl\u016bst pa vannas malu, kas nov\u0113r\u0161 apsarmi<br \/>\nMinim\u0101lais att\u0101lums no sist\u0113mas sienas &#8211; vannas istab\u0101 ir redzama tikai groz\u0101m\u0101 pl\u0101ksne<br \/>\nViegla uzst\u0101d\u012b\u0161ana ar trim ner\u016bs\u0113jo\u0161\u0101 t\u0113rauda skr\u016bv\u0113m<br \/>\nMitrais hidroaizvars ar rot\u0113jo\u0161u l\u012bkumu<br \/>\nIzpl\u016bdes meh\u0101nisma aizv\u0113r\u0161ana ar Boudena kabeli<br \/>\nP\u0101rpl\u016bdes elast\u012bga \u0161\u013c\u016btene<br \/>\nS\u0101nu piesl\u0113gums ar misi\u0146a v\u012btni G1\/2 &#8221; , iepriek\u0161 apstr\u0101d\u0101tam \u016bdenim<\/p>\n<p>Komplekt\u0101cija<\/p>\n<ul>\n<li>Sifona korpuss ar p\u0101rpl\u016bdi<\/li>\n<li>Iepl\u016bdes uzlika hrom\u0113ta &#8211; melns mat\u0113ts<\/li>\n<li>Met\u0101la aizb\u0101zne ar hrom\u0113tu p\u0101rkl\u0101jumu<\/li>\n<li>Izpl\u016bdes reste, misi\u0146a &#8211; melns mat\u0113ts<\/li>\n<li>Sifona hidroaizvars no polipropil\u0113na, metin\u0101ts ar ultraska\u0146u, iztur\u012bgs pret termisk\u0101m un \u0137\u012bmisk\u0101m ietekm\u0113m<\/li>\n<li>Mont\u0101\u017eas komplekts<\/li>\n<li>Profila bl\u012bv\u0113jums<\/li>\n<\/ul>\n<p>&nbsp;<\/p>\n","protected":false},"excerpt":{"rendered":"<p>Hidroaizvars 50 mm Pl\u016bsmas \u0101trums: 48,6 l\/min P\u0101rpl\u016bdes pl\u016bsmas \u0101trums: 33,6 l\/min Smakas sifona iztur\u012bba pret spiedienu: 588 Pa Siltumiztur\u012bba:<\/p>\n","protected":false},"featured_media":29252,"template":"","meta":[],"product_brand":[],"product_cat":[588,571],"product_tag":[],"class_list":{"0":"post-55579","1":"product","2":"type-product","3":"status-publish","4":"has-post-thumbnail","6":"product_cat-sastavdalas","7":"product_cat-sifoni-un-aksesuari","8":"pa_brand-alca-2","9":"wcpa_has_options","11":"first","12":"instock","13":"taxable","14":"shipping-taxable","15":"purchasable","16":"product-type-variable"},"yoast_head":"<!-- This site is optimized with the Yoast SEO plugin v27.4 - https:\/\/yoast.com\/product\/yoast-seo-wordpress\/ -->\n<title>Vannas notekas un sifons ar p\u0101rpl\u016bdes atveri, met\u0101la, Chrome A564km1 Alca - Micasa<\/title>\n<meta name=\"robots\" content=\"index, follow, max-snippet:-1, max-image-preview:large, max-video-preview:-1\" \/>\n<link rel=\"canonical\" href=\"https:\/\/micasa.lv\/lv\/vannas-notekas-un-sifons-ar-parpludes-atveri-metala-chrome-a564km1-alca\/\" \/>\n<meta property=\"og:locale\" content=\"lv_LV\" \/>\n<meta property=\"og:type\" content=\"article\" \/>\n<meta property=\"og:title\" content=\"Vannas notekas un sifons ar p\u0101rpl\u016bdes atveri, met\u0101la, Chrome A564km1 Alca - Micasa\" \/>\n<meta property=\"og:description\" content=\"Hidroaizvars 50 mm Pl\u016bsmas \u0101trums: 48,6 l\/min P\u0101rpl\u016bdes pl\u016bsmas \u0101trums: 33,6 l\/min Smakas sifona iztur\u012bba pret spiedienu: 588 Pa Siltumiztur\u012bba:\" \/>\n<meta property=\"og:url\" content=\"https:\/\/micasa.lv\/lv\/vannas-notekas-un-sifons-ar-parpludes-atveri-metala-chrome-a564km1-alca\/\" \/>\n<meta property=\"og:site_name\" content=\"Micasa\" \/>\n<meta property=\"article:modified_time\" content=\"2025-08-10T21:10:39+00:00\" \/>\n<meta property=\"og:image\" content=\"https:\/\/micasa.lv\/wp-content\/uploads\/2025\/05\/a564km1_chrome.png\" \/>\n\t<meta property=\"og:image:width\" content=\"775\" \/>\n\t<meta property=\"og:image:height\" content=\"800\" \/>\n\t<meta property=\"og:image:type\" content=\"image\/png\" \/>\n<meta name=\"twitter:card\" content=\"summary_large_image\" \/>\n<meta name=\"twitter:label1\" content=\"Est. reading time\" \/>\n\t<meta name=\"twitter:data1\" content=\"1 minute\" \/>\n<script type=\"application\/ld+json\" class=\"yoast-schema-graph\">{\"@context\":\"https:\\\/\\\/schema.org\",\"@graph\":[{\"@type\":\"WebPage\",\"@id\":\"https:\\\/\\\/micasa.lv\\\/lv\\\/vannas-notekas-un-sifons-ar-parpludes-atveri-metala-chrome-a564km1-alca\\\/\",\"url\":\"https:\\\/\\\/micasa.lv\\\/lv\\\/vannas-notekas-un-sifons-ar-parpludes-atveri-metala-chrome-a564km1-alca\\\/\",\"name\":\"Vannas notekas un sifons ar p\u0101rpl\u016bdes atveri, met\u0101la, Chrome A564km1 Alca - Micasa\",\"isPartOf\":{\"@id\":\"https:\\\/\\\/micasa.lv\\\/lv\\\/#website\"},\"primaryImageOfPage\":{\"@id\":\"https:\\\/\\\/micasa.lv\\\/lv\\\/vannas-notekas-un-sifons-ar-parpludes-atveri-metala-chrome-a564km1-alca\\\/#primaryimage\"},\"image\":{\"@id\":\"https:\\\/\\\/micasa.lv\\\/lv\\\/vannas-notekas-un-sifons-ar-parpludes-atveri-metala-chrome-a564km1-alca\\\/#primaryimage\"},\"thumbnailUrl\":\"https:\\\/\\\/micasa.lv\\\/wp-content\\\/uploads\\\/2025\\\/05\\\/a564km1_chrome.png\",\"datePublished\":\"2025-05-07T07:00:53+00:00\",\"dateModified\":\"2025-08-10T21:10:39+00:00\",\"breadcrumb\":{\"@id\":\"https:\\\/\\\/micasa.lv\\\/lv\\\/vannas-notekas-un-sifons-ar-parpludes-atveri-metala-chrome-a564km1-alca\\\/#breadcrumb\"},\"inLanguage\":\"lv-LV\",\"potentialAction\":[{\"@type\":\"ReadAction\",\"target\":[\"https:\\\/\\\/micasa.lv\\\/lv\\\/vannas-notekas-un-sifons-ar-parpludes-atveri-metala-chrome-a564km1-alca\\\/\"]}]},{\"@type\":\"ImageObject\",\"inLanguage\":\"lv-LV\",\"@id\":\"https:\\\/\\\/micasa.lv\\\/lv\\\/vannas-notekas-un-sifons-ar-parpludes-atveri-metala-chrome-a564km1-alca\\\/#primaryimage\",\"url\":\"https:\\\/\\\/micasa.lv\\\/wp-content\\\/uploads\\\/2025\\\/05\\\/a564km1_chrome.png\",\"contentUrl\":\"https:\\\/\\\/micasa.lv\\\/wp-content\\\/uploads\\\/2025\\\/05\\\/a564km1_chrome.png\",\"width\":775,\"height\":800},{\"@type\":\"BreadcrumbList\",\"@id\":\"https:\\\/\\\/micasa.lv\\\/lv\\\/vannas-notekas-un-sifons-ar-parpludes-atveri-metala-chrome-a564km1-alca\\\/#breadcrumb\",\"itemListElement\":[{\"@type\":\"ListItem\",\"position\":1,\"name\":\"S\u0101kums\",\"item\":\"https:\\\/\\\/micasa.lv\\\/lv\\\/micasa\\\/\"},{\"@type\":\"ListItem\",\"position\":2,\"name\":\"Shop\",\"item\":\"https:\\\/\\\/micasa.lv\\\/lv\\\/shop\\\/\"},{\"@type\":\"ListItem\",\"position\":3,\"name\":\"Vannas notekas un sifons ar p\u0101rpl\u016bdes atveri, met\u0101la, Chrome A564km1 Alca\"}]},{\"@type\":\"WebSite\",\"@id\":\"https:\\\/\\\/micasa.lv\\\/lv\\\/#website\",\"url\":\"https:\\\/\\\/micasa.lv\\\/lv\\\/\",\"name\":\"Micasa\",\"description\":\"\",\"potentialAction\":[{\"@type\":\"SearchAction\",\"target\":{\"@type\":\"EntryPoint\",\"urlTemplate\":\"https:\\\/\\\/micasa.lv\\\/lv\\\/?s={search_term_string}\"},\"query-input\":{\"@type\":\"PropertyValueSpecification\",\"valueRequired\":true,\"valueName\":\"search_term_string\"}}],\"inLanguage\":\"lv-LV\"}]}<\/script>\n<!-- \/ Yoast SEO plugin. -->","yoast_head_json":{"title":"Vannas notekas un sifons ar p\u0101rpl\u016bdes atveri, met\u0101la, Chrome A564km1 Alca - Micasa","robots":{"index":"index","follow":"follow","max-snippet":"max-snippet:-1","max-image-preview":"max-image-preview:large","max-video-preview":"max-video-preview:-1"},"canonical":"https:\/\/micasa.lv\/lv\/vannas-notekas-un-sifons-ar-parpludes-atveri-metala-chrome-a564km1-alca\/","og_locale":"lv_LV","og_type":"article","og_title":"Vannas notekas un sifons ar p\u0101rpl\u016bdes atveri, met\u0101la, Chrome A564km1 Alca - Micasa","og_description":"Hidroaizvars 50 mm Pl\u016bsmas \u0101trums: 48,6 l\/min P\u0101rpl\u016bdes pl\u016bsmas \u0101trums: 33,6 l\/min Smakas sifona iztur\u012bba pret spiedienu: 588 Pa Siltumiztur\u012bba:","og_url":"https:\/\/micasa.lv\/lv\/vannas-notekas-un-sifons-ar-parpludes-atveri-metala-chrome-a564km1-alca\/","og_site_name":"Micasa","article_modified_time":"2025-08-10T21:10:39+00:00","og_image":[{"width":775,"height":800,"url":"https:\/\/micasa.lv\/wp-content\/uploads\/2025\/05\/a564km1_chrome.png","type":"image\/png"}],"twitter_card":"summary_large_image","twitter_misc":{"Est. reading time":"1 minute"},"schema":{"@context":"https:\/\/schema.org","@graph":[{"@type":"WebPage","@id":"https:\/\/micasa.lv\/lv\/vannas-notekas-un-sifons-ar-parpludes-atveri-metala-chrome-a564km1-alca\/","url":"https:\/\/micasa.lv\/lv\/vannas-notekas-un-sifons-ar-parpludes-atveri-metala-chrome-a564km1-alca\/","name":"Vannas notekas un sifons ar p\u0101rpl\u016bdes atveri, met\u0101la, Chrome A564km1 Alca - Micasa","isPartOf":{"@id":"https:\/\/micasa.lv\/lv\/#website"},"primaryImageOfPage":{"@id":"https:\/\/micasa.lv\/lv\/vannas-notekas-un-sifons-ar-parpludes-atveri-metala-chrome-a564km1-alca\/#primaryimage"},"image":{"@id":"https:\/\/micasa.lv\/lv\/vannas-notekas-un-sifons-ar-parpludes-atveri-metala-chrome-a564km1-alca\/#primaryimage"},"thumbnailUrl":"https:\/\/micasa.lv\/wp-content\/uploads\/2025\/05\/a564km1_chrome.png","datePublished":"2025-05-07T07:00:53+00:00","dateModified":"2025-08-10T21:10:39+00:00","breadcrumb":{"@id":"https:\/\/micasa.lv\/lv\/vannas-notekas-un-sifons-ar-parpludes-atveri-metala-chrome-a564km1-alca\/#breadcrumb"},"inLanguage":"lv-LV","potentialAction":[{"@type":"ReadAction","target":["https:\/\/micasa.lv\/lv\/vannas-notekas-un-sifons-ar-parpludes-atveri-metala-chrome-a564km1-alca\/"]}]},{"@type":"ImageObject","inLanguage":"lv-LV","@id":"https:\/\/micasa.lv\/lv\/vannas-notekas-un-sifons-ar-parpludes-atveri-metala-chrome-a564km1-alca\/#primaryimage","url":"https:\/\/micasa.lv\/wp-content\/uploads\/2025\/05\/a564km1_chrome.png","contentUrl":"https:\/\/micasa.lv\/wp-content\/uploads\/2025\/05\/a564km1_chrome.png","width":775,"height":800},{"@type":"BreadcrumbList","@id":"https:\/\/micasa.lv\/lv\/vannas-notekas-un-sifons-ar-parpludes-atveri-metala-chrome-a564km1-alca\/#breadcrumb","itemListElement":[{"@type":"ListItem","position":1,"name":"S\u0101kums","item":"https:\/\/micasa.lv\/lv\/micasa\/"},{"@type":"ListItem","position":2,"name":"Shop","item":"https:\/\/micasa.lv\/lv\/shop\/"},{"@type":"ListItem","position":3,"name":"Vannas notekas un sifons ar p\u0101rpl\u016bdes atveri, met\u0101la, Chrome A564km1 Alca"}]},{"@type":"WebSite","@id":"https:\/\/micasa.lv\/lv\/#website","url":"https:\/\/micasa.lv\/lv\/","name":"Micasa","description":"","potentialAction":[{"@type":"SearchAction","target":{"@type":"EntryPoint","urlTemplate":"https:\/\/micasa.lv\/lv\/?s={search_term_string}"},"query-input":{"@type":"PropertyValueSpecification","valueRequired":true,"valueName":"search_term_string"}}],"inLanguage":"lv-LV"}]}},"wcpa_form_fields":{"wcpaData":{"product":{"product_price":130.4,"price_html":"<span class=\"woocommerce-Price-amount amount\" aria-hidden=\"true\"><bdi>130,40&nbsp;<span class=\"woocommerce-Price-currencySymbol\">&euro;<\/span><\/bdi><\/span> <span aria-hidden=\"true\">&ndash;<\/span> <span class=\"woocommerce-Price-amount amount\" aria-hidden=\"true\"><bdi>137,20&nbsp;<span class=\"woocommerce-Price-currencySymbol\">&euro;<\/span><\/bdi><\/span><span class=\"screen-reader-text\">Price range: 130,40&nbsp;&euro; through 137,20&nbsp;&euro;<\/span>","original_product_price":130.4,"price_including_tax":130.4,"price_excluding_tax":107.77,"product_id":{"parent":55579,"variation":false},"is_variable":true,"stock_status":"instock","stock_quantity":null,"parent_sku":"","product_attributes":{"pa_brand":{"is_variation":false,"values":["alca-2"]},"pa_alca-color":{"is_variation":false,"values":["hromets"]},"pa_bathtub-trap":{"is_variation":true,"values":[]}},"custom_fields":[],"is_taxable":true,"product_name":"Vannas notekas un sifons ar p\u0101rpl\u016bdes atveri, met\u0101la, Chrome A564km1 Alca","hasImage":false},"fields":{"sec_067ff9d3ebb8b1":{"extra":{"key":"sec_067ff9d3ebb8b1","section_id":"sec_067ff9d3ebb8b1","name":"Default","status":1,"cl_rule":"show","enableCl":false,"relations":[],"toggle":true,"title_tag":"h3","show_title":false,"showPrice":"default","form_id":27415,"form_rules":{"exclude_from_discount":false,"fee_label":"Fee","disp_hide_options_price":true,"disp_show_section_price":false,"disp_show_field_price":false,"layout_option":"standard","pric_use_as_fee":false,"process_fee_as":"woo_fee"},"layout_option":"standard"},"fields":[[{"active":true,"col":3,"relations":[{"operator":false,"rules":[{"operator":"AND","rules":{"cl_field":"attribute","cl_relation":"is","cl_val":"ral-ncs-lv","cl_field_sub":"pa_miraggio-color"}}]}],"cl_rule":"show","enableCl":true,"price":"","enablePrice":false,"className":"","label_position":"left","desc_position":"default","type":"text","subtype":"text","required":false,"elementId":"text_8051879031","label":"RAL \/ NCS code","name":"text_8051879031","value":"","error":false,"gt_translate_keys":["label","value"],"price_dependency":false,"cl_dependency":false}]]}},"config":{"price_override":"","enable_recaptcha":false,"bind_quantity":false,"quantity_bind_formula":false,"disp_summ_show_option_price":true,"disp_summ_show_product_price":true,"disp_summ_show_total_price":true,"disp_summ_show_fee":false,"disp_summ_show_discount":false,"summary_title":"","options_total_label":"Opciju cena","total_label":"Kop\u0101","options_product_label":"Produkta cena","fee_label":"Fee","discount_label":"Discount","has_price":true,"has_quantity_formula":false},"mc_unit":1,"tax_rate":1.21,"tax_rate_real":0.21,"discount":{"percentage":0,"fixed":0},"design":{"conf":{"LabelPosition":"above","DescPosition":"above","UploadField":"custom_1","QuantityFieldStyle":"default"},"css":{"LeftLabelWidth":"120px"}},"formulas":[],"lookuptables":[],"clones":false,"cartKey":false}},"_links":{"self":[{"href":"https:\/\/micasa.lv\/lv\/wp-json\/wp\/v2\/product\/55579","targetHints":{"allow":["GET"]}}],"collection":[{"href":"https:\/\/micasa.lv\/lv\/wp-json\/wp\/v2\/product"}],"about":[{"href":"https:\/\/micasa.lv\/lv\/wp-json\/wp\/v2\/types\/product"}],"version-history":[{"count":1,"href":"https:\/\/micasa.lv\/lv\/wp-json\/wp\/v2\/product\/55579\/revisions"}],"predecessor-version":[{"id":59946,"href":"https:\/\/micasa.lv\/lv\/wp-json\/wp\/v2\/product\/55579\/revisions\/59946"}],"wp:featuredmedia":[{"embeddable":true,"href":"https:\/\/micasa.lv\/lv\/wp-json\/wp\/v2\/media\/29252"}],"wp:attachment":[{"href":"https:\/\/micasa.lv\/lv\/wp-json\/wp\/v2\/media?parent=55579"}],"wp:term":[{"taxonomy":"product_brand","embeddable":true,"href":"https:\/\/micasa.lv\/lv\/wp-json\/wp\/v2\/product_brand?post=55579"},{"taxonomy":"product_cat","embeddable":true,"href":"https:\/\/micasa.lv\/lv\/wp-json\/wp\/v2\/product_cat?post=55579"},{"taxonomy":"product_tag","embeddable":true,"href":"https:\/\/micasa.lv\/lv\/wp-json\/wp\/v2\/product_tag?post=55579"}],"curies":[{"name":"wp","href":"https:\/\/api.w.org\/{rel}","templated":true}]}}