{"id":55660,"date":"2025-06-04T18:01:53","date_gmt":"2025-06-04T16:01:53","guid":{"rendered":"https:\/\/test.micasa.lv\/product\/exhaust-surface-linear-stone-buster-punch\/"},"modified":"2025-08-11T00:10:20","modified_gmt":"2025-08-10T21:10:20","slug":"exhaust-surface-linear-stone-buster-punch","status":"publish","type":"product","link":"https:\/\/micasa.lv\/lv\/exhaust-surface-linear-stone-buster-punch\/","title":{"rendered":"Exhaust Surface \/ Linear \/ Stone Buster+Punch"},"content":{"rendered":"<p>Virspus\u0113ji uzst\u0101d\u0101ms, fiks\u0113ts pro\u017eektora gaismeklis ar met\u0101la korpusu, p\u0101rkl\u0101tu ar pulverkr\u0101su, un mas\u012bva met\u0101la deta\u013c\u0101m.<br \/>\nGaismeklis apr\u012bkots ar m\u016bsu firmas line\u0101ri grav\u0113tu difuzoru un prec\u012bzi izgatavot\u0101m Torx skr\u016bv\u0113m no ner\u016bs\u0113jo\u0161\u0101 t\u0113rauda.<br \/>\nDifuzors uztver gaismu un rada smalku met\u0101lisku mirdzumu, savuk\u0101rt \u0161\u016bnveida filtrs nodro\u0161ina prec\u012bzu, bezatsp\u012bdumu, virz\u012btu gaismu.<br \/>\nGaismeklis ir sader\u012bgs ar GU10 spuldzi   <\/p>\n","protected":false},"excerpt":{"rendered":"<p>Virspus\u0113ji uzst\u0101d\u0101ms, fiks\u0113ts pro\u017eektora gaismeklis ar met\u0101la korpusu, p\u0101rkl\u0101tu ar pulverkr\u0101su, un mas\u012bva met\u0101la deta\u013c\u0101m. Gaismeklis apr\u012bkots ar m\u016bsu firmas<\/p>\n","protected":false},"featured_media":53629,"template":"","meta":[],"product_brand":[],"product_cat":[1939,3783],"product_tag":[],"class_list":{"0":"post-55660","1":"product","2":"type-product","3":"status-publish","4":"has-post-thumbnail","6":"product_cat-apgaismojums","7":"product_cat-buster-and-punch","8":"pa_brand-buster-punch-lv","10":"first","11":"instock","12":"taxable","13":"shipping-taxable","14":"purchasable","15":"product-type-variable"},"yoast_head":"<!-- This site is optimized with the Yoast SEO plugin v27.4 - https:\/\/yoast.com\/product\/yoast-seo-wordpress\/ -->\n<title>Exhaust Surface \/ Linear \/ Stone Buster+Punch - Micasa<\/title>\n<meta name=\"robots\" content=\"index, follow, max-snippet:-1, max-image-preview:large, max-video-preview:-1\" \/>\n<link rel=\"canonical\" href=\"https:\/\/micasa.lv\/lv\/exhaust-surface-linear-stone-buster-punch\/\" \/>\n<meta property=\"og:locale\" content=\"lv_LV\" \/>\n<meta property=\"og:type\" content=\"article\" \/>\n<meta property=\"og:title\" content=\"Exhaust Surface \/ Linear \/ Stone Buster+Punch - Micasa\" \/>\n<meta property=\"og:description\" content=\"Virspus\u0113ji uzst\u0101d\u0101ms, fiks\u0113ts pro\u017eektora gaismeklis ar met\u0101la korpusu, p\u0101rkl\u0101tu ar pulverkr\u0101su, un mas\u012bva met\u0101la deta\u013c\u0101m. Gaismeklis apr\u012bkots ar m\u016bsu firmas\" \/>\n<meta property=\"og:url\" content=\"https:\/\/micasa.lv\/lv\/exhaust-surface-linear-stone-buster-punch\/\" \/>\n<meta property=\"og:site_name\" content=\"Micasa\" \/>\n<meta property=\"article:modified_time\" content=\"2025-08-10T21:10:20+00:00\" \/>\n<meta property=\"og:image\" content=\"https:\/\/micasa.lv\/wp-content\/uploads\/2025\/06\/exhaust_surface_linear_stone_steel.jpg\" \/>\n\t<meta property=\"og:image:width\" content=\"1024\" \/>\n\t<meta property=\"og:image:height\" content=\"1024\" \/>\n\t<meta property=\"og:image:type\" content=\"image\/jpeg\" \/>\n<meta name=\"twitter:card\" content=\"summary_large_image\" \/>\n<script type=\"application\/ld+json\" class=\"yoast-schema-graph\">{\"@context\":\"https:\\\/\\\/schema.org\",\"@graph\":[{\"@type\":\"WebPage\",\"@id\":\"https:\\\/\\\/micasa.lv\\\/lv\\\/exhaust-surface-linear-stone-buster-punch\\\/\",\"url\":\"https:\\\/\\\/micasa.lv\\\/lv\\\/exhaust-surface-linear-stone-buster-punch\\\/\",\"name\":\"Exhaust Surface \\\/ Linear \\\/ Stone Buster+Punch - Micasa\",\"isPartOf\":{\"@id\":\"https:\\\/\\\/micasa.lv\\\/lv\\\/#website\"},\"primaryImageOfPage\":{\"@id\":\"https:\\\/\\\/micasa.lv\\\/lv\\\/exhaust-surface-linear-stone-buster-punch\\\/#primaryimage\"},\"image\":{\"@id\":\"https:\\\/\\\/micasa.lv\\\/lv\\\/exhaust-surface-linear-stone-buster-punch\\\/#primaryimage\"},\"thumbnailUrl\":\"https:\\\/\\\/micasa.lv\\\/wp-content\\\/uploads\\\/2025\\\/06\\\/exhaust_surface_linear_stone_steel.jpg\",\"datePublished\":\"2025-06-04T16:01:53+00:00\",\"dateModified\":\"2025-08-10T21:10:20+00:00\",\"breadcrumb\":{\"@id\":\"https:\\\/\\\/micasa.lv\\\/lv\\\/exhaust-surface-linear-stone-buster-punch\\\/#breadcrumb\"},\"inLanguage\":\"lv-LV\",\"potentialAction\":[{\"@type\":\"ReadAction\",\"target\":[\"https:\\\/\\\/micasa.lv\\\/lv\\\/exhaust-surface-linear-stone-buster-punch\\\/\"]}]},{\"@type\":\"ImageObject\",\"inLanguage\":\"lv-LV\",\"@id\":\"https:\\\/\\\/micasa.lv\\\/lv\\\/exhaust-surface-linear-stone-buster-punch\\\/#primaryimage\",\"url\":\"https:\\\/\\\/micasa.lv\\\/wp-content\\\/uploads\\\/2025\\\/06\\\/exhaust_surface_linear_stone_steel.jpg\",\"contentUrl\":\"https:\\\/\\\/micasa.lv\\\/wp-content\\\/uploads\\\/2025\\\/06\\\/exhaust_surface_linear_stone_steel.jpg\",\"width\":1024,\"height\":1024},{\"@type\":\"BreadcrumbList\",\"@id\":\"https:\\\/\\\/micasa.lv\\\/lv\\\/exhaust-surface-linear-stone-buster-punch\\\/#breadcrumb\",\"itemListElement\":[{\"@type\":\"ListItem\",\"position\":1,\"name\":\"S\u0101kums\",\"item\":\"https:\\\/\\\/micasa.lv\\\/lv\\\/micasa\\\/\"},{\"@type\":\"ListItem\",\"position\":2,\"name\":\"Shop\",\"item\":\"https:\\\/\\\/micasa.lv\\\/lv\\\/shop\\\/\"},{\"@type\":\"ListItem\",\"position\":3,\"name\":\"Exhaust Surface \\\/ Linear \\\/ Stone Buster+Punch\"}]},{\"@type\":\"WebSite\",\"@id\":\"https:\\\/\\\/micasa.lv\\\/lv\\\/#website\",\"url\":\"https:\\\/\\\/micasa.lv\\\/lv\\\/\",\"name\":\"Micasa\",\"description\":\"\",\"potentialAction\":[{\"@type\":\"SearchAction\",\"target\":{\"@type\":\"EntryPoint\",\"urlTemplate\":\"https:\\\/\\\/micasa.lv\\\/lv\\\/?s={search_term_string}\"},\"query-input\":{\"@type\":\"PropertyValueSpecification\",\"valueRequired\":true,\"valueName\":\"search_term_string\"}}],\"inLanguage\":\"lv-LV\"}]}<\/script>\n<!-- \/ Yoast SEO plugin. -->","yoast_head_json":{"title":"Exhaust Surface \/ Linear \/ Stone Buster+Punch - Micasa","robots":{"index":"index","follow":"follow","max-snippet":"max-snippet:-1","max-image-preview":"max-image-preview:large","max-video-preview":"max-video-preview:-1"},"canonical":"https:\/\/micasa.lv\/lv\/exhaust-surface-linear-stone-buster-punch\/","og_locale":"lv_LV","og_type":"article","og_title":"Exhaust Surface \/ Linear \/ Stone Buster+Punch - Micasa","og_description":"Virspus\u0113ji uzst\u0101d\u0101ms, fiks\u0113ts pro\u017eektora gaismeklis ar met\u0101la korpusu, p\u0101rkl\u0101tu ar pulverkr\u0101su, un mas\u012bva met\u0101la deta\u013c\u0101m. Gaismeklis apr\u012bkots ar m\u016bsu firmas","og_url":"https:\/\/micasa.lv\/lv\/exhaust-surface-linear-stone-buster-punch\/","og_site_name":"Micasa","article_modified_time":"2025-08-10T21:10:20+00:00","og_image":[{"width":1024,"height":1024,"url":"https:\/\/micasa.lv\/wp-content\/uploads\/2025\/06\/exhaust_surface_linear_stone_steel.jpg","type":"image\/jpeg"}],"twitter_card":"summary_large_image","schema":{"@context":"https:\/\/schema.org","@graph":[{"@type":"WebPage","@id":"https:\/\/micasa.lv\/lv\/exhaust-surface-linear-stone-buster-punch\/","url":"https:\/\/micasa.lv\/lv\/exhaust-surface-linear-stone-buster-punch\/","name":"Exhaust Surface \/ Linear \/ Stone Buster+Punch - Micasa","isPartOf":{"@id":"https:\/\/micasa.lv\/lv\/#website"},"primaryImageOfPage":{"@id":"https:\/\/micasa.lv\/lv\/exhaust-surface-linear-stone-buster-punch\/#primaryimage"},"image":{"@id":"https:\/\/micasa.lv\/lv\/exhaust-surface-linear-stone-buster-punch\/#primaryimage"},"thumbnailUrl":"https:\/\/micasa.lv\/wp-content\/uploads\/2025\/06\/exhaust_surface_linear_stone_steel.jpg","datePublished":"2025-06-04T16:01:53+00:00","dateModified":"2025-08-10T21:10:20+00:00","breadcrumb":{"@id":"https:\/\/micasa.lv\/lv\/exhaust-surface-linear-stone-buster-punch\/#breadcrumb"},"inLanguage":"lv-LV","potentialAction":[{"@type":"ReadAction","target":["https:\/\/micasa.lv\/lv\/exhaust-surface-linear-stone-buster-punch\/"]}]},{"@type":"ImageObject","inLanguage":"lv-LV","@id":"https:\/\/micasa.lv\/lv\/exhaust-surface-linear-stone-buster-punch\/#primaryimage","url":"https:\/\/micasa.lv\/wp-content\/uploads\/2025\/06\/exhaust_surface_linear_stone_steel.jpg","contentUrl":"https:\/\/micasa.lv\/wp-content\/uploads\/2025\/06\/exhaust_surface_linear_stone_steel.jpg","width":1024,"height":1024},{"@type":"BreadcrumbList","@id":"https:\/\/micasa.lv\/lv\/exhaust-surface-linear-stone-buster-punch\/#breadcrumb","itemListElement":[{"@type":"ListItem","position":1,"name":"S\u0101kums","item":"https:\/\/micasa.lv\/lv\/micasa\/"},{"@type":"ListItem","position":2,"name":"Shop","item":"https:\/\/micasa.lv\/lv\/shop\/"},{"@type":"ListItem","position":3,"name":"Exhaust Surface \/ Linear \/ Stone Buster+Punch"}]},{"@type":"WebSite","@id":"https:\/\/micasa.lv\/lv\/#website","url":"https:\/\/micasa.lv\/lv\/","name":"Micasa","description":"","potentialAction":[{"@type":"SearchAction","target":{"@type":"EntryPoint","urlTemplate":"https:\/\/micasa.lv\/lv\/?s={search_term_string}"},"query-input":{"@type":"PropertyValueSpecification","valueRequired":true,"valueName":"search_term_string"}}],"inLanguage":"lv-LV"}]}},"wcpa_form_fields":null,"_links":{"self":[{"href":"https:\/\/micasa.lv\/lv\/wp-json\/wp\/v2\/product\/55660","targetHints":{"allow":["GET"]}}],"collection":[{"href":"https:\/\/micasa.lv\/lv\/wp-json\/wp\/v2\/product"}],"about":[{"href":"https:\/\/micasa.lv\/lv\/wp-json\/wp\/v2\/types\/product"}],"version-history":[{"count":1,"href":"https:\/\/micasa.lv\/lv\/wp-json\/wp\/v2\/product\/55660\/revisions"}],"predecessor-version":[{"id":59925,"href":"https:\/\/micasa.lv\/lv\/wp-json\/wp\/v2\/product\/55660\/revisions\/59925"}],"wp:featuredmedia":[{"embeddable":true,"href":"https:\/\/micasa.lv\/lv\/wp-json\/wp\/v2\/media\/53629"}],"wp:attachment":[{"href":"https:\/\/micasa.lv\/lv\/wp-json\/wp\/v2\/media?parent=55660"}],"wp:term":[{"taxonomy":"product_brand","embeddable":true,"href":"https:\/\/micasa.lv\/lv\/wp-json\/wp\/v2\/product_brand?post=55660"},{"taxonomy":"product_cat","embeddable":true,"href":"https:\/\/micasa.lv\/lv\/wp-json\/wp\/v2\/product_cat?post=55660"},{"taxonomy":"product_tag","embeddable":true,"href":"https:\/\/micasa.lv\/lv\/wp-json\/wp\/v2\/product_tag?post=55660"}],"curies":[{"name":"wp","href":"https:\/\/api.w.org\/{rel}","templated":true}]}}