{"id":55791,"date":"2025-05-22T13:10:26","date_gmt":"2025-05-22T11:10:26","guid":{"rendered":"https:\/\/test.micasa.lv\/product\/exhaust-spot-cross-graphite-buster-punch\/"},"modified":"2025-08-11T00:10:26","modified_gmt":"2025-08-10T21:10:26","slug":"exhaust-spot-cross-graphite-buster-punch","status":"publish","type":"product","link":"https:\/\/micasa.lv\/lv\/exhaust-spot-cross-graphite-buster-punch\/","title":{"rendered":"Exhaust Spot \/ Cross \/ Graphite Buster+Punch"},"content":{"rendered":"<p>Regul\u0113jams pro\u017eektora gaismeklis ar pulverkr\u0101sotu met\u0101la korpusu un mas\u012bva met\u0101la deta\u013c\u0101m. Gaismeklis apr\u012bkots ar m\u016bsu firmas \u0161\u0137\u0113rsgrav\u0113juma difuzoru un prec\u012bzi izgatavot\u0101m \u201cmon\u0113tas\u201d skr\u016bv\u0113m no mas\u012bva met\u0101la. Difuzors uztver gaismu un rada smalku met\u0101lisku mirdzumu, savuk\u0101rt \u0161\u016bnveida filtrs nodro\u0161ina prec\u012bzu, bezatsp\u012bdumu, virz\u012btu apgaismojumu. Gaismeklis ir sader\u012bgs ar GU10 spuldzi.<\/p>\n","protected":false},"excerpt":{"rendered":"<p>Regul\u0113jams pro\u017eektora gaismeklis ar pulverkr\u0101sotu met\u0101la korpusu un mas\u012bva met\u0101la deta\u013c\u0101m. Gaismeklis apr\u012bkots ar m\u016bsu firmas \u0161\u0137\u0113rsgrav\u0113juma difuzoru un prec\u012bzi<\/p>\n","protected":false},"featured_media":52542,"template":"","meta":[],"product_brand":[],"product_cat":[1939,3783],"product_tag":[],"class_list":{"0":"post-55791","1":"product","2":"type-product","3":"status-publish","4":"has-post-thumbnail","6":"product_cat-apgaismojums","7":"product_cat-buster-and-punch","8":"pa_brand-buster-punch-lv","10":"first","11":"instock","12":"taxable","13":"shipping-taxable","14":"purchasable","15":"product-type-variable"},"yoast_head":"<!-- This site is optimized with the Yoast SEO plugin v27.4 - https:\/\/yoast.com\/product\/yoast-seo-wordpress\/ -->\n<title>Exhaust Spot \/ Cross \/ Graphite Buster+Punch - Micasa<\/title>\n<meta name=\"robots\" content=\"index, follow, max-snippet:-1, max-image-preview:large, max-video-preview:-1\" \/>\n<link rel=\"canonical\" href=\"https:\/\/micasa.lv\/lv\/exhaust-spot-cross-graphite-buster-punch\/\" \/>\n<meta property=\"og:locale\" content=\"lv_LV\" \/>\n<meta property=\"og:type\" content=\"article\" \/>\n<meta property=\"og:title\" content=\"Exhaust Spot \/ Cross \/ Graphite Buster+Punch - Micasa\" \/>\n<meta property=\"og:description\" content=\"Regul\u0113jams pro\u017eektora gaismeklis ar pulverkr\u0101sotu met\u0101la korpusu un mas\u012bva met\u0101la deta\u013c\u0101m. Gaismeklis apr\u012bkots ar m\u016bsu firmas \u0161\u0137\u0113rsgrav\u0113juma difuzoru un prec\u012bzi\" \/>\n<meta property=\"og:url\" content=\"https:\/\/micasa.lv\/lv\/exhaust-spot-cross-graphite-buster-punch\/\" \/>\n<meta property=\"og:site_name\" content=\"Micasa\" \/>\n<meta property=\"article:modified_time\" content=\"2025-08-10T21:10:26+00:00\" \/>\n<meta property=\"og:image\" content=\"https:\/\/micasa.lv\/wp-content\/uploads\/2025\/05\/exhaust_spot_cross_graphite_smoked_bronze.jpg\" \/>\n\t<meta property=\"og:image:width\" content=\"1024\" \/>\n\t<meta property=\"og:image:height\" content=\"1024\" \/>\n\t<meta property=\"og:image:type\" content=\"image\/jpeg\" \/>\n<meta name=\"twitter:card\" content=\"summary_large_image\" \/>\n<script type=\"application\/ld+json\" class=\"yoast-schema-graph\">{\"@context\":\"https:\\\/\\\/schema.org\",\"@graph\":[{\"@type\":\"WebPage\",\"@id\":\"https:\\\/\\\/micasa.lv\\\/lv\\\/exhaust-spot-cross-graphite-buster-punch\\\/\",\"url\":\"https:\\\/\\\/micasa.lv\\\/lv\\\/exhaust-spot-cross-graphite-buster-punch\\\/\",\"name\":\"Exhaust Spot \\\/ Cross \\\/ Graphite Buster+Punch - Micasa\",\"isPartOf\":{\"@id\":\"https:\\\/\\\/micasa.lv\\\/lv\\\/#website\"},\"primaryImageOfPage\":{\"@id\":\"https:\\\/\\\/micasa.lv\\\/lv\\\/exhaust-spot-cross-graphite-buster-punch\\\/#primaryimage\"},\"image\":{\"@id\":\"https:\\\/\\\/micasa.lv\\\/lv\\\/exhaust-spot-cross-graphite-buster-punch\\\/#primaryimage\"},\"thumbnailUrl\":\"https:\\\/\\\/micasa.lv\\\/wp-content\\\/uploads\\\/2025\\\/05\\\/exhaust_spot_cross_graphite_smoked_bronze.jpg\",\"datePublished\":\"2025-05-22T11:10:26+00:00\",\"dateModified\":\"2025-08-10T21:10:26+00:00\",\"breadcrumb\":{\"@id\":\"https:\\\/\\\/micasa.lv\\\/lv\\\/exhaust-spot-cross-graphite-buster-punch\\\/#breadcrumb\"},\"inLanguage\":\"lv-LV\",\"potentialAction\":[{\"@type\":\"ReadAction\",\"target\":[\"https:\\\/\\\/micasa.lv\\\/lv\\\/exhaust-spot-cross-graphite-buster-punch\\\/\"]}]},{\"@type\":\"ImageObject\",\"inLanguage\":\"lv-LV\",\"@id\":\"https:\\\/\\\/micasa.lv\\\/lv\\\/exhaust-spot-cross-graphite-buster-punch\\\/#primaryimage\",\"url\":\"https:\\\/\\\/micasa.lv\\\/wp-content\\\/uploads\\\/2025\\\/05\\\/exhaust_spot_cross_graphite_smoked_bronze.jpg\",\"contentUrl\":\"https:\\\/\\\/micasa.lv\\\/wp-content\\\/uploads\\\/2025\\\/05\\\/exhaust_spot_cross_graphite_smoked_bronze.jpg\",\"width\":1024,\"height\":1024},{\"@type\":\"BreadcrumbList\",\"@id\":\"https:\\\/\\\/micasa.lv\\\/lv\\\/exhaust-spot-cross-graphite-buster-punch\\\/#breadcrumb\",\"itemListElement\":[{\"@type\":\"ListItem\",\"position\":1,\"name\":\"S\u0101kums\",\"item\":\"https:\\\/\\\/micasa.lv\\\/lv\\\/micasa\\\/\"},{\"@type\":\"ListItem\",\"position\":2,\"name\":\"Shop\",\"item\":\"https:\\\/\\\/micasa.lv\\\/lv\\\/shop\\\/\"},{\"@type\":\"ListItem\",\"position\":3,\"name\":\"Exhaust Spot \\\/ Cross \\\/ Graphite Buster+Punch\"}]},{\"@type\":\"WebSite\",\"@id\":\"https:\\\/\\\/micasa.lv\\\/lv\\\/#website\",\"url\":\"https:\\\/\\\/micasa.lv\\\/lv\\\/\",\"name\":\"Micasa\",\"description\":\"\",\"potentialAction\":[{\"@type\":\"SearchAction\",\"target\":{\"@type\":\"EntryPoint\",\"urlTemplate\":\"https:\\\/\\\/micasa.lv\\\/lv\\\/?s={search_term_string}\"},\"query-input\":{\"@type\":\"PropertyValueSpecification\",\"valueRequired\":true,\"valueName\":\"search_term_string\"}}],\"inLanguage\":\"lv-LV\"}]}<\/script>\n<!-- \/ Yoast SEO plugin. -->","yoast_head_json":{"title":"Exhaust Spot \/ Cross \/ Graphite Buster+Punch - Micasa","robots":{"index":"index","follow":"follow","max-snippet":"max-snippet:-1","max-image-preview":"max-image-preview:large","max-video-preview":"max-video-preview:-1"},"canonical":"https:\/\/micasa.lv\/lv\/exhaust-spot-cross-graphite-buster-punch\/","og_locale":"lv_LV","og_type":"article","og_title":"Exhaust Spot \/ Cross \/ Graphite Buster+Punch - Micasa","og_description":"Regul\u0113jams pro\u017eektora gaismeklis ar pulverkr\u0101sotu met\u0101la korpusu un mas\u012bva met\u0101la deta\u013c\u0101m. Gaismeklis apr\u012bkots ar m\u016bsu firmas \u0161\u0137\u0113rsgrav\u0113juma difuzoru un prec\u012bzi","og_url":"https:\/\/micasa.lv\/lv\/exhaust-spot-cross-graphite-buster-punch\/","og_site_name":"Micasa","article_modified_time":"2025-08-10T21:10:26+00:00","og_image":[{"width":1024,"height":1024,"url":"https:\/\/micasa.lv\/wp-content\/uploads\/2025\/05\/exhaust_spot_cross_graphite_smoked_bronze.jpg","type":"image\/jpeg"}],"twitter_card":"summary_large_image","schema":{"@context":"https:\/\/schema.org","@graph":[{"@type":"WebPage","@id":"https:\/\/micasa.lv\/lv\/exhaust-spot-cross-graphite-buster-punch\/","url":"https:\/\/micasa.lv\/lv\/exhaust-spot-cross-graphite-buster-punch\/","name":"Exhaust Spot \/ Cross \/ Graphite Buster+Punch - Micasa","isPartOf":{"@id":"https:\/\/micasa.lv\/lv\/#website"},"primaryImageOfPage":{"@id":"https:\/\/micasa.lv\/lv\/exhaust-spot-cross-graphite-buster-punch\/#primaryimage"},"image":{"@id":"https:\/\/micasa.lv\/lv\/exhaust-spot-cross-graphite-buster-punch\/#primaryimage"},"thumbnailUrl":"https:\/\/micasa.lv\/wp-content\/uploads\/2025\/05\/exhaust_spot_cross_graphite_smoked_bronze.jpg","datePublished":"2025-05-22T11:10:26+00:00","dateModified":"2025-08-10T21:10:26+00:00","breadcrumb":{"@id":"https:\/\/micasa.lv\/lv\/exhaust-spot-cross-graphite-buster-punch\/#breadcrumb"},"inLanguage":"lv-LV","potentialAction":[{"@type":"ReadAction","target":["https:\/\/micasa.lv\/lv\/exhaust-spot-cross-graphite-buster-punch\/"]}]},{"@type":"ImageObject","inLanguage":"lv-LV","@id":"https:\/\/micasa.lv\/lv\/exhaust-spot-cross-graphite-buster-punch\/#primaryimage","url":"https:\/\/micasa.lv\/wp-content\/uploads\/2025\/05\/exhaust_spot_cross_graphite_smoked_bronze.jpg","contentUrl":"https:\/\/micasa.lv\/wp-content\/uploads\/2025\/05\/exhaust_spot_cross_graphite_smoked_bronze.jpg","width":1024,"height":1024},{"@type":"BreadcrumbList","@id":"https:\/\/micasa.lv\/lv\/exhaust-spot-cross-graphite-buster-punch\/#breadcrumb","itemListElement":[{"@type":"ListItem","position":1,"name":"S\u0101kums","item":"https:\/\/micasa.lv\/lv\/micasa\/"},{"@type":"ListItem","position":2,"name":"Shop","item":"https:\/\/micasa.lv\/lv\/shop\/"},{"@type":"ListItem","position":3,"name":"Exhaust Spot \/ Cross \/ Graphite Buster+Punch"}]},{"@type":"WebSite","@id":"https:\/\/micasa.lv\/lv\/#website","url":"https:\/\/micasa.lv\/lv\/","name":"Micasa","description":"","potentialAction":[{"@type":"SearchAction","target":{"@type":"EntryPoint","urlTemplate":"https:\/\/micasa.lv\/lv\/?s={search_term_string}"},"query-input":{"@type":"PropertyValueSpecification","valueRequired":true,"valueName":"search_term_string"}}],"inLanguage":"lv-LV"}]}},"wcpa_form_fields":null,"_links":{"self":[{"href":"https:\/\/micasa.lv\/lv\/wp-json\/wp\/v2\/product\/55791","targetHints":{"allow":["GET"]}}],"collection":[{"href":"https:\/\/micasa.lv\/lv\/wp-json\/wp\/v2\/product"}],"about":[{"href":"https:\/\/micasa.lv\/lv\/wp-json\/wp\/v2\/types\/product"}],"version-history":[{"count":1,"href":"https:\/\/micasa.lv\/lv\/wp-json\/wp\/v2\/product\/55791\/revisions"}],"predecessor-version":[{"id":59938,"href":"https:\/\/micasa.lv\/lv\/wp-json\/wp\/v2\/product\/55791\/revisions\/59938"}],"wp:featuredmedia":[{"embeddable":true,"href":"https:\/\/micasa.lv\/lv\/wp-json\/wp\/v2\/media\/52542"}],"wp:attachment":[{"href":"https:\/\/micasa.lv\/lv\/wp-json\/wp\/v2\/media?parent=55791"}],"wp:term":[{"taxonomy":"product_brand","embeddable":true,"href":"https:\/\/micasa.lv\/lv\/wp-json\/wp\/v2\/product_brand?post=55791"},{"taxonomy":"product_cat","embeddable":true,"href":"https:\/\/micasa.lv\/lv\/wp-json\/wp\/v2\/product_cat?post=55791"},{"taxonomy":"product_tag","embeddable":true,"href":"https:\/\/micasa.lv\/lv\/wp-json\/wp\/v2\/product_tag?post=55791"}],"curies":[{"name":"wp","href":"https:\/\/api.w.org\/{rel}","templated":true}]}}