{"id":55837,"date":"2025-05-06T10:45:03","date_gmt":"2025-05-06T07:45:03","guid":{"rendered":"https:\/\/test.micasa.lv\/product\/lenka-varsts-ar-filtru-1-2-3-8-arv001-alca\/"},"modified":"2025-08-11T00:10:42","modified_gmt":"2025-08-10T21:10:42","slug":"lenka-varsts-ar-filtru-1-2-3-8-arv001-alca","status":"publish","type":"product","link":"https:\/\/micasa.lv\/lv\/lenka-varsts-ar-filtru-1-2-3-8-arv001-alca\/","title":{"rendered":"Le\u0146\u0137a v\u0101rsts ar filtru 1\/2&#8243;\u00d73\/8&#8243; ARV001 Alca"},"content":{"rendered":"<p>V\u012btne G 1\/2&#8243;<br \/>\n\u0160\u013c\u016btenes savienot\u0101js G 3\/8&#8243;<\/p>\n<p>Uzst\u0101d\u012b\u0161anai uz apmetuma<br \/>\nKl\u0101ja tipa jauc\u0113jkr\u0101na piesl\u0113g\u0161anai<\/p>\n<p>&nbsp;<\/p>\n<ul>\n<li>Iek\u013cauts net\u012brumu filtrs<\/li>\n<li>Apa\u013ca forma<\/li>\n<li>Dizains savietojams ar izlietnes sifonu A400<\/li>\n<\/ul>\n","protected":false},"excerpt":{"rendered":"<p>V\u012btne G 1\/2&#8243; \u0160\u013c\u016btenes savienot\u0101js G 3\/8&#8243; Uzst\u0101d\u012b\u0161anai uz apmetuma Kl\u0101ja tipa jauc\u0113jkr\u0101na piesl\u0113g\u0161anai &nbsp; Iek\u013cauts net\u012brumu filtrs Apa\u013ca forma<\/p>\n","protected":false},"featured_media":29132,"template":"","meta":[],"product_brand":[],"product_cat":[1901],"product_tag":[],"class_list":{"0":"post-55837","1":"product","2":"type-product","3":"status-publish","4":"has-post-thumbnail","6":"product_cat-jaucejkrani-un-dusas-sistemas","7":"pa_brand-alca-2","9":"first","10":"instock","11":"taxable","12":"shipping-taxable","13":"purchasable","14":"product-type-variable"},"yoast_head":"<!-- This site is optimized with the Yoast SEO plugin v27.4 - https:\/\/yoast.com\/product\/yoast-seo-wordpress\/ -->\n<title>Le\u0146\u0137a v\u0101rsts ar filtru 1\/2&quot;\u00d73\/8&quot; ARV001 Alca - Micasa<\/title>\n<meta name=\"robots\" content=\"index, follow, max-snippet:-1, max-image-preview:large, max-video-preview:-1\" \/>\n<link rel=\"canonical\" href=\"https:\/\/micasa.lv\/lv\/lenka-varsts-ar-filtru-1-2-3-8-arv001-alca\/\" \/>\n<meta property=\"og:locale\" content=\"lv_LV\" \/>\n<meta property=\"og:type\" content=\"article\" \/>\n<meta property=\"og:title\" content=\"Le\u0146\u0137a v\u0101rsts ar filtru 1\/2&quot;\u00d73\/8&quot; ARV001 Alca - Micasa\" \/>\n<meta property=\"og:description\" content=\"V\u012btne G 1\/2&#8243; \u0160\u013c\u016btenes savienot\u0101js G 3\/8&#8243; Uzst\u0101d\u012b\u0161anai uz apmetuma Kl\u0101ja tipa jauc\u0113jkr\u0101na piesl\u0113g\u0161anai &nbsp; Iek\u013cauts net\u012brumu filtrs Apa\u013ca forma\" \/>\n<meta property=\"og:url\" content=\"https:\/\/micasa.lv\/lv\/lenka-varsts-ar-filtru-1-2-3-8-arv001-alca\/\" \/>\n<meta property=\"og:site_name\" content=\"Micasa\" \/>\n<meta property=\"article:modified_time\" content=\"2025-08-10T21:10:42+00:00\" \/>\n<meta property=\"og:image\" content=\"https:\/\/micasa.lv\/wp-content\/uploads\/2025\/05\/arv001-nickel-polished.png\" \/>\n\t<meta property=\"og:image:width\" content=\"1200\" \/>\n\t<meta property=\"og:image:height\" content=\"1200\" \/>\n\t<meta property=\"og:image:type\" content=\"image\/png\" \/>\n<meta name=\"twitter:card\" content=\"summary_large_image\" \/>\n<script type=\"application\/ld+json\" class=\"yoast-schema-graph\">{\"@context\":\"https:\\\/\\\/schema.org\",\"@graph\":[{\"@type\":\"WebPage\",\"@id\":\"https:\\\/\\\/micasa.lv\\\/lv\\\/lenka-varsts-ar-filtru-1-2-3-8-arv001-alca\\\/\",\"url\":\"https:\\\/\\\/micasa.lv\\\/lv\\\/lenka-varsts-ar-filtru-1-2-3-8-arv001-alca\\\/\",\"name\":\"Le\u0146\u0137a v\u0101rsts ar filtru 1\\\/2\\\"\u00d73\\\/8\\\" ARV001 Alca - Micasa\",\"isPartOf\":{\"@id\":\"https:\\\/\\\/micasa.lv\\\/lv\\\/#website\"},\"primaryImageOfPage\":{\"@id\":\"https:\\\/\\\/micasa.lv\\\/lv\\\/lenka-varsts-ar-filtru-1-2-3-8-arv001-alca\\\/#primaryimage\"},\"image\":{\"@id\":\"https:\\\/\\\/micasa.lv\\\/lv\\\/lenka-varsts-ar-filtru-1-2-3-8-arv001-alca\\\/#primaryimage\"},\"thumbnailUrl\":\"https:\\\/\\\/micasa.lv\\\/wp-content\\\/uploads\\\/2025\\\/05\\\/arv001-nickel-polished.png\",\"datePublished\":\"2025-05-06T07:45:03+00:00\",\"dateModified\":\"2025-08-10T21:10:42+00:00\",\"breadcrumb\":{\"@id\":\"https:\\\/\\\/micasa.lv\\\/lv\\\/lenka-varsts-ar-filtru-1-2-3-8-arv001-alca\\\/#breadcrumb\"},\"inLanguage\":\"lv-LV\",\"potentialAction\":[{\"@type\":\"ReadAction\",\"target\":[\"https:\\\/\\\/micasa.lv\\\/lv\\\/lenka-varsts-ar-filtru-1-2-3-8-arv001-alca\\\/\"]}]},{\"@type\":\"ImageObject\",\"inLanguage\":\"lv-LV\",\"@id\":\"https:\\\/\\\/micasa.lv\\\/lv\\\/lenka-varsts-ar-filtru-1-2-3-8-arv001-alca\\\/#primaryimage\",\"url\":\"https:\\\/\\\/micasa.lv\\\/wp-content\\\/uploads\\\/2025\\\/05\\\/arv001-nickel-polished.png\",\"contentUrl\":\"https:\\\/\\\/micasa.lv\\\/wp-content\\\/uploads\\\/2025\\\/05\\\/arv001-nickel-polished.png\",\"width\":1200,\"height\":1200},{\"@type\":\"BreadcrumbList\",\"@id\":\"https:\\\/\\\/micasa.lv\\\/lv\\\/lenka-varsts-ar-filtru-1-2-3-8-arv001-alca\\\/#breadcrumb\",\"itemListElement\":[{\"@type\":\"ListItem\",\"position\":1,\"name\":\"S\u0101kums\",\"item\":\"https:\\\/\\\/micasa.lv\\\/lv\\\/micasa\\\/\"},{\"@type\":\"ListItem\",\"position\":2,\"name\":\"Shop\",\"item\":\"https:\\\/\\\/micasa.lv\\\/lv\\\/shop\\\/\"},{\"@type\":\"ListItem\",\"position\":3,\"name\":\"Le\u0146\u0137a v\u0101rsts ar filtru 1\\\/2&#8243;\u00d73\\\/8&#8243; ARV001 Alca\"}]},{\"@type\":\"WebSite\",\"@id\":\"https:\\\/\\\/micasa.lv\\\/lv\\\/#website\",\"url\":\"https:\\\/\\\/micasa.lv\\\/lv\\\/\",\"name\":\"Micasa\",\"description\":\"\",\"potentialAction\":[{\"@type\":\"SearchAction\",\"target\":{\"@type\":\"EntryPoint\",\"urlTemplate\":\"https:\\\/\\\/micasa.lv\\\/lv\\\/?s={search_term_string}\"},\"query-input\":{\"@type\":\"PropertyValueSpecification\",\"valueRequired\":true,\"valueName\":\"search_term_string\"}}],\"inLanguage\":\"lv-LV\"}]}<\/script>\n<!-- \/ Yoast SEO plugin. -->","yoast_head_json":{"title":"Le\u0146\u0137a v\u0101rsts ar filtru 1\/2\"\u00d73\/8\" ARV001 Alca - Micasa","robots":{"index":"index","follow":"follow","max-snippet":"max-snippet:-1","max-image-preview":"max-image-preview:large","max-video-preview":"max-video-preview:-1"},"canonical":"https:\/\/micasa.lv\/lv\/lenka-varsts-ar-filtru-1-2-3-8-arv001-alca\/","og_locale":"lv_LV","og_type":"article","og_title":"Le\u0146\u0137a v\u0101rsts ar filtru 1\/2\"\u00d73\/8\" ARV001 Alca - Micasa","og_description":"V\u012btne G 1\/2&#8243; \u0160\u013c\u016btenes savienot\u0101js G 3\/8&#8243; Uzst\u0101d\u012b\u0161anai uz apmetuma Kl\u0101ja tipa jauc\u0113jkr\u0101na piesl\u0113g\u0161anai &nbsp; Iek\u013cauts net\u012brumu filtrs Apa\u013ca forma","og_url":"https:\/\/micasa.lv\/lv\/lenka-varsts-ar-filtru-1-2-3-8-arv001-alca\/","og_site_name":"Micasa","article_modified_time":"2025-08-10T21:10:42+00:00","og_image":[{"width":1200,"height":1200,"url":"https:\/\/micasa.lv\/wp-content\/uploads\/2025\/05\/arv001-nickel-polished.png","type":"image\/png"}],"twitter_card":"summary_large_image","schema":{"@context":"https:\/\/schema.org","@graph":[{"@type":"WebPage","@id":"https:\/\/micasa.lv\/lv\/lenka-varsts-ar-filtru-1-2-3-8-arv001-alca\/","url":"https:\/\/micasa.lv\/lv\/lenka-varsts-ar-filtru-1-2-3-8-arv001-alca\/","name":"Le\u0146\u0137a v\u0101rsts ar filtru 1\/2\"\u00d73\/8\" ARV001 Alca - Micasa","isPartOf":{"@id":"https:\/\/micasa.lv\/lv\/#website"},"primaryImageOfPage":{"@id":"https:\/\/micasa.lv\/lv\/lenka-varsts-ar-filtru-1-2-3-8-arv001-alca\/#primaryimage"},"image":{"@id":"https:\/\/micasa.lv\/lv\/lenka-varsts-ar-filtru-1-2-3-8-arv001-alca\/#primaryimage"},"thumbnailUrl":"https:\/\/micasa.lv\/wp-content\/uploads\/2025\/05\/arv001-nickel-polished.png","datePublished":"2025-05-06T07:45:03+00:00","dateModified":"2025-08-10T21:10:42+00:00","breadcrumb":{"@id":"https:\/\/micasa.lv\/lv\/lenka-varsts-ar-filtru-1-2-3-8-arv001-alca\/#breadcrumb"},"inLanguage":"lv-LV","potentialAction":[{"@type":"ReadAction","target":["https:\/\/micasa.lv\/lv\/lenka-varsts-ar-filtru-1-2-3-8-arv001-alca\/"]}]},{"@type":"ImageObject","inLanguage":"lv-LV","@id":"https:\/\/micasa.lv\/lv\/lenka-varsts-ar-filtru-1-2-3-8-arv001-alca\/#primaryimage","url":"https:\/\/micasa.lv\/wp-content\/uploads\/2025\/05\/arv001-nickel-polished.png","contentUrl":"https:\/\/micasa.lv\/wp-content\/uploads\/2025\/05\/arv001-nickel-polished.png","width":1200,"height":1200},{"@type":"BreadcrumbList","@id":"https:\/\/micasa.lv\/lv\/lenka-varsts-ar-filtru-1-2-3-8-arv001-alca\/#breadcrumb","itemListElement":[{"@type":"ListItem","position":1,"name":"S\u0101kums","item":"https:\/\/micasa.lv\/lv\/micasa\/"},{"@type":"ListItem","position":2,"name":"Shop","item":"https:\/\/micasa.lv\/lv\/shop\/"},{"@type":"ListItem","position":3,"name":"Le\u0146\u0137a v\u0101rsts ar filtru 1\/2&#8243;\u00d73\/8&#8243; ARV001 Alca"}]},{"@type":"WebSite","@id":"https:\/\/micasa.lv\/lv\/#website","url":"https:\/\/micasa.lv\/lv\/","name":"Micasa","description":"","potentialAction":[{"@type":"SearchAction","target":{"@type":"EntryPoint","urlTemplate":"https:\/\/micasa.lv\/lv\/?s={search_term_string}"},"query-input":{"@type":"PropertyValueSpecification","valueRequired":true,"valueName":"search_term_string"}}],"inLanguage":"lv-LV"}]}},"wcpa_form_fields":null,"_links":{"self":[{"href":"https:\/\/micasa.lv\/lv\/wp-json\/wp\/v2\/product\/55837","targetHints":{"allow":["GET"]}}],"collection":[{"href":"https:\/\/micasa.lv\/lv\/wp-json\/wp\/v2\/product"}],"about":[{"href":"https:\/\/micasa.lv\/lv\/wp-json\/wp\/v2\/types\/product"}],"version-history":[{"count":1,"href":"https:\/\/micasa.lv\/lv\/wp-json\/wp\/v2\/product\/55837\/revisions"}],"predecessor-version":[{"id":59952,"href":"https:\/\/micasa.lv\/lv\/wp-json\/wp\/v2\/product\/55837\/revisions\/59952"}],"wp:featuredmedia":[{"embeddable":true,"href":"https:\/\/micasa.lv\/lv\/wp-json\/wp\/v2\/media\/29132"}],"wp:attachment":[{"href":"https:\/\/micasa.lv\/lv\/wp-json\/wp\/v2\/media?parent=55837"}],"wp:term":[{"taxonomy":"product_brand","embeddable":true,"href":"https:\/\/micasa.lv\/lv\/wp-json\/wp\/v2\/product_brand?post=55837"},{"taxonomy":"product_cat","embeddable":true,"href":"https:\/\/micasa.lv\/lv\/wp-json\/wp\/v2\/product_cat?post=55837"},{"taxonomy":"product_tag","embeddable":true,"href":"https:\/\/micasa.lv\/lv\/wp-json\/wp\/v2\/product_tag?post=55837"}],"curies":[{"name":"wp","href":"https:\/\/api.w.org\/{rel}","templated":true}]}}