{"id":55865,"date":"2025-05-19T12:58:55","date_gmt":"2025-05-19T10:58:55","guid":{"rendered":"https:\/\/test.micasa.lv\/product\/virtuves-jaucejkrans-kitchen-tap-pull-out-mixer-linear-buster-punch\/"},"modified":"2025-08-11T00:10:36","modified_gmt":"2025-08-10T21:10:36","slug":"virtuves-jaucejkrans-kitchen-tap-pull-out-mixer-linear-buster-punch","status":"publish","type":"product","link":"https:\/\/micasa.lv\/lv\/virtuves-jaucejkrans-kitchen-tap-pull-out-mixer-linear-buster-punch\/","title":{"rendered":"Virtuves jauc\u0113jkr\u0101ns Kitchen Tap \/ Pull-Out Mixer \/ Linear Buster+Punch"},"content":{"rendered":"<p>Vienas rokas virtuves jauc\u0113jkr\u0101ns ar izvelkamu izlietni, kas sajauc karsto un auksto \u016bdeni j\u016bsu virtuv\u0113.<br \/>\u0160is jauc\u0113jkr\u0101ns ir izliets, smil\u0161bl\u0113d\u0113ts un meh\u0101niski apstr\u0101d\u0101ts no mas\u012bva met\u0101la It\u0101lij\u0101.<br \/>Tam ir m\u016bsu firmas line\u0101rais raksts un tas tiek izsmalkots ar rok\u0101m.<br \/>Pieejams \u010detros met\u0101la apdares veidos: t\u0113rauds, misi\u0146\u0161, tum\u0161ais met\u0101ls (gun metal) un metin\u0101t\u0101ja melnais.   <\/p>\n<p>\u25aa Maksim\u0101lais uzst\u0101d\u012b\u0161anas virsmas biezums \u2014 70 mm, izmantojot pieg\u0101d\u0101tos stiprin\u0101jumus.<\/p>\n<p>\u25aa Minim\u0101lais ieteicamais \u016bdens spiediens: 10,2 PSI (0,7 b\u0101ri)<\/p>\n<p>\u25aa Maksim\u0101lais ieteicamais \u016bdens spiediens: 72 PSI (5 b\u0101ri)<\/p>\n<p>\u25aa Ieteicam\u0101 maksim\u0101l\u0101 karst\u0101 \u016bdens temperat\u016bra: 70\u00b0C (158\u00b0F)<\/p>\n<p>\u25aa Ieteicamais \u016bdens temperat\u016bras diapazons: 5 \u2013 60\u00b0C (41 \u2013 140\u00b0F).<br \/>Piez\u012bme: p\u0101rsniedzot \u0161\u012bs temperat\u016bras vai \u016bdens spiedienu, var rasties boj\u0101jumi jauc\u0113jkr\u0101nam. Augsta spiediena gad\u012bjum\u0101 var b\u016bt nepiecie\u0161ams uzst\u0101d\u012bt spiediena samazin\u0101\u0161anas v\u0101rstu.<br \/>Visi Buster + Punch jauc\u0113jkr\u0101ni atbilst standartam EN817. Da\u017eos gad\u012bjumos viet\u0113j\u0101s b\u016bvnormat\u012bvi var pras\u012bt augst\u0101ku minim\u0101lo \u016bdens spiediena standartu jauc\u0113jkr\u0101niem. \u0160\u0101dos gad\u012bjumos iesak\u0101m konsult\u0113ties ar sertific\u0113tu santehni\u0137i par spiediena regulatora vai l\u012bdz\u012bga ier\u012bces uzst\u0101d\u012b\u0161anu.<br \/>Jauc\u0113jkr\u0101ni ir p\u0101rbaud\u012bti darbam ar maksim\u0101lo spiedienu l\u012bdz 10 b\u0101riem (1000 kPa), bet ieteicamais darba spiediena diapazons ir 0,7 \u2013 5,0 b\u0101ri (70 kPa \u2013 500 kPa).<br \/>Att\u0113li ir ilustrat\u012bvi.          <\/p>\n","protected":false},"excerpt":{"rendered":"<p>Vienas rokas virtuves jauc\u0113jkr\u0101ns ar izvelkamu izlietni, kas sajauc karsto un auksto \u016bdeni j\u016bsu virtuv\u0113.\u0160is jauc\u0113jkr\u0101ns ir izliets, smil\u0161bl\u0113d\u0113ts un<\/p>\n","protected":false},"featured_media":51341,"template":"","meta":[],"product_brand":[],"product_cat":[3783,1901],"product_tag":[],"class_list":{"0":"post-55865","1":"product","2":"type-product","3":"status-publish","4":"has-post-thumbnail","6":"product_cat-buster-and-punch","7":"product_cat-jaucejkrani-un-dusas-sistemas","8":"pa_brand-buster-punch-lv","10":"first","11":"instock","12":"taxable","13":"shipping-taxable","14":"purchasable","15":"product-type-variable"},"yoast_head":"<!-- This site is optimized with the Yoast SEO plugin v27.4 - https:\/\/yoast.com\/product\/yoast-seo-wordpress\/ -->\n<title>Virtuves jauc\u0113jkr\u0101ns Kitchen Tap \/ Pull-Out Mixer \/ Linear Buster+Punch - Micasa<\/title>\n<meta name=\"robots\" content=\"index, follow, max-snippet:-1, max-image-preview:large, max-video-preview:-1\" \/>\n<link rel=\"canonical\" href=\"https:\/\/micasa.lv\/lv\/virtuves-jaucejkrans-kitchen-tap-pull-out-mixer-linear-buster-punch\/\" \/>\n<meta property=\"og:locale\" content=\"lv_LV\" \/>\n<meta property=\"og:type\" content=\"article\" \/>\n<meta property=\"og:title\" content=\"Virtuves jauc\u0113jkr\u0101ns Kitchen Tap \/ Pull-Out Mixer \/ Linear Buster+Punch - Micasa\" \/>\n<meta property=\"og:description\" content=\"Vienas rokas virtuves jauc\u0113jkr\u0101ns ar izvelkamu izlietni, kas sajauc karsto un auksto \u016bdeni j\u016bsu virtuv\u0113.\u0160is jauc\u0113jkr\u0101ns ir izliets, smil\u0161bl\u0113d\u0113ts un\" \/>\n<meta property=\"og:url\" content=\"https:\/\/micasa.lv\/lv\/virtuves-jaucejkrans-kitchen-tap-pull-out-mixer-linear-buster-punch\/\" \/>\n<meta property=\"og:site_name\" content=\"Micasa\" \/>\n<meta property=\"article:modified_time\" content=\"2025-08-10T21:10:36+00:00\" \/>\n<meta property=\"og:image\" content=\"https:\/\/micasa.lv\/wp-content\/uploads\/2025\/05\/bp_tap_linear_pullout_gun_metal_3.jpg\" \/>\n\t<meta property=\"og:image:width\" content=\"931\" \/>\n\t<meta property=\"og:image:height\" content=\"934\" \/>\n\t<meta property=\"og:image:type\" content=\"image\/jpeg\" \/>\n<meta name=\"twitter:card\" content=\"summary_large_image\" \/>\n<meta name=\"twitter:label1\" content=\"Est. reading time\" \/>\n\t<meta name=\"twitter:data1\" content=\"1 minute\" \/>\n<script type=\"application\/ld+json\" class=\"yoast-schema-graph\">{\"@context\":\"https:\\\/\\\/schema.org\",\"@graph\":[{\"@type\":\"WebPage\",\"@id\":\"https:\\\/\\\/micasa.lv\\\/lv\\\/virtuves-jaucejkrans-kitchen-tap-pull-out-mixer-linear-buster-punch\\\/\",\"url\":\"https:\\\/\\\/micasa.lv\\\/lv\\\/virtuves-jaucejkrans-kitchen-tap-pull-out-mixer-linear-buster-punch\\\/\",\"name\":\"Virtuves jauc\u0113jkr\u0101ns Kitchen Tap \\\/ Pull-Out Mixer \\\/ Linear Buster+Punch - Micasa\",\"isPartOf\":{\"@id\":\"https:\\\/\\\/micasa.lv\\\/lv\\\/#website\"},\"primaryImageOfPage\":{\"@id\":\"https:\\\/\\\/micasa.lv\\\/lv\\\/virtuves-jaucejkrans-kitchen-tap-pull-out-mixer-linear-buster-punch\\\/#primaryimage\"},\"image\":{\"@id\":\"https:\\\/\\\/micasa.lv\\\/lv\\\/virtuves-jaucejkrans-kitchen-tap-pull-out-mixer-linear-buster-punch\\\/#primaryimage\"},\"thumbnailUrl\":\"https:\\\/\\\/micasa.lv\\\/wp-content\\\/uploads\\\/2025\\\/05\\\/bp_tap_linear_pullout_gun_metal_3.jpg\",\"datePublished\":\"2025-05-19T10:58:55+00:00\",\"dateModified\":\"2025-08-10T21:10:36+00:00\",\"breadcrumb\":{\"@id\":\"https:\\\/\\\/micasa.lv\\\/lv\\\/virtuves-jaucejkrans-kitchen-tap-pull-out-mixer-linear-buster-punch\\\/#breadcrumb\"},\"inLanguage\":\"lv-LV\",\"potentialAction\":[{\"@type\":\"ReadAction\",\"target\":[\"https:\\\/\\\/micasa.lv\\\/lv\\\/virtuves-jaucejkrans-kitchen-tap-pull-out-mixer-linear-buster-punch\\\/\"]}]},{\"@type\":\"ImageObject\",\"inLanguage\":\"lv-LV\",\"@id\":\"https:\\\/\\\/micasa.lv\\\/lv\\\/virtuves-jaucejkrans-kitchen-tap-pull-out-mixer-linear-buster-punch\\\/#primaryimage\",\"url\":\"https:\\\/\\\/micasa.lv\\\/wp-content\\\/uploads\\\/2025\\\/05\\\/bp_tap_linear_pullout_gun_metal_3.jpg\",\"contentUrl\":\"https:\\\/\\\/micasa.lv\\\/wp-content\\\/uploads\\\/2025\\\/05\\\/bp_tap_linear_pullout_gun_metal_3.jpg\",\"width\":931,\"height\":934},{\"@type\":\"BreadcrumbList\",\"@id\":\"https:\\\/\\\/micasa.lv\\\/lv\\\/virtuves-jaucejkrans-kitchen-tap-pull-out-mixer-linear-buster-punch\\\/#breadcrumb\",\"itemListElement\":[{\"@type\":\"ListItem\",\"position\":1,\"name\":\"S\u0101kums\",\"item\":\"https:\\\/\\\/micasa.lv\\\/lv\\\/micasa\\\/\"},{\"@type\":\"ListItem\",\"position\":2,\"name\":\"Shop\",\"item\":\"https:\\\/\\\/micasa.lv\\\/lv\\\/shop\\\/\"},{\"@type\":\"ListItem\",\"position\":3,\"name\":\"Virtuves jauc\u0113jkr\u0101ns Kitchen Tap \\\/ Pull-Out Mixer \\\/ Linear Buster+Punch\"}]},{\"@type\":\"WebSite\",\"@id\":\"https:\\\/\\\/micasa.lv\\\/lv\\\/#website\",\"url\":\"https:\\\/\\\/micasa.lv\\\/lv\\\/\",\"name\":\"Micasa\",\"description\":\"\",\"potentialAction\":[{\"@type\":\"SearchAction\",\"target\":{\"@type\":\"EntryPoint\",\"urlTemplate\":\"https:\\\/\\\/micasa.lv\\\/lv\\\/?s={search_term_string}\"},\"query-input\":{\"@type\":\"PropertyValueSpecification\",\"valueRequired\":true,\"valueName\":\"search_term_string\"}}],\"inLanguage\":\"lv-LV\"}]}<\/script>\n<!-- \/ Yoast SEO plugin. -->","yoast_head_json":{"title":"Virtuves jauc\u0113jkr\u0101ns Kitchen Tap \/ Pull-Out Mixer \/ Linear Buster+Punch - Micasa","robots":{"index":"index","follow":"follow","max-snippet":"max-snippet:-1","max-image-preview":"max-image-preview:large","max-video-preview":"max-video-preview:-1"},"canonical":"https:\/\/micasa.lv\/lv\/virtuves-jaucejkrans-kitchen-tap-pull-out-mixer-linear-buster-punch\/","og_locale":"lv_LV","og_type":"article","og_title":"Virtuves jauc\u0113jkr\u0101ns Kitchen Tap \/ Pull-Out Mixer \/ Linear Buster+Punch - Micasa","og_description":"Vienas rokas virtuves jauc\u0113jkr\u0101ns ar izvelkamu izlietni, kas sajauc karsto un auksto \u016bdeni j\u016bsu virtuv\u0113.\u0160is jauc\u0113jkr\u0101ns ir izliets, smil\u0161bl\u0113d\u0113ts un","og_url":"https:\/\/micasa.lv\/lv\/virtuves-jaucejkrans-kitchen-tap-pull-out-mixer-linear-buster-punch\/","og_site_name":"Micasa","article_modified_time":"2025-08-10T21:10:36+00:00","og_image":[{"width":931,"height":934,"url":"https:\/\/micasa.lv\/wp-content\/uploads\/2025\/05\/bp_tap_linear_pullout_gun_metal_3.jpg","type":"image\/jpeg"}],"twitter_card":"summary_large_image","twitter_misc":{"Est. reading time":"1 minute"},"schema":{"@context":"https:\/\/schema.org","@graph":[{"@type":"WebPage","@id":"https:\/\/micasa.lv\/lv\/virtuves-jaucejkrans-kitchen-tap-pull-out-mixer-linear-buster-punch\/","url":"https:\/\/micasa.lv\/lv\/virtuves-jaucejkrans-kitchen-tap-pull-out-mixer-linear-buster-punch\/","name":"Virtuves jauc\u0113jkr\u0101ns Kitchen Tap \/ Pull-Out Mixer \/ Linear Buster+Punch - Micasa","isPartOf":{"@id":"https:\/\/micasa.lv\/lv\/#website"},"primaryImageOfPage":{"@id":"https:\/\/micasa.lv\/lv\/virtuves-jaucejkrans-kitchen-tap-pull-out-mixer-linear-buster-punch\/#primaryimage"},"image":{"@id":"https:\/\/micasa.lv\/lv\/virtuves-jaucejkrans-kitchen-tap-pull-out-mixer-linear-buster-punch\/#primaryimage"},"thumbnailUrl":"https:\/\/micasa.lv\/wp-content\/uploads\/2025\/05\/bp_tap_linear_pullout_gun_metal_3.jpg","datePublished":"2025-05-19T10:58:55+00:00","dateModified":"2025-08-10T21:10:36+00:00","breadcrumb":{"@id":"https:\/\/micasa.lv\/lv\/virtuves-jaucejkrans-kitchen-tap-pull-out-mixer-linear-buster-punch\/#breadcrumb"},"inLanguage":"lv-LV","potentialAction":[{"@type":"ReadAction","target":["https:\/\/micasa.lv\/lv\/virtuves-jaucejkrans-kitchen-tap-pull-out-mixer-linear-buster-punch\/"]}]},{"@type":"ImageObject","inLanguage":"lv-LV","@id":"https:\/\/micasa.lv\/lv\/virtuves-jaucejkrans-kitchen-tap-pull-out-mixer-linear-buster-punch\/#primaryimage","url":"https:\/\/micasa.lv\/wp-content\/uploads\/2025\/05\/bp_tap_linear_pullout_gun_metal_3.jpg","contentUrl":"https:\/\/micasa.lv\/wp-content\/uploads\/2025\/05\/bp_tap_linear_pullout_gun_metal_3.jpg","width":931,"height":934},{"@type":"BreadcrumbList","@id":"https:\/\/micasa.lv\/lv\/virtuves-jaucejkrans-kitchen-tap-pull-out-mixer-linear-buster-punch\/#breadcrumb","itemListElement":[{"@type":"ListItem","position":1,"name":"S\u0101kums","item":"https:\/\/micasa.lv\/lv\/micasa\/"},{"@type":"ListItem","position":2,"name":"Shop","item":"https:\/\/micasa.lv\/lv\/shop\/"},{"@type":"ListItem","position":3,"name":"Virtuves jauc\u0113jkr\u0101ns Kitchen Tap \/ Pull-Out Mixer \/ Linear Buster+Punch"}]},{"@type":"WebSite","@id":"https:\/\/micasa.lv\/lv\/#website","url":"https:\/\/micasa.lv\/lv\/","name":"Micasa","description":"","potentialAction":[{"@type":"SearchAction","target":{"@type":"EntryPoint","urlTemplate":"https:\/\/micasa.lv\/lv\/?s={search_term_string}"},"query-input":{"@type":"PropertyValueSpecification","valueRequired":true,"valueName":"search_term_string"}}],"inLanguage":"lv-LV"}]}},"wcpa_form_fields":null,"_links":{"self":[{"href":"https:\/\/micasa.lv\/lv\/wp-json\/wp\/v2\/product\/55865","targetHints":{"allow":["GET"]}}],"collection":[{"href":"https:\/\/micasa.lv\/lv\/wp-json\/wp\/v2\/product"}],"about":[{"href":"https:\/\/micasa.lv\/lv\/wp-json\/wp\/v2\/types\/product"}],"version-history":[{"count":1,"href":"https:\/\/micasa.lv\/lv\/wp-json\/wp\/v2\/product\/55865\/revisions"}],"predecessor-version":[{"id":59940,"href":"https:\/\/micasa.lv\/lv\/wp-json\/wp\/v2\/product\/55865\/revisions\/59940"}],"wp:featuredmedia":[{"embeddable":true,"href":"https:\/\/micasa.lv\/lv\/wp-json\/wp\/v2\/media\/51341"}],"wp:attachment":[{"href":"https:\/\/micasa.lv\/lv\/wp-json\/wp\/v2\/media?parent=55865"}],"wp:term":[{"taxonomy":"product_brand","embeddable":true,"href":"https:\/\/micasa.lv\/lv\/wp-json\/wp\/v2\/product_brand?post=55865"},{"taxonomy":"product_cat","embeddable":true,"href":"https:\/\/micasa.lv\/lv\/wp-json\/wp\/v2\/product_cat?post=55865"},{"taxonomy":"product_tag","embeddable":true,"href":"https:\/\/micasa.lv\/lv\/wp-json\/wp\/v2\/product_tag?post=55865"}],"curies":[{"name":"wp","href":"https:\/\/api.w.org\/{rel}","templated":true}]}}