{"id":55873,"date":"2025-05-19T12:36:12","date_gmt":"2025-05-19T10:36:12","guid":{"rendered":"https:\/\/test.micasa.lv\/product\/virtuves-jaucejkrans-kitchen-tap-pull-out-mixer-cross-buster-punch\/"},"modified":"2025-11-05T14:04:20","modified_gmt":"2025-11-05T11:04:20","slug":"virtuves-jaucejkrans-kitchen-tap-pull-out-mixer-cross-buster-punch","status":"publish","type":"product","link":"https:\/\/micasa.lv\/lv\/virtuves-jaucejkrans-kitchen-tap-pull-out-mixer-cross-buster-punch\/","title":{"rendered":"Virtuves jauc\u0113jkr\u0101ns Kitchen Tap \/ Pull-Out Mixer \/ Cross Buster+Punch"},"content":{"rendered":"<p>Vienas sviras virtuves jauc\u0113jkr\u0101ns ar izvelkamu izteku, kas sajauc karsto un auksto \u016bdeni no j\u016bsu virtuves \u016bdens padeves.<br \/>Ra\u017eots It\u0101lij\u0101 no mas\u012bva met\u0101la, izmantojot lie\u0161anu, smil\u0161u str\u016bklu un prec\u012bzu meh\u0101nisko apstr\u0101di.<br \/>Apr\u012bkots ar m\u016bsu firmas \u0161\u0137\u0113rssv\u012btru grav\u0113jumu (cross-knurl) un apstr\u0101d\u0101ts ar rok\u0101m l\u012bdz piln\u012bbai.<br \/>Pieejams \u010detros met\u0101la apdares variantos: t\u0113rauds, misi\u0146\u0161, gun metal un metin\u0101t\u0101ja melnais (welder\u2019s black).   <\/p>\n<p>\u25aa Maksim\u0101lais uzst\u0101d\u0101m\u0101s virsmas biezums \u2014 70 mm (izmantojot komplekt\u0101 iek\u013cautos stiprin\u0101jumus)<\/p>\n<p>\u25aa Minim\u0101lais ieteicamais \u016bdens spiediens: 10,2 PSI (0,7 b\u0101ri)<\/p>\n<p>\u25aa Maksim\u0101lais ieteicamais \u016bdens spiediens: 72 PSI (5 b\u0101ri)<\/p>\n<p>\u25aa Ieteicam\u0101 maksim\u0101l\u0101 karst\u0101 \u016bdens temperat\u016bra: 70\u00b0C (158\u00b0F)<\/p>\n<p>Ieteicamais temperat\u016bras diapazons: 5 \u2013 60\u00b0C (41 \u2013 140\u00b0F)<br \/>Piez\u012bme: \u0160o temperat\u016bru vai \u016bdens spiediena p\u0101rsnieg\u0161ana var saboj\u0101t jauc\u0113jkr\u0101nu. Augsta \u016bdens spiediena situ\u0101cij\u0101s var b\u016bt nepiecie\u0161ams uzst\u0101d\u012bt spiediena redukcijas v\u0101rstu. Visi Buster + Punch jauc\u0113jkr\u0101ni atbilst standartam EN817. Da\u017eos gad\u012bjumos viet\u0113jie m\u0101jok\u013cu noteikumi var piepras\u012bt, lai jauc\u0113jkr\u0101ni atbilstu augst\u0101kam minim\u0101l\u0101 \u016bdens spiediena standartam. \u0160\u0101d\u0101 gad\u012bjum\u0101 m\u0113s iesak\u0101m konsult\u0113ties ar sertific\u0113tu santehni\u0137i par spiediena regulatora vai l\u012bdz\u012bgas ier\u012bces uzst\u0101d\u012b\u0161anu. Visi Buster + Punch jauc\u0113jkr\u0101ni atbilst standartam EN817. Da\u017eos gad\u012bjumos viet\u0113jie m\u0101jok\u013cu noteikumi var piepras\u012bt, lai jauc\u0113jkr\u0101ni atbilstu augst\u0101kam minim\u0101l\u0101 \u016bdens spiediena standartam. \u0160\u0101d\u0101 gad\u012bjum\u0101 m\u0113s iesak\u0101m konsult\u0113ties ar sertific\u0113tu santehni\u0137i par spiediena regulatora vai l\u012bdz\u012bgas ier\u012bces uzst\u0101d\u012b\u0161anu. Jauc\u0113jkr\u0101ni tiek p\u0101rbaud\u012bti darbam ar maks. 10 \u0431\u0430\u0440 (1000 \u043a\u041f\u0430), \u0430 \u0440\u0435\u043a\u043e\u043c\u0435\u043d\u0434\u0443\u0435\u043c\u044b\u0439 \u0434\u0438\u0430\u043f\u0430\u0437\u043e\u043d \u0440\u0430\u0431\u043e\u0447\u0435\u0433\u043e \u0434\u0430\u0432\u043b\u0435\u043d\u0438\u044f \u0441\u043e\u0441\u0442\u0430\u0432\u043b\u044f\u0435\u0442 0,7 \u2013 5,0 \u0431\u0430\u0440 (70 \u043a\u041f\u0430 \u2013 500 \u043a\u041f\u0430). Att\u0113li ir paredz\u0113ti tikai ilustrat\u012bviem m\u0113r\u0137iem.<\/p>\n","protected":false},"excerpt":{"rendered":"<p>Vienas sviras virtuves jauc\u0113jkr\u0101ns ar izvelkamu izteku, kas sajauc karsto un auksto \u016bdeni no j\u016bsu virtuves \u016bdens padeves.Ra\u017eots It\u0101lij\u0101 no<\/p>\n","protected":false},"featured_media":51296,"template":"","meta":[],"product_brand":[],"product_cat":[3783,1901],"product_tag":[],"class_list":{"0":"post-55873","1":"product","2":"type-product","3":"status-publish","4":"has-post-thumbnail","6":"product_cat-buster-and-punch","7":"product_cat-jaucejkrani-un-dusas-sistemas","8":"pa_brand-buster-punch-lv","10":"first","11":"instock","12":"taxable","13":"shipping-taxable","14":"purchasable","15":"product-type-variable"},"yoast_head":"<!-- This site is optimized with the Yoast SEO plugin v27.4 - https:\/\/yoast.com\/product\/yoast-seo-wordpress\/ -->\n<title>Virtuves jauc\u0113jkr\u0101ns Kitchen Tap \/ Pull-Out Mixer \/ Cross Buster+Punch - Micasa<\/title>\n<meta name=\"robots\" content=\"index, follow, max-snippet:-1, max-image-preview:large, max-video-preview:-1\" \/>\n<link rel=\"canonical\" href=\"https:\/\/micasa.lv\/lv\/virtuves-jaucejkrans-kitchen-tap-pull-out-mixer-cross-buster-punch\/\" \/>\n<meta property=\"og:locale\" content=\"lv_LV\" \/>\n<meta property=\"og:type\" content=\"article\" \/>\n<meta property=\"og:title\" content=\"Virtuves jauc\u0113jkr\u0101ns Kitchen Tap \/ Pull-Out Mixer \/ Cross Buster+Punch - Micasa\" \/>\n<meta property=\"og:description\" content=\"Vienas sviras virtuves jauc\u0113jkr\u0101ns ar izvelkamu izteku, kas sajauc karsto un auksto \u016bdeni no j\u016bsu virtuves \u016bdens padeves.Ra\u017eots It\u0101lij\u0101 no\" \/>\n<meta property=\"og:url\" content=\"https:\/\/micasa.lv\/lv\/virtuves-jaucejkrans-kitchen-tap-pull-out-mixer-cross-buster-punch\/\" \/>\n<meta property=\"og:site_name\" content=\"Micasa\" \/>\n<meta property=\"article:modified_time\" content=\"2025-11-05T11:04:20+00:00\" \/>\n<meta property=\"og:image\" content=\"https:\/\/micasa.lv\/wp-content\/uploads\/2025\/05\/bp_tap_cross_pullout_gun_metal_3.jpg\" \/>\n\t<meta property=\"og:image:width\" content=\"673\" \/>\n\t<meta property=\"og:image:height\" content=\"675\" \/>\n\t<meta property=\"og:image:type\" content=\"image\/jpeg\" \/>\n<meta name=\"twitter:card\" content=\"summary_large_image\" \/>\n<meta name=\"twitter:label1\" content=\"Est. reading time\" \/>\n\t<meta name=\"twitter:data1\" content=\"2 minutes\" \/>\n<script type=\"application\/ld+json\" class=\"yoast-schema-graph\">{\"@context\":\"https:\\\/\\\/schema.org\",\"@graph\":[{\"@type\":\"WebPage\",\"@id\":\"https:\\\/\\\/micasa.lv\\\/lv\\\/virtuves-jaucejkrans-kitchen-tap-pull-out-mixer-cross-buster-punch\\\/\",\"url\":\"https:\\\/\\\/micasa.lv\\\/lv\\\/virtuves-jaucejkrans-kitchen-tap-pull-out-mixer-cross-buster-punch\\\/\",\"name\":\"Virtuves jauc\u0113jkr\u0101ns Kitchen Tap \\\/ Pull-Out Mixer \\\/ Cross Buster+Punch - Micasa\",\"isPartOf\":{\"@id\":\"https:\\\/\\\/micasa.lv\\\/lv\\\/#website\"},\"primaryImageOfPage\":{\"@id\":\"https:\\\/\\\/micasa.lv\\\/lv\\\/virtuves-jaucejkrans-kitchen-tap-pull-out-mixer-cross-buster-punch\\\/#primaryimage\"},\"image\":{\"@id\":\"https:\\\/\\\/micasa.lv\\\/lv\\\/virtuves-jaucejkrans-kitchen-tap-pull-out-mixer-cross-buster-punch\\\/#primaryimage\"},\"thumbnailUrl\":\"https:\\\/\\\/micasa.lv\\\/wp-content\\\/uploads\\\/2025\\\/05\\\/bp_tap_cross_pullout_gun_metal_3.jpg\",\"datePublished\":\"2025-05-19T10:36:12+00:00\",\"dateModified\":\"2025-11-05T11:04:20+00:00\",\"breadcrumb\":{\"@id\":\"https:\\\/\\\/micasa.lv\\\/lv\\\/virtuves-jaucejkrans-kitchen-tap-pull-out-mixer-cross-buster-punch\\\/#breadcrumb\"},\"inLanguage\":\"lv-LV\",\"potentialAction\":[{\"@type\":\"ReadAction\",\"target\":[\"https:\\\/\\\/micasa.lv\\\/lv\\\/virtuves-jaucejkrans-kitchen-tap-pull-out-mixer-cross-buster-punch\\\/\"]}]},{\"@type\":\"ImageObject\",\"inLanguage\":\"lv-LV\",\"@id\":\"https:\\\/\\\/micasa.lv\\\/lv\\\/virtuves-jaucejkrans-kitchen-tap-pull-out-mixer-cross-buster-punch\\\/#primaryimage\",\"url\":\"https:\\\/\\\/micasa.lv\\\/wp-content\\\/uploads\\\/2025\\\/05\\\/bp_tap_cross_pullout_gun_metal_3.jpg\",\"contentUrl\":\"https:\\\/\\\/micasa.lv\\\/wp-content\\\/uploads\\\/2025\\\/05\\\/bp_tap_cross_pullout_gun_metal_3.jpg\",\"width\":673,\"height\":675},{\"@type\":\"BreadcrumbList\",\"@id\":\"https:\\\/\\\/micasa.lv\\\/lv\\\/virtuves-jaucejkrans-kitchen-tap-pull-out-mixer-cross-buster-punch\\\/#breadcrumb\",\"itemListElement\":[{\"@type\":\"ListItem\",\"position\":1,\"name\":\"S\u0101kums\",\"item\":\"https:\\\/\\\/micasa.lv\\\/lv\\\/micasa\\\/\"},{\"@type\":\"ListItem\",\"position\":2,\"name\":\"Shop\",\"item\":\"https:\\\/\\\/micasa.lv\\\/lv\\\/shop\\\/\"},{\"@type\":\"ListItem\",\"position\":3,\"name\":\"Virtuves jauc\u0113jkr\u0101ns Kitchen Tap \\\/ Pull-Out Mixer \\\/ Cross Buster+Punch\"}]},{\"@type\":\"WebSite\",\"@id\":\"https:\\\/\\\/micasa.lv\\\/lv\\\/#website\",\"url\":\"https:\\\/\\\/micasa.lv\\\/lv\\\/\",\"name\":\"Micasa\",\"description\":\"\",\"potentialAction\":[{\"@type\":\"SearchAction\",\"target\":{\"@type\":\"EntryPoint\",\"urlTemplate\":\"https:\\\/\\\/micasa.lv\\\/lv\\\/?s={search_term_string}\"},\"query-input\":{\"@type\":\"PropertyValueSpecification\",\"valueRequired\":true,\"valueName\":\"search_term_string\"}}],\"inLanguage\":\"lv-LV\"}]}<\/script>\n<!-- \/ Yoast SEO plugin. -->","yoast_head_json":{"title":"Virtuves jauc\u0113jkr\u0101ns Kitchen Tap \/ Pull-Out Mixer \/ Cross Buster+Punch - Micasa","robots":{"index":"index","follow":"follow","max-snippet":"max-snippet:-1","max-image-preview":"max-image-preview:large","max-video-preview":"max-video-preview:-1"},"canonical":"https:\/\/micasa.lv\/lv\/virtuves-jaucejkrans-kitchen-tap-pull-out-mixer-cross-buster-punch\/","og_locale":"lv_LV","og_type":"article","og_title":"Virtuves jauc\u0113jkr\u0101ns Kitchen Tap \/ Pull-Out Mixer \/ Cross Buster+Punch - Micasa","og_description":"Vienas sviras virtuves jauc\u0113jkr\u0101ns ar izvelkamu izteku, kas sajauc karsto un auksto \u016bdeni no j\u016bsu virtuves \u016bdens padeves.Ra\u017eots It\u0101lij\u0101 no","og_url":"https:\/\/micasa.lv\/lv\/virtuves-jaucejkrans-kitchen-tap-pull-out-mixer-cross-buster-punch\/","og_site_name":"Micasa","article_modified_time":"2025-11-05T11:04:20+00:00","og_image":[{"width":673,"height":675,"url":"https:\/\/micasa.lv\/wp-content\/uploads\/2025\/05\/bp_tap_cross_pullout_gun_metal_3.jpg","type":"image\/jpeg"}],"twitter_card":"summary_large_image","twitter_misc":{"Est. reading time":"2 minutes"},"schema":{"@context":"https:\/\/schema.org","@graph":[{"@type":"WebPage","@id":"https:\/\/micasa.lv\/lv\/virtuves-jaucejkrans-kitchen-tap-pull-out-mixer-cross-buster-punch\/","url":"https:\/\/micasa.lv\/lv\/virtuves-jaucejkrans-kitchen-tap-pull-out-mixer-cross-buster-punch\/","name":"Virtuves jauc\u0113jkr\u0101ns Kitchen Tap \/ Pull-Out Mixer \/ Cross Buster+Punch - Micasa","isPartOf":{"@id":"https:\/\/micasa.lv\/lv\/#website"},"primaryImageOfPage":{"@id":"https:\/\/micasa.lv\/lv\/virtuves-jaucejkrans-kitchen-tap-pull-out-mixer-cross-buster-punch\/#primaryimage"},"image":{"@id":"https:\/\/micasa.lv\/lv\/virtuves-jaucejkrans-kitchen-tap-pull-out-mixer-cross-buster-punch\/#primaryimage"},"thumbnailUrl":"https:\/\/micasa.lv\/wp-content\/uploads\/2025\/05\/bp_tap_cross_pullout_gun_metal_3.jpg","datePublished":"2025-05-19T10:36:12+00:00","dateModified":"2025-11-05T11:04:20+00:00","breadcrumb":{"@id":"https:\/\/micasa.lv\/lv\/virtuves-jaucejkrans-kitchen-tap-pull-out-mixer-cross-buster-punch\/#breadcrumb"},"inLanguage":"lv-LV","potentialAction":[{"@type":"ReadAction","target":["https:\/\/micasa.lv\/lv\/virtuves-jaucejkrans-kitchen-tap-pull-out-mixer-cross-buster-punch\/"]}]},{"@type":"ImageObject","inLanguage":"lv-LV","@id":"https:\/\/micasa.lv\/lv\/virtuves-jaucejkrans-kitchen-tap-pull-out-mixer-cross-buster-punch\/#primaryimage","url":"https:\/\/micasa.lv\/wp-content\/uploads\/2025\/05\/bp_tap_cross_pullout_gun_metal_3.jpg","contentUrl":"https:\/\/micasa.lv\/wp-content\/uploads\/2025\/05\/bp_tap_cross_pullout_gun_metal_3.jpg","width":673,"height":675},{"@type":"BreadcrumbList","@id":"https:\/\/micasa.lv\/lv\/virtuves-jaucejkrans-kitchen-tap-pull-out-mixer-cross-buster-punch\/#breadcrumb","itemListElement":[{"@type":"ListItem","position":1,"name":"S\u0101kums","item":"https:\/\/micasa.lv\/lv\/micasa\/"},{"@type":"ListItem","position":2,"name":"Shop","item":"https:\/\/micasa.lv\/lv\/shop\/"},{"@type":"ListItem","position":3,"name":"Virtuves jauc\u0113jkr\u0101ns Kitchen Tap \/ Pull-Out Mixer \/ Cross Buster+Punch"}]},{"@type":"WebSite","@id":"https:\/\/micasa.lv\/lv\/#website","url":"https:\/\/micasa.lv\/lv\/","name":"Micasa","description":"","potentialAction":[{"@type":"SearchAction","target":{"@type":"EntryPoint","urlTemplate":"https:\/\/micasa.lv\/lv\/?s={search_term_string}"},"query-input":{"@type":"PropertyValueSpecification","valueRequired":true,"valueName":"search_term_string"}}],"inLanguage":"lv-LV"}]}},"wcpa_form_fields":null,"_links":{"self":[{"href":"https:\/\/micasa.lv\/lv\/wp-json\/wp\/v2\/product\/55873","targetHints":{"allow":["GET"]}}],"collection":[{"href":"https:\/\/micasa.lv\/lv\/wp-json\/wp\/v2\/product"}],"about":[{"href":"https:\/\/micasa.lv\/lv\/wp-json\/wp\/v2\/types\/product"}],"version-history":[{"count":2,"href":"https:\/\/micasa.lv\/lv\/wp-json\/wp\/v2\/product\/55873\/revisions"}],"predecessor-version":[{"id":65357,"href":"https:\/\/micasa.lv\/lv\/wp-json\/wp\/v2\/product\/55873\/revisions\/65357"}],"wp:featuredmedia":[{"embeddable":true,"href":"https:\/\/micasa.lv\/lv\/wp-json\/wp\/v2\/media\/51296"}],"wp:attachment":[{"href":"https:\/\/micasa.lv\/lv\/wp-json\/wp\/v2\/media?parent=55873"}],"wp:term":[{"taxonomy":"product_brand","embeddable":true,"href":"https:\/\/micasa.lv\/lv\/wp-json\/wp\/v2\/product_brand?post=55873"},{"taxonomy":"product_cat","embeddable":true,"href":"https:\/\/micasa.lv\/lv\/wp-json\/wp\/v2\/product_cat?post=55873"},{"taxonomy":"product_tag","embeddable":true,"href":"https:\/\/micasa.lv\/lv\/wp-json\/wp\/v2\/product_tag?post=55873"}],"curies":[{"name":"wp","href":"https:\/\/api.w.org\/{rel}","templated":true}]}}