{"id":55901,"date":"2025-04-01T11:07:30","date_gmt":"2025-04-01T08:07:30","guid":{"rendered":"https:\/\/test.micasa.lv\/product\/koka-parkets-bjelin-matets-2378-271-11-mm\/"},"modified":"2025-11-08T19:03:20","modified_gmt":"2025-11-08T16:03:20","slug":"koka-parkets-bjelin-matets-2378-271-11-mm","status":"publish","type":"product","link":"https:\/\/micasa.lv\/lv\/koka-parkets-bjelin-matets-2378-271-11-mm\/","title":{"rendered":"Koka parkets Bjelin, mat\u0113ts, 2378 \u00d7 271 \u00d7 11 mm"},"content":{"rendered":"<p data-start=\"11\" data-end=\"84\">Bjelin paaugstin\u0101tas ciet\u012bbas ozolkoka parkets ar akrila lakas p\u0101rkl\u0101jumu.<\/p>\n<p data-start=\"86\" data-end=\"183\">Kop\u0113jais biezums 11 mm, apr\u012bkots ar 5G klik savienojumu \u0101trai un prec\u012bzai iekl\u0101\u0161anai.<\/p>\n<p data-start=\"185\" data-end=\"200\">Parkets ir:<\/p>\n<ul data-start=\"201\" data-end=\"351\">\n<li data-start=\"201\" data-end=\"222\">\n<p data-start=\"203\" data-end=\"222\">mitrumiztur\u012bgs,<\/p>\n<\/li>\n<li data-start=\"223\" data-end=\"242\">\n<p data-start=\"225\" data-end=\"242\">triecieniztur\u012bgs,<\/p>\n<\/li>\n<li data-start=\"243\" data-end=\"277\">\n<p data-start=\"245\" data-end=\"277\">piem\u0113rots apsild\u0101m\u0101m gr\u012bd\u0101m,<\/p>\n<\/li>\n<li data-start=\"278\" data-end=\"351\">\n<p data-start=\"280\" data-end=\"351\">paredz\u0113ts gan dz\u012bvojam\u0101m telp\u0101m, gan komerctelp\u0101m ar augstu noslodzi.<\/p>\n<\/li>\n<\/ul>\n<p data-start=\"353\" data-end=\"378\">Nodilumiztur\u012bbas klase: 33<\/p>\n","protected":false},"excerpt":{"rendered":"<p>Bjelin paaugstin\u0101tas ciet\u012bbas ozolkoka parkets ar akrila lakas p\u0101rkl\u0101jumu. Kop\u0113jais biezums 11 mm, apr\u012bkots ar 5G klik savienojumu \u0101trai un<\/p>\n","protected":false},"featured_media":23940,"template":"","meta":[],"product_brand":[],"product_cat":[1959],"product_tag":[],"class_list":{"0":"post-55901","1":"product","2":"type-product","3":"status-publish","4":"has-post-thumbnail","6":"product_cat-koka-parkets","7":"pa_brand-bjelin-lv","9":"first","10":"instock","11":"taxable","12":"shipping-taxable","13":"purchasable","14":"product-type-variable"},"yoast_head":"<!-- This site is optimized with the Yoast SEO plugin v27.4 - https:\/\/yoast.com\/product\/yoast-seo-wordpress\/ -->\n<title>Koka parkets Bjelin, mat\u0113ts, 2378 \u00d7 271 \u00d7 11 mm - Micasa<\/title>\n<meta name=\"robots\" content=\"index, follow, max-snippet:-1, max-image-preview:large, max-video-preview:-1\" \/>\n<link rel=\"canonical\" href=\"https:\/\/micasa.lv\/lv\/koka-parkets-bjelin-matets-2378-271-11-mm\/\" \/>\n<meta property=\"og:locale\" content=\"lv_LV\" \/>\n<meta property=\"og:type\" content=\"article\" \/>\n<meta property=\"og:title\" content=\"Koka parkets Bjelin, mat\u0113ts, 2378 \u00d7 271 \u00d7 11 mm - Micasa\" \/>\n<meta property=\"og:description\" content=\"Bjelin paaugstin\u0101tas ciet\u012bbas ozolkoka parkets ar akrila lakas p\u0101rkl\u0101jumu. Kop\u0113jais biezums 11 mm, apr\u012bkots ar 5G klik savienojumu \u0101trai un\" \/>\n<meta property=\"og:url\" content=\"https:\/\/micasa.lv\/lv\/koka-parkets-bjelin-matets-2378-271-11-mm\/\" \/>\n<meta property=\"og:site_name\" content=\"Micasa\" \/>\n<meta property=\"article:modified_time\" content=\"2025-11-08T16:03:20+00:00\" \/>\n<meta property=\"og:image\" content=\"https:\/\/micasa.lv\/wp-content\/uploads\/2025\/04\/LOSHULT_3.0_XXL_main.webp\" \/>\n\t<meta property=\"og:image:width\" content=\"1200\" \/>\n\t<meta property=\"og:image:height\" content=\"1200\" \/>\n\t<meta property=\"og:image:type\" content=\"image\/webp\" \/>\n<meta name=\"twitter:card\" content=\"summary_large_image\" \/>\n<script type=\"application\/ld+json\" class=\"yoast-schema-graph\">{\"@context\":\"https:\\\/\\\/schema.org\",\"@graph\":[{\"@type\":\"WebPage\",\"@id\":\"https:\\\/\\\/micasa.lv\\\/lv\\\/koka-parkets-bjelin-matets-2378-271-11-mm\\\/\",\"url\":\"https:\\\/\\\/micasa.lv\\\/lv\\\/koka-parkets-bjelin-matets-2378-271-11-mm\\\/\",\"name\":\"Koka parkets Bjelin, mat\u0113ts, 2378 \u00d7 271 \u00d7 11 mm - Micasa\",\"isPartOf\":{\"@id\":\"https:\\\/\\\/micasa.lv\\\/lv\\\/#website\"},\"primaryImageOfPage\":{\"@id\":\"https:\\\/\\\/micasa.lv\\\/lv\\\/koka-parkets-bjelin-matets-2378-271-11-mm\\\/#primaryimage\"},\"image\":{\"@id\":\"https:\\\/\\\/micasa.lv\\\/lv\\\/koka-parkets-bjelin-matets-2378-271-11-mm\\\/#primaryimage\"},\"thumbnailUrl\":\"https:\\\/\\\/micasa.lv\\\/wp-content\\\/uploads\\\/2025\\\/04\\\/LOSHULT_3.0_XXL_main.webp\",\"datePublished\":\"2025-04-01T08:07:30+00:00\",\"dateModified\":\"2025-11-08T16:03:20+00:00\",\"breadcrumb\":{\"@id\":\"https:\\\/\\\/micasa.lv\\\/lv\\\/koka-parkets-bjelin-matets-2378-271-11-mm\\\/#breadcrumb\"},\"inLanguage\":\"lv-LV\",\"potentialAction\":[{\"@type\":\"ReadAction\",\"target\":[\"https:\\\/\\\/micasa.lv\\\/lv\\\/koka-parkets-bjelin-matets-2378-271-11-mm\\\/\"]}]},{\"@type\":\"ImageObject\",\"inLanguage\":\"lv-LV\",\"@id\":\"https:\\\/\\\/micasa.lv\\\/lv\\\/koka-parkets-bjelin-matets-2378-271-11-mm\\\/#primaryimage\",\"url\":\"https:\\\/\\\/micasa.lv\\\/wp-content\\\/uploads\\\/2025\\\/04\\\/LOSHULT_3.0_XXL_main.webp\",\"contentUrl\":\"https:\\\/\\\/micasa.lv\\\/wp-content\\\/uploads\\\/2025\\\/04\\\/LOSHULT_3.0_XXL_main.webp\",\"width\":1200,\"height\":1200},{\"@type\":\"BreadcrumbList\",\"@id\":\"https:\\\/\\\/micasa.lv\\\/lv\\\/koka-parkets-bjelin-matets-2378-271-11-mm\\\/#breadcrumb\",\"itemListElement\":[{\"@type\":\"ListItem\",\"position\":1,\"name\":\"S\u0101kums\",\"item\":\"https:\\\/\\\/micasa.lv\\\/lv\\\/micasa\\\/\"},{\"@type\":\"ListItem\",\"position\":2,\"name\":\"Shop\",\"item\":\"https:\\\/\\\/micasa.lv\\\/lv\\\/shop\\\/\"},{\"@type\":\"ListItem\",\"position\":3,\"name\":\"Koka parkets Bjelin, mat\u0113ts, 2378 \u00d7 271 \u00d7 11 mm\"}]},{\"@type\":\"WebSite\",\"@id\":\"https:\\\/\\\/micasa.lv\\\/lv\\\/#website\",\"url\":\"https:\\\/\\\/micasa.lv\\\/lv\\\/\",\"name\":\"Micasa\",\"description\":\"\",\"potentialAction\":[{\"@type\":\"SearchAction\",\"target\":{\"@type\":\"EntryPoint\",\"urlTemplate\":\"https:\\\/\\\/micasa.lv\\\/lv\\\/?s={search_term_string}\"},\"query-input\":{\"@type\":\"PropertyValueSpecification\",\"valueRequired\":true,\"valueName\":\"search_term_string\"}}],\"inLanguage\":\"lv-LV\"}]}<\/script>\n<!-- \/ Yoast SEO plugin. -->","yoast_head_json":{"title":"Koka parkets Bjelin, mat\u0113ts, 2378 \u00d7 271 \u00d7 11 mm - Micasa","robots":{"index":"index","follow":"follow","max-snippet":"max-snippet:-1","max-image-preview":"max-image-preview:large","max-video-preview":"max-video-preview:-1"},"canonical":"https:\/\/micasa.lv\/lv\/koka-parkets-bjelin-matets-2378-271-11-mm\/","og_locale":"lv_LV","og_type":"article","og_title":"Koka parkets Bjelin, mat\u0113ts, 2378 \u00d7 271 \u00d7 11 mm - Micasa","og_description":"Bjelin paaugstin\u0101tas ciet\u012bbas ozolkoka parkets ar akrila lakas p\u0101rkl\u0101jumu. Kop\u0113jais biezums 11 mm, apr\u012bkots ar 5G klik savienojumu \u0101trai un","og_url":"https:\/\/micasa.lv\/lv\/koka-parkets-bjelin-matets-2378-271-11-mm\/","og_site_name":"Micasa","article_modified_time":"2025-11-08T16:03:20+00:00","og_image":[{"width":1200,"height":1200,"url":"https:\/\/micasa.lv\/wp-content\/uploads\/2025\/04\/LOSHULT_3.0_XXL_main.webp","type":"image\/webp"}],"twitter_card":"summary_large_image","schema":{"@context":"https:\/\/schema.org","@graph":[{"@type":"WebPage","@id":"https:\/\/micasa.lv\/lv\/koka-parkets-bjelin-matets-2378-271-11-mm\/","url":"https:\/\/micasa.lv\/lv\/koka-parkets-bjelin-matets-2378-271-11-mm\/","name":"Koka parkets Bjelin, mat\u0113ts, 2378 \u00d7 271 \u00d7 11 mm - Micasa","isPartOf":{"@id":"https:\/\/micasa.lv\/lv\/#website"},"primaryImageOfPage":{"@id":"https:\/\/micasa.lv\/lv\/koka-parkets-bjelin-matets-2378-271-11-mm\/#primaryimage"},"image":{"@id":"https:\/\/micasa.lv\/lv\/koka-parkets-bjelin-matets-2378-271-11-mm\/#primaryimage"},"thumbnailUrl":"https:\/\/micasa.lv\/wp-content\/uploads\/2025\/04\/LOSHULT_3.0_XXL_main.webp","datePublished":"2025-04-01T08:07:30+00:00","dateModified":"2025-11-08T16:03:20+00:00","breadcrumb":{"@id":"https:\/\/micasa.lv\/lv\/koka-parkets-bjelin-matets-2378-271-11-mm\/#breadcrumb"},"inLanguage":"lv-LV","potentialAction":[{"@type":"ReadAction","target":["https:\/\/micasa.lv\/lv\/koka-parkets-bjelin-matets-2378-271-11-mm\/"]}]},{"@type":"ImageObject","inLanguage":"lv-LV","@id":"https:\/\/micasa.lv\/lv\/koka-parkets-bjelin-matets-2378-271-11-mm\/#primaryimage","url":"https:\/\/micasa.lv\/wp-content\/uploads\/2025\/04\/LOSHULT_3.0_XXL_main.webp","contentUrl":"https:\/\/micasa.lv\/wp-content\/uploads\/2025\/04\/LOSHULT_3.0_XXL_main.webp","width":1200,"height":1200},{"@type":"BreadcrumbList","@id":"https:\/\/micasa.lv\/lv\/koka-parkets-bjelin-matets-2378-271-11-mm\/#breadcrumb","itemListElement":[{"@type":"ListItem","position":1,"name":"S\u0101kums","item":"https:\/\/micasa.lv\/lv\/micasa\/"},{"@type":"ListItem","position":2,"name":"Shop","item":"https:\/\/micasa.lv\/lv\/shop\/"},{"@type":"ListItem","position":3,"name":"Koka parkets Bjelin, mat\u0113ts, 2378 \u00d7 271 \u00d7 11 mm"}]},{"@type":"WebSite","@id":"https:\/\/micasa.lv\/lv\/#website","url":"https:\/\/micasa.lv\/lv\/","name":"Micasa","description":"","potentialAction":[{"@type":"SearchAction","target":{"@type":"EntryPoint","urlTemplate":"https:\/\/micasa.lv\/lv\/?s={search_term_string}"},"query-input":{"@type":"PropertyValueSpecification","valueRequired":true,"valueName":"search_term_string"}}],"inLanguage":"lv-LV"}]}},"wcpa_form_fields":null,"_links":{"self":[{"href":"https:\/\/micasa.lv\/lv\/wp-json\/wp\/v2\/product\/55901","targetHints":{"allow":["GET"]}}],"collection":[{"href":"https:\/\/micasa.lv\/lv\/wp-json\/wp\/v2\/product"}],"about":[{"href":"https:\/\/micasa.lv\/lv\/wp-json\/wp\/v2\/types\/product"}],"version-history":[{"count":2,"href":"https:\/\/micasa.lv\/lv\/wp-json\/wp\/v2\/product\/55901\/revisions"}],"predecessor-version":[{"id":65454,"href":"https:\/\/micasa.lv\/lv\/wp-json\/wp\/v2\/product\/55901\/revisions\/65454"}],"wp:featuredmedia":[{"embeddable":true,"href":"https:\/\/micasa.lv\/lv\/wp-json\/wp\/v2\/media\/23940"}],"wp:attachment":[{"href":"https:\/\/micasa.lv\/lv\/wp-json\/wp\/v2\/media?parent=55901"}],"wp:term":[{"taxonomy":"product_brand","embeddable":true,"href":"https:\/\/micasa.lv\/lv\/wp-json\/wp\/v2\/product_brand?post=55901"},{"taxonomy":"product_cat","embeddable":true,"href":"https:\/\/micasa.lv\/lv\/wp-json\/wp\/v2\/product_cat?post=55901"},{"taxonomy":"product_tag","embeddable":true,"href":"https:\/\/micasa.lv\/lv\/wp-json\/wp\/v2\/product_tag?post=55901"}],"curies":[{"name":"wp","href":"https:\/\/api.w.org\/{rel}","templated":true}]}}