{"id":56064,"date":"2025-04-02T17:19:14","date_gmt":"2025-04-02T14:19:14","guid":{"rendered":"https:\/\/test.micasa.lv\/product\/paklaju-flizes-creative-spark-mohawk\/"},"modified":"2025-08-20T13:27:15","modified_gmt":"2025-08-20T10:27:15","slug":"paklaju-flizes-creative-spark-mohawk","status":"publish","type":"product","link":"https:\/\/micasa.lv\/lv\/paklaju-flizes-creative-spark-mohawk\/","title":{"rendered":"Pakl\u0101ju fl\u012bzes Creative Spark Mohawk"},"content":{"rendered":"<p>Ar spilgt\u0101m kr\u0101s\u0101m, dab\u012bgiem organiskajiem to\u0146iem un univers\u0101l\u0101m pamatkr\u0101s\u0101m, Creative Spark kolekcija ir gatava atspogu\u013cot da\u017e\u0101das m\u016bsdienu komerctelpu noska\u0146as, apvienojot individualit\u0101ti un harmoniju.<\/p>\n","protected":false},"excerpt":{"rendered":"<p>Ar spilgt\u0101m kr\u0101s\u0101m, dab\u012bgiem organiskajiem to\u0146iem un univers\u0101l\u0101m pamatkr\u0101s\u0101m, Creative Spark kolekcija ir gatava atspogu\u013cot da\u017e\u0101das m\u016bsdienu komerctelpu noska\u0146as, apvienojot<\/p>\n","protected":false},"featured_media":24714,"template":"","meta":[],"product_brand":[],"product_cat":[1953],"product_tag":[],"class_list":{"0":"post-56064","1":"product","2":"type-product","3":"status-publish","4":"has-post-thumbnail","6":"product_cat-paklajflizes","7":"pa_brand-mohawk-lv","9":"first","10":"instock","11":"taxable","12":"shipping-taxable","13":"purchasable","14":"product-type-variable"},"yoast_head":"<!-- This site is optimized with the Yoast SEO plugin v27.4 - https:\/\/yoast.com\/product\/yoast-seo-wordpress\/ -->\n<title>Pakl\u0101ju fl\u012bzes Creative Spark Mohawk - Micasa<\/title>\n<meta name=\"robots\" content=\"index, follow, max-snippet:-1, max-image-preview:large, max-video-preview:-1\" \/>\n<link rel=\"canonical\" href=\"https:\/\/micasa.lv\/lv\/paklaju-flizes-creative-spark-mohawk\/\" \/>\n<meta property=\"og:locale\" content=\"lv_LV\" \/>\n<meta property=\"og:type\" content=\"article\" \/>\n<meta property=\"og:title\" content=\"Pakl\u0101ju fl\u012bzes Creative Spark Mohawk - Micasa\" \/>\n<meta property=\"og:description\" content=\"Ar spilgt\u0101m kr\u0101s\u0101m, dab\u012bgiem organiskajiem to\u0146iem un univers\u0101l\u0101m pamatkr\u0101s\u0101m, Creative Spark kolekcija ir gatava atspogu\u013cot da\u017e\u0101das m\u016bsdienu komerctelpu noska\u0146as, apvienojot\" \/>\n<meta property=\"og:url\" content=\"https:\/\/micasa.lv\/lv\/paklaju-flizes-creative-spark-mohawk\/\" \/>\n<meta property=\"og:site_name\" content=\"Micasa\" \/>\n<meta property=\"article:modified_time\" content=\"2025-08-20T10:27:15+00:00\" \/>\n<meta property=\"og:image\" content=\"https:\/\/micasa.lv\/wp-content\/uploads\/2025\/04\/Creative_Spark_main_2.jpeg\" \/>\n\t<meta property=\"og:image:width\" content=\"722\" \/>\n\t<meta property=\"og:image:height\" content=\"722\" \/>\n\t<meta property=\"og:image:type\" content=\"image\/jpeg\" \/>\n<meta name=\"twitter:card\" content=\"summary_large_image\" \/>\n<meta name=\"twitter:label1\" content=\"Est. reading time\" \/>\n\t<meta name=\"twitter:data1\" content=\"1 minute\" \/>\n<script type=\"application\/ld+json\" class=\"yoast-schema-graph\">{\"@context\":\"https:\\\/\\\/schema.org\",\"@graph\":[{\"@type\":\"WebPage\",\"@id\":\"https:\\\/\\\/micasa.lv\\\/lv\\\/paklaju-flizes-creative-spark-mohawk\\\/\",\"url\":\"https:\\\/\\\/micasa.lv\\\/lv\\\/paklaju-flizes-creative-spark-mohawk\\\/\",\"name\":\"Pakl\u0101ju fl\u012bzes Creative Spark Mohawk - Micasa\",\"isPartOf\":{\"@id\":\"https:\\\/\\\/micasa.lv\\\/lv\\\/#website\"},\"primaryImageOfPage\":{\"@id\":\"https:\\\/\\\/micasa.lv\\\/lv\\\/paklaju-flizes-creative-spark-mohawk\\\/#primaryimage\"},\"image\":{\"@id\":\"https:\\\/\\\/micasa.lv\\\/lv\\\/paklaju-flizes-creative-spark-mohawk\\\/#primaryimage\"},\"thumbnailUrl\":\"https:\\\/\\\/micasa.lv\\\/wp-content\\\/uploads\\\/2025\\\/04\\\/Creative_Spark_main_2.jpeg\",\"datePublished\":\"2025-04-02T14:19:14+00:00\",\"dateModified\":\"2025-08-20T10:27:15+00:00\",\"breadcrumb\":{\"@id\":\"https:\\\/\\\/micasa.lv\\\/lv\\\/paklaju-flizes-creative-spark-mohawk\\\/#breadcrumb\"},\"inLanguage\":\"lv-LV\",\"potentialAction\":[{\"@type\":\"ReadAction\",\"target\":[\"https:\\\/\\\/micasa.lv\\\/lv\\\/paklaju-flizes-creative-spark-mohawk\\\/\"]}]},{\"@type\":\"ImageObject\",\"inLanguage\":\"lv-LV\",\"@id\":\"https:\\\/\\\/micasa.lv\\\/lv\\\/paklaju-flizes-creative-spark-mohawk\\\/#primaryimage\",\"url\":\"https:\\\/\\\/micasa.lv\\\/wp-content\\\/uploads\\\/2025\\\/04\\\/Creative_Spark_main_2.jpeg\",\"contentUrl\":\"https:\\\/\\\/micasa.lv\\\/wp-content\\\/uploads\\\/2025\\\/04\\\/Creative_Spark_main_2.jpeg\",\"width\":722,\"height\":722},{\"@type\":\"BreadcrumbList\",\"@id\":\"https:\\\/\\\/micasa.lv\\\/lv\\\/paklaju-flizes-creative-spark-mohawk\\\/#breadcrumb\",\"itemListElement\":[{\"@type\":\"ListItem\",\"position\":1,\"name\":\"S\u0101kums\",\"item\":\"https:\\\/\\\/micasa.lv\\\/lv\\\/micasa\\\/\"},{\"@type\":\"ListItem\",\"position\":2,\"name\":\"Shop\",\"item\":\"https:\\\/\\\/micasa.lv\\\/lv\\\/shop\\\/\"},{\"@type\":\"ListItem\",\"position\":3,\"name\":\"Pakl\u0101ju fl\u012bzes Creative Spark Mohawk\"}]},{\"@type\":\"WebSite\",\"@id\":\"https:\\\/\\\/micasa.lv\\\/lv\\\/#website\",\"url\":\"https:\\\/\\\/micasa.lv\\\/lv\\\/\",\"name\":\"Micasa\",\"description\":\"\",\"potentialAction\":[{\"@type\":\"SearchAction\",\"target\":{\"@type\":\"EntryPoint\",\"urlTemplate\":\"https:\\\/\\\/micasa.lv\\\/lv\\\/?s={search_term_string}\"},\"query-input\":{\"@type\":\"PropertyValueSpecification\",\"valueRequired\":true,\"valueName\":\"search_term_string\"}}],\"inLanguage\":\"lv-LV\"}]}<\/script>\n<!-- \/ Yoast SEO plugin. -->","yoast_head_json":{"title":"Pakl\u0101ju fl\u012bzes Creative Spark Mohawk - Micasa","robots":{"index":"index","follow":"follow","max-snippet":"max-snippet:-1","max-image-preview":"max-image-preview:large","max-video-preview":"max-video-preview:-1"},"canonical":"https:\/\/micasa.lv\/lv\/paklaju-flizes-creative-spark-mohawk\/","og_locale":"lv_LV","og_type":"article","og_title":"Pakl\u0101ju fl\u012bzes Creative Spark Mohawk - Micasa","og_description":"Ar spilgt\u0101m kr\u0101s\u0101m, dab\u012bgiem organiskajiem to\u0146iem un univers\u0101l\u0101m pamatkr\u0101s\u0101m, Creative Spark kolekcija ir gatava atspogu\u013cot da\u017e\u0101das m\u016bsdienu komerctelpu noska\u0146as, apvienojot","og_url":"https:\/\/micasa.lv\/lv\/paklaju-flizes-creative-spark-mohawk\/","og_site_name":"Micasa","article_modified_time":"2025-08-20T10:27:15+00:00","og_image":[{"width":722,"height":722,"url":"https:\/\/micasa.lv\/wp-content\/uploads\/2025\/04\/Creative_Spark_main_2.jpeg","type":"image\/jpeg"}],"twitter_card":"summary_large_image","twitter_misc":{"Est. reading time":"1 minute"},"schema":{"@context":"https:\/\/schema.org","@graph":[{"@type":"WebPage","@id":"https:\/\/micasa.lv\/lv\/paklaju-flizes-creative-spark-mohawk\/","url":"https:\/\/micasa.lv\/lv\/paklaju-flizes-creative-spark-mohawk\/","name":"Pakl\u0101ju fl\u012bzes Creative Spark Mohawk - Micasa","isPartOf":{"@id":"https:\/\/micasa.lv\/lv\/#website"},"primaryImageOfPage":{"@id":"https:\/\/micasa.lv\/lv\/paklaju-flizes-creative-spark-mohawk\/#primaryimage"},"image":{"@id":"https:\/\/micasa.lv\/lv\/paklaju-flizes-creative-spark-mohawk\/#primaryimage"},"thumbnailUrl":"https:\/\/micasa.lv\/wp-content\/uploads\/2025\/04\/Creative_Spark_main_2.jpeg","datePublished":"2025-04-02T14:19:14+00:00","dateModified":"2025-08-20T10:27:15+00:00","breadcrumb":{"@id":"https:\/\/micasa.lv\/lv\/paklaju-flizes-creative-spark-mohawk\/#breadcrumb"},"inLanguage":"lv-LV","potentialAction":[{"@type":"ReadAction","target":["https:\/\/micasa.lv\/lv\/paklaju-flizes-creative-spark-mohawk\/"]}]},{"@type":"ImageObject","inLanguage":"lv-LV","@id":"https:\/\/micasa.lv\/lv\/paklaju-flizes-creative-spark-mohawk\/#primaryimage","url":"https:\/\/micasa.lv\/wp-content\/uploads\/2025\/04\/Creative_Spark_main_2.jpeg","contentUrl":"https:\/\/micasa.lv\/wp-content\/uploads\/2025\/04\/Creative_Spark_main_2.jpeg","width":722,"height":722},{"@type":"BreadcrumbList","@id":"https:\/\/micasa.lv\/lv\/paklaju-flizes-creative-spark-mohawk\/#breadcrumb","itemListElement":[{"@type":"ListItem","position":1,"name":"S\u0101kums","item":"https:\/\/micasa.lv\/lv\/micasa\/"},{"@type":"ListItem","position":2,"name":"Shop","item":"https:\/\/micasa.lv\/lv\/shop\/"},{"@type":"ListItem","position":3,"name":"Pakl\u0101ju fl\u012bzes Creative Spark Mohawk"}]},{"@type":"WebSite","@id":"https:\/\/micasa.lv\/lv\/#website","url":"https:\/\/micasa.lv\/lv\/","name":"Micasa","description":"","potentialAction":[{"@type":"SearchAction","target":{"@type":"EntryPoint","urlTemplate":"https:\/\/micasa.lv\/lv\/?s={search_term_string}"},"query-input":{"@type":"PropertyValueSpecification","valueRequired":true,"valueName":"search_term_string"}}],"inLanguage":"lv-LV"}]}},"wcpa_form_fields":null,"_links":{"self":[{"href":"https:\/\/micasa.lv\/lv\/wp-json\/wp\/v2\/product\/56064","targetHints":{"allow":["GET"]}}],"collection":[{"href":"https:\/\/micasa.lv\/lv\/wp-json\/wp\/v2\/product"}],"about":[{"href":"https:\/\/micasa.lv\/lv\/wp-json\/wp\/v2\/types\/product"}],"version-history":[{"count":2,"href":"https:\/\/micasa.lv\/lv\/wp-json\/wp\/v2\/product\/56064\/revisions"}],"predecessor-version":[{"id":57018,"href":"https:\/\/micasa.lv\/lv\/wp-json\/wp\/v2\/product\/56064\/revisions\/57018"}],"wp:featuredmedia":[{"embeddable":true,"href":"https:\/\/micasa.lv\/lv\/wp-json\/wp\/v2\/media\/24714"}],"wp:attachment":[{"href":"https:\/\/micasa.lv\/lv\/wp-json\/wp\/v2\/media?parent=56064"}],"wp:term":[{"taxonomy":"product_brand","embeddable":true,"href":"https:\/\/micasa.lv\/lv\/wp-json\/wp\/v2\/product_brand?post=56064"},{"taxonomy":"product_cat","embeddable":true,"href":"https:\/\/micasa.lv\/lv\/wp-json\/wp\/v2\/product_cat?post=56064"},{"taxonomy":"product_tag","embeddable":true,"href":"https:\/\/micasa.lv\/lv\/wp-json\/wp\/v2\/product_tag?post=56064"}],"curies":[{"name":"wp","href":"https:\/\/api.w.org\/{rel}","templated":true}]}}