{"id":56959,"date":"2024-10-25T18:03:09","date_gmt":"2024-10-25T15:03:09","guid":{"rendered":"https:\/\/test.micasa.lv\/product\/flizu-kolekcija-universal-tuscania\/"},"modified":"2024-10-25T18:03:09","modified_gmt":"2024-10-25T15:03:09","slug":"flizu-kolekcija-universal-tuscania","status":"publish","type":"product","link":"https:\/\/micasa.lv\/lv\/flizu-kolekcija-universal-tuscania\/","title":{"rendered":"Fl\u012b\u017eu kolekcija Universal Tuscania"},"content":{"rendered":"","protected":false},"excerpt":{"rendered":"<p>Universal, austrumu, \u0123eometriskie un ziedu raksti, kas iedvesmoti no dabas skaistuma, sniedz unik\u0101lu un inovat\u012bvu pieeju dz\u012bvojamo un komerci\u0101lo telpu dekor\u0113\u0161anai. Tie pie\u0161\u0137ir izsmalcin\u0101tu piesk\u0101rienu gan modernam, gan tradicion\u0101lam stilam, lieliski saderot ar jebkuru Tuscania kl\u0101sta s\u0113riju.<\/p>\n","protected":false},"featured_media":18141,"template":"","meta":[],"product_brand":[],"product_cat":[320,306],"product_tag":[308,227],"class_list":{"0":"post-56959","1":"product","2":"type-product","3":"status-publish","4":"has-post-thumbnail","6":"product_cat-flizu-kolekcijas","7":"product_cat-kolekcijas","8":"product_tag-collection-lv","9":"product_tag-universal-lv","11":"first","12":"instock","13":"taxable","14":"shipping-taxable","15":"product-type-simple"},"yoast_head":"<!-- This site is optimized with the Yoast SEO plugin v27.4 - https:\/\/yoast.com\/product\/yoast-seo-wordpress\/ -->\n<title>Fl\u012b\u017eu kolekcija Universal Tuscania - Micasa<\/title>\n<meta name=\"robots\" content=\"index, follow, max-snippet:-1, max-image-preview:large, max-video-preview:-1\" \/>\n<link rel=\"canonical\" href=\"https:\/\/micasa.lv\/lv\/flizu-kolekcija-universal-tuscania\/\" \/>\n<meta property=\"og:locale\" content=\"lv_LV\" \/>\n<meta property=\"og:type\" content=\"article\" \/>\n<meta property=\"og:title\" content=\"Fl\u012b\u017eu kolekcija Universal Tuscania - Micasa\" \/>\n<meta property=\"og:description\" content=\"Universal, austrumu, \u0123eometriskie un ziedu raksti, kas iedvesmoti no dabas skaistuma, sniedz unik\u0101lu un inovat\u012bvu pieeju dz\u012bvojamo un komerci\u0101lo telpu dekor\u0113\u0161anai. Tie pie\u0161\u0137ir izsmalcin\u0101tu piesk\u0101rienu gan modernam, gan tradicion\u0101lam stilam, lieliski saderot ar jebkuru Tuscania kl\u0101sta s\u0113riju.\" \/>\n<meta property=\"og:url\" content=\"https:\/\/micasa.lv\/lv\/flizu-kolekcija-universal-tuscania\/\" \/>\n<meta property=\"og:site_name\" content=\"Micasa\" \/>\n<meta property=\"og:image\" content=\"https:\/\/micasa.lv\/wp-content\/uploads\/2024\/10\/Universal_main_1.png\" \/>\n\t<meta property=\"og:image:width\" content=\"744\" \/>\n\t<meta property=\"og:image:height\" content=\"971\" \/>\n\t<meta property=\"og:image:type\" content=\"image\/png\" \/>\n<meta name=\"twitter:card\" content=\"summary_large_image\" \/>\n<script type=\"application\/ld+json\" class=\"yoast-schema-graph\">{\"@context\":\"https:\\\/\\\/schema.org\",\"@graph\":[{\"@type\":\"WebPage\",\"@id\":\"https:\\\/\\\/micasa.lv\\\/lv\\\/flizu-kolekcija-universal-tuscania\\\/\",\"url\":\"https:\\\/\\\/micasa.lv\\\/lv\\\/flizu-kolekcija-universal-tuscania\\\/\",\"name\":\"Fl\u012b\u017eu kolekcija Universal Tuscania - Micasa\",\"isPartOf\":{\"@id\":\"https:\\\/\\\/micasa.lv\\\/lv\\\/#website\"},\"primaryImageOfPage\":{\"@id\":\"https:\\\/\\\/micasa.lv\\\/lv\\\/flizu-kolekcija-universal-tuscania\\\/#primaryimage\"},\"image\":{\"@id\":\"https:\\\/\\\/micasa.lv\\\/lv\\\/flizu-kolekcija-universal-tuscania\\\/#primaryimage\"},\"thumbnailUrl\":\"https:\\\/\\\/micasa.lv\\\/wp-content\\\/uploads\\\/2024\\\/10\\\/Universal_main_1.png\",\"datePublished\":\"2024-10-25T15:03:09+00:00\",\"breadcrumb\":{\"@id\":\"https:\\\/\\\/micasa.lv\\\/lv\\\/flizu-kolekcija-universal-tuscania\\\/#breadcrumb\"},\"inLanguage\":\"lv-LV\",\"potentialAction\":[{\"@type\":\"ReadAction\",\"target\":[\"https:\\\/\\\/micasa.lv\\\/lv\\\/flizu-kolekcija-universal-tuscania\\\/\"]}]},{\"@type\":\"ImageObject\",\"inLanguage\":\"lv-LV\",\"@id\":\"https:\\\/\\\/micasa.lv\\\/lv\\\/flizu-kolekcija-universal-tuscania\\\/#primaryimage\",\"url\":\"https:\\\/\\\/micasa.lv\\\/wp-content\\\/uploads\\\/2024\\\/10\\\/Universal_main_1.png\",\"contentUrl\":\"https:\\\/\\\/micasa.lv\\\/wp-content\\\/uploads\\\/2024\\\/10\\\/Universal_main_1.png\",\"width\":744,\"height\":971},{\"@type\":\"BreadcrumbList\",\"@id\":\"https:\\\/\\\/micasa.lv\\\/lv\\\/flizu-kolekcija-universal-tuscania\\\/#breadcrumb\",\"itemListElement\":[{\"@type\":\"ListItem\",\"position\":1,\"name\":\"S\u0101kums\",\"item\":\"https:\\\/\\\/micasa.lv\\\/lv\\\/micasa\\\/\"},{\"@type\":\"ListItem\",\"position\":2,\"name\":\"Shop\",\"item\":\"https:\\\/\\\/micasa.lv\\\/lv\\\/shop\\\/\"},{\"@type\":\"ListItem\",\"position\":3,\"name\":\"Fl\u012b\u017eu kolekcija Universal Tuscania\"}]},{\"@type\":\"WebSite\",\"@id\":\"https:\\\/\\\/micasa.lv\\\/lv\\\/#website\",\"url\":\"https:\\\/\\\/micasa.lv\\\/lv\\\/\",\"name\":\"Micasa\",\"description\":\"\",\"potentialAction\":[{\"@type\":\"SearchAction\",\"target\":{\"@type\":\"EntryPoint\",\"urlTemplate\":\"https:\\\/\\\/micasa.lv\\\/lv\\\/?s={search_term_string}\"},\"query-input\":{\"@type\":\"PropertyValueSpecification\",\"valueRequired\":true,\"valueName\":\"search_term_string\"}}],\"inLanguage\":\"lv-LV\"}]}<\/script>\n<!-- \/ Yoast SEO plugin. -->","yoast_head_json":{"title":"Fl\u012b\u017eu kolekcija Universal Tuscania - Micasa","robots":{"index":"index","follow":"follow","max-snippet":"max-snippet:-1","max-image-preview":"max-image-preview:large","max-video-preview":"max-video-preview:-1"},"canonical":"https:\/\/micasa.lv\/lv\/flizu-kolekcija-universal-tuscania\/","og_locale":"lv_LV","og_type":"article","og_title":"Fl\u012b\u017eu kolekcija Universal Tuscania - Micasa","og_description":"Universal, austrumu, \u0123eometriskie un ziedu raksti, kas iedvesmoti no dabas skaistuma, sniedz unik\u0101lu un inovat\u012bvu pieeju dz\u012bvojamo un komerci\u0101lo telpu dekor\u0113\u0161anai. Tie pie\u0161\u0137ir izsmalcin\u0101tu piesk\u0101rienu gan modernam, gan tradicion\u0101lam stilam, lieliski saderot ar jebkuru Tuscania kl\u0101sta s\u0113riju.","og_url":"https:\/\/micasa.lv\/lv\/flizu-kolekcija-universal-tuscania\/","og_site_name":"Micasa","og_image":[{"width":744,"height":971,"url":"https:\/\/micasa.lv\/wp-content\/uploads\/2024\/10\/Universal_main_1.png","type":"image\/png"}],"twitter_card":"summary_large_image","schema":{"@context":"https:\/\/schema.org","@graph":[{"@type":"WebPage","@id":"https:\/\/micasa.lv\/lv\/flizu-kolekcija-universal-tuscania\/","url":"https:\/\/micasa.lv\/lv\/flizu-kolekcija-universal-tuscania\/","name":"Fl\u012b\u017eu kolekcija Universal Tuscania - Micasa","isPartOf":{"@id":"https:\/\/micasa.lv\/lv\/#website"},"primaryImageOfPage":{"@id":"https:\/\/micasa.lv\/lv\/flizu-kolekcija-universal-tuscania\/#primaryimage"},"image":{"@id":"https:\/\/micasa.lv\/lv\/flizu-kolekcija-universal-tuscania\/#primaryimage"},"thumbnailUrl":"https:\/\/micasa.lv\/wp-content\/uploads\/2024\/10\/Universal_main_1.png","datePublished":"2024-10-25T15:03:09+00:00","breadcrumb":{"@id":"https:\/\/micasa.lv\/lv\/flizu-kolekcija-universal-tuscania\/#breadcrumb"},"inLanguage":"lv-LV","potentialAction":[{"@type":"ReadAction","target":["https:\/\/micasa.lv\/lv\/flizu-kolekcija-universal-tuscania\/"]}]},{"@type":"ImageObject","inLanguage":"lv-LV","@id":"https:\/\/micasa.lv\/lv\/flizu-kolekcija-universal-tuscania\/#primaryimage","url":"https:\/\/micasa.lv\/wp-content\/uploads\/2024\/10\/Universal_main_1.png","contentUrl":"https:\/\/micasa.lv\/wp-content\/uploads\/2024\/10\/Universal_main_1.png","width":744,"height":971},{"@type":"BreadcrumbList","@id":"https:\/\/micasa.lv\/lv\/flizu-kolekcija-universal-tuscania\/#breadcrumb","itemListElement":[{"@type":"ListItem","position":1,"name":"S\u0101kums","item":"https:\/\/micasa.lv\/lv\/micasa\/"},{"@type":"ListItem","position":2,"name":"Shop","item":"https:\/\/micasa.lv\/lv\/shop\/"},{"@type":"ListItem","position":3,"name":"Fl\u012b\u017eu kolekcija Universal Tuscania"}]},{"@type":"WebSite","@id":"https:\/\/micasa.lv\/lv\/#website","url":"https:\/\/micasa.lv\/lv\/","name":"Micasa","description":"","potentialAction":[{"@type":"SearchAction","target":{"@type":"EntryPoint","urlTemplate":"https:\/\/micasa.lv\/lv\/?s={search_term_string}"},"query-input":{"@type":"PropertyValueSpecification","valueRequired":true,"valueName":"search_term_string"}}],"inLanguage":"lv-LV"}]}},"wcpa_form_fields":null,"_links":{"self":[{"href":"https:\/\/micasa.lv\/lv\/wp-json\/wp\/v2\/product\/56959","targetHints":{"allow":["GET"]}}],"collection":[{"href":"https:\/\/micasa.lv\/lv\/wp-json\/wp\/v2\/product"}],"about":[{"href":"https:\/\/micasa.lv\/lv\/wp-json\/wp\/v2\/types\/product"}],"version-history":[{"count":0,"href":"https:\/\/micasa.lv\/lv\/wp-json\/wp\/v2\/product\/56959\/revisions"}],"wp:featuredmedia":[{"embeddable":true,"href":"https:\/\/micasa.lv\/lv\/wp-json\/wp\/v2\/media\/18141"}],"wp:attachment":[{"href":"https:\/\/micasa.lv\/lv\/wp-json\/wp\/v2\/media?parent=56959"}],"wp:term":[{"taxonomy":"product_brand","embeddable":true,"href":"https:\/\/micasa.lv\/lv\/wp-json\/wp\/v2\/product_brand?post=56959"},{"taxonomy":"product_cat","embeddable":true,"href":"https:\/\/micasa.lv\/lv\/wp-json\/wp\/v2\/product_cat?post=56959"},{"taxonomy":"product_tag","embeddable":true,"href":"https:\/\/micasa.lv\/lv\/wp-json\/wp\/v2\/product_tag?post=56959"}],"curies":[{"name":"wp","href":"https:\/\/api.w.org\/{rel}","templated":true}]}}