{"id":56991,"date":"2024-10-25T10:52:16","date_gmt":"2024-10-25T07:52:16","guid":{"rendered":"https:\/\/test.micasa.lv\/product\/gridas-segums-tirreno70-ivc\/"},"modified":"2025-11-13T12:54:58","modified_gmt":"2025-11-13T09:54:58","slug":"gridas-segums-tirreno70-ivc","status":"publish","type":"product","link":"https:\/\/micasa.lv\/lv\/gridas-segums-tirreno70-ivc\/","title":{"rendered":"Gr\u012bdas segums Tirreno70 IVC"},"content":{"rendered":"","protected":false},"excerpt":{"rendered":"<p>Piecas k\u0101rtas, katra ar savu specifisko funkciju, apvienotas vien\u0101<\/p>\n<p>stipr\u0101 vien\u012bb\u0101. Rezult\u0101ts \u2014 iztur\u012bga saikne starp vis\u0101m k\u0101rt\u0101m. <\/p>\n<p>Turkl\u0101t katrai Tirreno 70 gr\u012bdai ir papildus Hyperguard+\u00ae PUR<\/p>\n<p>aizsargk\u0101rta, kas aizsarg\u0101 gr\u012bdu no skr\u0101p\u0113jumiem un net\u012brumiem.<\/p>\n<p>Stikla \u0161\u0137iedras k\u0101rta nodro\u0161ina maksim\u0101lu dimensiju stabilit\u0101ti:<\/p>\n<p>gr\u012bda ner\u0101d\u012bs caurdur\u0161anas<\/p>\n<p>vai piet\u016bk\u0161anas paz\u012bmes pat intens\u012bvas lieto\u0161anas gad\u012bjum\u0101.<\/p>\n","protected":false},"featured_media":18115,"template":"","meta":[],"product_brand":[],"product_cat":[292],"product_tag":[225],"class_list":{"0":"post-56991","1":"product","2":"type-product","3":"status-publish","4":"has-post-thumbnail","6":"product_cat-gridas-segumi","7":"product_tag-tirreno70-lv","8":"pa_brand-ivc-lv","10":"first","11":"instock","12":"taxable","13":"shipping-taxable","14":"purchasable","15":"product-type-variable"},"yoast_head":"<!-- This site is optimized with the Yoast SEO plugin v27.4 - https:\/\/yoast.com\/product\/yoast-seo-wordpress\/ -->\n<title>Gr\u012bdas segums Tirreno70 IVC - Micasa<\/title>\n<meta name=\"robots\" content=\"index, follow, max-snippet:-1, max-image-preview:large, max-video-preview:-1\" \/>\n<link rel=\"canonical\" href=\"https:\/\/micasa.lv\/lv\/gridas-segums-tirreno70-ivc\/\" \/>\n<meta property=\"og:locale\" content=\"lv_LV\" \/>\n<meta property=\"og:type\" content=\"article\" \/>\n<meta property=\"og:title\" content=\"Gr\u012bdas segums Tirreno70 IVC - Micasa\" \/>\n<meta property=\"og:description\" content=\"Piecas k\u0101rtas, katra ar savu specifisko funkciju, apvienotas vien\u0101 stipr\u0101 vien\u012bb\u0101. Rezult\u0101ts \u2014 iztur\u012bga saikne starp vis\u0101m k\u0101rt\u0101m.  Turkl\u0101t katrai Tirreno 70 gr\u012bdai ir papildus Hyperguard+\u00ae PUR aizsargk\u0101rta, kas aizsarg\u0101 gr\u012bdu no skr\u0101p\u0113jumiem un net\u012brumiem. Stikla \u0161\u0137iedras k\u0101rta nodro\u0161ina maksim\u0101lu dimensiju stabilit\u0101ti: gr\u012bda ner\u0101d\u012bs caurdur\u0161anas vai piet\u016bk\u0161anas paz\u012bmes pat intens\u012bvas lieto\u0161anas gad\u012bjum\u0101.\" \/>\n<meta property=\"og:url\" content=\"https:\/\/micasa.lv\/lv\/gridas-segums-tirreno70-ivc\/\" \/>\n<meta property=\"og:site_name\" content=\"Micasa\" \/>\n<meta property=\"article:modified_time\" content=\"2025-11-13T09:54:58+00:00\" \/>\n<meta property=\"og:image\" content=\"https:\/\/micasa.lv\/wp-content\/uploads\/2024\/10\/Tirreno70_main_3-1.png\" \/>\n\t<meta property=\"og:image:width\" content=\"1243\" \/>\n\t<meta property=\"og:image:height\" content=\"1344\" \/>\n\t<meta property=\"og:image:type\" content=\"image\/png\" \/>\n<meta name=\"twitter:card\" content=\"summary_large_image\" \/>\n<script type=\"application\/ld+json\" class=\"yoast-schema-graph\">{\"@context\":\"https:\\\/\\\/schema.org\",\"@graph\":[{\"@type\":\"WebPage\",\"@id\":\"https:\\\/\\\/micasa.lv\\\/lv\\\/gridas-segums-tirreno70-ivc\\\/\",\"url\":\"https:\\\/\\\/micasa.lv\\\/lv\\\/gridas-segums-tirreno70-ivc\\\/\",\"name\":\"Gr\u012bdas segums Tirreno70 IVC - Micasa\",\"isPartOf\":{\"@id\":\"https:\\\/\\\/micasa.lv\\\/lv\\\/#website\"},\"primaryImageOfPage\":{\"@id\":\"https:\\\/\\\/micasa.lv\\\/lv\\\/gridas-segums-tirreno70-ivc\\\/#primaryimage\"},\"image\":{\"@id\":\"https:\\\/\\\/micasa.lv\\\/lv\\\/gridas-segums-tirreno70-ivc\\\/#primaryimage\"},\"thumbnailUrl\":\"https:\\\/\\\/micasa.lv\\\/wp-content\\\/uploads\\\/2024\\\/10\\\/Tirreno70_main_3-1.png\",\"datePublished\":\"2024-10-25T07:52:16+00:00\",\"dateModified\":\"2025-11-13T09:54:58+00:00\",\"breadcrumb\":{\"@id\":\"https:\\\/\\\/micasa.lv\\\/lv\\\/gridas-segums-tirreno70-ivc\\\/#breadcrumb\"},\"inLanguage\":\"lv-LV\",\"potentialAction\":[{\"@type\":\"ReadAction\",\"target\":[\"https:\\\/\\\/micasa.lv\\\/lv\\\/gridas-segums-tirreno70-ivc\\\/\"]}]},{\"@type\":\"ImageObject\",\"inLanguage\":\"lv-LV\",\"@id\":\"https:\\\/\\\/micasa.lv\\\/lv\\\/gridas-segums-tirreno70-ivc\\\/#primaryimage\",\"url\":\"https:\\\/\\\/micasa.lv\\\/wp-content\\\/uploads\\\/2024\\\/10\\\/Tirreno70_main_3-1.png\",\"contentUrl\":\"https:\\\/\\\/micasa.lv\\\/wp-content\\\/uploads\\\/2024\\\/10\\\/Tirreno70_main_3-1.png\",\"width\":1243,\"height\":1344},{\"@type\":\"BreadcrumbList\",\"@id\":\"https:\\\/\\\/micasa.lv\\\/lv\\\/gridas-segums-tirreno70-ivc\\\/#breadcrumb\",\"itemListElement\":[{\"@type\":\"ListItem\",\"position\":1,\"name\":\"S\u0101kums\",\"item\":\"https:\\\/\\\/micasa.lv\\\/lv\\\/micasa\\\/\"},{\"@type\":\"ListItem\",\"position\":2,\"name\":\"Shop\",\"item\":\"https:\\\/\\\/micasa.lv\\\/lv\\\/shop\\\/\"},{\"@type\":\"ListItem\",\"position\":3,\"name\":\"Gr\u012bdas segums Tirreno70 IVC\"}]},{\"@type\":\"WebSite\",\"@id\":\"https:\\\/\\\/micasa.lv\\\/lv\\\/#website\",\"url\":\"https:\\\/\\\/micasa.lv\\\/lv\\\/\",\"name\":\"Micasa\",\"description\":\"\",\"potentialAction\":[{\"@type\":\"SearchAction\",\"target\":{\"@type\":\"EntryPoint\",\"urlTemplate\":\"https:\\\/\\\/micasa.lv\\\/lv\\\/?s={search_term_string}\"},\"query-input\":{\"@type\":\"PropertyValueSpecification\",\"valueRequired\":true,\"valueName\":\"search_term_string\"}}],\"inLanguage\":\"lv-LV\"}]}<\/script>\n<!-- \/ Yoast SEO plugin. -->","yoast_head_json":{"title":"Gr\u012bdas segums Tirreno70 IVC - Micasa","robots":{"index":"index","follow":"follow","max-snippet":"max-snippet:-1","max-image-preview":"max-image-preview:large","max-video-preview":"max-video-preview:-1"},"canonical":"https:\/\/micasa.lv\/lv\/gridas-segums-tirreno70-ivc\/","og_locale":"lv_LV","og_type":"article","og_title":"Gr\u012bdas segums Tirreno70 IVC - Micasa","og_description":"Piecas k\u0101rtas, katra ar savu specifisko funkciju, apvienotas vien\u0101 stipr\u0101 vien\u012bb\u0101. Rezult\u0101ts \u2014 iztur\u012bga saikne starp vis\u0101m k\u0101rt\u0101m.  Turkl\u0101t katrai Tirreno 70 gr\u012bdai ir papildus Hyperguard+\u00ae PUR aizsargk\u0101rta, kas aizsarg\u0101 gr\u012bdu no skr\u0101p\u0113jumiem un net\u012brumiem. Stikla \u0161\u0137iedras k\u0101rta nodro\u0161ina maksim\u0101lu dimensiju stabilit\u0101ti: gr\u012bda ner\u0101d\u012bs caurdur\u0161anas vai piet\u016bk\u0161anas paz\u012bmes pat intens\u012bvas lieto\u0161anas gad\u012bjum\u0101.","og_url":"https:\/\/micasa.lv\/lv\/gridas-segums-tirreno70-ivc\/","og_site_name":"Micasa","article_modified_time":"2025-11-13T09:54:58+00:00","og_image":[{"width":1243,"height":1344,"url":"https:\/\/micasa.lv\/wp-content\/uploads\/2024\/10\/Tirreno70_main_3-1.png","type":"image\/png"}],"twitter_card":"summary_large_image","schema":{"@context":"https:\/\/schema.org","@graph":[{"@type":"WebPage","@id":"https:\/\/micasa.lv\/lv\/gridas-segums-tirreno70-ivc\/","url":"https:\/\/micasa.lv\/lv\/gridas-segums-tirreno70-ivc\/","name":"Gr\u012bdas segums Tirreno70 IVC - Micasa","isPartOf":{"@id":"https:\/\/micasa.lv\/lv\/#website"},"primaryImageOfPage":{"@id":"https:\/\/micasa.lv\/lv\/gridas-segums-tirreno70-ivc\/#primaryimage"},"image":{"@id":"https:\/\/micasa.lv\/lv\/gridas-segums-tirreno70-ivc\/#primaryimage"},"thumbnailUrl":"https:\/\/micasa.lv\/wp-content\/uploads\/2024\/10\/Tirreno70_main_3-1.png","datePublished":"2024-10-25T07:52:16+00:00","dateModified":"2025-11-13T09:54:58+00:00","breadcrumb":{"@id":"https:\/\/micasa.lv\/lv\/gridas-segums-tirreno70-ivc\/#breadcrumb"},"inLanguage":"lv-LV","potentialAction":[{"@type":"ReadAction","target":["https:\/\/micasa.lv\/lv\/gridas-segums-tirreno70-ivc\/"]}]},{"@type":"ImageObject","inLanguage":"lv-LV","@id":"https:\/\/micasa.lv\/lv\/gridas-segums-tirreno70-ivc\/#primaryimage","url":"https:\/\/micasa.lv\/wp-content\/uploads\/2024\/10\/Tirreno70_main_3-1.png","contentUrl":"https:\/\/micasa.lv\/wp-content\/uploads\/2024\/10\/Tirreno70_main_3-1.png","width":1243,"height":1344},{"@type":"BreadcrumbList","@id":"https:\/\/micasa.lv\/lv\/gridas-segums-tirreno70-ivc\/#breadcrumb","itemListElement":[{"@type":"ListItem","position":1,"name":"S\u0101kums","item":"https:\/\/micasa.lv\/lv\/micasa\/"},{"@type":"ListItem","position":2,"name":"Shop","item":"https:\/\/micasa.lv\/lv\/shop\/"},{"@type":"ListItem","position":3,"name":"Gr\u012bdas segums Tirreno70 IVC"}]},{"@type":"WebSite","@id":"https:\/\/micasa.lv\/lv\/#website","url":"https:\/\/micasa.lv\/lv\/","name":"Micasa","description":"","potentialAction":[{"@type":"SearchAction","target":{"@type":"EntryPoint","urlTemplate":"https:\/\/micasa.lv\/lv\/?s={search_term_string}"},"query-input":{"@type":"PropertyValueSpecification","valueRequired":true,"valueName":"search_term_string"}}],"inLanguage":"lv-LV"}]}},"wcpa_form_fields":null,"_links":{"self":[{"href":"https:\/\/micasa.lv\/lv\/wp-json\/wp\/v2\/product\/56991","targetHints":{"allow":["GET"]}}],"collection":[{"href":"https:\/\/micasa.lv\/lv\/wp-json\/wp\/v2\/product"}],"about":[{"href":"https:\/\/micasa.lv\/lv\/wp-json\/wp\/v2\/types\/product"}],"version-history":[{"count":5,"href":"https:\/\/micasa.lv\/lv\/wp-json\/wp\/v2\/product\/56991\/revisions"}],"predecessor-version":[{"id":65494,"href":"https:\/\/micasa.lv\/lv\/wp-json\/wp\/v2\/product\/56991\/revisions\/65494"}],"wp:featuredmedia":[{"embeddable":true,"href":"https:\/\/micasa.lv\/lv\/wp-json\/wp\/v2\/media\/18115"}],"wp:attachment":[{"href":"https:\/\/micasa.lv\/lv\/wp-json\/wp\/v2\/media?parent=56991"}],"wp:term":[{"taxonomy":"product_brand","embeddable":true,"href":"https:\/\/micasa.lv\/lv\/wp-json\/wp\/v2\/product_brand?post=56991"},{"taxonomy":"product_cat","embeddable":true,"href":"https:\/\/micasa.lv\/lv\/wp-json\/wp\/v2\/product_cat?post=56991"},{"taxonomy":"product_tag","embeddable":true,"href":"https:\/\/micasa.lv\/lv\/wp-json\/wp\/v2\/product_tag?post=56991"}],"curies":[{"name":"wp","href":"https:\/\/api.w.org\/{rel}","templated":true}]}}