{"id":57013,"date":"2025-03-12T17:18:11","date_gmt":"2025-03-12T14:18:11","guid":{"rendered":"https:\/\/test.micasa.lv\/product\/laminata-kolekcija-vitality\/"},"modified":"2025-03-12T17:18:11","modified_gmt":"2025-03-12T14:18:11","slug":"laminata-kolekcija-vitality","status":"publish","type":"product","link":"https:\/\/micasa.lv\/lv\/laminata-kolekcija-vitality\/","title":{"rendered":"Lamin\u0101ta kolekcija Vitality"},"content":{"rendered":"<p>Vitality kolekcij\u0101 ir viss, ko j\u016bs sagaid\u0101t no lamin\u0101ta gr\u012bdas: skaisti dizaini, da\u017e\u0101di d\u0113\u013cu izm\u0113ri, lieliskas \u012bpa\u0161\u012bbas, piem\u0113ram, Aqua Protect, un inovat\u012bva klik\u0161\u0137a sist\u0113ma, kas nodro\u0161ina maksim\u0101lu \u0113rtumu uzst\u0101d\u012b\u0161an\u0101. J\u016bs noteikti atrad\u012bsiet to, ko mekl\u0113jat, k\u0101d\u0101 no piec\u0101m Vitality s\u0113rij\u0101m. <\/p>\n","protected":false},"excerpt":{"rendered":"<p>Vitality kolekcij\u0101 ir viss, ko j\u016bs sagaid\u0101t no lamin\u0101ta gr\u012bdas: skaisti dizaini, da\u017e\u0101di d\u0113\u013cu izm\u0113ri, lieliskas \u012bpa\u0161\u012bbas, piem\u0113ram, Aqua Protect,<\/p>\n","protected":false},"featured_media":21500,"template":"","meta":[],"product_brand":[],"product_cat":[316,306],"product_tag":[308],"class_list":{"0":"post-57013","1":"product","2":"type-product","3":"status-publish","4":"has-post-thumbnail","6":"product_cat-gridas-segumu-kolekcijas","7":"product_cat-kolekcijas","8":"product_tag-collection-lv","9":"pa_brand-vitality-lv","11":"first","12":"instock","13":"taxable","14":"shipping-taxable","15":"product-type-simple"},"yoast_head":"<!-- This site is optimized with the Yoast SEO plugin v27.4 - https:\/\/yoast.com\/product\/yoast-seo-wordpress\/ -->\n<title>Lamin\u0101ta kolekcija Vitality - Micasa<\/title>\n<meta name=\"robots\" content=\"index, follow, max-snippet:-1, max-image-preview:large, max-video-preview:-1\" \/>\n<link rel=\"canonical\" href=\"https:\/\/micasa.lv\/lv\/laminata-kolekcija-vitality\/\" \/>\n<meta property=\"og:locale\" content=\"lv_LV\" \/>\n<meta property=\"og:type\" content=\"article\" \/>\n<meta property=\"og:title\" content=\"Lamin\u0101ta kolekcija Vitality - Micasa\" \/>\n<meta property=\"og:description\" content=\"Vitality kolekcij\u0101 ir viss, ko j\u016bs sagaid\u0101t no lamin\u0101ta gr\u012bdas: skaisti dizaini, da\u017e\u0101di d\u0113\u013cu izm\u0113ri, lieliskas \u012bpa\u0161\u012bbas, piem\u0113ram, Aqua Protect,\" \/>\n<meta property=\"og:url\" content=\"https:\/\/micasa.lv\/lv\/laminata-kolekcija-vitality\/\" \/>\n<meta property=\"og:site_name\" content=\"Micasa\" \/>\n<meta property=\"og:image\" content=\"https:\/\/micasa.lv\/wp-content\/uploads\/2025\/03\/Collection_vitality_laminate.webp\" \/>\n\t<meta property=\"og:image:width\" content=\"658\" \/>\n\t<meta property=\"og:image:height\" content=\"776\" \/>\n\t<meta property=\"og:image:type\" content=\"image\/webp\" \/>\n<meta name=\"twitter:card\" content=\"summary_large_image\" \/>\n<script type=\"application\/ld+json\" class=\"yoast-schema-graph\">{\"@context\":\"https:\\\/\\\/schema.org\",\"@graph\":[{\"@type\":\"WebPage\",\"@id\":\"https:\\\/\\\/micasa.lv\\\/lv\\\/laminata-kolekcija-vitality\\\/\",\"url\":\"https:\\\/\\\/micasa.lv\\\/lv\\\/laminata-kolekcija-vitality\\\/\",\"name\":\"Lamin\u0101ta kolekcija Vitality - Micasa\",\"isPartOf\":{\"@id\":\"https:\\\/\\\/micasa.lv\\\/lv\\\/#website\"},\"primaryImageOfPage\":{\"@id\":\"https:\\\/\\\/micasa.lv\\\/lv\\\/laminata-kolekcija-vitality\\\/#primaryimage\"},\"image\":{\"@id\":\"https:\\\/\\\/micasa.lv\\\/lv\\\/laminata-kolekcija-vitality\\\/#primaryimage\"},\"thumbnailUrl\":\"https:\\\/\\\/micasa.lv\\\/wp-content\\\/uploads\\\/2025\\\/03\\\/Collection_vitality_laminate.webp\",\"datePublished\":\"2025-03-12T14:18:11+00:00\",\"breadcrumb\":{\"@id\":\"https:\\\/\\\/micasa.lv\\\/lv\\\/laminata-kolekcija-vitality\\\/#breadcrumb\"},\"inLanguage\":\"lv-LV\",\"potentialAction\":[{\"@type\":\"ReadAction\",\"target\":[\"https:\\\/\\\/micasa.lv\\\/lv\\\/laminata-kolekcija-vitality\\\/\"]}]},{\"@type\":\"ImageObject\",\"inLanguage\":\"lv-LV\",\"@id\":\"https:\\\/\\\/micasa.lv\\\/lv\\\/laminata-kolekcija-vitality\\\/#primaryimage\",\"url\":\"https:\\\/\\\/micasa.lv\\\/wp-content\\\/uploads\\\/2025\\\/03\\\/Collection_vitality_laminate.webp\",\"contentUrl\":\"https:\\\/\\\/micasa.lv\\\/wp-content\\\/uploads\\\/2025\\\/03\\\/Collection_vitality_laminate.webp\",\"width\":658,\"height\":776},{\"@type\":\"BreadcrumbList\",\"@id\":\"https:\\\/\\\/micasa.lv\\\/lv\\\/laminata-kolekcija-vitality\\\/#breadcrumb\",\"itemListElement\":[{\"@type\":\"ListItem\",\"position\":1,\"name\":\"S\u0101kums\",\"item\":\"https:\\\/\\\/micasa.lv\\\/lv\\\/micasa\\\/\"},{\"@type\":\"ListItem\",\"position\":2,\"name\":\"Shop\",\"item\":\"https:\\\/\\\/micasa.lv\\\/lv\\\/shop\\\/\"},{\"@type\":\"ListItem\",\"position\":3,\"name\":\"Lamin\u0101ta kolekcija Vitality\"}]},{\"@type\":\"WebSite\",\"@id\":\"https:\\\/\\\/micasa.lv\\\/lv\\\/#website\",\"url\":\"https:\\\/\\\/micasa.lv\\\/lv\\\/\",\"name\":\"Micasa\",\"description\":\"\",\"potentialAction\":[{\"@type\":\"SearchAction\",\"target\":{\"@type\":\"EntryPoint\",\"urlTemplate\":\"https:\\\/\\\/micasa.lv\\\/lv\\\/?s={search_term_string}\"},\"query-input\":{\"@type\":\"PropertyValueSpecification\",\"valueRequired\":true,\"valueName\":\"search_term_string\"}}],\"inLanguage\":\"lv-LV\"}]}<\/script>\n<!-- \/ Yoast SEO plugin. -->","yoast_head_json":{"title":"Lamin\u0101ta kolekcija Vitality - Micasa","robots":{"index":"index","follow":"follow","max-snippet":"max-snippet:-1","max-image-preview":"max-image-preview:large","max-video-preview":"max-video-preview:-1"},"canonical":"https:\/\/micasa.lv\/lv\/laminata-kolekcija-vitality\/","og_locale":"lv_LV","og_type":"article","og_title":"Lamin\u0101ta kolekcija Vitality - Micasa","og_description":"Vitality kolekcij\u0101 ir viss, ko j\u016bs sagaid\u0101t no lamin\u0101ta gr\u012bdas: skaisti dizaini, da\u017e\u0101di d\u0113\u013cu izm\u0113ri, lieliskas \u012bpa\u0161\u012bbas, piem\u0113ram, Aqua Protect,","og_url":"https:\/\/micasa.lv\/lv\/laminata-kolekcija-vitality\/","og_site_name":"Micasa","og_image":[{"width":658,"height":776,"url":"https:\/\/micasa.lv\/wp-content\/uploads\/2025\/03\/Collection_vitality_laminate.webp","type":"image\/webp"}],"twitter_card":"summary_large_image","schema":{"@context":"https:\/\/schema.org","@graph":[{"@type":"WebPage","@id":"https:\/\/micasa.lv\/lv\/laminata-kolekcija-vitality\/","url":"https:\/\/micasa.lv\/lv\/laminata-kolekcija-vitality\/","name":"Lamin\u0101ta kolekcija Vitality - Micasa","isPartOf":{"@id":"https:\/\/micasa.lv\/lv\/#website"},"primaryImageOfPage":{"@id":"https:\/\/micasa.lv\/lv\/laminata-kolekcija-vitality\/#primaryimage"},"image":{"@id":"https:\/\/micasa.lv\/lv\/laminata-kolekcija-vitality\/#primaryimage"},"thumbnailUrl":"https:\/\/micasa.lv\/wp-content\/uploads\/2025\/03\/Collection_vitality_laminate.webp","datePublished":"2025-03-12T14:18:11+00:00","breadcrumb":{"@id":"https:\/\/micasa.lv\/lv\/laminata-kolekcija-vitality\/#breadcrumb"},"inLanguage":"lv-LV","potentialAction":[{"@type":"ReadAction","target":["https:\/\/micasa.lv\/lv\/laminata-kolekcija-vitality\/"]}]},{"@type":"ImageObject","inLanguage":"lv-LV","@id":"https:\/\/micasa.lv\/lv\/laminata-kolekcija-vitality\/#primaryimage","url":"https:\/\/micasa.lv\/wp-content\/uploads\/2025\/03\/Collection_vitality_laminate.webp","contentUrl":"https:\/\/micasa.lv\/wp-content\/uploads\/2025\/03\/Collection_vitality_laminate.webp","width":658,"height":776},{"@type":"BreadcrumbList","@id":"https:\/\/micasa.lv\/lv\/laminata-kolekcija-vitality\/#breadcrumb","itemListElement":[{"@type":"ListItem","position":1,"name":"S\u0101kums","item":"https:\/\/micasa.lv\/lv\/micasa\/"},{"@type":"ListItem","position":2,"name":"Shop","item":"https:\/\/micasa.lv\/lv\/shop\/"},{"@type":"ListItem","position":3,"name":"Lamin\u0101ta kolekcija Vitality"}]},{"@type":"WebSite","@id":"https:\/\/micasa.lv\/lv\/#website","url":"https:\/\/micasa.lv\/lv\/","name":"Micasa","description":"","potentialAction":[{"@type":"SearchAction","target":{"@type":"EntryPoint","urlTemplate":"https:\/\/micasa.lv\/lv\/?s={search_term_string}"},"query-input":{"@type":"PropertyValueSpecification","valueRequired":true,"valueName":"search_term_string"}}],"inLanguage":"lv-LV"}]}},"wcpa_form_fields":null,"_links":{"self":[{"href":"https:\/\/micasa.lv\/lv\/wp-json\/wp\/v2\/product\/57013","targetHints":{"allow":["GET"]}}],"collection":[{"href":"https:\/\/micasa.lv\/lv\/wp-json\/wp\/v2\/product"}],"about":[{"href":"https:\/\/micasa.lv\/lv\/wp-json\/wp\/v2\/types\/product"}],"version-history":[{"count":0,"href":"https:\/\/micasa.lv\/lv\/wp-json\/wp\/v2\/product\/57013\/revisions"}],"wp:featuredmedia":[{"embeddable":true,"href":"https:\/\/micasa.lv\/lv\/wp-json\/wp\/v2\/media\/21500"}],"wp:attachment":[{"href":"https:\/\/micasa.lv\/lv\/wp-json\/wp\/v2\/media?parent=57013"}],"wp:term":[{"taxonomy":"product_brand","embeddable":true,"href":"https:\/\/micasa.lv\/lv\/wp-json\/wp\/v2\/product_brand?post=57013"},{"taxonomy":"product_cat","embeddable":true,"href":"https:\/\/micasa.lv\/lv\/wp-json\/wp\/v2\/product_cat?post=57013"},{"taxonomy":"product_tag","embeddable":true,"href":"https:\/\/micasa.lv\/lv\/wp-json\/wp\/v2\/product_tag?post=57013"}],"curies":[{"name":"wp","href":"https:\/\/api.w.org\/{rel}","templated":true}]}}