{"id":57408,"date":"2025-05-21T13:41:57","date_gmt":"2025-05-21T11:41:57","guid":{"rendered":"https:\/\/test.micasa.lv\/product\/mebelu-rokturi-pull-bar-cast-buster-punch\/"},"modified":"2025-08-11T00:10:28","modified_gmt":"2025-08-10T21:10:28","slug":"mebelu-rokturi-pull-bar-cast-buster-punch","status":"publish","type":"product","link":"https:\/\/micasa.lv\/lv\/mebelu-rokturi-pull-bar-cast-buster-punch\/","title":{"rendered":"M\u0113be\u013cu rokturi Pull Bar \/ Cast Buster+Punch"},"content":{"rendered":"<p>Roktura stienis, izgatavots no cieta met\u0101la, ar iztur\u012bgu metin\u0101t\u0101ju meln\u0101 EPL p\u0101rkl\u0101juma apdari, r\u016bp\u012bgi apstr\u0101d\u0101ts ar rok\u0101m. \u0160im rokturim ir m\u016bsu rakstur\u012bgais rupj\u0101s lie\u0161anas pirkstu loc\u012btavas dizains, rok\u0101m pul\u0113ts cieta met\u0101la stienis un iespiests B+P simbols uz loc\u012btavas.<\/p>\n<p>Lieliski piem\u0113roti skap\u012b\u0161u durv\u012bm, bufet\u0113m, virtuves m\u0113be\u013cu fas\u0101d\u0113m un gandr\u012bz jebkuram atveramam elementam.<\/p>\n","protected":false},"excerpt":{"rendered":"<p>Roktura stienis, izgatavots no cieta met\u0101la, ar iztur\u012bgu metin\u0101t\u0101ju meln\u0101 EPL p\u0101rkl\u0101juma apdari, r\u016bp\u012bgi apstr\u0101d\u0101ts ar rok\u0101m. \u0160im rokturim ir<\/p>\n","protected":false},"featured_media":52225,"template":"","meta":[],"product_brand":[],"product_cat":[3783,1933],"product_tag":[],"class_list":{"0":"post-57408","1":"product","2":"type-product","3":"status-publish","4":"has-post-thumbnail","6":"product_cat-buster-and-punch","7":"product_cat-mebelu-furnitura","8":"pa_brand-buster-punch-lv","10":"first","11":"instock","12":"taxable","13":"shipping-taxable","14":"purchasable","15":"product-type-variable"},"yoast_head":"<!-- This site is optimized with the Yoast SEO plugin v27.4 - https:\/\/yoast.com\/product\/yoast-seo-wordpress\/ -->\n<title>M\u0113be\u013cu rokturi Pull Bar \/ Cast Buster+Punch - Micasa<\/title>\n<meta name=\"robots\" content=\"index, follow, max-snippet:-1, max-image-preview:large, max-video-preview:-1\" \/>\n<link rel=\"canonical\" href=\"https:\/\/micasa.lv\/lv\/mebelu-rokturi-pull-bar-cast-buster-punch\/\" \/>\n<meta property=\"og:locale\" content=\"lv_LV\" \/>\n<meta property=\"og:type\" content=\"article\" \/>\n<meta property=\"og:title\" content=\"M\u0113be\u013cu rokturi Pull Bar \/ Cast Buster+Punch - Micasa\" \/>\n<meta property=\"og:description\" content=\"Roktura stienis, izgatavots no cieta met\u0101la, ar iztur\u012bgu metin\u0101t\u0101ju meln\u0101 EPL p\u0101rkl\u0101juma apdari, r\u016bp\u012bgi apstr\u0101d\u0101ts ar rok\u0101m. \u0160im rokturim ir\" \/>\n<meta property=\"og:url\" content=\"https:\/\/micasa.lv\/lv\/mebelu-rokturi-pull-bar-cast-buster-punch\/\" \/>\n<meta property=\"og:site_name\" content=\"Micasa\" \/>\n<meta property=\"article:modified_time\" content=\"2025-08-10T21:10:28+00:00\" \/>\n<meta property=\"og:image\" content=\"https:\/\/micasa.lv\/wp-content\/uploads\/2025\/05\/bp_cast_single_pull_bar_gun_metal_300.webp\" \/>\n\t<meta property=\"og:image:width\" content=\"2560\" \/>\n\t<meta property=\"og:image:height\" content=\"2560\" \/>\n\t<meta property=\"og:image:type\" content=\"image\/webp\" \/>\n<meta name=\"twitter:card\" content=\"summary_large_image\" \/>\n<script type=\"application\/ld+json\" class=\"yoast-schema-graph\">{\"@context\":\"https:\\\/\\\/schema.org\",\"@graph\":[{\"@type\":\"WebPage\",\"@id\":\"https:\\\/\\\/micasa.lv\\\/lv\\\/mebelu-rokturi-pull-bar-cast-buster-punch\\\/\",\"url\":\"https:\\\/\\\/micasa.lv\\\/lv\\\/mebelu-rokturi-pull-bar-cast-buster-punch\\\/\",\"name\":\"M\u0113be\u013cu rokturi Pull Bar \\\/ Cast Buster+Punch - Micasa\",\"isPartOf\":{\"@id\":\"https:\\\/\\\/micasa.lv\\\/lv\\\/#website\"},\"primaryImageOfPage\":{\"@id\":\"https:\\\/\\\/micasa.lv\\\/lv\\\/mebelu-rokturi-pull-bar-cast-buster-punch\\\/#primaryimage\"},\"image\":{\"@id\":\"https:\\\/\\\/micasa.lv\\\/lv\\\/mebelu-rokturi-pull-bar-cast-buster-punch\\\/#primaryimage\"},\"thumbnailUrl\":\"https:\\\/\\\/micasa.lv\\\/wp-content\\\/uploads\\\/2025\\\/05\\\/bp_cast_single_pull_bar_gun_metal_300.webp\",\"datePublished\":\"2025-05-21T11:41:57+00:00\",\"dateModified\":\"2025-08-10T21:10:28+00:00\",\"breadcrumb\":{\"@id\":\"https:\\\/\\\/micasa.lv\\\/lv\\\/mebelu-rokturi-pull-bar-cast-buster-punch\\\/#breadcrumb\"},\"inLanguage\":\"lv-LV\",\"potentialAction\":[{\"@type\":\"ReadAction\",\"target\":[\"https:\\\/\\\/micasa.lv\\\/lv\\\/mebelu-rokturi-pull-bar-cast-buster-punch\\\/\"]}]},{\"@type\":\"ImageObject\",\"inLanguage\":\"lv-LV\",\"@id\":\"https:\\\/\\\/micasa.lv\\\/lv\\\/mebelu-rokturi-pull-bar-cast-buster-punch\\\/#primaryimage\",\"url\":\"https:\\\/\\\/micasa.lv\\\/wp-content\\\/uploads\\\/2025\\\/05\\\/bp_cast_single_pull_bar_gun_metal_300.webp\",\"contentUrl\":\"https:\\\/\\\/micasa.lv\\\/wp-content\\\/uploads\\\/2025\\\/05\\\/bp_cast_single_pull_bar_gun_metal_300.webp\",\"width\":2560,\"height\":2560},{\"@type\":\"BreadcrumbList\",\"@id\":\"https:\\\/\\\/micasa.lv\\\/lv\\\/mebelu-rokturi-pull-bar-cast-buster-punch\\\/#breadcrumb\",\"itemListElement\":[{\"@type\":\"ListItem\",\"position\":1,\"name\":\"S\u0101kums\",\"item\":\"https:\\\/\\\/micasa.lv\\\/lv\\\/micasa\\\/\"},{\"@type\":\"ListItem\",\"position\":2,\"name\":\"Shop\",\"item\":\"https:\\\/\\\/micasa.lv\\\/lv\\\/shop\\\/\"},{\"@type\":\"ListItem\",\"position\":3,\"name\":\"M\u0113be\u013cu rokturi Pull Bar \\\/ Cast Buster+Punch\"}]},{\"@type\":\"WebSite\",\"@id\":\"https:\\\/\\\/micasa.lv\\\/lv\\\/#website\",\"url\":\"https:\\\/\\\/micasa.lv\\\/lv\\\/\",\"name\":\"Micasa\",\"description\":\"\",\"potentialAction\":[{\"@type\":\"SearchAction\",\"target\":{\"@type\":\"EntryPoint\",\"urlTemplate\":\"https:\\\/\\\/micasa.lv\\\/lv\\\/?s={search_term_string}\"},\"query-input\":{\"@type\":\"PropertyValueSpecification\",\"valueRequired\":true,\"valueName\":\"search_term_string\"}}],\"inLanguage\":\"lv-LV\"}]}<\/script>\n<!-- \/ Yoast SEO plugin. -->","yoast_head_json":{"title":"M\u0113be\u013cu rokturi Pull Bar \/ Cast Buster+Punch - Micasa","robots":{"index":"index","follow":"follow","max-snippet":"max-snippet:-1","max-image-preview":"max-image-preview:large","max-video-preview":"max-video-preview:-1"},"canonical":"https:\/\/micasa.lv\/lv\/mebelu-rokturi-pull-bar-cast-buster-punch\/","og_locale":"lv_LV","og_type":"article","og_title":"M\u0113be\u013cu rokturi Pull Bar \/ Cast Buster+Punch - Micasa","og_description":"Roktura stienis, izgatavots no cieta met\u0101la, ar iztur\u012bgu metin\u0101t\u0101ju meln\u0101 EPL p\u0101rkl\u0101juma apdari, r\u016bp\u012bgi apstr\u0101d\u0101ts ar rok\u0101m. \u0160im rokturim ir","og_url":"https:\/\/micasa.lv\/lv\/mebelu-rokturi-pull-bar-cast-buster-punch\/","og_site_name":"Micasa","article_modified_time":"2025-08-10T21:10:28+00:00","og_image":[{"width":2560,"height":2560,"url":"https:\/\/micasa.lv\/wp-content\/uploads\/2025\/05\/bp_cast_single_pull_bar_gun_metal_300.webp","type":"image\/webp"}],"twitter_card":"summary_large_image","schema":{"@context":"https:\/\/schema.org","@graph":[{"@type":"WebPage","@id":"https:\/\/micasa.lv\/lv\/mebelu-rokturi-pull-bar-cast-buster-punch\/","url":"https:\/\/micasa.lv\/lv\/mebelu-rokturi-pull-bar-cast-buster-punch\/","name":"M\u0113be\u013cu rokturi Pull Bar \/ Cast Buster+Punch - Micasa","isPartOf":{"@id":"https:\/\/micasa.lv\/lv\/#website"},"primaryImageOfPage":{"@id":"https:\/\/micasa.lv\/lv\/mebelu-rokturi-pull-bar-cast-buster-punch\/#primaryimage"},"image":{"@id":"https:\/\/micasa.lv\/lv\/mebelu-rokturi-pull-bar-cast-buster-punch\/#primaryimage"},"thumbnailUrl":"https:\/\/micasa.lv\/wp-content\/uploads\/2025\/05\/bp_cast_single_pull_bar_gun_metal_300.webp","datePublished":"2025-05-21T11:41:57+00:00","dateModified":"2025-08-10T21:10:28+00:00","breadcrumb":{"@id":"https:\/\/micasa.lv\/lv\/mebelu-rokturi-pull-bar-cast-buster-punch\/#breadcrumb"},"inLanguage":"lv-LV","potentialAction":[{"@type":"ReadAction","target":["https:\/\/micasa.lv\/lv\/mebelu-rokturi-pull-bar-cast-buster-punch\/"]}]},{"@type":"ImageObject","inLanguage":"lv-LV","@id":"https:\/\/micasa.lv\/lv\/mebelu-rokturi-pull-bar-cast-buster-punch\/#primaryimage","url":"https:\/\/micasa.lv\/wp-content\/uploads\/2025\/05\/bp_cast_single_pull_bar_gun_metal_300.webp","contentUrl":"https:\/\/micasa.lv\/wp-content\/uploads\/2025\/05\/bp_cast_single_pull_bar_gun_metal_300.webp","width":2560,"height":2560},{"@type":"BreadcrumbList","@id":"https:\/\/micasa.lv\/lv\/mebelu-rokturi-pull-bar-cast-buster-punch\/#breadcrumb","itemListElement":[{"@type":"ListItem","position":1,"name":"S\u0101kums","item":"https:\/\/micasa.lv\/lv\/micasa\/"},{"@type":"ListItem","position":2,"name":"Shop","item":"https:\/\/micasa.lv\/lv\/shop\/"},{"@type":"ListItem","position":3,"name":"M\u0113be\u013cu rokturi Pull Bar \/ Cast Buster+Punch"}]},{"@type":"WebSite","@id":"https:\/\/micasa.lv\/lv\/#website","url":"https:\/\/micasa.lv\/lv\/","name":"Micasa","description":"","potentialAction":[{"@type":"SearchAction","target":{"@type":"EntryPoint","urlTemplate":"https:\/\/micasa.lv\/lv\/?s={search_term_string}"},"query-input":{"@type":"PropertyValueSpecification","valueRequired":true,"valueName":"search_term_string"}}],"inLanguage":"lv-LV"}]}},"wcpa_form_fields":null,"_links":{"self":[{"href":"https:\/\/micasa.lv\/lv\/wp-json\/wp\/v2\/product\/57408","targetHints":{"allow":["GET"]}}],"collection":[{"href":"https:\/\/micasa.lv\/lv\/wp-json\/wp\/v2\/product"}],"about":[{"href":"https:\/\/micasa.lv\/lv\/wp-json\/wp\/v2\/types\/product"}],"version-history":[{"count":1,"href":"https:\/\/micasa.lv\/lv\/wp-json\/wp\/v2\/product\/57408\/revisions"}],"predecessor-version":[{"id":57888,"href":"https:\/\/micasa.lv\/lv\/wp-json\/wp\/v2\/product\/57408\/revisions\/57888"}],"wp:featuredmedia":[{"embeddable":true,"href":"https:\/\/micasa.lv\/lv\/wp-json\/wp\/v2\/media\/52225"}],"wp:attachment":[{"href":"https:\/\/micasa.lv\/lv\/wp-json\/wp\/v2\/media?parent=57408"}],"wp:term":[{"taxonomy":"product_brand","embeddable":true,"href":"https:\/\/micasa.lv\/lv\/wp-json\/wp\/v2\/product_brand?post=57408"},{"taxonomy":"product_cat","embeddable":true,"href":"https:\/\/micasa.lv\/lv\/wp-json\/wp\/v2\/product_cat?post=57408"},{"taxonomy":"product_tag","embeddable":true,"href":"https:\/\/micasa.lv\/lv\/wp-json\/wp\/v2\/product_tag?post=57408"}],"curies":[{"name":"wp","href":"https:\/\/api.w.org\/{rel}","templated":true}]}}