{"id":57553,"date":"2025-05-20T14:12:00","date_gmt":"2025-05-20T12:12:00","guid":{"rendered":"https:\/\/test.micasa.lv\/product\/mebelu-rokturis-t-bar-plate-cross-buster-punch\/"},"modified":"2025-08-11T00:10:31","modified_gmt":"2025-08-10T21:10:31","slug":"mebelu-rokturis-t-bar-plate-cross-buster-punch","status":"publish","type":"product","link":"https:\/\/micasa.lv\/lv\/mebelu-rokturis-t-bar-plate-cross-buster-punch\/","title":{"rendered":"M\u0113be\u013cu rokturis T-Bar \/ Plate \/ Cross Buster+Punch"},"content":{"rendered":"<p>\u0160im T-veida rokturim ir m\u016bsu rakstur\u012bgais dimanta griezuma krusteniskais rievu raksts. Komplekt\u0101 ir mas\u012bva, melna met\u0101la apa\u013ca aizmugures pl\u0101ksne, kas nostiprin\u0101ta ar meln\u0101m mon\u0113tas formas skr\u016bv\u0113m. Lieliski piem\u0113roti skap\u012b\u0161u durv\u012bm, bufet\u0113m, virtuves m\u0113be\u013cu fas\u0101d\u0113m un gandr\u012bz jebkuram atveramam elementam.<\/p>\n","protected":false},"excerpt":{"rendered":"<p>\u0160im T-veida rokturim ir m\u016bsu rakstur\u012bgais dimanta griezuma krusteniskais rievu raksts. Komplekt\u0101 ir mas\u012bva, melna met\u0101la apa\u013ca aizmugures pl\u0101ksne, kas<\/p>\n","protected":false},"featured_media":51750,"template":"","meta":[],"product_brand":[],"product_cat":[3783,1933],"product_tag":[],"class_list":{"0":"post-57553","1":"product","2":"type-product","3":"status-publish","4":"has-post-thumbnail","6":"product_cat-buster-and-punch","7":"product_cat-mebelu-furnitura","8":"pa_brand-buster-punch-lv","10":"first","11":"instock","12":"taxable","13":"shipping-taxable","14":"purchasable","15":"product-type-variable"},"yoast_head":"<!-- This site is optimized with the Yoast SEO plugin v27.4 - https:\/\/yoast.com\/product\/yoast-seo-wordpress\/ -->\n<title>M\u0113be\u013cu rokturis T-Bar \/ Plate \/ Cross Buster+Punch - Micasa<\/title>\n<meta name=\"robots\" content=\"index, follow, max-snippet:-1, max-image-preview:large, max-video-preview:-1\" \/>\n<link rel=\"canonical\" href=\"https:\/\/micasa.lv\/lv\/mebelu-rokturis-t-bar-plate-cross-buster-punch\/\" \/>\n<meta property=\"og:locale\" content=\"lv_LV\" \/>\n<meta property=\"og:type\" content=\"article\" \/>\n<meta property=\"og:title\" content=\"M\u0113be\u013cu rokturis T-Bar \/ Plate \/ Cross Buster+Punch - Micasa\" \/>\n<meta property=\"og:description\" content=\"\u0160im T-veida rokturim ir m\u016bsu rakstur\u012bgais dimanta griezuma krusteniskais rievu raksts. Komplekt\u0101 ir mas\u012bva, melna met\u0101la apa\u013ca aizmugures pl\u0101ksne, kas\" \/>\n<meta property=\"og:url\" content=\"https:\/\/micasa.lv\/lv\/mebelu-rokturis-t-bar-plate-cross-buster-punch\/\" \/>\n<meta property=\"og:site_name\" content=\"Micasa\" \/>\n<meta property=\"article:modified_time\" content=\"2025-08-10T21:10:31+00:00\" \/>\n<meta property=\"og:image\" content=\"https:\/\/micasa.lv\/wp-content\/uploads\/2025\/05\/busterpunch_t-bar_plate_cross_smoked-bronze.jpg\" \/>\n\t<meta property=\"og:image:width\" content=\"2560\" \/>\n\t<meta property=\"og:image:height\" content=\"2560\" \/>\n\t<meta property=\"og:image:type\" content=\"image\/jpeg\" \/>\n<meta name=\"twitter:card\" content=\"summary_large_image\" \/>\n<script type=\"application\/ld+json\" class=\"yoast-schema-graph\">{\"@context\":\"https:\\\/\\\/schema.org\",\"@graph\":[{\"@type\":\"WebPage\",\"@id\":\"https:\\\/\\\/micasa.lv\\\/lv\\\/mebelu-rokturis-t-bar-plate-cross-buster-punch\\\/\",\"url\":\"https:\\\/\\\/micasa.lv\\\/lv\\\/mebelu-rokturis-t-bar-plate-cross-buster-punch\\\/\",\"name\":\"M\u0113be\u013cu rokturis T-Bar \\\/ Plate \\\/ Cross Buster+Punch - Micasa\",\"isPartOf\":{\"@id\":\"https:\\\/\\\/micasa.lv\\\/lv\\\/#website\"},\"primaryImageOfPage\":{\"@id\":\"https:\\\/\\\/micasa.lv\\\/lv\\\/mebelu-rokturis-t-bar-plate-cross-buster-punch\\\/#primaryimage\"},\"image\":{\"@id\":\"https:\\\/\\\/micasa.lv\\\/lv\\\/mebelu-rokturis-t-bar-plate-cross-buster-punch\\\/#primaryimage\"},\"thumbnailUrl\":\"https:\\\/\\\/micasa.lv\\\/wp-content\\\/uploads\\\/2025\\\/05\\\/busterpunch_t-bar_plate_cross_smoked-bronze.jpg\",\"datePublished\":\"2025-05-20T12:12:00+00:00\",\"dateModified\":\"2025-08-10T21:10:31+00:00\",\"breadcrumb\":{\"@id\":\"https:\\\/\\\/micasa.lv\\\/lv\\\/mebelu-rokturis-t-bar-plate-cross-buster-punch\\\/#breadcrumb\"},\"inLanguage\":\"lv-LV\",\"potentialAction\":[{\"@type\":\"ReadAction\",\"target\":[\"https:\\\/\\\/micasa.lv\\\/lv\\\/mebelu-rokturis-t-bar-plate-cross-buster-punch\\\/\"]}]},{\"@type\":\"ImageObject\",\"inLanguage\":\"lv-LV\",\"@id\":\"https:\\\/\\\/micasa.lv\\\/lv\\\/mebelu-rokturis-t-bar-plate-cross-buster-punch\\\/#primaryimage\",\"url\":\"https:\\\/\\\/micasa.lv\\\/wp-content\\\/uploads\\\/2025\\\/05\\\/busterpunch_t-bar_plate_cross_smoked-bronze.jpg\",\"contentUrl\":\"https:\\\/\\\/micasa.lv\\\/wp-content\\\/uploads\\\/2025\\\/05\\\/busterpunch_t-bar_plate_cross_smoked-bronze.jpg\",\"width\":2560,\"height\":2560},{\"@type\":\"BreadcrumbList\",\"@id\":\"https:\\\/\\\/micasa.lv\\\/lv\\\/mebelu-rokturis-t-bar-plate-cross-buster-punch\\\/#breadcrumb\",\"itemListElement\":[{\"@type\":\"ListItem\",\"position\":1,\"name\":\"S\u0101kums\",\"item\":\"https:\\\/\\\/micasa.lv\\\/lv\\\/micasa\\\/\"},{\"@type\":\"ListItem\",\"position\":2,\"name\":\"Shop\",\"item\":\"https:\\\/\\\/micasa.lv\\\/lv\\\/shop\\\/\"},{\"@type\":\"ListItem\",\"position\":3,\"name\":\"M\u0113be\u013cu rokturis T-Bar \\\/ Plate \\\/ Cross Buster+Punch\"}]},{\"@type\":\"WebSite\",\"@id\":\"https:\\\/\\\/micasa.lv\\\/lv\\\/#website\",\"url\":\"https:\\\/\\\/micasa.lv\\\/lv\\\/\",\"name\":\"Micasa\",\"description\":\"\",\"potentialAction\":[{\"@type\":\"SearchAction\",\"target\":{\"@type\":\"EntryPoint\",\"urlTemplate\":\"https:\\\/\\\/micasa.lv\\\/lv\\\/?s={search_term_string}\"},\"query-input\":{\"@type\":\"PropertyValueSpecification\",\"valueRequired\":true,\"valueName\":\"search_term_string\"}}],\"inLanguage\":\"lv-LV\"}]}<\/script>\n<!-- \/ Yoast SEO plugin. -->","yoast_head_json":{"title":"M\u0113be\u013cu rokturis T-Bar \/ Plate \/ Cross Buster+Punch - Micasa","robots":{"index":"index","follow":"follow","max-snippet":"max-snippet:-1","max-image-preview":"max-image-preview:large","max-video-preview":"max-video-preview:-1"},"canonical":"https:\/\/micasa.lv\/lv\/mebelu-rokturis-t-bar-plate-cross-buster-punch\/","og_locale":"lv_LV","og_type":"article","og_title":"M\u0113be\u013cu rokturis T-Bar \/ Plate \/ Cross Buster+Punch - Micasa","og_description":"\u0160im T-veida rokturim ir m\u016bsu rakstur\u012bgais dimanta griezuma krusteniskais rievu raksts. Komplekt\u0101 ir mas\u012bva, melna met\u0101la apa\u013ca aizmugures pl\u0101ksne, kas","og_url":"https:\/\/micasa.lv\/lv\/mebelu-rokturis-t-bar-plate-cross-buster-punch\/","og_site_name":"Micasa","article_modified_time":"2025-08-10T21:10:31+00:00","og_image":[{"width":2560,"height":2560,"url":"https:\/\/micasa.lv\/wp-content\/uploads\/2025\/05\/busterpunch_t-bar_plate_cross_smoked-bronze.jpg","type":"image\/jpeg"}],"twitter_card":"summary_large_image","schema":{"@context":"https:\/\/schema.org","@graph":[{"@type":"WebPage","@id":"https:\/\/micasa.lv\/lv\/mebelu-rokturis-t-bar-plate-cross-buster-punch\/","url":"https:\/\/micasa.lv\/lv\/mebelu-rokturis-t-bar-plate-cross-buster-punch\/","name":"M\u0113be\u013cu rokturis T-Bar \/ Plate \/ Cross Buster+Punch - Micasa","isPartOf":{"@id":"https:\/\/micasa.lv\/lv\/#website"},"primaryImageOfPage":{"@id":"https:\/\/micasa.lv\/lv\/mebelu-rokturis-t-bar-plate-cross-buster-punch\/#primaryimage"},"image":{"@id":"https:\/\/micasa.lv\/lv\/mebelu-rokturis-t-bar-plate-cross-buster-punch\/#primaryimage"},"thumbnailUrl":"https:\/\/micasa.lv\/wp-content\/uploads\/2025\/05\/busterpunch_t-bar_plate_cross_smoked-bronze.jpg","datePublished":"2025-05-20T12:12:00+00:00","dateModified":"2025-08-10T21:10:31+00:00","breadcrumb":{"@id":"https:\/\/micasa.lv\/lv\/mebelu-rokturis-t-bar-plate-cross-buster-punch\/#breadcrumb"},"inLanguage":"lv-LV","potentialAction":[{"@type":"ReadAction","target":["https:\/\/micasa.lv\/lv\/mebelu-rokturis-t-bar-plate-cross-buster-punch\/"]}]},{"@type":"ImageObject","inLanguage":"lv-LV","@id":"https:\/\/micasa.lv\/lv\/mebelu-rokturis-t-bar-plate-cross-buster-punch\/#primaryimage","url":"https:\/\/micasa.lv\/wp-content\/uploads\/2025\/05\/busterpunch_t-bar_plate_cross_smoked-bronze.jpg","contentUrl":"https:\/\/micasa.lv\/wp-content\/uploads\/2025\/05\/busterpunch_t-bar_plate_cross_smoked-bronze.jpg","width":2560,"height":2560},{"@type":"BreadcrumbList","@id":"https:\/\/micasa.lv\/lv\/mebelu-rokturis-t-bar-plate-cross-buster-punch\/#breadcrumb","itemListElement":[{"@type":"ListItem","position":1,"name":"S\u0101kums","item":"https:\/\/micasa.lv\/lv\/micasa\/"},{"@type":"ListItem","position":2,"name":"Shop","item":"https:\/\/micasa.lv\/lv\/shop\/"},{"@type":"ListItem","position":3,"name":"M\u0113be\u013cu rokturis T-Bar \/ Plate \/ Cross Buster+Punch"}]},{"@type":"WebSite","@id":"https:\/\/micasa.lv\/lv\/#website","url":"https:\/\/micasa.lv\/lv\/","name":"Micasa","description":"","potentialAction":[{"@type":"SearchAction","target":{"@type":"EntryPoint","urlTemplate":"https:\/\/micasa.lv\/lv\/?s={search_term_string}"},"query-input":{"@type":"PropertyValueSpecification","valueRequired":true,"valueName":"search_term_string"}}],"inLanguage":"lv-LV"}]}},"wcpa_form_fields":null,"_links":{"self":[{"href":"https:\/\/micasa.lv\/lv\/wp-json\/wp\/v2\/product\/57553","targetHints":{"allow":["GET"]}}],"collection":[{"href":"https:\/\/micasa.lv\/lv\/wp-json\/wp\/v2\/product"}],"about":[{"href":"https:\/\/micasa.lv\/lv\/wp-json\/wp\/v2\/types\/product"}],"version-history":[{"count":1,"href":"https:\/\/micasa.lv\/lv\/wp-json\/wp\/v2\/product\/57553\/revisions"}],"predecessor-version":[{"id":57901,"href":"https:\/\/micasa.lv\/lv\/wp-json\/wp\/v2\/product\/57553\/revisions\/57901"}],"wp:featuredmedia":[{"embeddable":true,"href":"https:\/\/micasa.lv\/lv\/wp-json\/wp\/v2\/media\/51750"}],"wp:attachment":[{"href":"https:\/\/micasa.lv\/lv\/wp-json\/wp\/v2\/media?parent=57553"}],"wp:term":[{"taxonomy":"product_brand","embeddable":true,"href":"https:\/\/micasa.lv\/lv\/wp-json\/wp\/v2\/product_brand?post=57553"},{"taxonomy":"product_cat","embeddable":true,"href":"https:\/\/micasa.lv\/lv\/wp-json\/wp\/v2\/product_cat?post=57553"},{"taxonomy":"product_tag","embeddable":true,"href":"https:\/\/micasa.lv\/lv\/wp-json\/wp\/v2\/product_tag?post=57553"}],"curies":[{"name":"wp","href":"https:\/\/api.w.org\/{rel}","templated":true}]}}