{"id":57584,"date":"2025-05-20T12:01:31","date_gmt":"2025-05-20T10:01:31","guid":{"rendered":"https:\/\/test.micasa.lv\/product\/mebelu-rokturi-knob-set-plate-linear-buster-punch\/"},"modified":"2025-08-11T00:10:32","modified_gmt":"2025-08-10T21:10:32","slug":"mebelu-rokturi-knob-set-plate-linear-buster-punch","status":"publish","type":"product","link":"https:\/\/micasa.lv\/lv\/mebelu-rokturi-knob-set-plate-linear-buster-punch\/","title":{"rendered":"M\u0113be\u013cu rokturi Knob Set \/ Plate \/ Linear Buster+Punch"},"content":{"rendered":"<p>P\u0101rdodas p\u0101ri.<\/p>\n<p>M\u0113be\u013cu rokturu komplekts. \u0160iem rokturiem ir m\u016bsu rakstur\u012bgais dimanta griezuma line\u0101rais rievu raksts, kas apstr\u0101d\u0101ts ar rok\u0101m. Komplekt\u0101 ietilpst mas\u012bvas ner\u016bs\u0113jo\u0161\u0101 t\u0113rauda aizmugures pl\u0101ksnes, kas nostiprin\u0101tas ar ner\u016bs\u0113jo\u0161\u0101 t\u0113rauda torx skr\u016bv\u0113m. Lieliski piem\u0113roti skap\u012b\u0161u durv\u012bm, bufet\u0113m, virtuves m\u0113be\u013cu fas\u0101d\u0113m un gandr\u012bz jebkuram atveramam elementam.<\/p>\n","protected":false},"excerpt":{"rendered":"<p>P\u0101rdodas p\u0101ri. M\u0113be\u013cu rokturu komplekts. \u0160iem rokturiem ir m\u016bsu rakstur\u012bgais dimanta griezuma line\u0101rais rievu raksts, kas apstr\u0101d\u0101ts ar rok\u0101m. Komplekt\u0101<\/p>\n","protected":false},"featured_media":51640,"template":"","meta":[],"product_brand":[],"product_cat":[3783,1933],"product_tag":[],"class_list":{"0":"post-57584","1":"product","2":"type-product","3":"status-publish","4":"has-post-thumbnail","6":"product_cat-buster-and-punch","7":"product_cat-mebelu-furnitura","8":"pa_brand-buster-punch-lv","10":"first","11":"instock","12":"taxable","13":"shipping-taxable","14":"purchasable","15":"product-type-variable"},"yoast_head":"<!-- This site is optimized with the Yoast SEO plugin v27.4 - https:\/\/yoast.com\/product\/yoast-seo-wordpress\/ -->\n<title>M\u0113be\u013cu rokturi Knob Set \/ Plate \/ Linear Buster+Punch - Micasa<\/title>\n<meta name=\"robots\" content=\"index, follow, max-snippet:-1, max-image-preview:large, max-video-preview:-1\" \/>\n<link rel=\"canonical\" href=\"https:\/\/micasa.lv\/lv\/mebelu-rokturi-knob-set-plate-linear-buster-punch\/\" \/>\n<meta property=\"og:locale\" content=\"lv_LV\" \/>\n<meta property=\"og:type\" content=\"article\" \/>\n<meta property=\"og:title\" content=\"M\u0113be\u013cu rokturi Knob Set \/ Plate \/ Linear Buster+Punch - Micasa\" \/>\n<meta property=\"og:description\" content=\"P\u0101rdodas p\u0101ri. M\u0113be\u013cu rokturu komplekts. \u0160iem rokturiem ir m\u016bsu rakstur\u012bgais dimanta griezuma line\u0101rais rievu raksts, kas apstr\u0101d\u0101ts ar rok\u0101m. Komplekt\u0101\" \/>\n<meta property=\"og:url\" content=\"https:\/\/micasa.lv\/lv\/mebelu-rokturi-knob-set-plate-linear-buster-punch\/\" \/>\n<meta property=\"og:site_name\" content=\"Micasa\" \/>\n<meta property=\"article:modified_time\" content=\"2025-08-10T21:10:32+00:00\" \/>\n<meta property=\"og:image\" content=\"https:\/\/micasa.lv\/wp-content\/uploads\/2025\/05\/busterpunch_furniture_knob_plate_burnt_steel.jpg\" \/>\n\t<meta property=\"og:image:width\" content=\"2560\" \/>\n\t<meta property=\"og:image:height\" content=\"2560\" \/>\n\t<meta property=\"og:image:type\" content=\"image\/jpeg\" \/>\n<meta name=\"twitter:card\" content=\"summary_large_image\" \/>\n<script type=\"application\/ld+json\" class=\"yoast-schema-graph\">{\"@context\":\"https:\\\/\\\/schema.org\",\"@graph\":[{\"@type\":\"WebPage\",\"@id\":\"https:\\\/\\\/micasa.lv\\\/lv\\\/mebelu-rokturi-knob-set-plate-linear-buster-punch\\\/\",\"url\":\"https:\\\/\\\/micasa.lv\\\/lv\\\/mebelu-rokturi-knob-set-plate-linear-buster-punch\\\/\",\"name\":\"M\u0113be\u013cu rokturi Knob Set \\\/ Plate \\\/ Linear Buster+Punch - Micasa\",\"isPartOf\":{\"@id\":\"https:\\\/\\\/micasa.lv\\\/lv\\\/#website\"},\"primaryImageOfPage\":{\"@id\":\"https:\\\/\\\/micasa.lv\\\/lv\\\/mebelu-rokturi-knob-set-plate-linear-buster-punch\\\/#primaryimage\"},\"image\":{\"@id\":\"https:\\\/\\\/micasa.lv\\\/lv\\\/mebelu-rokturi-knob-set-plate-linear-buster-punch\\\/#primaryimage\"},\"thumbnailUrl\":\"https:\\\/\\\/micasa.lv\\\/wp-content\\\/uploads\\\/2025\\\/05\\\/busterpunch_furniture_knob_plate_burnt_steel.jpg\",\"datePublished\":\"2025-05-20T10:01:31+00:00\",\"dateModified\":\"2025-08-10T21:10:32+00:00\",\"breadcrumb\":{\"@id\":\"https:\\\/\\\/micasa.lv\\\/lv\\\/mebelu-rokturi-knob-set-plate-linear-buster-punch\\\/#breadcrumb\"},\"inLanguage\":\"lv-LV\",\"potentialAction\":[{\"@type\":\"ReadAction\",\"target\":[\"https:\\\/\\\/micasa.lv\\\/lv\\\/mebelu-rokturi-knob-set-plate-linear-buster-punch\\\/\"]}]},{\"@type\":\"ImageObject\",\"inLanguage\":\"lv-LV\",\"@id\":\"https:\\\/\\\/micasa.lv\\\/lv\\\/mebelu-rokturi-knob-set-plate-linear-buster-punch\\\/#primaryimage\",\"url\":\"https:\\\/\\\/micasa.lv\\\/wp-content\\\/uploads\\\/2025\\\/05\\\/busterpunch_furniture_knob_plate_burnt_steel.jpg\",\"contentUrl\":\"https:\\\/\\\/micasa.lv\\\/wp-content\\\/uploads\\\/2025\\\/05\\\/busterpunch_furniture_knob_plate_burnt_steel.jpg\",\"width\":2560,\"height\":2560},{\"@type\":\"BreadcrumbList\",\"@id\":\"https:\\\/\\\/micasa.lv\\\/lv\\\/mebelu-rokturi-knob-set-plate-linear-buster-punch\\\/#breadcrumb\",\"itemListElement\":[{\"@type\":\"ListItem\",\"position\":1,\"name\":\"S\u0101kums\",\"item\":\"https:\\\/\\\/micasa.lv\\\/lv\\\/micasa\\\/\"},{\"@type\":\"ListItem\",\"position\":2,\"name\":\"Shop\",\"item\":\"https:\\\/\\\/micasa.lv\\\/lv\\\/shop\\\/\"},{\"@type\":\"ListItem\",\"position\":3,\"name\":\"M\u0113be\u013cu rokturi Knob Set \\\/ Plate \\\/ Linear Buster+Punch\"}]},{\"@type\":\"WebSite\",\"@id\":\"https:\\\/\\\/micasa.lv\\\/lv\\\/#website\",\"url\":\"https:\\\/\\\/micasa.lv\\\/lv\\\/\",\"name\":\"Micasa\",\"description\":\"\",\"potentialAction\":[{\"@type\":\"SearchAction\",\"target\":{\"@type\":\"EntryPoint\",\"urlTemplate\":\"https:\\\/\\\/micasa.lv\\\/lv\\\/?s={search_term_string}\"},\"query-input\":{\"@type\":\"PropertyValueSpecification\",\"valueRequired\":true,\"valueName\":\"search_term_string\"}}],\"inLanguage\":\"lv-LV\"}]}<\/script>\n<!-- \/ Yoast SEO plugin. -->","yoast_head_json":{"title":"M\u0113be\u013cu rokturi Knob Set \/ Plate \/ Linear Buster+Punch - Micasa","robots":{"index":"index","follow":"follow","max-snippet":"max-snippet:-1","max-image-preview":"max-image-preview:large","max-video-preview":"max-video-preview:-1"},"canonical":"https:\/\/micasa.lv\/lv\/mebelu-rokturi-knob-set-plate-linear-buster-punch\/","og_locale":"lv_LV","og_type":"article","og_title":"M\u0113be\u013cu rokturi Knob Set \/ Plate \/ Linear Buster+Punch - Micasa","og_description":"P\u0101rdodas p\u0101ri. M\u0113be\u013cu rokturu komplekts. \u0160iem rokturiem ir m\u016bsu rakstur\u012bgais dimanta griezuma line\u0101rais rievu raksts, kas apstr\u0101d\u0101ts ar rok\u0101m. Komplekt\u0101","og_url":"https:\/\/micasa.lv\/lv\/mebelu-rokturi-knob-set-plate-linear-buster-punch\/","og_site_name":"Micasa","article_modified_time":"2025-08-10T21:10:32+00:00","og_image":[{"width":2560,"height":2560,"url":"https:\/\/micasa.lv\/wp-content\/uploads\/2025\/05\/busterpunch_furniture_knob_plate_burnt_steel.jpg","type":"image\/jpeg"}],"twitter_card":"summary_large_image","schema":{"@context":"https:\/\/schema.org","@graph":[{"@type":"WebPage","@id":"https:\/\/micasa.lv\/lv\/mebelu-rokturi-knob-set-plate-linear-buster-punch\/","url":"https:\/\/micasa.lv\/lv\/mebelu-rokturi-knob-set-plate-linear-buster-punch\/","name":"M\u0113be\u013cu rokturi Knob Set \/ Plate \/ Linear Buster+Punch - Micasa","isPartOf":{"@id":"https:\/\/micasa.lv\/lv\/#website"},"primaryImageOfPage":{"@id":"https:\/\/micasa.lv\/lv\/mebelu-rokturi-knob-set-plate-linear-buster-punch\/#primaryimage"},"image":{"@id":"https:\/\/micasa.lv\/lv\/mebelu-rokturi-knob-set-plate-linear-buster-punch\/#primaryimage"},"thumbnailUrl":"https:\/\/micasa.lv\/wp-content\/uploads\/2025\/05\/busterpunch_furniture_knob_plate_burnt_steel.jpg","datePublished":"2025-05-20T10:01:31+00:00","dateModified":"2025-08-10T21:10:32+00:00","breadcrumb":{"@id":"https:\/\/micasa.lv\/lv\/mebelu-rokturi-knob-set-plate-linear-buster-punch\/#breadcrumb"},"inLanguage":"lv-LV","potentialAction":[{"@type":"ReadAction","target":["https:\/\/micasa.lv\/lv\/mebelu-rokturi-knob-set-plate-linear-buster-punch\/"]}]},{"@type":"ImageObject","inLanguage":"lv-LV","@id":"https:\/\/micasa.lv\/lv\/mebelu-rokturi-knob-set-plate-linear-buster-punch\/#primaryimage","url":"https:\/\/micasa.lv\/wp-content\/uploads\/2025\/05\/busterpunch_furniture_knob_plate_burnt_steel.jpg","contentUrl":"https:\/\/micasa.lv\/wp-content\/uploads\/2025\/05\/busterpunch_furniture_knob_plate_burnt_steel.jpg","width":2560,"height":2560},{"@type":"BreadcrumbList","@id":"https:\/\/micasa.lv\/lv\/mebelu-rokturi-knob-set-plate-linear-buster-punch\/#breadcrumb","itemListElement":[{"@type":"ListItem","position":1,"name":"S\u0101kums","item":"https:\/\/micasa.lv\/lv\/micasa\/"},{"@type":"ListItem","position":2,"name":"Shop","item":"https:\/\/micasa.lv\/lv\/shop\/"},{"@type":"ListItem","position":3,"name":"M\u0113be\u013cu rokturi Knob Set \/ Plate \/ Linear Buster+Punch"}]},{"@type":"WebSite","@id":"https:\/\/micasa.lv\/lv\/#website","url":"https:\/\/micasa.lv\/lv\/","name":"Micasa","description":"","potentialAction":[{"@type":"SearchAction","target":{"@type":"EntryPoint","urlTemplate":"https:\/\/micasa.lv\/lv\/?s={search_term_string}"},"query-input":{"@type":"PropertyValueSpecification","valueRequired":true,"valueName":"search_term_string"}}],"inLanguage":"lv-LV"}]}},"wcpa_form_fields":null,"_links":{"self":[{"href":"https:\/\/micasa.lv\/lv\/wp-json\/wp\/v2\/product\/57584","targetHints":{"allow":["GET"]}}],"collection":[{"href":"https:\/\/micasa.lv\/lv\/wp-json\/wp\/v2\/product"}],"about":[{"href":"https:\/\/micasa.lv\/lv\/wp-json\/wp\/v2\/types\/product"}],"version-history":[{"count":1,"href":"https:\/\/micasa.lv\/lv\/wp-json\/wp\/v2\/product\/57584\/revisions"}],"predecessor-version":[{"id":57668,"href":"https:\/\/micasa.lv\/lv\/wp-json\/wp\/v2\/product\/57584\/revisions\/57668"}],"wp:featuredmedia":[{"embeddable":true,"href":"https:\/\/micasa.lv\/lv\/wp-json\/wp\/v2\/media\/51640"}],"wp:attachment":[{"href":"https:\/\/micasa.lv\/lv\/wp-json\/wp\/v2\/media?parent=57584"}],"wp:term":[{"taxonomy":"product_brand","embeddable":true,"href":"https:\/\/micasa.lv\/lv\/wp-json\/wp\/v2\/product_brand?post=57584"},{"taxonomy":"product_cat","embeddable":true,"href":"https:\/\/micasa.lv\/lv\/wp-json\/wp\/v2\/product_cat?post=57584"},{"taxonomy":"product_tag","embeddable":true,"href":"https:\/\/micasa.lv\/lv\/wp-json\/wp\/v2\/product_tag?post=57584"}],"curies":[{"name":"wp","href":"https:\/\/api.w.org\/{rel}","templated":true}]}}