{"id":57635,"date":"2025-05-19T15:25:05","date_gmt":"2025-05-19T13:25:05","guid":{"rendered":"https:\/\/test.micasa.lv\/product\/mebelu-rokturis-closet-bar-double-sided-cross-buster-punch\/"},"modified":"2025-08-11T00:10:34","modified_gmt":"2025-08-10T21:10:34","slug":"mebelu-rokturis-closet-bar-double-sided-cross-buster-punch","status":"publish","type":"product","link":"https:\/\/micasa.lv\/lv\/mebelu-rokturis-closet-bar-double-sided-cross-buster-punch\/","title":{"rendered":"M\u0113be\u013cu rokturis Closet Bar \/ Double-Sided \/ Cross Buster+Punch"},"content":{"rendered":"<p>Divpus\u0113js skapja stienis, izgatavots no cieta melna anod\u0113ta met\u0101la. \u0160iem rokturiem ir m\u016bsu rakstur\u012bgais dimanta griezuma krustveida rievu raksts, kas apstr\u0101d\u0101ts ar rok\u0101m. Komplekt\u0101 ietilpst mazi mas\u012bva melna met\u0101la diski. Lieliski piem\u0113rots iek\u0161\u0113jam stiklam vai mas\u012bvkoka durv\u012bm ar biezumu no 10 mm l\u012bdz 60 mm. Nav paredz\u0113ts lieto\u0161anai mitr\u0101 vid\u0113. Komplekt\u0101 ietilpst divi skapja stie\u0146i ar abpus\u0113ju stiprin\u0101jumu.<\/p>\n","protected":false},"excerpt":{"rendered":"<p>Divpus\u0113js skapja stienis, izgatavots no cieta melna anod\u0113ta met\u0101la. \u0160iem rokturiem ir m\u016bsu rakstur\u012bgais dimanta griezuma krustveida rievu raksts, kas<\/p>\n","protected":false},"featured_media":51433,"template":"","meta":[],"product_brand":[],"product_cat":[3783,1933],"product_tag":[],"class_list":{"0":"post-57635","1":"product","2":"type-product","3":"status-publish","4":"has-post-thumbnail","6":"product_cat-buster-and-punch","7":"product_cat-mebelu-furnitura","8":"pa_brand-buster-punch-lv","10":"first","11":"instock","12":"taxable","13":"shipping-taxable","14":"purchasable","15":"product-type-variable"},"yoast_head":"<!-- This site is optimized with the Yoast SEO plugin v27.4 - https:\/\/yoast.com\/product\/yoast-seo-wordpress\/ -->\n<title>M\u0113be\u013cu rokturis Closet Bar \/ Double-Sided \/ Cross Buster+Punch - Micasa<\/title>\n<meta name=\"robots\" content=\"index, follow, max-snippet:-1, max-image-preview:large, max-video-preview:-1\" \/>\n<link rel=\"canonical\" href=\"https:\/\/micasa.lv\/lv\/mebelu-rokturis-closet-bar-double-sided-cross-buster-punch\/\" \/>\n<meta property=\"og:locale\" content=\"lv_LV\" \/>\n<meta property=\"og:type\" content=\"article\" \/>\n<meta property=\"og:title\" content=\"M\u0113be\u013cu rokturis Closet Bar \/ Double-Sided \/ Cross Buster+Punch - Micasa\" \/>\n<meta property=\"og:description\" content=\"Divpus\u0113js skapja stienis, izgatavots no cieta melna anod\u0113ta met\u0101la. \u0160iem rokturiem ir m\u016bsu rakstur\u012bgais dimanta griezuma krustveida rievu raksts, kas\" \/>\n<meta property=\"og:url\" content=\"https:\/\/micasa.lv\/lv\/mebelu-rokturis-closet-bar-double-sided-cross-buster-punch\/\" \/>\n<meta property=\"og:site_name\" content=\"Micasa\" \/>\n<meta property=\"article:modified_time\" content=\"2025-08-10T21:10:34+00:00\" \/>\n<meta property=\"og:image\" content=\"https:\/\/micasa.lv\/wp-content\/uploads\/2025\/05\/1.bp_double_sided_closet_bar_steel.jpg\" \/>\n\t<meta property=\"og:image:width\" content=\"2560\" \/>\n\t<meta property=\"og:image:height\" content=\"2560\" \/>\n\t<meta property=\"og:image:type\" content=\"image\/jpeg\" \/>\n<meta name=\"twitter:card\" content=\"summary_large_image\" \/>\n<script type=\"application\/ld+json\" class=\"yoast-schema-graph\">{\"@context\":\"https:\\\/\\\/schema.org\",\"@graph\":[{\"@type\":\"WebPage\",\"@id\":\"https:\\\/\\\/micasa.lv\\\/lv\\\/mebelu-rokturis-closet-bar-double-sided-cross-buster-punch\\\/\",\"url\":\"https:\\\/\\\/micasa.lv\\\/lv\\\/mebelu-rokturis-closet-bar-double-sided-cross-buster-punch\\\/\",\"name\":\"M\u0113be\u013cu rokturis Closet Bar \\\/ Double-Sided \\\/ Cross Buster+Punch - Micasa\",\"isPartOf\":{\"@id\":\"https:\\\/\\\/micasa.lv\\\/lv\\\/#website\"},\"primaryImageOfPage\":{\"@id\":\"https:\\\/\\\/micasa.lv\\\/lv\\\/mebelu-rokturis-closet-bar-double-sided-cross-buster-punch\\\/#primaryimage\"},\"image\":{\"@id\":\"https:\\\/\\\/micasa.lv\\\/lv\\\/mebelu-rokturis-closet-bar-double-sided-cross-buster-punch\\\/#primaryimage\"},\"thumbnailUrl\":\"https:\\\/\\\/micasa.lv\\\/wp-content\\\/uploads\\\/2025\\\/05\\\/1.bp_double_sided_closet_bar_steel.jpg\",\"datePublished\":\"2025-05-19T13:25:05+00:00\",\"dateModified\":\"2025-08-10T21:10:34+00:00\",\"breadcrumb\":{\"@id\":\"https:\\\/\\\/micasa.lv\\\/lv\\\/mebelu-rokturis-closet-bar-double-sided-cross-buster-punch\\\/#breadcrumb\"},\"inLanguage\":\"lv-LV\",\"potentialAction\":[{\"@type\":\"ReadAction\",\"target\":[\"https:\\\/\\\/micasa.lv\\\/lv\\\/mebelu-rokturis-closet-bar-double-sided-cross-buster-punch\\\/\"]}]},{\"@type\":\"ImageObject\",\"inLanguage\":\"lv-LV\",\"@id\":\"https:\\\/\\\/micasa.lv\\\/lv\\\/mebelu-rokturis-closet-bar-double-sided-cross-buster-punch\\\/#primaryimage\",\"url\":\"https:\\\/\\\/micasa.lv\\\/wp-content\\\/uploads\\\/2025\\\/05\\\/1.bp_double_sided_closet_bar_steel.jpg\",\"contentUrl\":\"https:\\\/\\\/micasa.lv\\\/wp-content\\\/uploads\\\/2025\\\/05\\\/1.bp_double_sided_closet_bar_steel.jpg\",\"width\":2560,\"height\":2560},{\"@type\":\"BreadcrumbList\",\"@id\":\"https:\\\/\\\/micasa.lv\\\/lv\\\/mebelu-rokturis-closet-bar-double-sided-cross-buster-punch\\\/#breadcrumb\",\"itemListElement\":[{\"@type\":\"ListItem\",\"position\":1,\"name\":\"S\u0101kums\",\"item\":\"https:\\\/\\\/micasa.lv\\\/lv\\\/micasa\\\/\"},{\"@type\":\"ListItem\",\"position\":2,\"name\":\"Shop\",\"item\":\"https:\\\/\\\/micasa.lv\\\/lv\\\/shop\\\/\"},{\"@type\":\"ListItem\",\"position\":3,\"name\":\"M\u0113be\u013cu rokturis Closet Bar \\\/ Double-Sided \\\/ Cross Buster+Punch\"}]},{\"@type\":\"WebSite\",\"@id\":\"https:\\\/\\\/micasa.lv\\\/lv\\\/#website\",\"url\":\"https:\\\/\\\/micasa.lv\\\/lv\\\/\",\"name\":\"Micasa\",\"description\":\"\",\"potentialAction\":[{\"@type\":\"SearchAction\",\"target\":{\"@type\":\"EntryPoint\",\"urlTemplate\":\"https:\\\/\\\/micasa.lv\\\/lv\\\/?s={search_term_string}\"},\"query-input\":{\"@type\":\"PropertyValueSpecification\",\"valueRequired\":true,\"valueName\":\"search_term_string\"}}],\"inLanguage\":\"lv-LV\"}]}<\/script>\n<!-- \/ Yoast SEO plugin. -->","yoast_head_json":{"title":"M\u0113be\u013cu rokturis Closet Bar \/ Double-Sided \/ Cross Buster+Punch - Micasa","robots":{"index":"index","follow":"follow","max-snippet":"max-snippet:-1","max-image-preview":"max-image-preview:large","max-video-preview":"max-video-preview:-1"},"canonical":"https:\/\/micasa.lv\/lv\/mebelu-rokturis-closet-bar-double-sided-cross-buster-punch\/","og_locale":"lv_LV","og_type":"article","og_title":"M\u0113be\u013cu rokturis Closet Bar \/ Double-Sided \/ Cross Buster+Punch - Micasa","og_description":"Divpus\u0113js skapja stienis, izgatavots no cieta melna anod\u0113ta met\u0101la. \u0160iem rokturiem ir m\u016bsu rakstur\u012bgais dimanta griezuma krustveida rievu raksts, kas","og_url":"https:\/\/micasa.lv\/lv\/mebelu-rokturis-closet-bar-double-sided-cross-buster-punch\/","og_site_name":"Micasa","article_modified_time":"2025-08-10T21:10:34+00:00","og_image":[{"width":2560,"height":2560,"url":"https:\/\/micasa.lv\/wp-content\/uploads\/2025\/05\/1.bp_double_sided_closet_bar_steel.jpg","type":"image\/jpeg"}],"twitter_card":"summary_large_image","schema":{"@context":"https:\/\/schema.org","@graph":[{"@type":"WebPage","@id":"https:\/\/micasa.lv\/lv\/mebelu-rokturis-closet-bar-double-sided-cross-buster-punch\/","url":"https:\/\/micasa.lv\/lv\/mebelu-rokturis-closet-bar-double-sided-cross-buster-punch\/","name":"M\u0113be\u013cu rokturis Closet Bar \/ Double-Sided \/ Cross Buster+Punch - Micasa","isPartOf":{"@id":"https:\/\/micasa.lv\/lv\/#website"},"primaryImageOfPage":{"@id":"https:\/\/micasa.lv\/lv\/mebelu-rokturis-closet-bar-double-sided-cross-buster-punch\/#primaryimage"},"image":{"@id":"https:\/\/micasa.lv\/lv\/mebelu-rokturis-closet-bar-double-sided-cross-buster-punch\/#primaryimage"},"thumbnailUrl":"https:\/\/micasa.lv\/wp-content\/uploads\/2025\/05\/1.bp_double_sided_closet_bar_steel.jpg","datePublished":"2025-05-19T13:25:05+00:00","dateModified":"2025-08-10T21:10:34+00:00","breadcrumb":{"@id":"https:\/\/micasa.lv\/lv\/mebelu-rokturis-closet-bar-double-sided-cross-buster-punch\/#breadcrumb"},"inLanguage":"lv-LV","potentialAction":[{"@type":"ReadAction","target":["https:\/\/micasa.lv\/lv\/mebelu-rokturis-closet-bar-double-sided-cross-buster-punch\/"]}]},{"@type":"ImageObject","inLanguage":"lv-LV","@id":"https:\/\/micasa.lv\/lv\/mebelu-rokturis-closet-bar-double-sided-cross-buster-punch\/#primaryimage","url":"https:\/\/micasa.lv\/wp-content\/uploads\/2025\/05\/1.bp_double_sided_closet_bar_steel.jpg","contentUrl":"https:\/\/micasa.lv\/wp-content\/uploads\/2025\/05\/1.bp_double_sided_closet_bar_steel.jpg","width":2560,"height":2560},{"@type":"BreadcrumbList","@id":"https:\/\/micasa.lv\/lv\/mebelu-rokturis-closet-bar-double-sided-cross-buster-punch\/#breadcrumb","itemListElement":[{"@type":"ListItem","position":1,"name":"S\u0101kums","item":"https:\/\/micasa.lv\/lv\/micasa\/"},{"@type":"ListItem","position":2,"name":"Shop","item":"https:\/\/micasa.lv\/lv\/shop\/"},{"@type":"ListItem","position":3,"name":"M\u0113be\u013cu rokturis Closet Bar \/ Double-Sided \/ Cross Buster+Punch"}]},{"@type":"WebSite","@id":"https:\/\/micasa.lv\/lv\/#website","url":"https:\/\/micasa.lv\/lv\/","name":"Micasa","description":"","potentialAction":[{"@type":"SearchAction","target":{"@type":"EntryPoint","urlTemplate":"https:\/\/micasa.lv\/lv\/?s={search_term_string}"},"query-input":{"@type":"PropertyValueSpecification","valueRequired":true,"valueName":"search_term_string"}}],"inLanguage":"lv-LV"}]}},"wcpa_form_fields":null,"_links":{"self":[{"href":"https:\/\/micasa.lv\/lv\/wp-json\/wp\/v2\/product\/57635","targetHints":{"allow":["GET"]}}],"collection":[{"href":"https:\/\/micasa.lv\/lv\/wp-json\/wp\/v2\/product"}],"about":[{"href":"https:\/\/micasa.lv\/lv\/wp-json\/wp\/v2\/types\/product"}],"version-history":[{"count":1,"href":"https:\/\/micasa.lv\/lv\/wp-json\/wp\/v2\/product\/57635\/revisions"}],"predecessor-version":[{"id":57892,"href":"https:\/\/micasa.lv\/lv\/wp-json\/wp\/v2\/product\/57635\/revisions\/57892"}],"wp:featuredmedia":[{"embeddable":true,"href":"https:\/\/micasa.lv\/lv\/wp-json\/wp\/v2\/media\/51433"}],"wp:attachment":[{"href":"https:\/\/micasa.lv\/lv\/wp-json\/wp\/v2\/media?parent=57635"}],"wp:term":[{"taxonomy":"product_brand","embeddable":true,"href":"https:\/\/micasa.lv\/lv\/wp-json\/wp\/v2\/product_brand?post=57635"},{"taxonomy":"product_cat","embeddable":true,"href":"https:\/\/micasa.lv\/lv\/wp-json\/wp\/v2\/product_cat?post=57635"},{"taxonomy":"product_tag","embeddable":true,"href":"https:\/\/micasa.lv\/lv\/wp-json\/wp\/v2\/product_tag?post=57635"}],"curies":[{"name":"wp","href":"https:\/\/api.w.org\/{rel}","templated":true}]}}