{"id":57723,"date":"2025-03-12T15:41:15","date_gmt":"2025-03-12T12:41:15","guid":{"rendered":"https:\/\/test.micasa.lv\/product\/laminats-vitality-jumbo\/"},"modified":"2025-08-11T00:12:03","modified_gmt":"2025-08-10T21:12:03","slug":"laminats-vitality-jumbo","status":"publish","type":"product","link":"https:\/\/micasa.lv\/lv\/laminats-vitality-jumbo\/","title":{"rendered":"Lamin\u0101ts Vitality Jumbo"},"content":{"rendered":"<p>Mekl\u0113jat platu, pieejamu un viegli uzst\u0101damu lamin\u0101ta gr\u012bdu? Tad Vitality Jumbo ir j\u016bsu izv\u0113le! Platu d\u0113\u013cu izm\u0113rs ar \u010detrpus\u0113ju mikro V-f\u0101zi atver j\u016bsu telpu. Pieejami 8 dekoru varianti, t\u0101p\u0113c noteikti atrad\u012bsiet gr\u012bdu, kas atbilst j\u016bsu gaumei. Vitality Jumbo sniedz to nelielo papildin\u0101jumu, ko j\u016bs mekl\u0113j\u0101t.<\/p>\n<p>&nbsp;<\/p>\n<p>Biezums: 8 mm<br \/>\nD\u0113\u013ca izm\u0113rs: 1261 x 244 mm<br \/>\nIepakojum\u0101: 8 d\u0113\u013ci = 2,461 m\u00b2<\/p>\n","protected":false},"excerpt":{"rendered":"<p>Mekl\u0113jat platu, pieejamu un viegli uzst\u0101damu lamin\u0101ta gr\u012bdu? Tad Vitality Jumbo ir j\u016bsu izv\u0113le! Platu d\u0113\u013cu izm\u0113rs ar \u010detrpus\u0113ju mikro<\/p>\n","protected":false},"featured_media":21361,"template":"","meta":[],"product_brand":[],"product_cat":[765],"product_tag":[],"class_list":{"0":"post-57723","1":"product","2":"type-product","3":"status-publish","4":"has-post-thumbnail","6":"product_cat-laminats","7":"pa_brand-vitality-lv","8":"pa_durability-class-32-klase","10":"first","11":"instock","12":"taxable","13":"shipping-taxable","14":"purchasable","15":"product-type-variable"},"yoast_head":"<!-- This site is optimized with the Yoast SEO plugin v27.4 - https:\/\/yoast.com\/product\/yoast-seo-wordpress\/ -->\n<title>Lamin\u0101ts Vitality Jumbo - Micasa<\/title>\n<meta name=\"robots\" content=\"index, follow, max-snippet:-1, max-image-preview:large, max-video-preview:-1\" \/>\n<link rel=\"canonical\" href=\"https:\/\/micasa.lv\/lv\/laminats-vitality-jumbo\/\" \/>\n<meta property=\"og:locale\" content=\"lv_LV\" \/>\n<meta property=\"og:type\" content=\"article\" \/>\n<meta property=\"og:title\" content=\"Lamin\u0101ts Vitality Jumbo - Micasa\" \/>\n<meta property=\"og:description\" content=\"Mekl\u0113jat platu, pieejamu un viegli uzst\u0101damu lamin\u0101ta gr\u012bdu? Tad Vitality Jumbo ir j\u016bsu izv\u0113le! Platu d\u0113\u013cu izm\u0113rs ar \u010detrpus\u0113ju mikro\" \/>\n<meta property=\"og:url\" content=\"https:\/\/micasa.lv\/lv\/laminats-vitality-jumbo\/\" \/>\n<meta property=\"og:site_name\" content=\"Micasa\" \/>\n<meta property=\"article:modified_time\" content=\"2025-08-10T21:12:03+00:00\" \/>\n<meta property=\"og:image\" content=\"https:\/\/micasa.lv\/wp-content\/uploads\/2025\/03\/JUM00421APL-Sand-Oak.webp\" \/>\n\t<meta property=\"og:image:width\" content=\"674\" \/>\n\t<meta property=\"og:image:height\" content=\"967\" \/>\n\t<meta property=\"og:image:type\" content=\"image\/webp\" \/>\n<meta name=\"twitter:card\" content=\"summary_large_image\" \/>\n<script type=\"application\/ld+json\" class=\"yoast-schema-graph\">{\"@context\":\"https:\\\/\\\/schema.org\",\"@graph\":[{\"@type\":\"WebPage\",\"@id\":\"https:\\\/\\\/micasa.lv\\\/lv\\\/laminats-vitality-jumbo\\\/\",\"url\":\"https:\\\/\\\/micasa.lv\\\/lv\\\/laminats-vitality-jumbo\\\/\",\"name\":\"Lamin\u0101ts Vitality Jumbo - Micasa\",\"isPartOf\":{\"@id\":\"https:\\\/\\\/micasa.lv\\\/lv\\\/#website\"},\"primaryImageOfPage\":{\"@id\":\"https:\\\/\\\/micasa.lv\\\/lv\\\/laminats-vitality-jumbo\\\/#primaryimage\"},\"image\":{\"@id\":\"https:\\\/\\\/micasa.lv\\\/lv\\\/laminats-vitality-jumbo\\\/#primaryimage\"},\"thumbnailUrl\":\"https:\\\/\\\/micasa.lv\\\/wp-content\\\/uploads\\\/2025\\\/03\\\/JUM00421APL-Sand-Oak.webp\",\"datePublished\":\"2025-03-12T12:41:15+00:00\",\"dateModified\":\"2025-08-10T21:12:03+00:00\",\"breadcrumb\":{\"@id\":\"https:\\\/\\\/micasa.lv\\\/lv\\\/laminats-vitality-jumbo\\\/#breadcrumb\"},\"inLanguage\":\"lv-LV\",\"potentialAction\":[{\"@type\":\"ReadAction\",\"target\":[\"https:\\\/\\\/micasa.lv\\\/lv\\\/laminats-vitality-jumbo\\\/\"]}]},{\"@type\":\"ImageObject\",\"inLanguage\":\"lv-LV\",\"@id\":\"https:\\\/\\\/micasa.lv\\\/lv\\\/laminats-vitality-jumbo\\\/#primaryimage\",\"url\":\"https:\\\/\\\/micasa.lv\\\/wp-content\\\/uploads\\\/2025\\\/03\\\/JUM00421APL-Sand-Oak.webp\",\"contentUrl\":\"https:\\\/\\\/micasa.lv\\\/wp-content\\\/uploads\\\/2025\\\/03\\\/JUM00421APL-Sand-Oak.webp\",\"width\":674,\"height\":967},{\"@type\":\"BreadcrumbList\",\"@id\":\"https:\\\/\\\/micasa.lv\\\/lv\\\/laminats-vitality-jumbo\\\/#breadcrumb\",\"itemListElement\":[{\"@type\":\"ListItem\",\"position\":1,\"name\":\"S\u0101kums\",\"item\":\"https:\\\/\\\/micasa.lv\\\/lv\\\/micasa\\\/\"},{\"@type\":\"ListItem\",\"position\":2,\"name\":\"Shop\",\"item\":\"https:\\\/\\\/micasa.lv\\\/lv\\\/shop\\\/\"},{\"@type\":\"ListItem\",\"position\":3,\"name\":\"Lamin\u0101ts Vitality Jumbo\"}]},{\"@type\":\"WebSite\",\"@id\":\"https:\\\/\\\/micasa.lv\\\/lv\\\/#website\",\"url\":\"https:\\\/\\\/micasa.lv\\\/lv\\\/\",\"name\":\"Micasa\",\"description\":\"\",\"potentialAction\":[{\"@type\":\"SearchAction\",\"target\":{\"@type\":\"EntryPoint\",\"urlTemplate\":\"https:\\\/\\\/micasa.lv\\\/lv\\\/?s={search_term_string}\"},\"query-input\":{\"@type\":\"PropertyValueSpecification\",\"valueRequired\":true,\"valueName\":\"search_term_string\"}}],\"inLanguage\":\"lv-LV\"}]}<\/script>\n<!-- \/ Yoast SEO plugin. -->","yoast_head_json":{"title":"Lamin\u0101ts Vitality Jumbo - Micasa","robots":{"index":"index","follow":"follow","max-snippet":"max-snippet:-1","max-image-preview":"max-image-preview:large","max-video-preview":"max-video-preview:-1"},"canonical":"https:\/\/micasa.lv\/lv\/laminats-vitality-jumbo\/","og_locale":"lv_LV","og_type":"article","og_title":"Lamin\u0101ts Vitality Jumbo - Micasa","og_description":"Mekl\u0113jat platu, pieejamu un viegli uzst\u0101damu lamin\u0101ta gr\u012bdu? Tad Vitality Jumbo ir j\u016bsu izv\u0113le! Platu d\u0113\u013cu izm\u0113rs ar \u010detrpus\u0113ju mikro","og_url":"https:\/\/micasa.lv\/lv\/laminats-vitality-jumbo\/","og_site_name":"Micasa","article_modified_time":"2025-08-10T21:12:03+00:00","og_image":[{"width":674,"height":967,"url":"https:\/\/micasa.lv\/wp-content\/uploads\/2025\/03\/JUM00421APL-Sand-Oak.webp","type":"image\/webp"}],"twitter_card":"summary_large_image","schema":{"@context":"https:\/\/schema.org","@graph":[{"@type":"WebPage","@id":"https:\/\/micasa.lv\/lv\/laminats-vitality-jumbo\/","url":"https:\/\/micasa.lv\/lv\/laminats-vitality-jumbo\/","name":"Lamin\u0101ts Vitality Jumbo - Micasa","isPartOf":{"@id":"https:\/\/micasa.lv\/lv\/#website"},"primaryImageOfPage":{"@id":"https:\/\/micasa.lv\/lv\/laminats-vitality-jumbo\/#primaryimage"},"image":{"@id":"https:\/\/micasa.lv\/lv\/laminats-vitality-jumbo\/#primaryimage"},"thumbnailUrl":"https:\/\/micasa.lv\/wp-content\/uploads\/2025\/03\/JUM00421APL-Sand-Oak.webp","datePublished":"2025-03-12T12:41:15+00:00","dateModified":"2025-08-10T21:12:03+00:00","breadcrumb":{"@id":"https:\/\/micasa.lv\/lv\/laminats-vitality-jumbo\/#breadcrumb"},"inLanguage":"lv-LV","potentialAction":[{"@type":"ReadAction","target":["https:\/\/micasa.lv\/lv\/laminats-vitality-jumbo\/"]}]},{"@type":"ImageObject","inLanguage":"lv-LV","@id":"https:\/\/micasa.lv\/lv\/laminats-vitality-jumbo\/#primaryimage","url":"https:\/\/micasa.lv\/wp-content\/uploads\/2025\/03\/JUM00421APL-Sand-Oak.webp","contentUrl":"https:\/\/micasa.lv\/wp-content\/uploads\/2025\/03\/JUM00421APL-Sand-Oak.webp","width":674,"height":967},{"@type":"BreadcrumbList","@id":"https:\/\/micasa.lv\/lv\/laminats-vitality-jumbo\/#breadcrumb","itemListElement":[{"@type":"ListItem","position":1,"name":"S\u0101kums","item":"https:\/\/micasa.lv\/lv\/micasa\/"},{"@type":"ListItem","position":2,"name":"Shop","item":"https:\/\/micasa.lv\/lv\/shop\/"},{"@type":"ListItem","position":3,"name":"Lamin\u0101ts Vitality Jumbo"}]},{"@type":"WebSite","@id":"https:\/\/micasa.lv\/lv\/#website","url":"https:\/\/micasa.lv\/lv\/","name":"Micasa","description":"","potentialAction":[{"@type":"SearchAction","target":{"@type":"EntryPoint","urlTemplate":"https:\/\/micasa.lv\/lv\/?s={search_term_string}"},"query-input":{"@type":"PropertyValueSpecification","valueRequired":true,"valueName":"search_term_string"}}],"inLanguage":"lv-LV"}]}},"wcpa_form_fields":null,"_links":{"self":[{"href":"https:\/\/micasa.lv\/lv\/wp-json\/wp\/v2\/product\/57723","targetHints":{"allow":["GET"]}}],"collection":[{"href":"https:\/\/micasa.lv\/lv\/wp-json\/wp\/v2\/product"}],"about":[{"href":"https:\/\/micasa.lv\/lv\/wp-json\/wp\/v2\/types\/product"}],"version-history":[{"count":1,"href":"https:\/\/micasa.lv\/lv\/wp-json\/wp\/v2\/product\/57723\/revisions"}],"predecessor-version":[{"id":57842,"href":"https:\/\/micasa.lv\/lv\/wp-json\/wp\/v2\/product\/57723\/revisions\/57842"}],"wp:featuredmedia":[{"embeddable":true,"href":"https:\/\/micasa.lv\/lv\/wp-json\/wp\/v2\/media\/21361"}],"wp:attachment":[{"href":"https:\/\/micasa.lv\/lv\/wp-json\/wp\/v2\/media?parent=57723"}],"wp:term":[{"taxonomy":"product_brand","embeddable":true,"href":"https:\/\/micasa.lv\/lv\/wp-json\/wp\/v2\/product_brand?post=57723"},{"taxonomy":"product_cat","embeddable":true,"href":"https:\/\/micasa.lv\/lv\/wp-json\/wp\/v2\/product_cat?post=57723"},{"taxonomy":"product_tag","embeddable":true,"href":"https:\/\/micasa.lv\/lv\/wp-json\/wp\/v2\/product_tag?post=57723"}],"curies":[{"name":"wp","href":"https:\/\/api.w.org\/{rel}","templated":true}]}}