{"id":57741,"date":"2025-03-11T17:09:28","date_gmt":"2025-03-11T14:09:28","guid":{"rendered":"https:\/\/test.micasa.lv\/product\/laminats-vitality-superb\/"},"modified":"2025-08-11T00:12:04","modified_gmt":"2025-08-10T21:12:04","slug":"laminats-vitality-superb","status":"publish","type":"product","link":"https:\/\/micasa.lv\/lv\/laminats-vitality-superb\/","title":{"rendered":"Lamin\u0101ts Vitality superb"},"content":{"rendered":"<p>Vitality Superb ir visiztur\u012bg\u0101k\u0101 Vitality gr\u012bda: cieta 10 mm bieza HDF pl\u0101ksne apvienota ar \u013coti nodilumiztur\u012bgu virsmas k\u0101rtu. Vitality Superb ir piem\u0113rota gan dz\u012bvojam\u0101m, gan komerci\u0101l\u0101m telp\u0101m. Ar Uniclic\/Uniclic klik\u0161\u0137u sist\u0113mu \u0161\u012bs gr\u012bdas iekl\u0101\u0161ana notiek \u013coti \u0101tri.<\/p>\n","protected":false},"excerpt":{"rendered":"<p>Vitality Superb ir visiztur\u012bg\u0101k\u0101 Vitality gr\u012bda: cieta 10 mm bieza HDF pl\u0101ksne apvienota ar \u013coti nodilumiztur\u012bgu virsmas k\u0101rtu. Vitality Superb<\/p>\n","protected":false},"featured_media":21321,"template":"","meta":[],"product_brand":[],"product_cat":[765],"product_tag":[],"class_list":{"0":"post-57741","1":"product","2":"type-product","3":"status-publish","4":"has-post-thumbnail","6":"product_cat-laminats","7":"pa_brand-vitality-lv","8":"pa_durability-class-32-klase","10":"first","11":"onbackorder","12":"taxable","13":"shipping-taxable","14":"purchasable","15":"product-type-variable"},"yoast_head":"<!-- This site is optimized with the Yoast SEO plugin v27.4 - https:\/\/yoast.com\/product\/yoast-seo-wordpress\/ -->\n<title>Lamin\u0101ts Vitality superb - Micasa<\/title>\n<meta name=\"robots\" content=\"index, follow, max-snippet:-1, max-image-preview:large, max-video-preview:-1\" \/>\n<link rel=\"canonical\" href=\"https:\/\/micasa.lv\/lv\/laminats-vitality-superb\/\" \/>\n<meta property=\"og:locale\" content=\"lv_LV\" \/>\n<meta property=\"og:type\" content=\"article\" \/>\n<meta property=\"og:title\" content=\"Lamin\u0101ts Vitality superb - Micasa\" \/>\n<meta property=\"og:description\" content=\"Vitality Superb ir visiztur\u012bg\u0101k\u0101 Vitality gr\u012bda: cieta 10 mm bieza HDF pl\u0101ksne apvienota ar \u013coti nodilumiztur\u012bgu virsmas k\u0101rtu. Vitality Superb\" \/>\n<meta property=\"og:url\" content=\"https:\/\/micasa.lv\/lv\/laminats-vitality-superb\/\" \/>\n<meta property=\"og:site_name\" content=\"Micasa\" \/>\n<meta property=\"article:modified_time\" content=\"2025-08-10T21:12:04+00:00\" \/>\n<meta property=\"og:image\" content=\"https:\/\/micasa.lv\/wp-content\/uploads\/2025\/03\/SPR00553AP-Spring-Oak.webp\" \/>\n\t<meta property=\"og:image:width\" content=\"684\" \/>\n\t<meta property=\"og:image:height\" content=\"980\" \/>\n\t<meta property=\"og:image:type\" content=\"image\/webp\" \/>\n<meta name=\"twitter:card\" content=\"summary_large_image\" \/>\n<script type=\"application\/ld+json\" class=\"yoast-schema-graph\">{\"@context\":\"https:\\\/\\\/schema.org\",\"@graph\":[{\"@type\":\"WebPage\",\"@id\":\"https:\\\/\\\/micasa.lv\\\/lv\\\/laminats-vitality-superb\\\/\",\"url\":\"https:\\\/\\\/micasa.lv\\\/lv\\\/laminats-vitality-superb\\\/\",\"name\":\"Lamin\u0101ts Vitality superb - Micasa\",\"isPartOf\":{\"@id\":\"https:\\\/\\\/micasa.lv\\\/lv\\\/#website\"},\"primaryImageOfPage\":{\"@id\":\"https:\\\/\\\/micasa.lv\\\/lv\\\/laminats-vitality-superb\\\/#primaryimage\"},\"image\":{\"@id\":\"https:\\\/\\\/micasa.lv\\\/lv\\\/laminats-vitality-superb\\\/#primaryimage\"},\"thumbnailUrl\":\"https:\\\/\\\/micasa.lv\\\/wp-content\\\/uploads\\\/2025\\\/03\\\/SPR00553AP-Spring-Oak.webp\",\"datePublished\":\"2025-03-11T14:09:28+00:00\",\"dateModified\":\"2025-08-10T21:12:04+00:00\",\"breadcrumb\":{\"@id\":\"https:\\\/\\\/micasa.lv\\\/lv\\\/laminats-vitality-superb\\\/#breadcrumb\"},\"inLanguage\":\"lv-LV\",\"potentialAction\":[{\"@type\":\"ReadAction\",\"target\":[\"https:\\\/\\\/micasa.lv\\\/lv\\\/laminats-vitality-superb\\\/\"]}]},{\"@type\":\"ImageObject\",\"inLanguage\":\"lv-LV\",\"@id\":\"https:\\\/\\\/micasa.lv\\\/lv\\\/laminats-vitality-superb\\\/#primaryimage\",\"url\":\"https:\\\/\\\/micasa.lv\\\/wp-content\\\/uploads\\\/2025\\\/03\\\/SPR00553AP-Spring-Oak.webp\",\"contentUrl\":\"https:\\\/\\\/micasa.lv\\\/wp-content\\\/uploads\\\/2025\\\/03\\\/SPR00553AP-Spring-Oak.webp\",\"width\":684,\"height\":980},{\"@type\":\"BreadcrumbList\",\"@id\":\"https:\\\/\\\/micasa.lv\\\/lv\\\/laminats-vitality-superb\\\/#breadcrumb\",\"itemListElement\":[{\"@type\":\"ListItem\",\"position\":1,\"name\":\"S\u0101kums\",\"item\":\"https:\\\/\\\/micasa.lv\\\/lv\\\/micasa\\\/\"},{\"@type\":\"ListItem\",\"position\":2,\"name\":\"Shop\",\"item\":\"https:\\\/\\\/micasa.lv\\\/lv\\\/shop\\\/\"},{\"@type\":\"ListItem\",\"position\":3,\"name\":\"Lamin\u0101ts Vitality superb\"}]},{\"@type\":\"WebSite\",\"@id\":\"https:\\\/\\\/micasa.lv\\\/lv\\\/#website\",\"url\":\"https:\\\/\\\/micasa.lv\\\/lv\\\/\",\"name\":\"Micasa\",\"description\":\"\",\"potentialAction\":[{\"@type\":\"SearchAction\",\"target\":{\"@type\":\"EntryPoint\",\"urlTemplate\":\"https:\\\/\\\/micasa.lv\\\/lv\\\/?s={search_term_string}\"},\"query-input\":{\"@type\":\"PropertyValueSpecification\",\"valueRequired\":true,\"valueName\":\"search_term_string\"}}],\"inLanguage\":\"lv-LV\"}]}<\/script>\n<!-- \/ Yoast SEO plugin. -->","yoast_head_json":{"title":"Lamin\u0101ts Vitality superb - Micasa","robots":{"index":"index","follow":"follow","max-snippet":"max-snippet:-1","max-image-preview":"max-image-preview:large","max-video-preview":"max-video-preview:-1"},"canonical":"https:\/\/micasa.lv\/lv\/laminats-vitality-superb\/","og_locale":"lv_LV","og_type":"article","og_title":"Lamin\u0101ts Vitality superb - Micasa","og_description":"Vitality Superb ir visiztur\u012bg\u0101k\u0101 Vitality gr\u012bda: cieta 10 mm bieza HDF pl\u0101ksne apvienota ar \u013coti nodilumiztur\u012bgu virsmas k\u0101rtu. Vitality Superb","og_url":"https:\/\/micasa.lv\/lv\/laminats-vitality-superb\/","og_site_name":"Micasa","article_modified_time":"2025-08-10T21:12:04+00:00","og_image":[{"width":684,"height":980,"url":"https:\/\/micasa.lv\/wp-content\/uploads\/2025\/03\/SPR00553AP-Spring-Oak.webp","type":"image\/webp"}],"twitter_card":"summary_large_image","schema":{"@context":"https:\/\/schema.org","@graph":[{"@type":"WebPage","@id":"https:\/\/micasa.lv\/lv\/laminats-vitality-superb\/","url":"https:\/\/micasa.lv\/lv\/laminats-vitality-superb\/","name":"Lamin\u0101ts Vitality superb - Micasa","isPartOf":{"@id":"https:\/\/micasa.lv\/lv\/#website"},"primaryImageOfPage":{"@id":"https:\/\/micasa.lv\/lv\/laminats-vitality-superb\/#primaryimage"},"image":{"@id":"https:\/\/micasa.lv\/lv\/laminats-vitality-superb\/#primaryimage"},"thumbnailUrl":"https:\/\/micasa.lv\/wp-content\/uploads\/2025\/03\/SPR00553AP-Spring-Oak.webp","datePublished":"2025-03-11T14:09:28+00:00","dateModified":"2025-08-10T21:12:04+00:00","breadcrumb":{"@id":"https:\/\/micasa.lv\/lv\/laminats-vitality-superb\/#breadcrumb"},"inLanguage":"lv-LV","potentialAction":[{"@type":"ReadAction","target":["https:\/\/micasa.lv\/lv\/laminats-vitality-superb\/"]}]},{"@type":"ImageObject","inLanguage":"lv-LV","@id":"https:\/\/micasa.lv\/lv\/laminats-vitality-superb\/#primaryimage","url":"https:\/\/micasa.lv\/wp-content\/uploads\/2025\/03\/SPR00553AP-Spring-Oak.webp","contentUrl":"https:\/\/micasa.lv\/wp-content\/uploads\/2025\/03\/SPR00553AP-Spring-Oak.webp","width":684,"height":980},{"@type":"BreadcrumbList","@id":"https:\/\/micasa.lv\/lv\/laminats-vitality-superb\/#breadcrumb","itemListElement":[{"@type":"ListItem","position":1,"name":"S\u0101kums","item":"https:\/\/micasa.lv\/lv\/micasa\/"},{"@type":"ListItem","position":2,"name":"Shop","item":"https:\/\/micasa.lv\/lv\/shop\/"},{"@type":"ListItem","position":3,"name":"Lamin\u0101ts Vitality superb"}]},{"@type":"WebSite","@id":"https:\/\/micasa.lv\/lv\/#website","url":"https:\/\/micasa.lv\/lv\/","name":"Micasa","description":"","potentialAction":[{"@type":"SearchAction","target":{"@type":"EntryPoint","urlTemplate":"https:\/\/micasa.lv\/lv\/?s={search_term_string}"},"query-input":{"@type":"PropertyValueSpecification","valueRequired":true,"valueName":"search_term_string"}}],"inLanguage":"lv-LV"}]}},"wcpa_form_fields":null,"_links":{"self":[{"href":"https:\/\/micasa.lv\/lv\/wp-json\/wp\/v2\/product\/57741","targetHints":{"allow":["GET"]}}],"collection":[{"href":"https:\/\/micasa.lv\/lv\/wp-json\/wp\/v2\/product"}],"about":[{"href":"https:\/\/micasa.lv\/lv\/wp-json\/wp\/v2\/types\/product"}],"version-history":[{"count":1,"href":"https:\/\/micasa.lv\/lv\/wp-json\/wp\/v2\/product\/57741\/revisions"}],"predecessor-version":[{"id":57845,"href":"https:\/\/micasa.lv\/lv\/wp-json\/wp\/v2\/product\/57741\/revisions\/57845"}],"wp:featuredmedia":[{"embeddable":true,"href":"https:\/\/micasa.lv\/lv\/wp-json\/wp\/v2\/media\/21321"}],"wp:attachment":[{"href":"https:\/\/micasa.lv\/lv\/wp-json\/wp\/v2\/media?parent=57741"}],"wp:term":[{"taxonomy":"product_brand","embeddable":true,"href":"https:\/\/micasa.lv\/lv\/wp-json\/wp\/v2\/product_brand?post=57741"},{"taxonomy":"product_cat","embeddable":true,"href":"https:\/\/micasa.lv\/lv\/wp-json\/wp\/v2\/product_cat?post=57741"},{"taxonomy":"product_tag","embeddable":true,"href":"https:\/\/micasa.lv\/lv\/wp-json\/wp\/v2\/product_tag?post=57741"}],"curies":[{"name":"wp","href":"https:\/\/api.w.org\/{rel}","templated":true}]}}