{"id":57755,"date":"2025-03-12T17:40:29","date_gmt":"2025-03-12T14:40:29","guid":{"rendered":"https:\/\/test.micasa.lv\/product\/laminats-vitality-original\/"},"modified":"2025-08-11T00:12:02","modified_gmt":"2025-08-10T21:12:02","slug":"laminats-vitality-original","status":"publish","type":"product","link":"https:\/\/micasa.lv\/lv\/laminats-vitality-original\/","title":{"rendered":"Lamin\u0101ts vitality original"},"content":{"rendered":"<p>Vitality Original ir ilgtsp\u0113j\u012bgs un nodro\u0161ina m\u0101j\u012bgu un pat\u012bkamu saj\u016btu pateicoties t\u0101 mat\u0113tajai vai koka tekst\u016brai un nevainojamiem savienojumiem. Dabas atmosf\u0113ra ir ide\u0101la jebkurai dz\u012bvojamajai istabai vai gu\u013camistabai.<\/p>\n<p>&nbsp;<\/p>\n<p>Biezums: 7 mm<br \/>\nD\u0113\u013ca izm\u0113rs: 1261 x 192 mm<br \/>\nD\u0113\u013cu skaits iepakojum\u0101: 10<br \/>\nIepakojuma plat\u012bba: 2,4211 m\u00b2<br \/>\nIepakojuma svars: \u00b114,5 kg<\/p>\n","protected":false},"excerpt":{"rendered":"<p>Vitality Original ir ilgtsp\u0113j\u012bgs un nodro\u0161ina m\u0101j\u012bgu un pat\u012bkamu saj\u016btu pateicoties t\u0101 mat\u0113tajai vai koka tekst\u016brai un nevainojamiem savienojumiem. Dabas<\/p>\n","protected":false},"featured_media":21503,"template":"","meta":[],"product_brand":[],"product_cat":[765],"product_tag":[],"class_list":{"0":"post-57755","1":"product","2":"type-product","3":"status-publish","4":"has-post-thumbnail","6":"product_cat-laminats","7":"pa_brand-vitality-lv","8":"pa_durability-class-32-klase","10":"first","11":"instock","12":"taxable","13":"shipping-taxable","14":"purchasable","15":"product-type-variable"},"yoast_head":"<!-- This site is optimized with the Yoast SEO plugin v27.4 - https:\/\/yoast.com\/product\/yoast-seo-wordpress\/ -->\n<title>Lamin\u0101ts vitality original - Micasa<\/title>\n<meta name=\"robots\" content=\"index, follow, max-snippet:-1, max-image-preview:large, max-video-preview:-1\" \/>\n<link rel=\"canonical\" href=\"https:\/\/micasa.lv\/lv\/laminats-vitality-original\/\" \/>\n<meta property=\"og:locale\" content=\"lv_LV\" \/>\n<meta property=\"og:type\" content=\"article\" \/>\n<meta property=\"og:title\" content=\"Lamin\u0101ts vitality original - Micasa\" \/>\n<meta property=\"og:description\" content=\"Vitality Original ir ilgtsp\u0113j\u012bgs un nodro\u0161ina m\u0101j\u012bgu un pat\u012bkamu saj\u016btu pateicoties t\u0101 mat\u0113tajai vai koka tekst\u016brai un nevainojamiem savienojumiem. Dabas\" \/>\n<meta property=\"og:url\" content=\"https:\/\/micasa.lv\/lv\/laminats-vitality-original\/\" \/>\n<meta property=\"og:site_name\" content=\"Micasa\" \/>\n<meta property=\"article:modified_time\" content=\"2025-08-10T21:12:02+00:00\" \/>\n<meta property=\"og:image\" content=\"https:\/\/micasa.lv\/wp-content\/uploads\/2025\/03\/ORI00121-Misty-Oak.webp\" \/>\n\t<meta property=\"og:image:width\" content=\"677\" \/>\n\t<meta property=\"og:image:height\" content=\"965\" \/>\n\t<meta property=\"og:image:type\" content=\"image\/webp\" \/>\n<meta name=\"twitter:card\" content=\"summary_large_image\" \/>\n<script type=\"application\/ld+json\" class=\"yoast-schema-graph\">{\"@context\":\"https:\\\/\\\/schema.org\",\"@graph\":[{\"@type\":\"WebPage\",\"@id\":\"https:\\\/\\\/micasa.lv\\\/lv\\\/laminats-vitality-original\\\/\",\"url\":\"https:\\\/\\\/micasa.lv\\\/lv\\\/laminats-vitality-original\\\/\",\"name\":\"Lamin\u0101ts vitality original - Micasa\",\"isPartOf\":{\"@id\":\"https:\\\/\\\/micasa.lv\\\/lv\\\/#website\"},\"primaryImageOfPage\":{\"@id\":\"https:\\\/\\\/micasa.lv\\\/lv\\\/laminats-vitality-original\\\/#primaryimage\"},\"image\":{\"@id\":\"https:\\\/\\\/micasa.lv\\\/lv\\\/laminats-vitality-original\\\/#primaryimage\"},\"thumbnailUrl\":\"https:\\\/\\\/micasa.lv\\\/wp-content\\\/uploads\\\/2025\\\/03\\\/ORI00121-Misty-Oak.webp\",\"datePublished\":\"2025-03-12T14:40:29+00:00\",\"dateModified\":\"2025-08-10T21:12:02+00:00\",\"breadcrumb\":{\"@id\":\"https:\\\/\\\/micasa.lv\\\/lv\\\/laminats-vitality-original\\\/#breadcrumb\"},\"inLanguage\":\"lv-LV\",\"potentialAction\":[{\"@type\":\"ReadAction\",\"target\":[\"https:\\\/\\\/micasa.lv\\\/lv\\\/laminats-vitality-original\\\/\"]}]},{\"@type\":\"ImageObject\",\"inLanguage\":\"lv-LV\",\"@id\":\"https:\\\/\\\/micasa.lv\\\/lv\\\/laminats-vitality-original\\\/#primaryimage\",\"url\":\"https:\\\/\\\/micasa.lv\\\/wp-content\\\/uploads\\\/2025\\\/03\\\/ORI00121-Misty-Oak.webp\",\"contentUrl\":\"https:\\\/\\\/micasa.lv\\\/wp-content\\\/uploads\\\/2025\\\/03\\\/ORI00121-Misty-Oak.webp\",\"width\":677,\"height\":965},{\"@type\":\"BreadcrumbList\",\"@id\":\"https:\\\/\\\/micasa.lv\\\/lv\\\/laminats-vitality-original\\\/#breadcrumb\",\"itemListElement\":[{\"@type\":\"ListItem\",\"position\":1,\"name\":\"S\u0101kums\",\"item\":\"https:\\\/\\\/micasa.lv\\\/lv\\\/micasa\\\/\"},{\"@type\":\"ListItem\",\"position\":2,\"name\":\"Shop\",\"item\":\"https:\\\/\\\/micasa.lv\\\/lv\\\/shop\\\/\"},{\"@type\":\"ListItem\",\"position\":3,\"name\":\"Lamin\u0101ts vitality original\"}]},{\"@type\":\"WebSite\",\"@id\":\"https:\\\/\\\/micasa.lv\\\/lv\\\/#website\",\"url\":\"https:\\\/\\\/micasa.lv\\\/lv\\\/\",\"name\":\"Micasa\",\"description\":\"\",\"potentialAction\":[{\"@type\":\"SearchAction\",\"target\":{\"@type\":\"EntryPoint\",\"urlTemplate\":\"https:\\\/\\\/micasa.lv\\\/lv\\\/?s={search_term_string}\"},\"query-input\":{\"@type\":\"PropertyValueSpecification\",\"valueRequired\":true,\"valueName\":\"search_term_string\"}}],\"inLanguage\":\"lv-LV\"}]}<\/script>\n<!-- \/ Yoast SEO plugin. -->","yoast_head_json":{"title":"Lamin\u0101ts vitality original - Micasa","robots":{"index":"index","follow":"follow","max-snippet":"max-snippet:-1","max-image-preview":"max-image-preview:large","max-video-preview":"max-video-preview:-1"},"canonical":"https:\/\/micasa.lv\/lv\/laminats-vitality-original\/","og_locale":"lv_LV","og_type":"article","og_title":"Lamin\u0101ts vitality original - Micasa","og_description":"Vitality Original ir ilgtsp\u0113j\u012bgs un nodro\u0161ina m\u0101j\u012bgu un pat\u012bkamu saj\u016btu pateicoties t\u0101 mat\u0113tajai vai koka tekst\u016brai un nevainojamiem savienojumiem. Dabas","og_url":"https:\/\/micasa.lv\/lv\/laminats-vitality-original\/","og_site_name":"Micasa","article_modified_time":"2025-08-10T21:12:02+00:00","og_image":[{"width":677,"height":965,"url":"https:\/\/micasa.lv\/wp-content\/uploads\/2025\/03\/ORI00121-Misty-Oak.webp","type":"image\/webp"}],"twitter_card":"summary_large_image","schema":{"@context":"https:\/\/schema.org","@graph":[{"@type":"WebPage","@id":"https:\/\/micasa.lv\/lv\/laminats-vitality-original\/","url":"https:\/\/micasa.lv\/lv\/laminats-vitality-original\/","name":"Lamin\u0101ts vitality original - Micasa","isPartOf":{"@id":"https:\/\/micasa.lv\/lv\/#website"},"primaryImageOfPage":{"@id":"https:\/\/micasa.lv\/lv\/laminats-vitality-original\/#primaryimage"},"image":{"@id":"https:\/\/micasa.lv\/lv\/laminats-vitality-original\/#primaryimage"},"thumbnailUrl":"https:\/\/micasa.lv\/wp-content\/uploads\/2025\/03\/ORI00121-Misty-Oak.webp","datePublished":"2025-03-12T14:40:29+00:00","dateModified":"2025-08-10T21:12:02+00:00","breadcrumb":{"@id":"https:\/\/micasa.lv\/lv\/laminats-vitality-original\/#breadcrumb"},"inLanguage":"lv-LV","potentialAction":[{"@type":"ReadAction","target":["https:\/\/micasa.lv\/lv\/laminats-vitality-original\/"]}]},{"@type":"ImageObject","inLanguage":"lv-LV","@id":"https:\/\/micasa.lv\/lv\/laminats-vitality-original\/#primaryimage","url":"https:\/\/micasa.lv\/wp-content\/uploads\/2025\/03\/ORI00121-Misty-Oak.webp","contentUrl":"https:\/\/micasa.lv\/wp-content\/uploads\/2025\/03\/ORI00121-Misty-Oak.webp","width":677,"height":965},{"@type":"BreadcrumbList","@id":"https:\/\/micasa.lv\/lv\/laminats-vitality-original\/#breadcrumb","itemListElement":[{"@type":"ListItem","position":1,"name":"S\u0101kums","item":"https:\/\/micasa.lv\/lv\/micasa\/"},{"@type":"ListItem","position":2,"name":"Shop","item":"https:\/\/micasa.lv\/lv\/shop\/"},{"@type":"ListItem","position":3,"name":"Lamin\u0101ts vitality original"}]},{"@type":"WebSite","@id":"https:\/\/micasa.lv\/lv\/#website","url":"https:\/\/micasa.lv\/lv\/","name":"Micasa","description":"","potentialAction":[{"@type":"SearchAction","target":{"@type":"EntryPoint","urlTemplate":"https:\/\/micasa.lv\/lv\/?s={search_term_string}"},"query-input":{"@type":"PropertyValueSpecification","valueRequired":true,"valueName":"search_term_string"}}],"inLanguage":"lv-LV"}]}},"wcpa_form_fields":null,"_links":{"self":[{"href":"https:\/\/micasa.lv\/lv\/wp-json\/wp\/v2\/product\/57755","targetHints":{"allow":["GET"]}}],"collection":[{"href":"https:\/\/micasa.lv\/lv\/wp-json\/wp\/v2\/product"}],"about":[{"href":"https:\/\/micasa.lv\/lv\/wp-json\/wp\/v2\/types\/product"}],"version-history":[{"count":1,"href":"https:\/\/micasa.lv\/lv\/wp-json\/wp\/v2\/product\/57755\/revisions"}],"predecessor-version":[{"id":57843,"href":"https:\/\/micasa.lv\/lv\/wp-json\/wp\/v2\/product\/57755\/revisions\/57843"}],"wp:featuredmedia":[{"embeddable":true,"href":"https:\/\/micasa.lv\/lv\/wp-json\/wp\/v2\/media\/21503"}],"wp:attachment":[{"href":"https:\/\/micasa.lv\/lv\/wp-json\/wp\/v2\/media?parent=57755"}],"wp:term":[{"taxonomy":"product_brand","embeddable":true,"href":"https:\/\/micasa.lv\/lv\/wp-json\/wp\/v2\/product_brand?post=57755"},{"taxonomy":"product_cat","embeddable":true,"href":"https:\/\/micasa.lv\/lv\/wp-json\/wp\/v2\/product_cat?post=57755"},{"taxonomy":"product_tag","embeddable":true,"href":"https:\/\/micasa.lv\/lv\/wp-json\/wp\/v2\/product_tag?post=57755"}],"curies":[{"name":"wp","href":"https:\/\/api.w.org\/{rel}","templated":true}]}}