{"id":57783,"date":"2025-03-04T18:57:18","date_gmt":"2025-03-04T15:57:18","guid":{"rendered":"https:\/\/test.micasa.lv\/product\/koka-gridas-segums-life-line-barlinek\/"},"modified":"2025-12-01T12:37:10","modified_gmt":"2025-12-01T09:37:10","slug":"koka-gridas-segums-life-line-barlinek","status":"publish","type":"product","link":"https:\/\/micasa.lv\/lv\/koka-gridas-segums-life-line-barlinek\/","title":{"rendered":"Parkets Life Line Barlinek"},"content":{"rendered":"<p>Koka skaistums, nep\u0101rsp\u0113jama iztur\u012bba.<br \/>207 mm platas tr\u012bssl\u0101\u0146u gr\u012bdas d\u0113\u013ci ar izcilu iztur\u012bbu, ko nodro\u0161ina \u012bpa\u0161i iztur\u012bgs lakas p\u0101rkl\u0101jums \u2013 divk\u0101rt\u0113js starptautisko nodiluma un traipu iztur\u012bbas testu uzvar\u0113t\u0101js, k\u0101 ar\u012b 130\u2013140 mm plati vienjoslas d\u0113\u013ci. <\/p>\n","protected":false},"excerpt":{"rendered":"<p>Koka skaistums, nep\u0101rsp\u0113jama iztur\u012bba.207 mm platas tr\u012bssl\u0101\u0146u gr\u012bdas d\u0113\u013ci ar izcilu iztur\u012bbu, ko nodro\u0161ina \u012bpa\u0161i iztur\u012bgs lakas p\u0101rkl\u0101jums \u2013 divk\u0101rt\u0113js<\/p>\n","protected":false},"featured_media":21176,"template":"","meta":[],"product_brand":[],"product_cat":[292,1959],"product_tag":[],"class_list":{"0":"post-57783","1":"product","2":"type-product","3":"status-publish","4":"has-post-thumbnail","6":"product_cat-gridas-segumi","7":"product_cat-koka-parkets","8":"pa_brand-barlinek-lv","10":"first","11":"instock","12":"taxable","13":"shipping-taxable","14":"purchasable","15":"product-type-variable"},"yoast_head":"<!-- This site is optimized with the Yoast SEO plugin v27.4 - https:\/\/yoast.com\/product\/yoast-seo-wordpress\/ -->\n<title>Parkets Life Line Barlinek - Micasa<\/title>\n<meta name=\"robots\" content=\"index, follow, max-snippet:-1, max-image-preview:large, max-video-preview:-1\" \/>\n<link rel=\"canonical\" href=\"https:\/\/micasa.lv\/lv\/koka-gridas-segums-life-line-barlinek\/\" \/>\n<meta property=\"og:locale\" content=\"lv_LV\" \/>\n<meta property=\"og:type\" content=\"article\" \/>\n<meta property=\"og:title\" content=\"Parkets Life Line Barlinek - Micasa\" \/>\n<meta property=\"og:description\" content=\"Koka skaistums, nep\u0101rsp\u0113jama iztur\u012bba.207 mm platas tr\u012bssl\u0101\u0146u gr\u012bdas d\u0113\u013ci ar izcilu iztur\u012bbu, ko nodro\u0161ina \u012bpa\u0161i iztur\u012bgs lakas p\u0101rkl\u0101jums \u2013 divk\u0101rt\u0113js\" \/>\n<meta property=\"og:url\" content=\"https:\/\/micasa.lv\/lv\/koka-gridas-segums-life-line-barlinek\/\" \/>\n<meta property=\"og:site_name\" content=\"Micasa\" \/>\n<meta property=\"article:modified_time\" content=\"2025-12-01T09:37:10+00:00\" \/>\n<meta property=\"og:image\" content=\"https:\/\/micasa.lv\/wp-content\/uploads\/2025\/03\/life-line_Oak_Sunny_Molti.jpg\" \/>\n\t<meta property=\"og:image:width\" content=\"702\" \/>\n\t<meta property=\"og:image:height\" content=\"725\" \/>\n\t<meta property=\"og:image:type\" content=\"image\/jpeg\" \/>\n<meta name=\"twitter:card\" content=\"summary_large_image\" \/>\n<script type=\"application\/ld+json\" class=\"yoast-schema-graph\">{\"@context\":\"https:\\\/\\\/schema.org\",\"@graph\":[{\"@type\":\"WebPage\",\"@id\":\"https:\\\/\\\/micasa.lv\\\/lv\\\/koka-gridas-segums-life-line-barlinek\\\/\",\"url\":\"https:\\\/\\\/micasa.lv\\\/lv\\\/koka-gridas-segums-life-line-barlinek\\\/\",\"name\":\"Parkets Life Line Barlinek - Micasa\",\"isPartOf\":{\"@id\":\"https:\\\/\\\/micasa.lv\\\/lv\\\/#website\"},\"primaryImageOfPage\":{\"@id\":\"https:\\\/\\\/micasa.lv\\\/lv\\\/koka-gridas-segums-life-line-barlinek\\\/#primaryimage\"},\"image\":{\"@id\":\"https:\\\/\\\/micasa.lv\\\/lv\\\/koka-gridas-segums-life-line-barlinek\\\/#primaryimage\"},\"thumbnailUrl\":\"https:\\\/\\\/micasa.lv\\\/wp-content\\\/uploads\\\/2025\\\/03\\\/life-line_Oak_Sunny_Molti.jpg\",\"datePublished\":\"2025-03-04T15:57:18+00:00\",\"dateModified\":\"2025-12-01T09:37:10+00:00\",\"breadcrumb\":{\"@id\":\"https:\\\/\\\/micasa.lv\\\/lv\\\/koka-gridas-segums-life-line-barlinek\\\/#breadcrumb\"},\"inLanguage\":\"lv-LV\",\"potentialAction\":[{\"@type\":\"ReadAction\",\"target\":[\"https:\\\/\\\/micasa.lv\\\/lv\\\/koka-gridas-segums-life-line-barlinek\\\/\"]}]},{\"@type\":\"ImageObject\",\"inLanguage\":\"lv-LV\",\"@id\":\"https:\\\/\\\/micasa.lv\\\/lv\\\/koka-gridas-segums-life-line-barlinek\\\/#primaryimage\",\"url\":\"https:\\\/\\\/micasa.lv\\\/wp-content\\\/uploads\\\/2025\\\/03\\\/life-line_Oak_Sunny_Molti.jpg\",\"contentUrl\":\"https:\\\/\\\/micasa.lv\\\/wp-content\\\/uploads\\\/2025\\\/03\\\/life-line_Oak_Sunny_Molti.jpg\",\"width\":702,\"height\":725},{\"@type\":\"BreadcrumbList\",\"@id\":\"https:\\\/\\\/micasa.lv\\\/lv\\\/koka-gridas-segums-life-line-barlinek\\\/#breadcrumb\",\"itemListElement\":[{\"@type\":\"ListItem\",\"position\":1,\"name\":\"S\u0101kums\",\"item\":\"https:\\\/\\\/micasa.lv\\\/lv\\\/micasa\\\/\"},{\"@type\":\"ListItem\",\"position\":2,\"name\":\"Shop\",\"item\":\"https:\\\/\\\/micasa.lv\\\/lv\\\/shop\\\/\"},{\"@type\":\"ListItem\",\"position\":3,\"name\":\"Parkets Life Line Barlinek\"}]},{\"@type\":\"WebSite\",\"@id\":\"https:\\\/\\\/micasa.lv\\\/lv\\\/#website\",\"url\":\"https:\\\/\\\/micasa.lv\\\/lv\\\/\",\"name\":\"Micasa\",\"description\":\"\",\"potentialAction\":[{\"@type\":\"SearchAction\",\"target\":{\"@type\":\"EntryPoint\",\"urlTemplate\":\"https:\\\/\\\/micasa.lv\\\/lv\\\/?s={search_term_string}\"},\"query-input\":{\"@type\":\"PropertyValueSpecification\",\"valueRequired\":true,\"valueName\":\"search_term_string\"}}],\"inLanguage\":\"lv-LV\"}]}<\/script>\n<!-- \/ Yoast SEO plugin. -->","yoast_head_json":{"title":"Parkets Life Line Barlinek - Micasa","robots":{"index":"index","follow":"follow","max-snippet":"max-snippet:-1","max-image-preview":"max-image-preview:large","max-video-preview":"max-video-preview:-1"},"canonical":"https:\/\/micasa.lv\/lv\/koka-gridas-segums-life-line-barlinek\/","og_locale":"lv_LV","og_type":"article","og_title":"Parkets Life Line Barlinek - Micasa","og_description":"Koka skaistums, nep\u0101rsp\u0113jama iztur\u012bba.207 mm platas tr\u012bssl\u0101\u0146u gr\u012bdas d\u0113\u013ci ar izcilu iztur\u012bbu, ko nodro\u0161ina \u012bpa\u0161i iztur\u012bgs lakas p\u0101rkl\u0101jums \u2013 divk\u0101rt\u0113js","og_url":"https:\/\/micasa.lv\/lv\/koka-gridas-segums-life-line-barlinek\/","og_site_name":"Micasa","article_modified_time":"2025-12-01T09:37:10+00:00","og_image":[{"width":702,"height":725,"url":"https:\/\/micasa.lv\/wp-content\/uploads\/2025\/03\/life-line_Oak_Sunny_Molti.jpg","type":"image\/jpeg"}],"twitter_card":"summary_large_image","schema":{"@context":"https:\/\/schema.org","@graph":[{"@type":"WebPage","@id":"https:\/\/micasa.lv\/lv\/koka-gridas-segums-life-line-barlinek\/","url":"https:\/\/micasa.lv\/lv\/koka-gridas-segums-life-line-barlinek\/","name":"Parkets Life Line Barlinek - Micasa","isPartOf":{"@id":"https:\/\/micasa.lv\/lv\/#website"},"primaryImageOfPage":{"@id":"https:\/\/micasa.lv\/lv\/koka-gridas-segums-life-line-barlinek\/#primaryimage"},"image":{"@id":"https:\/\/micasa.lv\/lv\/koka-gridas-segums-life-line-barlinek\/#primaryimage"},"thumbnailUrl":"https:\/\/micasa.lv\/wp-content\/uploads\/2025\/03\/life-line_Oak_Sunny_Molti.jpg","datePublished":"2025-03-04T15:57:18+00:00","dateModified":"2025-12-01T09:37:10+00:00","breadcrumb":{"@id":"https:\/\/micasa.lv\/lv\/koka-gridas-segums-life-line-barlinek\/#breadcrumb"},"inLanguage":"lv-LV","potentialAction":[{"@type":"ReadAction","target":["https:\/\/micasa.lv\/lv\/koka-gridas-segums-life-line-barlinek\/"]}]},{"@type":"ImageObject","inLanguage":"lv-LV","@id":"https:\/\/micasa.lv\/lv\/koka-gridas-segums-life-line-barlinek\/#primaryimage","url":"https:\/\/micasa.lv\/wp-content\/uploads\/2025\/03\/life-line_Oak_Sunny_Molti.jpg","contentUrl":"https:\/\/micasa.lv\/wp-content\/uploads\/2025\/03\/life-line_Oak_Sunny_Molti.jpg","width":702,"height":725},{"@type":"BreadcrumbList","@id":"https:\/\/micasa.lv\/lv\/koka-gridas-segums-life-line-barlinek\/#breadcrumb","itemListElement":[{"@type":"ListItem","position":1,"name":"S\u0101kums","item":"https:\/\/micasa.lv\/lv\/micasa\/"},{"@type":"ListItem","position":2,"name":"Shop","item":"https:\/\/micasa.lv\/lv\/shop\/"},{"@type":"ListItem","position":3,"name":"Parkets Life Line Barlinek"}]},{"@type":"WebSite","@id":"https:\/\/micasa.lv\/lv\/#website","url":"https:\/\/micasa.lv\/lv\/","name":"Micasa","description":"","potentialAction":[{"@type":"SearchAction","target":{"@type":"EntryPoint","urlTemplate":"https:\/\/micasa.lv\/lv\/?s={search_term_string}"},"query-input":{"@type":"PropertyValueSpecification","valueRequired":true,"valueName":"search_term_string"}}],"inLanguage":"lv-LV"}]}},"wcpa_form_fields":null,"_links":{"self":[{"href":"https:\/\/micasa.lv\/lv\/wp-json\/wp\/v2\/product\/57783","targetHints":{"allow":["GET"]}}],"collection":[{"href":"https:\/\/micasa.lv\/lv\/wp-json\/wp\/v2\/product"}],"about":[{"href":"https:\/\/micasa.lv\/lv\/wp-json\/wp\/v2\/types\/product"}],"version-history":[{"count":4,"href":"https:\/\/micasa.lv\/lv\/wp-json\/wp\/v2\/product\/57783\/revisions"}],"predecessor-version":[{"id":66026,"href":"https:\/\/micasa.lv\/lv\/wp-json\/wp\/v2\/product\/57783\/revisions\/66026"}],"wp:featuredmedia":[{"embeddable":true,"href":"https:\/\/micasa.lv\/lv\/wp-json\/wp\/v2\/media\/21176"}],"wp:attachment":[{"href":"https:\/\/micasa.lv\/lv\/wp-json\/wp\/v2\/media?parent=57783"}],"wp:term":[{"taxonomy":"product_brand","embeddable":true,"href":"https:\/\/micasa.lv\/lv\/wp-json\/wp\/v2\/product_brand?post=57783"},{"taxonomy":"product_cat","embeddable":true,"href":"https:\/\/micasa.lv\/lv\/wp-json\/wp\/v2\/product_cat?post=57783"},{"taxonomy":"product_tag","embeddable":true,"href":"https:\/\/micasa.lv\/lv\/wp-json\/wp\/v2\/product_tag?post=57783"}],"curies":[{"name":"wp","href":"https:\/\/api.w.org\/{rel}","templated":true}]}}